{"id":98921,"date":"2025-03-26T10:07:19","date_gmt":"2025-03-26T09:07:19","guid":{"rendered":"https:\/\/casasinhaus.com\/consentimiento-fabrica-qr\/"},"modified":"2025-05-19T13:15:54","modified_gmt":"2025-05-19T11:15:54","slug":"qr-fabrik","status":"publish","type":"page","link":"https:\/\/casasinhaus.com\/de\/qr-fabrik\/","title":{"rendered":"Zustimmung zum Besuch der QR-Fabrik"},"content":{"rendered":"\t\t<div data-elementor-type=\"wp-page\" data-elementor-id=\"98921\" class=\"elementor elementor-98921 elementor-97330\" data-elementor-settings=\"[]\">\n\t\t\t\t\t\t<div class=\"elementor-inner\">\n\t\t\t\t\t\t\t<div class=\"elementor-section-wrap\">\n\t\t\t\t\t\t\t<section class=\"elementor-section elementor-top-section elementor-element elementor-element-a9afd9e elementor-section-boxed elementor-section-height-default elementor-section-height-default\" data-id=\"a9afd9e\" data-element_type=\"section\">\n\t\t\t\t\t\t<div class=\"elementor-container elementor-column-gap-default\">\n\t\t\t\t\t\t\t<div class=\"elementor-row\">\n\t\t\t\t\t<div class=\"elementor-column elementor-col-100 elementor-top-column elementor-element elementor-element-8ea43f5\" data-id=\"8ea43f5\" data-element_type=\"column\">\n\t\t\t<div class=\"elementor-column-wrap elementor-element-populated\">\n\t\t\t\t\t\t\t<div class=\"elementor-widget-wrap\">\n\t\t\t\t\t\t<div class=\"elementor-element elementor-element-45b55f1 elementor-widget elementor-widget-spacer\" data-id=\"45b55f1\" data-element_type=\"widget\" data-widget_type=\"spacer.default\">\n\t\t\t\t<div class=\"elementor-widget-container\">\n\t\t\t\t\t<div class=\"elementor-spacer\">\n\t\t\t<div class=\"elementor-spacer-inner\"><\/div>\n\t\t<\/div>\n\t\t\t\t<\/div>\n\t\t\t\t<\/div>\n\t\t\t\t\t\t<\/div>\n\t\t\t\t\t<\/div>\n\t\t<\/div>\n\t\t\t\t\t\t\t\t<\/div>\n\t\t\t\t\t<\/div>\n\t\t<\/section>\n\t\t\t\t<section class=\"elementor-section elementor-top-section elementor-element elementor-element-857e1f1 elementor-section-boxed elementor-section-height-default elementor-section-height-default\" data-id=\"857e1f1\" data-element_type=\"section\">\n\t\t\t\t\t\t<div class=\"elementor-container elementor-column-gap-default\">\n\t\t\t\t\t\t\t<div class=\"elementor-row\">\n\t\t\t\t\t<div class=\"elementor-column elementor-col-100 elementor-top-column elementor-element elementor-element-efc6255\" data-id=\"efc6255\" data-element_type=\"column\">\n\t\t\t<div class=\"elementor-column-wrap elementor-element-populated\">\n\t\t\t\t\t\t\t<div class=\"elementor-widget-wrap\">\n\t\t\t\t\t\t<div class=\"elementor-element elementor-element-4b48ace elementor-widget elementor-widget-heading\" data-id=\"4b48ace\" data-element_type=\"widget\" data-widget_type=\"heading.default\">\n\t\t\t\t<div class=\"elementor-widget-container\">\n\t\t\t<h1 class=\"elementor-heading-title elementor-size-default\">_Schutz der Daten. <br>Verschwiegenheit und Vertraulichkeit<\/h1>\t\t<\/div>\n\t\t\t\t<\/div>\n\t\t\t\t<div class=\"elementor-element elementor-element-f21740a elementor-widget elementor-widget-text-editor\" data-id=\"f21740a\" data-element_type=\"widget\" data-widget_type=\"text-editor.default\">\n\t\t\t\t<div class=\"elementor-widget-container\">\n\t\t\t\t\t\t\t\t<div class=\"elementor-text-editor elementor-clearfix\">\n\t\t\t\t<p style=\"text-align: left;\"><span style=\"font-size: 16px;\">Der Besuch unserer Einrichtungen impliziert den Zugang zu vertraulichen Informationen und unseren eigenen Prozessen. Wir sch\u00e4tzen Ihre Diskretion und geben die beobachteten Inhalte im Einklang mit unserer Verpflichtung zum Datenschutz und Gesch\u00e4ftsgeheimnis nicht weiter.<\/span><\/p>\t\t\t\t\t<\/div>\n\t\t\t\t\t\t<\/div>\n\t\t\t\t<\/div>\n\t\t\t\t\t\t<\/div>\n\t\t\t\t\t<\/div>\n\t\t<\/div>\n\t\t\t\t\t\t\t\t<\/div>\n\t\t\t\t\t<\/div>\n\t\t<\/section>\n\t\t\t\t<section class=\"elementor-section elementor-top-section elementor-element elementor-element-d41dcf0 elementor-section-boxed elementor-section-height-default elementor-section-height-default\" data-id=\"d41dcf0\" data-element_type=\"section\">\n\t\t\t\t\t\t<div class=\"elementor-container elementor-column-gap-default\">\n\t\t\t\t\t\t\t<div class=\"elementor-row\">\n\t\t\t\t\t<div class=\"elementor-column elementor-col-100 elementor-top-column elementor-element elementor-element-dd7896a\" data-id=\"dd7896a\" data-element_type=\"column\">\n\t\t\t<div class=\"elementor-column-wrap elementor-element-populated\">\n\t\t\t\t\t\t\t<div class=\"elementor-widget-wrap\">\n\t\t\t\t\t\t<div class=\"elementor-element elementor-element-857c440 uael-gf-input-size-md uael-gf-check-yes uael-gf-button-center uael-gf-style-box uael-gf-btn-size-sm elementor-widget elementor-widget-uael-gf-styler\" data-id=\"857c440\" data-element_type=\"widget\" data-widget_type=\"uael-gf-styler.default\">\n\t\t\t\t<div class=\"elementor-widget-container\">\n\t\t\t<div class=\"uael-gf-style uael-gf-check-style elementor-clickable\">\r\n\t<script type=\"text\/javascript\">var gform;gform||(document.addEventListener(\"gform_main_scripts_loaded\",function(){gform.scriptsLoaded=!0}),window.addEventListener(\"DOMContentLoaded\",function(){gform.domLoaded=!0}),gform={domLoaded:!1,scriptsLoaded:!1,initializeOnLoaded:function(o){gform.domLoaded&&gform.scriptsLoaded?o():!gform.domLoaded&&gform.scriptsLoaded?window.addEventListener(\"DOMContentLoaded\",o):document.addEventListener(\"gform_main_scripts_loaded\",o)},hooks:{action:{},filter:{}},addAction:function(o,n,r,t){gform.addHook(\"action\",o,n,r,t)},addFilter:function(o,n,r,t){gform.addHook(\"filter\",o,n,r,t)},doAction:function(o){gform.doHook(\"action\",o,arguments)},applyFilters:function(o){return gform.doHook(\"filter\",o,arguments)},removeAction:function(o,n){gform.removeHook(\"action\",o,n)},removeFilter:function(o,n,r){gform.removeHook(\"filter\",o,n,r)},addHook:function(o,n,r,t,i){null==gform.hooks[o][n]&&(gform.hooks[o][n]=[]);var e=gform.hooks[o][n];null==i&&(i=n+\"_\"+e.length),gform.hooks[o][n].push({tag:i,callable:r,priority:t=null==t?10:t})},doHook:function(n,o,r){var t;if(r=Array.prototype.slice.call(r,1),null!=gform.hooks[n][o]&&((o=gform.hooks[n][o]).sort(function(o,n){return o.priority-n.priority}),o.forEach(function(o){\"function\"!=typeof(t=o.callable)&&(t=window[t]),\"action\"==n?t.apply(null,r):r[0]=t.apply(null,r)})),\"filter\"==n)return r[0]},removeHook:function(o,n,t,i){var r;null!=gform.hooks[o][n]&&(r=(r=gform.hooks[o][n]).filter(function(o,n,r){return!!(null!=i&&i!=o.tag||null!=t&&t!=o.priority)}),gform.hooks[o][n]=r)}});<\/script>\n                <div class='gf_browser_gecko gform_wrapper gravity-theme gform-theme--no-framework' data-form-theme='gravity-theme' data-form-index='0' id='gform_wrapper_139' >\n                        <div class='gform_heading'>\n\t\t\t\t\t\t\t<p class='gform_required_legend'>\u201e<span class=\"gfield_required gfield_required_asterisk\">*<\/span>\u201c zeigt erforderliche Felder an<\/p>\n                        <\/div><form method='post' enctype='multipart\/form-data'  id='gform_139'  action='\/de\/wp-json\/wp\/v2\/pages\/98921' data-formid='139' novalidate><div class='gf_invisible ginput_recaptchav3' data-sitekey='6Lf4Yn0pAAAAAI-o3ppnyQyRoEnLG-DcwtupfdVA' data-tabindex='1'><input id=\"input_d3d926172e42dd3d2060f6652de41ef1\" class=\"gfield_recaptcha_response\" type=\"hidden\" name=\"input_d3d926172e42dd3d2060f6652de41ef1\" value=\"\"\/><\/div> \r\n <input type='hidden' class='gforms-pum' value='{\"closepopup\":false,\"closedelay\":0,\"openpopup\":false,\"openpopup_id\":0}' \/>\n                        <div class='gform-body gform_body'><div id='gform_fields_139' class='gform_fields top_label form_sublabel_below description_below'><fieldset id=\"field_139_1\" class=\"gfield gfield--type-name gfield--input-type-name gfield_contains_required field_sublabel_hidden_label gfield--no-description field_description_below gfield_visibility_visible\"  data-js-reload=\"field_139_1\" ><legend class='gfield_label gform-field-label gfield_label_before_complex' >Name und Nachname<span class=\"gfield_required\"><span class=\"gfield_required gfield_required_asterisk\">*<\/span><\/span><\/legend><div class='ginput_complex ginput_container ginput_container--name no_prefix has_first_name no_middle_name no_last_name no_suffix gf_name_has_1 ginput_container_name gform-grid-row' id='input_139_1'>\n                            \n                            <span id='input_139_1_3_container' class='name_first gform-grid-col gform-grid-col--size-auto' >\n                                                    <input type='text' name='input_1.3' id='input_139_1_3' value='' tabindex='3'  aria-required='true'     \/>\n                                                    <label for='input_139_1_3' class='gform-field-label gform-field-label--type-sub hidden_sub_label screen-reader-text'>Vorname<\/label>\n                                                <\/span>\n                            \n                            \n                            \n                        <\/div><\/fieldset><div id=\"field_139_3\" class=\"gfield gfield--type-email gfield--input-type-email gfield--width-half gfield_contains_required field_sublabel_below gfield--no-description field_description_below gfield_visibility_visible\"  data-js-reload=\"field_139_3\" ><label class='gfield_label gform-field-label' for='input_139_3'>E-Mail<span class=\"gfield_required\"><span class=\"gfield_required gfield_required_asterisk\">*<\/span><\/span><\/label><div class='ginput_container ginput_container_email'>\n                            <input name='input_3' id='input_139_3' type='email' value='' class='large' tabindex='7'   aria-required=\"true\" aria-invalid=\"false\"  \/>\n                        <\/div><\/div><div id=\"field_139_8\" class=\"gfield gfield--type-text gfield--input-type-text gfield--width-half gfield_contains_required field_sublabel_below gfield--no-description field_description_below gfield_visibility_visible\"  data-js-reload=\"field_139_8\" ><label class='gfield_label gform-field-label' for='input_139_8'>Nummer des Ausweises (Personalausweis oder Reisepass)<span class=\"gfield_required\"><span class=\"gfield_required gfield_required_asterisk\">*<\/span><\/span><\/label><div class='ginput_container ginput_container_text'><input name='input_8' id='input_139_8' type='text' value='' class='large'   tabindex='8'  aria-required=\"true\" aria-invalid=\"false\"   \/> <\/div><\/div><fieldset id=\"field_139_5\" class=\"gfield gfield--type-tos gfield--type-choice gfield--input-type-checkbox gfield--width-full gfield_contains_required field_sublabel_below gfield--no-description field_description_below gfield_visibility_visible\"  data-js-reload=\"field_139_5\" ><legend class='gfield_label gform-field-label gfield_label_before_complex' >Datenschutzbestimmungen<span class=\"gfield_required\"><span class=\"gfield_required gfield_required_asterisk\">*<\/span><\/span><\/legend><div id='gw_terms_5' class='large gptos_terms_container gwtos_terms_container'><div class='gptos_the_terms'><p><strong>Verantwortlicher: <\/strong>Casas inHAUS S.L.<br \/> <strong>Zweck: <\/strong>Einholung Ihrer Einwilligung und Zustimmung zum folgenden  <a href=\"https:\/\/casasinhaus.com\/de\/consentimiento_proteccion-datos-y-confidencialidad\/\" style=\"color: #007BFF;\"> Dokument \u00fcber Vertraulichkeit und Geheimhaltungspflichten.<\/a><br \/> <strong>Rechtsgrundlage: <\/strong>Einwilligung der betroffenen Person durch Ankreuzen dieses Feldes.<br \/> <strong>Empf\u00e4nger: <\/strong>Die Daten werden nicht an Dritte weitergegeben, au\u00dfer bei gesetzlicher Verpflichtung.<br \/> <strong>Rechte: <\/strong>Sie haben das Recht auf Auskunft, Berichtigung und L\u00f6schung Ihrer Daten sowie weitere Rechte, wie in der  <a href=\"https:\/\/casasinhaus.com\/ley-de-proteccion-de-datos\/\" style=\"color: #007BFF;\">inHAUS-Datenschutzrichtlinie<\/a> erl\u00e4utert.<\/p>\n<\/div><\/div>\n\t\t\t<style type=\"text\/css\">\n\n\t\t\t\t\/* Frontend Styles *\/\n\t\t\t\t.gptos_terms_container { height: 11.250em; width: 97.5%; background-color: #fff; overflow: auto; border: 1px solid #ccc; }\n\t\t\t\t.gptos_terms_container.small { width: 25%; }\n\t\t\t\t.gptos_terms_container.medium { width: 47.5%; }\n\t\t\t\t.gptos_terms_container.large { \/* default width *\/ }\n\t\t\t\t.left_label .gptos_terms_container,\n\t\t\t\t.right_label .gptos_terms_container { margin-left: 30% !important; width: auto !important; }\n\t\t\t\t.gform_wrapper .gptos_terms_container > div { margin: 1rem !important; }\n\t\t\t\t.gform_wrapper .gptos_terms_container ul,\n\t\t\t\t.gform_wrapper .gptos_terms_container ol { margin: 0 0 1rem 1.5rem !important; }\n\t\t\t\t.gform_wrapper .gptos_terms_container ul li { list-style: disc !important; }\n\t\t\t\t.gform_wrapper .gptos_terms_container ol li { list-style: decimal !important; }\n\t\t\t\t.gform_wrapper .gptos_terms_container p { margin: 0 0 1rem; }\n\t\t\t\t.gform_wrapper .gptos_terms_container *:last-child { margin-bottom: 0; }\n\n\t\t\t\t\/* Admin Styles *\/\n\t\t\t\t#gform_fields .gptos_terms_container { background-color: rgba( 255, 255, 255, 0.5 ); border-color: rgba( 222, 222, 222, 0.75 ); }\n\t\t\t\t#gform_fields .gptos_terms_container > div { margin: 1rem !important; }\n\t\t\t\t#gform_fields .gptos_terms_container p { margin: 0 0 1rem; }\n\t\t\t\t#gform_fields .gptos_terms_container *:last-child { margin-bottom: 0; }\n\n\t\t\t<\/style>\n\n\t\t\t<div class='ginput_container' style='margin-top:12px;'><ul class='gfield_checkbox' id='input_139_5'><div class='gchoice gchoice_139_5_1'>\n\t\t\t\t\t\t\t\t<input class='gfield-choice-input' name='input_5.1' type='checkbox'  value='Ich habe die Vertraulichkeits- und Geheimhaltungserkl\u00e4rung von inHAUS und die Datenschutzerkl\u00e4rung f\u00fcr meine Daten gelesen und erkl\u00e4re mich damit einverstanden, dass meine Daten wie in der Datenschutzerkl\u00e4rung angegeben verarbeitet werden.'  id='choice_139_5_1' tabindex='9'  \/>\n\t\t\t\t\t\t\t\t<label for='choice_139_5_1' id='label_139_5_1' class='gform-field-label gform-field-label--type-inline'>Ich habe die Vertraulichkeits- und Geheimhaltungserkl\u00e4rung von inHAUS und die Datenschutzerkl\u00e4rung f\u00fcr meine Daten gelesen und erkl\u00e4re mich damit einverstanden, dass meine Daten wie in der Datenschutzerkl\u00e4rung angegeben verarbeitet werden.<\/label>\n\t\t\t\t\t\t\t<\/div><\/ul><\/div><\/fieldset><\/div><\/div>\n        <div class='gform_footer top_label'> <input type='submit' id='gform_submit_button_139' class='gform_button button' value='Senden Sie' tabindex='10' onclick='if(window[\"gf_submitting_139\"]){return false;}  if( !jQuery(\"#gform_139\")[0].checkValidity || jQuery(\"#gform_139\")[0].checkValidity()){window[\"gf_submitting_139\"]=true;}  ' onkeypress='if( event.keyCode == 13 ){ if(window[\"gf_submitting_139\"]){return false;} if( !jQuery(\"#gform_139\")[0].checkValidity || jQuery(\"#gform_139\")[0].checkValidity()){window[\"gf_submitting_139\"]=true;}  jQuery(\"#gform_139\").trigger(\"submit\",[true]); }' \/> \n            <input type='hidden' class='gform_hidden' name='is_submit_139' value='1' \/>\n            <input type='hidden' class='gform_hidden' name='gform_submit' value='139' \/>\n            \n            <input type='hidden' class='gform_hidden' name='gform_unique_id' value='' \/>\n            <input type='hidden' class='gform_hidden' name='state_139' value='WyJbXSIsImYxNzYwZjU3NDg3NTdjMDJhN2MxMDQ2NDdkMzA2NTI3Il0=' \/>\n            <input type='hidden' class='gform_hidden' name='gform_target_page_number_139' id='gform_target_page_number_139' value='0' \/>\n            <input type='hidden' class='gform_hidden' name='gform_source_page_number_139' id='gform_source_page_number_139' value='1' \/>\n            <input type='hidden' name='gform_field_values' value='' \/>\n            \n        <\/div>\n                        <p style=\"display: none !important;\"><label>&#916;<textarea name=\"ak_hp_textarea\" cols=\"45\" rows=\"8\" maxlength=\"100\"><\/textarea><\/label><input type=\"hidden\" id=\"ak_js\" name=\"ak_js\" value=\"211\"\/><script>document.getElementById( \"ak_js\" ).setAttribute( \"value\", ( new Date() ).getTime() );<\/script><\/p><\/form>\n                        <\/div><script type=\"text\/javascript\"> gform.initializeOnLoaded( function() {gformInitSpinner( 139, 'https:\/\/casasinhaus.com\/wp-content\/plugins\/gravityforms\/images\/spinner.svg', true );jQuery('#gform_ajax_frame_139').on('load',function(){var contents = jQuery(this).contents().find('*').html();var is_postback = contents.indexOf('GF_AJAX_POSTBACK') >= 0;if(!is_postback){return;}var form_content = jQuery(this).contents().find('#gform_wrapper_139');var is_confirmation = jQuery(this).contents().find('#gform_confirmation_wrapper_139').length > 0;var is_redirect = contents.indexOf('gformRedirect(){') >= 0;var is_form = form_content.length > 0 && ! is_redirect && ! is_confirmation;var mt = parseInt(jQuery('html').css('margin-top'), 10) + parseInt(jQuery('body').css('margin-top'), 10) + 100;if(is_form){jQuery('#gform_wrapper_139').html(form_content.html());if(form_content.hasClass('gform_validation_error')){jQuery('#gform_wrapper_139').addClass('gform_validation_error');} else {jQuery('#gform_wrapper_139').removeClass('gform_validation_error');}setTimeout( function() { \/* delay the scroll by 50 milliseconds to fix a bug in chrome *\/  }, 50 );if(window['gformInitDatepicker']) {gformInitDatepicker();}if(window['gformInitPriceFields']) {gformInitPriceFields();}var current_page = jQuery('#gform_source_page_number_139').val();gformInitSpinner( 139, 'https:\/\/casasinhaus.com\/wp-content\/plugins\/gravityforms\/images\/spinner.svg', true );jQuery(document).trigger('gform_page_loaded', [139, current_page]);window['gf_submitting_139'] = false;}else if(!is_redirect){var confirmation_content = jQuery(this).contents().find('.GF_AJAX_POSTBACK').html();if(!confirmation_content){confirmation_content = contents;}setTimeout(function(){jQuery('#gform_wrapper_139').replaceWith(confirmation_content);jQuery(document).trigger('gform_confirmation_loaded', [139]);window['gf_submitting_139'] = false;wp.a11y.speak(jQuery('#gform_confirmation_message_139').text());}, 50);}else{jQuery('#gform_139').append(contents);if(window['gformRedirect']) {gformRedirect();}}        const gformWrapperDiv = document.getElementById( \"gform_wrapper_139\" );        if ( gformWrapperDiv ) {            const visibilitySpan = document.createElement( \"span\" );            visibilitySpan.id = \"gform_visibility_test_139\";            gformWrapperDiv.insertAdjacentElement( \"afterend\", visibilitySpan );        }        const visibilityTestDiv = document.getElementById( \"gform_visibility_test_139\" );        let postRenderFired = false;                function triggerPostRender() {            if ( postRenderFired ) {                return;            }            postRenderFired = true;            jQuery( document ).trigger( 'gform_post_render', [139, current_page] );            gform.utils.trigger( { event: 'gform\/postRender', native: false, data: { formId: 139, currentPage: current_page } } );            if ( visibilityTestDiv ) {                visibilityTestDiv.parentNode.removeChild( visibilityTestDiv );            }        }        function debounce( func, wait, immediate ) {            var timeout;            return function() {                var context = this, args = arguments;                var later = function() {                    timeout = null;                    if ( !immediate ) func.apply( context, args );                };                var callNow = immediate && !timeout;                clearTimeout( timeout );                timeout = setTimeout( later, wait );                if ( callNow ) func.apply( context, args );            };        }        const debouncedTriggerPostRender = debounce( function() {            triggerPostRender();        }, 200 );        if ( visibilityTestDiv && visibilityTestDiv.offsetParent === null ) {            const observer = new MutationObserver( ( mutations ) => {                mutations.forEach( ( mutation ) => {                    if ( mutation.type === 'attributes' && visibilityTestDiv.offsetParent !== null ) {                        debouncedTriggerPostRender();                        observer.disconnect();                    }                });            });            observer.observe( document.body, {                attributes: true,                childList: false,                subtree: true,                attributeFilter: [ 'style', 'class' ],            });        } else {            triggerPostRender();        }    } );} ); <\/script>\r\n<\/div>\r\n\t\t<\/div>\n\t\t\t\t<\/div>\n\t\t\t\t\t\t<\/div>\n\t\t\t\t\t<\/div>\n\t\t<\/div>\n\t\t\t\t\t\t\t\t<\/div>\n\t\t\t\t\t<\/div>\n\t\t<\/section>\n\t\t\t\t\t\t<\/div>\n\t\t\t\t\t\t<\/div>\n\t\t\t\t\t<\/div>\n\t\t","protected":false},"excerpt":{"rendered":"<p>_Protecci\u00f3n de Datos. Secreto y Confidencialidad La visita a nuestras instalaciones implica el acceso a informaci\u00f3n confidencial y procesos propios. Agradecemos mantener la discreci\u00f3n y no divulgar los contenidos observados, en cumplimiento de nuestro compromiso con la protecci\u00f3n de datos y el secreto empresarial. &#8220;*&#8221; se\u00f1ala los campos obligatorios Nombre y apellidos* Nombre Email* DNI* Pol\u00edtica de privacidad* Responsable: Casas&#8230;<\/p>\n<div><a href=\"https:\/\/casasinhaus.com\/de\/qr-fabrik\/\" class=\"read-more\">Read More <i class=\"fa fa-arrow-right\"><\/i><\/a><\/div>\n","protected":false},"author":165219,"featured_media":0,"parent":0,"menu_order":0,"comment_status":"closed","ping_status":"closed","template":"elementor_header_footer","meta":[],"yoast_head":"<!-- This site is optimized with the Yoast SEO plugin v15.1.1 - https:\/\/yoast.com\/wordpress\/plugins\/seo\/ -->\n<meta name=\"robots\" content=\"index, follow, max-snippet:-1, max-image-preview:large, max-video-preview:-1\" \/>\n<link rel=\"canonical\" href=\"https:\/\/casasinhaus.com\/de\/qr-fabrik\/\" \/>\n<meta property=\"og:locale\" content=\"de_DE\" \/>\n<meta property=\"og:type\" content=\"article\" \/>\n<meta property=\"og:title\" content=\"Zustimmung zum Besuch der QR-Fabrik - inHAUS\" \/>\n<meta property=\"og:description\" content=\"_Protecci\u00f3n de Datos. Secreto y Confidencialidad La visita a nuestras instalaciones implica el acceso a informaci\u00f3n confidencial y procesos propios. Agradecemos mantener la discreci\u00f3n y no divulgar los contenidos observados, en cumplimiento de nuestro compromiso con la protecci\u00f3n de datos y el secreto empresarial. &#8220;*&#8221; se\u00f1ala los campos obligatorios Nombre y apellidos* Nombre Email* DNI* Pol\u00edtica de privacidad* Responsable: Casas...Read More\" \/>\n<meta property=\"og:url\" content=\"https:\/\/casasinhaus.com\/de\/qr-fabrik\/\" \/>\n<meta property=\"og:site_name\" content=\"inHAUS\" \/>\n<meta property=\"article:publisher\" content=\"https:\/\/www.facebook.com\/casasmodularesinhaus\" \/>\n<meta property=\"article:modified_time\" content=\"2025-05-19T11:15:54+00:00\" \/>\n<meta name=\"twitter:card\" content=\"summary\" \/>\n<meta name=\"twitter:creator\" content=\"@casasinhaus\" \/>\n<meta name=\"twitter:site\" content=\"@casasinhaus\" \/>\n<script type=\"application\/ld+json\" class=\"yoast-schema-graph\">{\"@context\":\"https:\/\/schema.org\",\"@graph\":[{\"@type\":\"WebSite\",\"@id\":\"https:\/\/casasinhaus.com\/de\/#website\",\"url\":\"https:\/\/casasinhaus.com\/de\/\",\"name\":\"inHAUS\",\"description\":\"construcci\\u00f3n de casas de dise\\u00f1o moderno modular, prefabricado y de obra.\",\"potentialAction\":[{\"@type\":\"SearchAction\",\"target\":\"https:\/\/casasinhaus.com\/de\/?s={search_term_string}\",\"query-input\":\"required name=search_term_string\"}],\"inLanguage\":\"de-DE\"},{\"@type\":\"WebPage\",\"@id\":\"https:\/\/casasinhaus.com\/de\/qr-fabrik\/#webpage\",\"url\":\"https:\/\/casasinhaus.com\/de\/qr-fabrik\/\",\"name\":\"Zustimmung zum Besuch der QR-Fabrik - inHAUS\",\"isPartOf\":{\"@id\":\"https:\/\/casasinhaus.com\/de\/#website\"},\"datePublished\":\"2025-03-26T09:07:19+00:00\",\"dateModified\":\"2025-05-19T11:15:54+00:00\",\"inLanguage\":\"de-DE\",\"potentialAction\":[{\"@type\":\"ReadAction\",\"target\":[\"https:\/\/casasinhaus.com\/de\/qr-fabrik\/\"]}]}]}<\/script>\n<!-- \/ Yoast SEO plugin. -->","_links":{"self":[{"href":"https:\/\/casasinhaus.com\/de\/wp-json\/wp\/v2\/pages\/98921"}],"collection":[{"href":"https:\/\/casasinhaus.com\/de\/wp-json\/wp\/v2\/pages"}],"about":[{"href":"https:\/\/casasinhaus.com\/de\/wp-json\/wp\/v2\/types\/page"}],"author":[{"embeddable":true,"href":"https:\/\/casasinhaus.com\/de\/wp-json\/wp\/v2\/users\/165219"}],"replies":[{"embeddable":true,"href":"https:\/\/casasinhaus.com\/de\/wp-json\/wp\/v2\/comments?post=98921"}],"version-history":[{"count":5,"href":"https:\/\/casasinhaus.com\/de\/wp-json\/wp\/v2\/pages\/98921\/revisions"}],"predecessor-version":[{"id":98931,"href":"https:\/\/casasinhaus.com\/de\/wp-json\/wp\/v2\/pages\/98921\/revisions\/98931"}],"wp:attachment":[{"href":"https:\/\/casasinhaus.com\/de\/wp-json\/wp\/v2\/media?parent=98921"}],"curies":[{"name":"wp","href":"https:\/\/api.w.org\/{rel}","templated":true}]}}