{"id":31581,"date":"2019-01-21T16:48:15","date_gmt":"2019-01-21T15:48:15","guid":{"rendered":"https:\/\/casasinhaus.com\/galeria-casas-terminadas-modelo-moraira-en-barcelona\/"},"modified":"2019-08-08T08:08:04","modified_gmt":"2019-08-08T07:08:04","slug":"galeria-casas-terminadas-modelo-moraira-en-barcelona","status":"publish","type":"page","link":"https:\/\/casasinhaus.com\/en\/galeria-casas-terminadas-modelo-moraira-en-barcelona\/","title":{"rendered":"Galer\u00eda de im\u00e1genes &#8211; Modelo Moraira en Barcelona"},"content":{"rendered":"[vc_row content_placement=&#8221;top&#8221; padding_top=&#8221;0&#8243;][vc_column width=&#8221;1\/3&#8243;]<hr  class=\"noo-gap hidden-xs\" style=\" margin: 150px 0 0 0;\">[vc_column_text]\n<h2 style=\"text-align: right;\"><strong>MODELO MORAIRA<\/strong><br \/>\n<strong>en Barcelona.<\/strong><\/h2>\n<h3 style=\"text-align: right;\"><\/h3>\n[\/vc_column_text]<hr  class=\"noo-gap hidden-xs\" style=\" margin: 250px 0 0 0;\">[vc_column_text]\n<h3 style=\"text-align: right;\">El entorno pr\u00f3ximo a la ciudad de Barcelona re\u00fane el encanto de la brisa marina con el bosque Mediterr\u00e1neo.<br \/>\nEsta personalizaci\u00f3n del Modelo Moraira de inHAUS donde una casa modular de hormig\u00f3n contiene todo lo necesario para una familia.<\/h3>\n<h3 style=\"text-align: right;\"><\/h3>\n[\/vc_column_text][\/vc_column][vc_column width=&#8221;2\/3&#8243;][layerslider_vc id=&#8221;97&#8243;][\/vc_column][\/vc_row][vc_row][vc_column][vc_separator color=&#8221;&#8221; thickness=&#8221;0&#8243; space_before=&#8221;10&#8243; space_after=&#8221;10&#8243;][\/vc_column][\/vc_row][vc_row padding_bottom=&#8221;10&#8243;][vc_column width=&#8221;1\/2&#8243;][vc_single_image image=&#8221;28116&#8243;][\/vc_column][vc_column width=&#8221;1\/2&#8243;][vc_separator color=&#8221;&#8221; thickness=&#8221;0&#8243;][vc_column_text]\n<h4>Un conjunto de vol\u00famenes rotundos que gracias al revestimiento blanco cont\u00ednuo se remarca m\u00e1s. La combinaci\u00f3n con la mamposter\u00eda de piedra del z\u00f3calo que contiene el aparcamiento subterr\u00e1neo hace destacar a\u00fan m\u00e1s el vol\u00famen de la casa y a\u00f1ade textura natural.<br \/>\nUna casa que destaca en su entorno por c\u00f3mo refleja la monta\u00f1a y la naturaleza.<\/h4>\n[\/vc_column_text][vc_separator color=&#8221;&#8221; thickness=&#8221;0&#8243; space_before=&#8221;10&#8243; space_after=&#8221;10&#8243;][vc_column_text]\n<h4>Barandillas de vidrio que acompa\u00f1an en el recorrido desde el acceso y no entorpecen la visi\u00f3n de la vivienda.<\/h4>\n[\/vc_column_text][\/vc_column][\/vc_row][vc_row][vc_column]<hr  class=\"noo-gap\" >[\/vc_column][\/vc_row][vc_row][vc_column width=&#8221;1\/3&#8243;][vc_column_text]\n<h4>Las carpinter\u00edas con el mejor aislamiento para poder estar en el hogar c\u00f3modamente y ahorrando. El tratamiento de color madera unifica el conjunto de la piedra y el monocapa. Eficiencia energ\u00e9tica y estilo en una casa de hormig\u00f3n de altas prestaciones en el entorno de Barcelona.<\/h4>\n<h4><\/h4>\n[\/vc_column_text][vc_separator color=&#8221;&#8221; thickness=&#8221;0&#8243; space_before=&#8221;10&#8243; space_after=&#8221;10&#8243;][vc_column_text]\n<h3 style=\"text-align: right;\"><em>&#8220;Detalles como una chimenea<br \/>\nconvierten esta casa en un lugar especial.&#8221;<\/em><\/h3>\n<h3 style=\"text-align: right;\"><\/h3>\n[\/vc_column_text][\/vc_column][vc_column width=&#8221;2\/3&#8243;][vc_single_image image=&#8221;28113&#8243;][\/vc_column][\/vc_row][vc_row][vc_column][vc_separator color=&#8221;&#8221; thickness=&#8221;0&#8243; space_before=&#8221;10&#8243; space_after=&#8221;10&#8243;][\/vc_column][\/vc_row][vc_row content_placement=&#8221;top&#8221; padding_top=&#8221;0&#8243; padding_bottom=&#8221;0&#8243;][vc_column]<div id=\"noo-slider-1\" class=\"noo-slider top-indicators\" >\n  <ul class=\"sliders\">\n<li class=\"slide-item\" >\n<img class=\"slide-image\" alt=\"Precio casa modular todo incluido\" src=\"https:\/\/casasinhaus.com\/wp-content\/uploads\/2019\/01\/PLANOS-MORAIRA-EN-BARCELONA-PARCELA.jpg\">\n\n<\/li><li class=\"slide-item\" >\n<img class=\"slide-image\" alt=\"Precio casa modular todo incluido\" src=\"https:\/\/casasinhaus.com\/wp-content\/uploads\/2019\/01\/PLANOS-MORAIRA-EN-BARCELONA-P1.jpg\">\n\n<\/li>\n  <\/ul>\n  <div class=\"clearfix\"><\/div>\n\n  <div id=\"noo-slider-1-pagination\" class=\"slider-indicators\"><\/div>\n\n<\/div>\n<script>\njQuery('document').ready(function ($) {\n  $('#noo-slider-1 .sliders').carouFredSel({\n    infinite: true,\n    circular: true,\n    responsive: true,\n    debug : false,\n    items: {\n      start: 0\n    },\n    scroll: {\n      items: 1,\n      duration: 600,\n\n      fx: \"scroll\"\n    },\n    auto: {\n      timeoutDuration: 3000,\n\n      play: true\n    },\n\n    pagination: {\n      container: \"#noo-slider-1-pagination\"\n    },\n    swipe: {\n      onTouch: false,\n      onMouse: false\n    }\n  });\n});\n<\/script>[\/vc_column][\/vc_row][vc_row][vc_column][vc_separator color=&#8221;&#8221; thickness=&#8221;0&#8243; space_before=&#8221;10&#8243; space_after=&#8221;10&#8243;][\/vc_column][\/vc_row][vc_row class=&#8221;slider_de_casas_terminadas&#8221;][vc_column width=&#8221;1\/2&#8243;][vc_separator color=&#8221;&#8221; thickness=&#8221;0&#8243; space_before=&#8221;150&#8243; space_after=&#8221;150&#8243; visibility=&#8221;hidden-phone&#8221;][vc_column_text]\n<h4>El detalle de una escalera revestida de piedra natural. Calidez material en el pelda\u00f1eado que combinado con una barandilla de vidrio vuelve a la escalera a la protagonista del vest\u00edbulo de esta casa.<\/h4>\n<h4>Calidad en la ejecuci\u00f3n que convierten estos detalles en una casa muy especial. Una casa modular de hormig\u00f3n llena de dise\u00f1o.<\/h4>\n[\/vc_column_text][\/vc_column][vc_column width=&#8221;1\/2&#8243;][vc_single_image image=&#8221;28300&#8243;][\/vc_column][\/vc_row][vc_row][vc_column][vc_separator color=&#8221;&#8221; thickness=&#8221;0&#8243; space_before=&#8221;10&#8243; space_after=&#8221;10&#8243;][\/vc_column][\/vc_row][vc_row class=&#8221;slider_de_casas_terminadas&#8221;][vc_column width=&#8221;1\/2&#8243;][vc_single_image image=&#8221;28107&#8243;][\/vc_column][vc_column width=&#8221;1\/2&#8243;][vc_separator color=&#8221;&#8221; thickness=&#8221;0&#8243; space_before=&#8221;50&#8243; space_after=&#8221;50&#8243;][vc_column_text]\n<h4>Ya en el interior, en el dise\u00f1o de interiores una combinaci\u00f3n de tonos saturados de color en contraste al blanco aportan calidez y dise\u00f1o. Un toque divertido para los espacios h\u00famedos en los ba\u00f1os de los dormitorios.<\/h4>\n<h4>Grandes superf\u00edcies de armarios para que todo est\u00e9 en su sitio y ordenado. Facilidad en el d\u00eda a d\u00eda para tenerlo todo bajo control.<\/h4>\n[\/vc_column_text][\/vc_column][\/vc_row][vc_row][vc_column][vc_separator color=&#8221;&#8221; thickness=&#8221;0&#8243; space_before=&#8221;10&#8243; space_after=&#8221;10&#8243;][\/vc_column][\/vc_row][vc_row padding_top=&#8221;10&#8243;][vc_column width=&#8221;1\/4&#8243;][vc_single_image image=&#8221;28125&#8243;][vc_column_text]\n<h3 style=\"text-align: right;\"><em>&#8220;Juegos divertidos de color en el interior de la vivienda.&#8221;<\/em><\/h3>\n[\/vc_column_text][\/vc_column][vc_column width=&#8221;3\/4&#8243;][vc_single_image image=&#8221;28128&#8243;][\/vc_column][\/vc_row][vc_row][vc_column][vc_separator color=&#8221;&#8221; thickness=&#8221;0&#8243; space_before=&#8221;10&#8243; space_after=&#8221;10&#8243;][\/vc_column][\/vc_row][vc_row class=&#8221;slider_de_casas_terminadas&#8221;][vc_column width=&#8221;1\/3&#8243;][vc_single_image image=&#8221;28122&#8243;][\/vc_column][vc_column width=&#8221;1\/3&#8243;][vc_single_image image=&#8221;28119&#8243;][\/vc_column][vc_column width=&#8221;1\/3&#8243;][vc_separator color=&#8221;&#8221; thickness=&#8221;0&#8243;][vc_column_text]\n<h4>Y los espacios siempre dise\u00f1ados con el mimo y cuidado marca de inHAUS, mamparas, ventanas y puertas as\u00ed como los armarios\u00a0de suelo a techo ganando amplitud espacial.<\/h4>\n<h4>Alta eficiencia energ\u00e9tica gracias a los aislamientos que incluye inHAUS en sus casas, ventanas de PVC con vidrios con c\u00e1mara aislante, sistema de aerotermia, nuestro sistema constructivo&#8230;para que ahorres cada d\u00eda que disfrutes tu casa con el m\u00e1ximo confort.<\/h4>\n<h4>Calidad, profesionalidad, dise\u00f1o y eficacia contenida en esta vivienda gracias al equipo de Casas inHAUS.<\/h4>\n[\/vc_column_text][\/vc_column][\/vc_row][vc_row][vc_column]<hr  class=\"noo-gap\" >[vc_column_text]\n<h4 style=\"text-align: center;\">Si quieres saber m\u00e1s sobre el <strong>MODELO MORAIRA<\/strong><br \/>\nvisita nuestro cat\u00e1logo y podr\u00e1s ver m\u00e1s planos, cuadro de superficies y <strong>precio<\/strong> <a href=\"https:\/\/casasinhaus.com\/en\/properties\/vivienda-modular-espectacular-modelo-moraira-4d-2p-2-270\/\">aqu\u00ed:<\/a><\/h4>\n<table class=\"aligncenter\" style=\"width: 50%; border-collapse: collapse;\" border=\"1\">\n<tbody>\n<tr>\n<td style=\"width: 100%; text-align: center;\">\n<h5><\/h5>\n<p><a href=\"https:\/\/casasinhaus.com\/wp-content\/uploads\/2016\/06\/vivienda-modular-de-lujo-diseno-espectacular-modelo-moraira-de-inhaus-con-piscina.jpg\"><img loading=\"lazy\" class=\"size-full wp-image-11024\" src=\"https:\/\/casasinhaus.com\/wp-content\/uploads\/2016\/06\/vivienda-modular-de-lujo-diseno-espectacular-modelo-moraira-de-inhaus-con-piscina.jpg\" alt=\"\" width=\"1920\" height=\"1080\" srcset=\"https:\/\/casasinhaus.com\/wp-content\/uploads\/2016\/06\/vivienda-modular-de-lujo-diseno-espectacular-modelo-moraira-de-inhaus-con-piscina.jpg 1920w, https:\/\/casasinhaus.com\/wp-content\/uploads\/2016\/06\/vivienda-modular-de-lujo-diseno-espectacular-modelo-moraira-de-inhaus-con-piscina-300x169.jpg 300w, https:\/\/casasinhaus.com\/wp-content\/uploads\/2016\/06\/vivienda-modular-de-lujo-diseno-espectacular-modelo-moraira-de-inhaus-con-piscina-768x432.jpg 768w, https:\/\/casasinhaus.com\/wp-content\/uploads\/2016\/06\/vivienda-modular-de-lujo-diseno-espectacular-modelo-moraira-de-inhaus-con-piscina-1024x576.jpg 1024w, https:\/\/casasinhaus.com\/wp-content\/uploads\/2016\/06\/vivienda-modular-de-lujo-diseno-espectacular-modelo-moraira-de-inhaus-con-piscina-600x338.jpg 600w, https:\/\/casasinhaus.com\/wp-content\/uploads\/2016\/06\/vivienda-modular-de-lujo-diseno-espectacular-modelo-moraira-de-inhaus-con-piscina-1150x646.jpg 1150w\" sizes=\"(max-width: 1920px) 100vw, 1920px\" \/><\/a><\/p>\n<h5><a href=\"https:\/\/casasinhaus.com\/en\/properties\/vivienda-modular-espectacular-modelo-moraira-4d-2p-2-270\/\"><strong>VER MODELO MORAIRA<\/strong><\/a><\/h5>\n<\/td>\n<\/tr>\n<\/tbody>\n<\/table>\n[\/vc_column_text][\/vc_column][\/vc_row][vc_row][vc_column][vc_separator color=&#8221;&#8221; thickness=&#8221;0&#8243; space_before=&#8221;10&#8243; space_after=&#8221;10&#8243;][vc_column_text]\n<div class=\"arve-wrapper arve-hover-effect-zoom\" data-mode=\"lazyload-lightbox\" data-provider=\"youtube\" id=\"arve-luKFONoLj8E\" style=\"max-width:2500px;\" itemscope itemtype=\"http:\/\/schema.org\/VideoObject\"><span id=\"lity-arve-luKFONoLj8E\" class=\"arve-lity-container lity-hide\" style=\"width:1200px;height:675px;\"><span class=\"arve-lazyload\" data-allow=\"accelerometer; autoplay; encrypted-media; gyroscope; picture-in-picture\" data-allowfullscreen data-class=\"arve-iframe fitvidsignore\" data-frameborder=\"0\" data-name data-sandbox=\"allow-scripts allow-same-origin allow-presentation-to-escape-sandbox\" data-scrolling=\"no\" data-src=\"https:\/\/www.youtube-nocookie.com\/embed\/luKFONoLj8E?iv_load_policy=3&#038;modestbranding=1&#038;rel=0&#038;autohide=1&#038;playsinline=1&#038;autoplay=1\" data-width=\"480\" data-height=\"270\"><\/span><\/span><div class=\"arve-embed-container\" style=\"padding-bottom:56.250000%\"><meta itemprop=\"embedURL\" content=\"https:\/\/www.youtube-nocookie.com\/embed\/luKFONoLj8E?iv_load_policy=3&amp;modestbranding=1&amp;rel=0&amp;autohide=1&amp;playsinline=1&amp;autoplay=1\"><meta itemprop=\"uploadDate\" content=\"2019-01-21T16:48:15+00:00\"><img class=\"arve-thumbnail\" data-object-fit itemprop=\"thumbnailUrl\" src=\"https:\/\/casasinhaus.com\/wp-content\/uploads\/2019\/01\/INHAUS-SANT-CUGAT-DEL-VALLES_067.jpg\" srcset=\"https:\/\/casasinhaus.com\/wp-content\/uploads\/2019\/01\/INHAUS-SANT-CUGAT-DEL-VALLES_067.jpg 2000w, https:\/\/casasinhaus.com\/wp-content\/uploads\/2019\/01\/INHAUS-SANT-CUGAT-DEL-VALLES_067-300x175.jpg 300w, https:\/\/casasinhaus.com\/wp-content\/uploads\/2019\/01\/INHAUS-SANT-CUGAT-DEL-VALLES_067-768x448.jpg 768w, https:\/\/casasinhaus.com\/wp-content\/uploads\/2019\/01\/INHAUS-SANT-CUGAT-DEL-VALLES_067-1024x598.jpg 1024w, https:\/\/casasinhaus.com\/wp-content\/uploads\/2019\/01\/INHAUS-SANT-CUGAT-DEL-VALLES_067-600x350.jpg 600w, https:\/\/casasinhaus.com\/wp-content\/uploads\/2019\/01\/INHAUS-SANT-CUGAT-DEL-VALLES_067-1320x770.jpg 1320w\" sizes=\"(max-width: 640px) 100vw, 2500px\" alt=\"Video Thumbnail\"><meta itemprop=\"name\" content=\"Implantaci\u00f3n Modelo Moraira en Barcelona\"><span itemprop=\"description\" class=\"arve-description arve-hidden\">[vc_row content_placement=&quot;top&quot; padding_top=&quot;0&quot;][vc_column width=&quot;1\/3&quot;][vc_column_text] MODELO MORAIRA en Barcelona. [\/vc_column_text][vc_column_text] El entorno pr\u00f3ximo a la ciudad de Barcelona re\u00fane el encanto de la brisa marina con el bosque Mediterr\u00e1neo. Esta personalizaci\u00f3n del Modelo Moraira d<\/span><button class=\"arve-play-btn arve-blay-btn-circle\" data-lity-target=\"#lity-arve-luKFONoLj8E\" data-lity type=\"button\"> <svg class='arve-play-svg' width='50' height='50' viewBox='0 0 50 50'> <circle class='arve-play-svg-circle-bg' fill='black' fill-opacity='0.4' cx='25' cy='25' r='25' \/> <path class='arve-play-svg-circle-fg' fill='white' fill-opacity='0.8' fill-rule='evenodd' d='M 25, 25 m -21, 0 a 21,21 0 1,0 42,0 a 21,21 0 1,0 -42,0 M19.5 15 v20 l15 -10z' \/> <\/svg><\/button><\/div><\/div>\n[\/vc_column_text]<hr  class=\"noo-gap\" >[vc_column_text]\n<h3>Casas de hormig\u00f3n para vivir.<\/h3>\n[\/vc_column_text][vc_column_text]\n<h3>Si quieres seguir viendo casas inHAUS, pincha\u00a0<a href=\"http:\/\/casasinhaus.com\/casas-prefabricadas-fotos\/\">aqu\u00ed.<\/a><\/h3>\n[\/vc_column_text][\/vc_column][\/vc_row]\n","protected":false},"excerpt":{"rendered":"<p>[vc_row content_placement=&#8221;top&#8221; padding_top=&#8221;0&#8243;][vc_column width=&#8221;1\/3&#8243;][vc_column_text] MODELO MORAIRA en Barcelona. [\/vc_column_text][vc_column_text] El entorno pr\u00f3ximo a la ciudad de Barcelona re\u00fane el encanto de la brisa marina con el bosque Mediterr\u00e1neo. Esta personalizaci\u00f3n del Modelo Moraira de inHAUS donde una casa modular de hormig\u00f3n contiene todo lo necesario para una familia. [\/vc_column_text][\/vc_column][vc_column width=&#8221;2\/3&#8243;][layerslider_vc id=&#8221;97&#8243;][\/vc_column][\/vc_row][vc_row][vc_column][vc_separator color=&#8221;&#8221; thickness=&#8221;0&#8243; space_before=&#8221;10&#8243; space_after=&#8221;10&#8243;][\/vc_column][\/vc_row][vc_row padding_bottom=&#8221;10&#8243;][vc_column width=&#8221;1\/2&#8243;][vc_single_image image=&#8221;28116&#8243;][\/vc_column][vc_column width=&#8221;1\/2&#8243;][vc_separator color=&#8221;&#8221;&#8230;<\/p>\n<div><a href=\"https:\/\/casasinhaus.com\/en\/galeria-casas-terminadas-modelo-moraira-en-barcelona\/\" class=\"read-more\">Read More <i class=\"fa fa-arrow-right\"><\/i><\/a><\/div>\n","protected":false},"author":16020,"featured_media":0,"parent":0,"menu_order":674,"comment_status":"closed","ping_status":"closed","template":"","meta":[],"yoast_head":"<!-- This site is optimized with the Yoast SEO plugin v15.1.1 - https:\/\/yoast.com\/wordpress\/plugins\/seo\/ -->\n<meta name=\"description\" content=\"Vivienda prefabricada de hormig\u00f3n en planta baja distribuida alrededor de patios con un amplio sal\u00f3n comedor cocina, 4 dormitorios y 2 ba\u00f1os.\" \/>\n<meta name=\"robots\" content=\"index, follow, max-snippet:-1, max-image-preview:large, max-video-preview:-1\" \/>\n<link rel=\"canonical\" href=\"https:\/\/casasinhaus.com\/en\/galeria-casas-terminadas-modelo-moraira-en-barcelona\/\" \/>\n<meta property=\"og:locale\" content=\"en_US\" \/>\n<meta property=\"og:type\" content=\"article\" \/>\n<meta property=\"og:title\" content=\"Galer\u00eda de im\u00e1genes - Modelo Moraira - Barcelona - Casas inHAUS\" \/>\n<meta property=\"og:description\" content=\"Vivienda prefabricada de hormig\u00f3n en planta baja distribuida alrededor de patios con un amplio sal\u00f3n comedor cocina, 4 dormitorios y 2 ba\u00f1os.\" \/>\n<meta property=\"og:url\" content=\"https:\/\/casasinhaus.com\/en\/galeria-casas-terminadas-modelo-moraira-en-barcelona\/\" \/>\n<meta property=\"og:site_name\" content=\"inHAUS\" \/>\n<meta property=\"article:publisher\" content=\"https:\/\/www.facebook.com\/casasmodularesinhaus\" \/>\n<meta property=\"article:modified_time\" content=\"2019-08-08T07:08:04+00:00\" \/>\n<meta property=\"og:image\" content=\"https:\/\/casasinhaus.com\/wp-content\/uploads\/2016\/06\/vivienda-modular-de-lujo-diseno-espectacular-modelo-moraira-de-inhaus-con-piscina.jpg\" \/>\n<meta name=\"twitter:card\" content=\"summary\" \/>\n<meta name=\"twitter:creator\" content=\"@casasinhaus\" \/>\n<meta name=\"twitter:site\" content=\"@casasinhaus\" \/>\n<script type=\"application\/ld+json\" class=\"yoast-schema-graph\">{\"@context\":\"https:\/\/schema.org\",\"@graph\":[{\"@type\":\"WebSite\",\"@id\":\"https:\/\/casasinhaus.com\/en\/#website\",\"url\":\"https:\/\/casasinhaus.com\/en\/\",\"name\":\"inHAUS\",\"description\":\"construcci\\u00f3n de casas de dise\\u00f1o moderno modular, prefabricado y de obra.\",\"potentialAction\":[{\"@type\":\"SearchAction\",\"target\":\"https:\/\/casasinhaus.com\/en\/?s={search_term_string}\",\"query-input\":\"required name=search_term_string\"}],\"inLanguage\":\"en-US\"},{\"@type\":\"ImageObject\",\"@id\":\"https:\/\/casasinhaus.com\/en\/galeria-casas-terminadas-modelo-moraira-en-barcelona\/#primaryimage\",\"inLanguage\":\"en-US\",\"url\":\"https:\/\/casasinhaus.com\/wp-content\/uploads\/2016\/06\/vivienda-modular-de-lujo-diseno-espectacular-modelo-moraira-de-inhaus-con-piscina.jpg\",\"width\":1920,\"height\":1080,\"caption\":\"Vista principal de casa modular de dise\\u00f1o modelo Moraira de inHAUS\"},{\"@type\":\"WebPage\",\"@id\":\"https:\/\/casasinhaus.com\/en\/galeria-casas-terminadas-modelo-moraira-en-barcelona\/#webpage\",\"url\":\"https:\/\/casasinhaus.com\/en\/galeria-casas-terminadas-modelo-moraira-en-barcelona\/\",\"name\":\"Galer\\u00eda de im\\u00e1genes - Modelo Moraira - Barcelona - Casas inHAUS\",\"isPartOf\":{\"@id\":\"https:\/\/casasinhaus.com\/en\/#website\"},\"primaryImageOfPage\":{\"@id\":\"https:\/\/casasinhaus.com\/en\/galeria-casas-terminadas-modelo-moraira-en-barcelona\/#primaryimage\"},\"datePublished\":\"2019-01-21T15:48:15+00:00\",\"dateModified\":\"2019-08-08T07:08:04+00:00\",\"description\":\"Vivienda prefabricada de hormig\\u00f3n en planta baja distribuida alrededor de patios con un amplio sal\\u00f3n comedor cocina, 4 dormitorios y 2 ba\\u00f1os.\",\"inLanguage\":\"en-US\",\"potentialAction\":[{\"@type\":\"ReadAction\",\"target\":[\"https:\/\/casasinhaus.com\/en\/galeria-casas-terminadas-modelo-moraira-en-barcelona\/\"]}]}]}<\/script>\n<!-- \/ Yoast SEO plugin. -->","_links":{"self":[{"href":"https:\/\/casasinhaus.com\/en\/wp-json\/wp\/v2\/pages\/31581"}],"collection":[{"href":"https:\/\/casasinhaus.com\/en\/wp-json\/wp\/v2\/pages"}],"about":[{"href":"https:\/\/casasinhaus.com\/en\/wp-json\/wp\/v2\/types\/page"}],"author":[{"embeddable":true,"href":"https:\/\/casasinhaus.com\/en\/wp-json\/wp\/v2\/users\/16020"}],"replies":[{"embeddable":true,"href":"https:\/\/casasinhaus.com\/en\/wp-json\/wp\/v2\/comments?post=31581"}],"version-history":[{"count":1,"href":"https:\/\/casasinhaus.com\/en\/wp-json\/wp\/v2\/pages\/31581\/revisions"}],"predecessor-version":[{"id":31685,"href":"https:\/\/casasinhaus.com\/en\/wp-json\/wp\/v2\/pages\/31581\/revisions\/31685"}],"wp:attachment":[{"href":"https:\/\/casasinhaus.com\/en\/wp-json\/wp\/v2\/media?parent=31581"}],"curies":[{"name":"wp","href":"https:\/\/api.w.org\/{rel}","templated":true}]}}