{"id":31612,"date":"2017-07-19T17:26:40","date_gmt":"2017-07-19T16:26:40","guid":{"rendered":"https:\/\/casasinhaus.com\/galeria-imagenes-rivas-tarragona\/"},"modified":"2022-11-11T15:33:23","modified_gmt":"2022-11-11T14:33:23","slug":"galeria-imagenes-rivas-tarragona","status":"publish","type":"page","link":"https:\/\/casasinhaus.com\/en\/galeria-imagenes-rivas-tarragona\/","title":{"rendered":"Galer\u00eda de im\u00e1genes &#8211; Modelo Rivas en Tarragona"},"content":{"rendered":"[vc_row content_placement=&#8221;top&#8221; padding_top=&#8221;0&#8243;][vc_column width=&#8221;1\/3&#8243; alignment=&#8221;right&#8221;]<hr  class=\"noo-gap hidden-xs\" style=\" margin: 150px 0 0 0;\">[vc_column_text]\n<h2 style=\"text-align: right;\"><strong>MODELO RIVAS <\/strong><br \/>\n<strong>en Tarragona<\/strong><\/h2>\n[\/vc_column_text]<hr  class=\"noo-gap hidden-xs\" style=\" margin: 350px 0 0 0;\">[vc_column_text]\n<h3 style=\"text-align: right;\">Esta\u00a0espectacular vivienda de dos plantas est\u00e1 situada en la provincia de Tarragona y tiene un interior a la altura de su exterior.<\/h3>\n<h3 style=\"text-align: right;\">Partiendo de una parcela alargada, la vivienda se adapta a ella sac\u00e1ndole el m\u00e1ximo provecho posible.<\/h3>\n[\/vc_column_text][\/vc_column][vc_column width=&#8221;2\/3&#8243;][layerslider_vc id=&#8221;14&#8243;][\/vc_column][\/vc_row][vc_row padding_bottom=&#8221;10&#8243;][vc_column width=&#8221;2\/3&#8243;][vc_single_image image=&#8221;13517&#8243;][\/vc_column][vc_column width=&#8221;1\/3&#8243;][\/vc_column][\/vc_row][vc_row padding_bottom=&#8221;0&#8243;][vc_column][vc_separator color=&#8221;&#8221; thickness=&#8221;0&#8243; space_before=&#8221;10&#8243; space_after=&#8221;10&#8243;][\/vc_column][\/vc_row][vc_row][vc_column width=&#8221;1\/3&#8243;][vc_column_text]\n<h4>Gracias a la disposici\u00f3n de la zona de d\u00eda y la zona de noche en la planta baja, nos permite convertir\u00a0la planta superior en nuestro rinc\u00f3n privado. Podemos elegir entre disfrutar de un espacio interior perfectamente aclimatado con vistas a la piscina o una amplia terraza desde la que observar el horizonte.<\/h4>\n[\/vc_column_text]<hr  class=\"noo-gap\" style=\" margin: 150px 0 0 0;\">[vc_column_text]\n<h4>Una vivienda perfecta en la que poder desarrollar tus aficiones gracias a un amplisimo garaje y un luminoso estudio en la planta primera.<\/h4>\n[\/vc_column_text][\/vc_column][vc_column width=&#8221;2\/3&#8243;][vc_single_image image=&#8221;13515&#8243;][\/vc_column][\/vc_row][vc_row][vc_column][vc_separator color=&#8221;&#8221; thickness=&#8221;0&#8243; space_before=&#8221;10&#8243; space_after=&#8221;10&#8243;][\/vc_column][\/vc_row][vc_row][vc_column][vc_single_image image=&#8221;13508&#8243;][\/vc_column][\/vc_row][vc_row content_placement=&#8221;top&#8221; padding_top=&#8221;0&#8243; padding_bottom=&#8221;0&#8243;][vc_column][vc_single_image image=&#8221;13784&#8243;][\/vc_column][\/vc_row][vc_row][vc_column][vc_column_text]\n<h3 style=\"text-align: right;\"><em>&#8221; Una vivienda amplia pensada para aprovechar las parcelas alargadas sin perder ni un \u00e1pice de calidad espacial tanto en el interior como en el exterior&#8221;<\/em><\/h3>\n[\/vc_column_text][vc_separator color=&#8221;&#8221; thickness=&#8221;0&#8243; space_before=&#8221;10&#8243; space_after=&#8221;10&#8243;][\/vc_column][\/vc_row][vc_row padding_top=&#8221;10&#8243;][vc_column width=&#8221;1\/3&#8243;][vc_column_text]\n<h4>El modelo Rivas del cat\u00e1logo de casas modulares inHAUS se adapta a los requerimientos de nuestros clientes.<\/h4>\n<h4>El acceso a la vivienda divide la zona de d\u00eda, con un amplio sal\u00f3n comedor con vistas directas a la piscina, de la zona de noche. \u00a0Dentro de la zona de d\u00eda, nos encontramos la amplia cocina tiene una relaci\u00f3n visual y espacial con el sal\u00f3n comedor adem\u00e1s de un acceso directo desde la puerta principal.<\/h4>\n[\/vc_column_text]<hr  class=\"noo-gap\" style=\" margin: 70px 0 0 0;\">[vc_column_text]\n<h3 style=\"text-align: right;\"><em>&#8220;Un dise\u00f1o\u00a0con gran capacidad de adaptaci\u00f3n gracias a su posibilidad de ampliaci\u00f3n.&#8221;<\/em><\/h3>\n[\/vc_column_text][\/vc_column][vc_column width=&#8221;2\/3&#8243;][vc_single_image image=&#8221;13526&#8243;][\/vc_column][\/vc_row][vc_row][vc_column][vc_separator color=&#8221;&#8221; thickness=&#8221;0&#8243; space_before=&#8221;10&#8243; space_after=&#8221;10&#8243;][\/vc_column][\/vc_row][vc_row class=&#8221;slider_de_casas_terminadas&#8221;][vc_column width=&#8221;1\/3&#8243;][vc_single_image image=&#8221;13514&#8243;][\/vc_column][vc_column width=&#8221;2\/3&#8243;][vc_single_image image=&#8221;13785&#8243;][vc_column_text]\n<h4 style=\"text-align: right;\">Una amplia cocina funcional y perfecta para recibir a los invitados.<\/h4>\n[\/vc_column_text][\/vc_column][\/vc_row][vc_row class=&#8221;slider_de_casas_terminadas&#8221;][vc_column width=&#8221;1\/3&#8243;][vc_column_text]\n<h4>A trav\u00e9s de una escalera sin tabica accedemos al estupendo estudio situado en planta primera. Como hemos comentado antes, este espacio tiene las vistas privilegiadas de la casa pudiendo disfrutar de la piscina y de un puesto m\u00e1s elevado desde el que poder ver el entorno.<\/h4>\n[\/vc_column_text]<hr  class=\"noo-gap\" style=\" margin: 145px 0 0 0;\">[vc_column_text]\n<h4>Carpinter\u00edas de PVC con alta eficiencia energ\u00e9tica permiten que aunque tengamos grandes ventanales podamos seguir realizando un ahorro energ\u00e9tico.<\/h4>\n[\/vc_column_text][\/vc_column][vc_column width=&#8221;2\/3&#8243;][vc_single_image image=&#8221;13525&#8243;][\/vc_column][\/vc_row][vc_row][vc_column][vc_separator color=&#8221;&#8221; thickness=&#8221;0&#8243; space_before=&#8221;10&#8243; space_after=&#8221;10&#8243;][\/vc_column][\/vc_row][vc_row class=&#8221;slider_de_casas_terminadas&#8221;][vc_column width=&#8221;1\/3&#8243;][vc_single_image image=&#8221;13536&#8243;][\/vc_column][vc_column width=&#8221;2\/3&#8243;][vc_column_text]\n<h4>Durante el proceso de desarrollo de su casa, nuestros clientes nos proponen sustituir uno de los dormitorios por un amplio cuarto de lavado con salida directa al exterior.<\/h4>\n[\/vc_column_text][vc_column_text]\n<h4>Nuestros clientes reciben las m\u00e1s altas calidades en cada uno de los aspectos de sus casas, desde los revestimientos, sanitarios, grifer\u00edas, encimeras de cocina, electrodom\u00e9sticos, sistema de climatizaci\u00f3n, etc.<\/h4>\n<h4>Todo lo necesario para que el confort se perciba desde el primer minuto en su nueva casa.<\/h4>\n[\/vc_column_text][\/vc_column][\/vc_row][vc_row][vc_column][vc_separator color=&#8221;&#8221; thickness=&#8221;0&#8243; space_before=&#8221;10&#8243; space_after=&#8221;10&#8243;][vc_column_text]\n<h4 style=\"text-align: center;\">Si quieres saber m\u00e1s sobre el <strong>MODELO RIVAS<\/strong><br \/>\nvisita nuestro cat\u00e1logo y podr\u00e1s ver m\u00e1s planos, cuadro de superficies y <strong>precio<\/strong> <a href=\"https:\/\/casasinhaus.com\/en\/properties\/casa-modular-de-hormigon-modelo-rivas-5d-2p-2-240\/\">aqu\u00ed:<\/a><\/h4>\n<table class=\"aligncenter\" style=\"width: 50%; border-collapse: collapse;\" border=\"1\">\n<tbody>\n<tr>\n<td style=\"width: 100%; text-align: center;\">\n<h5><\/h5>\n<p><a href=\"https:\/\/casasinhaus.com\/wp-content\/uploads\/2019\/08\/casa-modular-ampliable-de-lujo-casas-inhaus.jpg\"><img loading=\"lazy\" class=\"aligncenter size-full wp-image-31689\" src=\"https:\/\/casasinhaus.com\/wp-content\/uploads\/2019\/08\/casa-modular-ampliable-de-lujo-casas-inhaus.jpg\" alt=\"\" width=\"1920\" height=\"1080\" srcset=\"https:\/\/casasinhaus.com\/wp-content\/uploads\/2019\/08\/casa-modular-ampliable-de-lujo-casas-inhaus.jpg 1920w, https:\/\/casasinhaus.com\/wp-content\/uploads\/2019\/08\/casa-modular-ampliable-de-lujo-casas-inhaus-300x169.jpg 300w, https:\/\/casasinhaus.com\/wp-content\/uploads\/2019\/08\/casa-modular-ampliable-de-lujo-casas-inhaus-768x432.jpg 768w, https:\/\/casasinhaus.com\/wp-content\/uploads\/2019\/08\/casa-modular-ampliable-de-lujo-casas-inhaus-1024x576.jpg 1024w, https:\/\/casasinhaus.com\/wp-content\/uploads\/2019\/08\/casa-modular-ampliable-de-lujo-casas-inhaus-600x338.jpg 600w, https:\/\/casasinhaus.com\/wp-content\/uploads\/2019\/08\/casa-modular-ampliable-de-lujo-casas-inhaus-1150x646.jpg 1150w, https:\/\/casasinhaus.com\/wp-content\/uploads\/2019\/08\/casa-modular-ampliable-de-lujo-casas-inhaus-1320x743.jpg 1320w\" sizes=\"(max-width: 1920px) 100vw, 1920px\" \/><\/a><\/p>\n<h5><a href=\"https:\/\/casasinhaus.com\/en\/properties\/casa-modular-de-hormigon-modelo-rivas-5d-2p-2-240\/\"><strong>VER MODELO RIVAS<\/strong><\/a><\/h5>\n<\/td>\n<\/tr>\n<\/tbody>\n<\/table>\n[\/vc_column_text][\/vc_column][\/vc_row][vc_row][vc_column][vc_column_text]\n<h3>\u00bfQuieres recorrer la vivienda con nosotros? Pasa, est\u00e1s invitado&#8230;<\/h3>\n[\/vc_column_text][\/vc_column][\/vc_row][vc_row][vc_column][vc_column_text]\n<div class=\"arve-wrapper arve-hover-effect-zoom\" data-mode=\"lazyload-lightbox\" data-provider=\"youtube\" id=\"arve-t4paloMR4P0\" style=\"max-width:2500px;\" itemscope itemtype=\"http:\/\/schema.org\/VideoObject\"><span id=\"lity-arve-t4paloMR4P0\" class=\"arve-lity-container lity-hide\" style=\"width:1200px;height:675px;\"><span class=\"arve-lazyload\" data-allow=\"accelerometer; autoplay; encrypted-media; gyroscope; picture-in-picture\" data-allowfullscreen data-class=\"arve-iframe fitvidsignore\" data-frameborder=\"0\" data-name data-sandbox=\"allow-scripts allow-same-origin allow-presentation-to-escape-sandbox\" data-scrolling=\"no\" data-src=\"https:\/\/www.youtube-nocookie.com\/embed\/t4paloMR4P0?iv_load_policy=3&#038;modestbranding=1&#038;rel=0&#038;autohide=1&#038;playsinline=1&#038;autoplay=1\" data-width=\"480\" data-height=\"270\"><\/span><\/span><div class=\"arve-embed-container\" style=\"padding-bottom:56.250000%\"><meta itemprop=\"embedURL\" content=\"https:\/\/www.youtube-nocookie.com\/embed\/t4paloMR4P0?iv_load_policy=3&amp;modestbranding=1&amp;rel=0&amp;autohide=1&amp;playsinline=1&amp;autoplay=1\"><meta itemprop=\"uploadDate\" content=\"2017-07-19T17:26:40+00:00\"><img class=\"arve-thumbnail\" data-object-fit itemprop=\"thumbnailUrl\" src=\"https:\/\/i.ytimg.com\/vi\/t4paloMR4P0\/mqdefault.jpg\" srcset=\"https:\/\/i.ytimg.com\/vi\/t4paloMR4P0\/mqdefault.jpg 320w, https:\/\/i.ytimg.com\/vi\/t4paloMR4P0\/hqdefault.jpg 480w, https:\/\/i.ytimg.com\/vi\/t4paloMR4P0\/sddefault.jpg 640w, https:\/\/i.ytimg.com\/vi\/t4paloMR4P0\/maxresdefault.jpg 1280w\" sizes=\"(max-width: 640px) 100vw, 2500px\" alt=\"Video Thumbnail\"><meta itemprop=\"name\" content=\"Finalizaci\u00f3n casa prefabricada modelo Rivas en Tarragona\"><span itemprop=\"description\" class=\"arve-description arve-hidden\">[vc_row content_placement=&quot;top&quot; padding_top=&quot;0&quot;][vc_column width=&quot;1\/3&quot; alignment=&quot;right&quot;][vc_column_text] MODELO RIVAS en Tarragona [\/vc_column_text][vc_column_text] Esta\u00a0espectacular vivienda de dos plantas est\u00e1 situada en la provincia de Tarragona y tiene un interior a la altura de su exterior. Pa<\/span><button class=\"arve-play-btn arve-blay-btn-circle\" data-lity-target=\"#lity-arve-t4paloMR4P0\" data-lity type=\"button\"> <svg class='arve-play-svg' width='50' height='50' viewBox='0 0 50 50'> <circle class='arve-play-svg-circle-bg' fill='black' fill-opacity='0.4' cx='25' cy='25' r='25' \/> <path class='arve-play-svg-circle-fg' fill='white' fill-opacity='0.8' fill-rule='evenodd' d='M 25, 25 m -21, 0 a 21,21 0 1,0 42,0 a 21,21 0 1,0 -42,0 M19.5 15 v20 l15 -10z' \/> <\/svg><\/button><\/div><\/div>\n[\/vc_column_text][vc_column_text]\n<h3>Si quieres seguir viendo casas inHAUS, visita nuestra <span style=\"color: #008080;\"><a style=\"color: #008080;\" href=\"https:\/\/casasinhaus.com\/en\/catalogue-prefabricated-houses\/\">Colecci\u00f3n 111 de viviendas modulares<\/a><\/span>.<\/h3>\n[\/vc_column_text][\/vc_column][\/vc_row]\n","protected":false},"excerpt":{"rendered":"<p>[vc_row content_placement=&#8221;top&#8221; padding_top=&#8221;0&#8243;][vc_column width=&#8221;1\/3&#8243; alignment=&#8221;right&#8221;][vc_column_text] MODELO RIVAS en Tarragona [\/vc_column_text][vc_column_text] Esta\u00a0espectacular vivienda de dos plantas est\u00e1 situada en la provincia de Tarragona y tiene un interior a la altura de su exterior. Partiendo de una parcela alargada, la vivienda se adapta a ella sac\u00e1ndole el m\u00e1ximo provecho posible. [\/vc_column_text][\/vc_column][vc_column width=&#8221;2\/3&#8243;][layerslider_vc id=&#8221;14&#8243;][\/vc_column][\/vc_row][vc_row padding_bottom=&#8221;10&#8243;][vc_column width=&#8221;2\/3&#8243;][vc_single_image image=&#8221;13517&#8243;][\/vc_column][vc_column width=&#8221;1\/3&#8243;][\/vc_column][\/vc_row][vc_row padding_bottom=&#8221;0&#8243;][vc_column][vc_separator color=&#8221;&#8221; thickness=&#8221;0&#8243; space_before=&#8221;10&#8243; space_after=&#8221;10&#8243;][\/vc_column][\/vc_row][vc_row][vc_column&#8230;<\/p>\n<div><a href=\"https:\/\/casasinhaus.com\/en\/galeria-imagenes-rivas-tarragona\/\" class=\"read-more\">Read More <i class=\"fa fa-arrow-right\"><\/i><\/a><\/div>\n","protected":false},"author":16020,"featured_media":0,"parent":0,"menu_order":762,"comment_status":"closed","ping_status":"closed","template":"","meta":[],"yoast_head":"<!-- This site is optimized with the Yoast SEO plugin v15.1.1 - https:\/\/yoast.com\/wordpress\/plugins\/seo\/ -->\n<meta name=\"robots\" content=\"index, follow, max-snippet:-1, max-image-preview:large, max-video-preview:-1\" \/>\n<link rel=\"canonical\" href=\"https:\/\/casasinhaus.com\/en\/galeria-imagenes-rivas-tarragona\/\" \/>\n<meta property=\"og:locale\" content=\"en_US\" \/>\n<meta property=\"og:type\" content=\"article\" \/>\n<meta property=\"og:title\" content=\"Galer\u00eda de im\u00e1genes - Modelo Rivas en Tarragona - inHAUS\" \/>\n<meta property=\"og:description\" content=\"[vc_row content_placement=&#8221;top&#8221; padding_top=&#8221;0&#8243;][vc_column width=&#8221;1\/3&#8243; alignment=&#8221;right&#8221;][vc_column_text] MODELO RIVAS en Tarragona [\/vc_column_text][vc_column_text] Esta\u00a0espectacular vivienda de dos plantas est\u00e1 situada en la provincia de Tarragona y tiene un interior a la altura de su exterior. Partiendo de una parcela alargada, la vivienda se adapta a ella sac\u00e1ndole el m\u00e1ximo provecho posible. [\/vc_column_text][\/vc_column][vc_column width=&#8221;2\/3&#8243;][layerslider_vc id=&#8221;14&#8243;][\/vc_column][\/vc_row][vc_row padding_bottom=&#8221;10&#8243;][vc_column width=&#8221;2\/3&#8243;][vc_single_image image=&#8221;13517&#8243;][\/vc_column][vc_column width=&#8221;1\/3&#8243;][\/vc_column][\/vc_row][vc_row padding_bottom=&#8221;0&#8243;][vc_column][vc_separator color=&#8221;&#8221; thickness=&#8221;0&#8243; space_before=&#8221;10&#8243; space_after=&#8221;10&#8243;][\/vc_column][\/vc_row][vc_row][vc_column...Read More\" \/>\n<meta property=\"og:url\" content=\"https:\/\/casasinhaus.com\/en\/galeria-imagenes-rivas-tarragona\/\" \/>\n<meta property=\"og:site_name\" content=\"inHAUS\" \/>\n<meta property=\"article:publisher\" content=\"https:\/\/www.facebook.com\/casasmodularesinhaus\" \/>\n<meta property=\"article:modified_time\" content=\"2022-11-11T14:33:23+00:00\" \/>\n<meta property=\"og:image\" content=\"https:\/\/casasinhaus.com\/wp-content\/uploads\/2019\/08\/casa-modular-ampliable-de-lujo-casas-inhaus.jpg\" \/>\n<meta name=\"twitter:card\" content=\"summary\" \/>\n<meta name=\"twitter:creator\" content=\"@casasinhaus\" \/>\n<meta name=\"twitter:site\" content=\"@casasinhaus\" \/>\n<script type=\"application\/ld+json\" class=\"yoast-schema-graph\">{\"@context\":\"https:\/\/schema.org\",\"@graph\":[{\"@type\":\"WebSite\",\"@id\":\"https:\/\/casasinhaus.com\/en\/#website\",\"url\":\"https:\/\/casasinhaus.com\/en\/\",\"name\":\"inHAUS\",\"description\":\"construcci\\u00f3n de casas de dise\\u00f1o moderno modular, prefabricado y de obra.\",\"potentialAction\":[{\"@type\":\"SearchAction\",\"target\":\"https:\/\/casasinhaus.com\/en\/?s={search_term_string}\",\"query-input\":\"required name=search_term_string\"}],\"inLanguage\":\"en-US\"},{\"@type\":\"ImageObject\",\"@id\":\"https:\/\/casasinhaus.com\/en\/galeria-imagenes-rivas-tarragona\/#primaryimage\",\"inLanguage\":\"en-US\",\"url\":\"https:\/\/casasinhaus.com\/wp-content\/uploads\/2019\/08\/casa-modular-ampliable-de-lujo-casas-inhaus.jpg\",\"width\":1920,\"height\":1080},{\"@type\":\"WebPage\",\"@id\":\"https:\/\/casasinhaus.com\/en\/galeria-imagenes-rivas-tarragona\/#webpage\",\"url\":\"https:\/\/casasinhaus.com\/en\/galeria-imagenes-rivas-tarragona\/\",\"name\":\"Galer\\u00eda de im\\u00e1genes - Modelo Rivas en Tarragona - inHAUS\",\"isPartOf\":{\"@id\":\"https:\/\/casasinhaus.com\/en\/#website\"},\"primaryImageOfPage\":{\"@id\":\"https:\/\/casasinhaus.com\/en\/galeria-imagenes-rivas-tarragona\/#primaryimage\"},\"datePublished\":\"2017-07-19T16:26:40+00:00\",\"dateModified\":\"2022-11-11T14:33:23+00:00\",\"inLanguage\":\"en-US\",\"potentialAction\":[{\"@type\":\"ReadAction\",\"target\":[\"https:\/\/casasinhaus.com\/en\/galeria-imagenes-rivas-tarragona\/\"]}]}]}<\/script>\n<!-- \/ Yoast SEO plugin. -->","_links":{"self":[{"href":"https:\/\/casasinhaus.com\/en\/wp-json\/wp\/v2\/pages\/31612"}],"collection":[{"href":"https:\/\/casasinhaus.com\/en\/wp-json\/wp\/v2\/pages"}],"about":[{"href":"https:\/\/casasinhaus.com\/en\/wp-json\/wp\/v2\/types\/page"}],"author":[{"embeddable":true,"href":"https:\/\/casasinhaus.com\/en\/wp-json\/wp\/v2\/users\/16020"}],"replies":[{"embeddable":true,"href":"https:\/\/casasinhaus.com\/en\/wp-json\/wp\/v2\/comments?post=31612"}],"version-history":[{"count":2,"href":"https:\/\/casasinhaus.com\/en\/wp-json\/wp\/v2\/pages\/31612\/revisions"}],"predecessor-version":[{"id":51614,"href":"https:\/\/casasinhaus.com\/en\/wp-json\/wp\/v2\/pages\/31612\/revisions\/51614"}],"wp:attachment":[{"href":"https:\/\/casasinhaus.com\/en\/wp-json\/wp\/v2\/media?parent=31612"}],"curies":[{"name":"wp","href":"https:\/\/api.w.org\/{rel}","templated":true}]}}