{"id":50782,"date":"2022-06-08T14:00:34","date_gmt":"2022-06-08T12:00:34","guid":{"rendered":"https:\/\/casasinhaus.com\/prueba-formulario-concurso-2022\/"},"modified":"2022-09-23T11:21:41","modified_gmt":"2022-09-23T09:21:41","slug":"participation-contest-2022","status":"publish","type":"page","link":"https:\/\/casasinhaus.com\/en\/participation-contest-2022\/","title":{"rendered":"Participation Contest 2022"},"content":{"rendered":"<h2>inHAUS Contest registration form<\/h2>\n\n<h3>Datos del propietario:<\/h3>\n<p>Conforme a lo establecido en la Ley de Servicios de la Sociedad de la Informaci\u00f3n (LSSI), se informa a los usuarios de www.casasinhaus.com (en adelante, LA WEB) que estos son los datos del propietario de este sitio web:<\/p>\n<p><strong>Nombre:<\/strong>\u00a0Casas inHAUS S.L.<br \/>\n<strong>Direcci\u00f3n:<\/strong> Avenida Picassent, 12 Almussafes (Valencia, Espa\u00f1a) 46440<br \/>\n<strong>NIF:<\/strong>\u00a0B98533953<br \/>\n<strong>Tel\u00e9fono de Contacto:<\/strong>\u00a0900 102 961 (+34 963 519 219)<br \/>\n<strong>E-mail de Contacto:<\/strong>\u00a0info@casasinhaus.com<\/p>\n<p>M\u00e1s informaci\u00f3n en nuestro <a href=\"https:\/\/casasinhaus.com\/aviso-legal\/\" target=\"_blank\" rel=\"noopener\">Aviso Legal<\/a><\/p>\n<h3>T\u00e9rminos y condiciones de compra:<\/h3>\n<p>La participaci\u00f3n en el concurso implica el pago de las tasas correspondientes a la participaci\u00f3n, no produci\u00e9ndose la devoluci\u00f3n de las mismas en ning\u00fan caso.<br \/>\nEs responsabilidad de la persona que participa cumplir con las Bases del concurso.<\/p>\n","protected":false},"excerpt":{"rendered":"<p>inHAUS Contest registration form Datos del propietario: Conforme a lo establecido en la Ley de Servicios de la Sociedad de la Informaci\u00f3n (LSSI), se informa a los usuarios de www.casasinhaus.com (en adelante, LA WEB) que estos son los datos del propietario de este sitio web: Nombre:\u00a0Casas inHAUS S.L. Direcci\u00f3n: Avenida Picassent, 12 Almussafes (Valencia, Espa\u00f1a) 46440 NIF:\u00a0B98533953 Tel\u00e9fono de Contacto:\u00a0900&#8230;<\/p>\n<div><a href=\"https:\/\/casasinhaus.com\/en\/participation-contest-2022\/\" class=\"read-more\">Read More <i class=\"fa fa-arrow-right\"><\/i><\/a><\/div>\n","protected":false},"author":2,"featured_media":0,"parent":0,"menu_order":276,"comment_status":"closed","ping_status":"closed","template":"","meta":[],"yoast_head":"<!-- This site is optimized with the Yoast SEO plugin v15.1.1 - https:\/\/yoast.com\/wordpress\/plugins\/seo\/ -->\n<meta name=\"robots\" content=\"index, follow, max-snippet:-1, max-image-preview:large, max-video-preview:-1\" \/>\n<link rel=\"canonical\" href=\"https:\/\/casasinhaus.com\/en\/participation-contest-2022\/\" \/>\n<meta property=\"og:locale\" content=\"en_US\" \/>\n<meta property=\"og:type\" content=\"article\" \/>\n<meta property=\"og:title\" content=\"Participation Contest 2022 - inHAUS\" \/>\n<meta property=\"og:description\" content=\"inHAUS Contest registration form Datos del propietario: Conforme a lo establecido en la Ley de Servicios de la Sociedad de la Informaci\u00f3n (LSSI), se informa a los usuarios de www.casasinhaus.com (en adelante, LA WEB) que estos son los datos del propietario de este sitio web: Nombre:\u00a0Casas inHAUS S.L. Direcci\u00f3n: Avenida Picassent, 12 Almussafes (Valencia, Espa\u00f1a) 46440 NIF:\u00a0B98533953 Tel\u00e9fono de Contacto:\u00a0900...Read More\" \/>\n<meta property=\"og:url\" content=\"https:\/\/casasinhaus.com\/en\/participation-contest-2022\/\" \/>\n<meta property=\"og:site_name\" content=\"inHAUS\" \/>\n<meta property=\"article:publisher\" content=\"https:\/\/www.facebook.com\/casasmodularesinhaus\" \/>\n<meta property=\"article:modified_time\" content=\"2022-09-23T09:21:41+00:00\" \/>\n<meta name=\"twitter:card\" content=\"summary\" \/>\n<meta name=\"twitter:creator\" content=\"@casasinhaus\" \/>\n<meta name=\"twitter:site\" content=\"@casasinhaus\" \/>\n<script type=\"application\/ld+json\" class=\"yoast-schema-graph\">{\"@context\":\"https:\/\/schema.org\",\"@graph\":[{\"@type\":\"WebSite\",\"@id\":\"https:\/\/casasinhaus.com\/en\/#website\",\"url\":\"https:\/\/casasinhaus.com\/en\/\",\"name\":\"inHAUS\",\"description\":\"construcci\\u00f3n de casas de dise\\u00f1o moderno modular, prefabricado y de obra.\",\"potentialAction\":[{\"@type\":\"SearchAction\",\"target\":\"https:\/\/casasinhaus.com\/en\/?s={search_term_string}\",\"query-input\":\"required name=search_term_string\"}],\"inLanguage\":\"en-US\"},{\"@type\":\"WebPage\",\"@id\":\"https:\/\/casasinhaus.com\/en\/participation-contest-2022\/#webpage\",\"url\":\"https:\/\/casasinhaus.com\/en\/participation-contest-2022\/\",\"name\":\"Participation Contest 2022 - inHAUS\",\"isPartOf\":{\"@id\":\"https:\/\/casasinhaus.com\/en\/#website\"},\"datePublished\":\"2022-06-08T12:00:34+00:00\",\"dateModified\":\"2022-09-23T09:21:41+00:00\",\"inLanguage\":\"en-US\",\"potentialAction\":[{\"@type\":\"ReadAction\",\"target\":[\"https:\/\/casasinhaus.com\/en\/participation-contest-2022\/\"]}]}]}<\/script>\n<!-- \/ Yoast SEO plugin. -->","_links":{"self":[{"href":"https:\/\/casasinhaus.com\/en\/wp-json\/wp\/v2\/pages\/50782"}],"collection":[{"href":"https:\/\/casasinhaus.com\/en\/wp-json\/wp\/v2\/pages"}],"about":[{"href":"https:\/\/casasinhaus.com\/en\/wp-json\/wp\/v2\/types\/page"}],"author":[{"embeddable":true,"href":"https:\/\/casasinhaus.com\/en\/wp-json\/wp\/v2\/users\/2"}],"replies":[{"embeddable":true,"href":"https:\/\/casasinhaus.com\/en\/wp-json\/wp\/v2\/comments?post=50782"}],"version-history":[{"count":4,"href":"https:\/\/casasinhaus.com\/en\/wp-json\/wp\/v2\/pages\/50782\/revisions"}],"predecessor-version":[{"id":50799,"href":"https:\/\/casasinhaus.com\/en\/wp-json\/wp\/v2\/pages\/50782\/revisions\/50799"}],"wp:attachment":[{"href":"https:\/\/casasinhaus.com\/en\/wp-json\/wp\/v2\/media?parent=50782"}],"curies":[{"name":"wp","href":"https:\/\/api.w.org\/{rel}","templated":true}]}}