{"id":24891,"date":"2014-11-12T19:22:00","date_gmt":"2014-11-12T18:22:00","guid":{"rendered":"https:\/\/casasinhaus.com\/financiacion-prestamo-autopromotor\/"},"modified":"2018-04-11T15:15:09","modified_gmt":"2018-04-11T14:15:09","slug":"financiacion-prestamo-autopromotor","status":"publish","type":"page","link":"https:\/\/casasinhaus.com\/fr\/financiacion-prestamo-autopromotor\/","title":{"rendered":"Financement, pr\u00eat, cr\u00e9dit immobilier"},"content":{"rendered":"[vc_row][vc_column width=&#8221;2\/3&#8243;][vc_column_text]L&#8217;entreprise inHAUS dans sa volont\u00e9 de garantir l&#8217;ensemble du processus et faciliter \u00e0 nos clients l&#8217;acc\u00e8s \u00e0 son logement, vous pouvez formuler une demande de financement \u00e0 votre banque de confiance.<\/p>\n<p>Une maison modulaire , dans le cas o\u00f9 c&#8217;est n\u00e9cessaire, <strong>peut \u00eatre financer exactement de la m\u00eame mani\u00e8re qu&#8217;une maison traditionnelle<\/strong> en brique, par un cr\u00e9dit immobilier personnalis\u00e9.<\/p>\n<p><strong>Un cr\u00e9dit immobilier s&#8217;adresse aux particuliers pour la construction de leur propre maison. <\/strong>De mani\u00e8re g\u00e9n\u00e9rale, toutes les banques requi\u00e8rent <strong>une s\u00e9rie d&#8217;exigences avant l&#8217;octroi d&#8217;un cr\u00e9dit<\/strong> de ce type : <strong>d\u00e9tenir le terrain<\/strong> sur lequel la maison va se construire, que <strong>le projet<\/strong> de la future maison soit sign\u00e9 par un architecte inscrit \u00e0 l&#8217;ordre des architectes ( &#8220;Colegio de los arquitectos&#8221; en Espagne) et que <strong>le permis de construire ait \u00e9t\u00e9 obtenu<\/strong> dans la Mairie\u00a0 o\u00f9 est situ\u00e9e la parcelle sur laquelle sera construite la maison.<\/p>\n<p>Avec le projet de votre future maison et le permis de construire de celui-ci, vous pourrez n\u00e9gocier un cr\u00e9dit immobilier avec votre banque qui vous aidera \u00e0 financer votre projet de construction. Votre capacit\u00e9 d&#8217;emprunt, valeur du pr\u00eat, des int\u00e9r\u00eats et de la dur\u00e9e du cr\u00e9dit immobilier, d\u00e9pendra de vos revenus, de vos \u00e9ventuels pr\u00eats en cours et de vos \u00e9conomies. En g\u00e9n\u00e9ral, le pr\u00eat maximum accord\u00e9 varie <strong>entre 80 et 85% du montant<\/strong> dont vous avez besoin sur une dur\u00e9e maximum de 30 ans. \u00a0Cependant, comme nous l&#8217;avons dit plus haut, <strong>cela d\u00e9pend de la situation \u00e9conomique et personnelle\u00a0 de chaque client et de la banque avec laquelle le contrat est \u00e9tabli<\/strong>.<\/p>\n<p>Le financement accord\u00e9 par votre banque est ind\u00e9pendant de la soci\u00e9te Casas inHAUS. Chaque client d\u00e9tiend le pouvoir de comparer et de d\u00e9cider de la banque qui lui offrira le meilleur financement, par exemple nous avons des clients ayant obtenus des cr\u00e9dits avec la C aixa, San tander, BB VA, Bank inter, , entre autres.<\/p>\n<p>Le but de inHAUS est de concevoir et de fabriquer des maisons contemporaines avec des garanties maximales, en assurant des prix et des d\u00e9lais fermes. Notre but est de pouvoir vous conseiller clairement sur le mod\u00e8le de maison le plus adapt\u00e9 \u00e0 vos besoins et bien s\u00fbr \u00e0 votre budget. Nous nous appliquons d\u00e8s le d\u00e9but du projet \u00e0 \u00eatre au plus pr\u00eat de vos objectifs et des notres \u00e0 avoir : &#8221; Fabriquer ou construire votre maison design&#8221;.[\/vc_column_text][\/vc_column][vc_column width=&#8221;1\/3&#8243;][vc_single_image image=&#8221;7396&#8243;][\/vc_column][\/vc_row]\n","protected":false},"excerpt":{"rendered":"<p>[vc_row][vc_column width=&#8221;2\/3&#8243;][vc_column_text]L&#8217;entreprise inHAUS dans sa volont\u00e9 de garantir l&#8217;ensemble du processus et faciliter \u00e0 nos clients l&#8217;acc\u00e8s \u00e0 son logement, vous pouvez formuler une demande de financement \u00e0 votre banque de confiance. Une maison modulaire , dans le cas o\u00f9 c&#8217;est n\u00e9cessaire, peut \u00eatre financer exactement de la m\u00eame mani\u00e8re qu&#8217;une maison traditionnelle en brique, par un cr\u00e9dit immobilier personnalis\u00e9&#8230;.<\/p>\n<div><a href=\"https:\/\/casasinhaus.com\/fr\/financiacion-prestamo-autopromotor\/\" class=\"read-more\">Read More <i class=\"fa fa-arrow-right\"><\/i><\/a><\/div>\n","protected":false},"author":2,"featured_media":0,"parent":0,"menu_order":943,"comment_status":"closed","ping_status":"closed","template":"","meta":[],"yoast_head":"<!-- This site is optimized with the Yoast SEO plugin v15.1.1 - https:\/\/yoast.com\/wordpress\/plugins\/seo\/ -->\n<meta name=\"description\" content=\"Pr\u00e9stamo autopromotor para casas prefabricadas de Casas inHAUS. Compara tu casa modular y financiala sin problemas. Construimos tu chalet con garant\u00edas.\" \/>\n<meta name=\"robots\" content=\"index, follow, max-snippet:-1, max-image-preview:large, max-video-preview:-1\" \/>\n<link rel=\"canonical\" href=\"https:\/\/casasinhaus.com\/fr\/financiacion-prestamo-autopromotor\/\" \/>\n<meta property=\"og:locale\" content=\"fr_FR\" \/>\n<meta property=\"og:type\" content=\"article\" \/>\n<meta property=\"og:title\" content=\"Pr\u00e9stamo autopromotor para casas prefabricadas\" \/>\n<meta property=\"og:description\" content=\"Pr\u00e9stamo autopromotor para casas prefabricadas de Casas inHAUS. Compara tu casa modular y financiala sin problemas. Construimos tu chalet con garant\u00edas.\" \/>\n<meta property=\"og:url\" content=\"https:\/\/casasinhaus.com\/fr\/financiacion-prestamo-autopromotor\/\" \/>\n<meta property=\"og:site_name\" content=\"inHAUS\" \/>\n<meta property=\"article:publisher\" content=\"https:\/\/www.facebook.com\/casasmodularesinhaus\" \/>\n<meta property=\"article:modified_time\" content=\"2018-04-11T14:15:09+00:00\" \/>\n<meta name=\"twitter:card\" content=\"summary\" \/>\n<meta name=\"twitter:creator\" content=\"@casasinhaus\" \/>\n<meta name=\"twitter:site\" content=\"@casasinhaus\" \/>\n<script type=\"application\/ld+json\" class=\"yoast-schema-graph\">{\"@context\":\"https:\/\/schema.org\",\"@graph\":[{\"@type\":\"WebSite\",\"@id\":\"https:\/\/casasinhaus.com\/fr\/#website\",\"url\":\"https:\/\/casasinhaus.com\/fr\/\",\"name\":\"inHAUS\",\"description\":\"construcci\\u00f3n de casas de dise\\u00f1o moderno modular, prefabricado y de obra.\",\"potentialAction\":[{\"@type\":\"SearchAction\",\"target\":\"https:\/\/casasinhaus.com\/fr\/?s={search_term_string}\",\"query-input\":\"required name=search_term_string\"}],\"inLanguage\":\"fr-FR\"},{\"@type\":\"WebPage\",\"@id\":\"https:\/\/casasinhaus.com\/fr\/financiacion-prestamo-autopromotor\/#webpage\",\"url\":\"https:\/\/casasinhaus.com\/fr\/financiacion-prestamo-autopromotor\/\",\"name\":\"Pr\\u00e9stamo autopromotor para casas prefabricadas\",\"isPartOf\":{\"@id\":\"https:\/\/casasinhaus.com\/fr\/#website\"},\"datePublished\":\"2014-11-12T18:22:00+00:00\",\"dateModified\":\"2018-04-11T14:15:09+00:00\",\"description\":\"Pr\\u00e9stamo autopromotor para casas prefabricadas de Casas inHAUS. Compara tu casa modular y financiala sin problemas. Construimos tu chalet con garant\\u00edas.\",\"inLanguage\":\"fr-FR\",\"potentialAction\":[{\"@type\":\"ReadAction\",\"target\":[\"https:\/\/casasinhaus.com\/fr\/financiacion-prestamo-autopromotor\/\"]}]}]}<\/script>\n<!-- \/ Yoast SEO plugin. -->","_links":{"self":[{"href":"https:\/\/casasinhaus.com\/fr\/wp-json\/wp\/v2\/pages\/24891"}],"collection":[{"href":"https:\/\/casasinhaus.com\/fr\/wp-json\/wp\/v2\/pages"}],"about":[{"href":"https:\/\/casasinhaus.com\/fr\/wp-json\/wp\/v2\/types\/page"}],"author":[{"embeddable":true,"href":"https:\/\/casasinhaus.com\/fr\/wp-json\/wp\/v2\/users\/2"}],"replies":[{"embeddable":true,"href":"https:\/\/casasinhaus.com\/fr\/wp-json\/wp\/v2\/comments?post=24891"}],"version-history":[{"count":7,"href":"https:\/\/casasinhaus.com\/fr\/wp-json\/wp\/v2\/pages\/24891\/revisions"}],"predecessor-version":[{"id":31706,"href":"https:\/\/casasinhaus.com\/fr\/wp-json\/wp\/v2\/pages\/24891\/revisions\/31706"}],"wp:attachment":[{"href":"https:\/\/casasinhaus.com\/fr\/wp-json\/wp\/v2\/media?parent=24891"}],"curies":[{"name":"wp","href":"https:\/\/api.w.org\/{rel}","templated":true}]}}