{"id":24897,"date":"2018-04-11T12:28:20","date_gmt":"2018-04-11T11:28:20","guid":{"rendered":"https:\/\/casasinhaus.com\/?page_id=24897"},"modified":"2018-08-19T21:20:42","modified_gmt":"2018-08-19T20:20:42","slug":"qui-sommes-nous","status":"publish","type":"page","link":"https:\/\/casasinhaus.com\/fr\/qui-sommes-nous\/","title":{"rendered":"Notre \u00e9quipe"},"content":{"rendered":"[vc_row][vc_column]<hr  class=\"noo-gap\" >[\/vc_column][\/vc_row][vc_row][vc_column][vc_row_inner][vc_column_inner width=&#8221;1\/4&#8243;][vc_single_image image=&#8221;25060&#8243;]<hr  class=\"noo-gap\" >[vc_column_text]\n<div class=\"noo-vc-row row \">\n<div class=\"noo-vc-col col-md-12 \">\n<p>InHAUS\u00a0 d\u00e9livre des projets de maisons &#8220;cl\u00e9 en main&#8221; sur tout le territoire espagnol et les \u00eeles Bal\u00e9ares. Son laboratoire est situ\u00e9e \u00e0 Valence en Espagne, il regroupe \u00e0 la fois les dessinateurs, les commerciaux et l&#8217;usine de fabrication des maisons.<\/p>\n<p>&nbsp;<\/p>\n<\/div>\n<\/div>\n[\/vc_column_text][\/vc_column_inner][vc_column_inner width=&#8221;1\/4&#8243;][vc_single_image image=&#8221;25054&#8243;]<hr  class=\"noo-gap\" >[vc_column_text]\n<div class=\"noo-vc-row row \">\n<div class=\"noo-vc-col col-md-12 \"><\/div>\n<\/div>\n<div class=\"noo-vc-row row \">\n<div class=\"noo-vc-col col-md-12 \">\n<div class=\"noo-text-block\">\n<p>&nbsp;<\/p>\n<\/div>\n<\/div>\n<\/div>\n[\/vc_column_text]<hr  class=\"noo-gap\" >[vc_single_image image=&#8221;25442&#8243;][\/vc_column_inner][vc_column_inner width=&#8221;1\/4&#8243;][vc_single_image image=&#8221;25079&#8243;]<hr  class=\"noo-gap\" >[vc_single_image image=&#8221;25446&#8243;]<hr  class=\"noo-gap\" >[vc_single_image image=&#8221;25088&#8243;][\/vc_column_inner][vc_column_inner width=&#8221;1\/4&#8243;][vc_single_image image=&#8221;25061&#8243;]<hr  class=\"noo-gap\" >[vc_single_image image=&#8221;25081&#8243;][\/vc_column_inner][\/vc_row_inner]<hr  class=\"noo-gap\" >[vc_row_inner][vc_column_inner width=&#8221;1\/2&#8243;][vc_single_image image=&#8221;25064&#8243;][\/vc_column_inner][vc_column_inner width=&#8221;1\/4&#8243;][vc_single_image image=&#8221;25063&#8243;]<hr  class=\"noo-gap\" >[vc_column_text]\n<div class=\"noo-vc-row row \">\n<div class=\"noo-vc-col col-md-12 \">\n<p>Ceci est la photo de l&#8217;\u00e9quipe inHAUS, une vraie famille, des compagnons de bataille qui soutiennent l&#8217;aventure dans les moments difficiles et se l\u00e8vent chaque matin remplis d&#8217;illusions pour maintenir, renforcer et faire grandir l&#8217;entreprise chaque jour un peu plus depuis 8 ans d\u00e9j\u00e0, &#8230; InHAUS compte \u00e0 pr\u00e9sent plus de 100 collaborateurs !<\/p>\n<p>La famille inHAUS rassemble tous les professionnels de la construction : architectes, ing\u00e9nieurs, designers, graphistes, d\u00e9corateurs, artisans sp\u00e9cialis\u00e9s ainsi que ceux du secteur commercial, marketing, communication, administration et service financier. De plus pour optimiser l&#8217;efficacit\u00e9 de notre entreprise, nous avons recours aux services de collaborateurs externes : traducteurs, photographes, vid\u00e9astes, et directeur artistique.<\/p>\n<p>&nbsp;<\/p>\n<\/div>\n<\/div>\n[\/vc_column_text][\/vc_column_inner][vc_column_inner width=&#8221;1\/4&#8243;][vc_column_text]\n<div class=\"noo-vc-row row \">\n<div class=\"noo-vc-col col-md-12 \">\n<p>InHAUS g\u00e8re le projet et le chantier, ce qui permet des am\u00e9liorations tout au long du process, l&#8217;optimisation des d\u00e9lais, le respect des finitions et la standardisation des solutions constructives. Tout pour arriver au prix le plus comp\u00e9titif possible et atteindre les param\u00e8tres de qualit\u00e9 les plus \u00e9lev\u00e9s. La standardisation du syst\u00e8me et l&#8217;\u00e9tude optimis\u00e9e entre la partie conception et la partie construction permettent de limiter les retards impr\u00e9vus sur le chantier et les surco\u00fbts g\u00e9n\u00e9r\u00e9s \u00e0 la charge du client. Le d\u00e9lai est fig\u00e9, de mani\u00e8re \u00e0 pouvoir programmer pr\u00e9cis\u00e9ment une date d&#8217;entr\u00e9e dans la maison.<\/p>\n<p>Casas inHAUS est votre seul interlocuteur pendant toute la dur\u00e9e de l&#8217;op\u00e9ration.<\/p>\n<\/div>\n<\/div>\n[\/vc_column_text]<hr  class=\"noo-gap\" style=\" margin: 25px 0 0 0;\">[vc_single_image image=&#8221;25069&#8243;][\/vc_column_inner][\/vc_row_inner]<hr  class=\"noo-gap\" >[vc_row_inner][vc_column_inner width=&#8221;1\/4&#8243;][vc_single_image image=&#8221;25459&#8243;]<hr  class=\"noo-gap\" >[vc_single_image image=&#8221;25065&#8243;][\/vc_column_inner][vc_column_inner width=&#8221;1\/2&#8243;][vc_single_image image=&#8221;25072&#8243;][\/vc_column_inner][vc_column_inner width=&#8221;1\/4&#8243;][vc_single_image image=&#8221;25083&#8243;]<hr  class=\"noo-gap\" >[vc_column_text]\n<div class=\"noo-vc-row row \">\n<div class=\"noo-vc-col col-md-12 \">\n<p>MERCI \u00e0 toutes les personnes qui jusqu&#8217;ici nous ont choisi et fait confiance pour r\u00e9aliser la maison de leur r\u00eave.<\/p>\n<p>MERCI \u00e0 tous les membres qui forme l&#8217;\u00e9quipe inHAUS pour satisfaire nos clients. MERCI pour votre t\u00e9nacit\u00e9, votre enthousiasme, vos efforts, c&#8217;est le secret de notre r\u00e9ussite !<\/p>\n<p>Nous avons une GRANDE \u00e9quipe avec qui nous r\u00e9alisons de GRANDES choses. Comme disait Margaret Mead :<em> \u201cNe doutez jamais qu&#8217;un petit nombre de gens r\u00e9fl\u00e9chis et engag\u00e9s peuvent changer le monde. En r\u00e9alit\u00e9, c&#8217;est la seule chose que l&#8217;on n&#8217;a jamais fait\u201d<\/em><\/p>\n<p>&nbsp;<\/p>\n<\/div>\n<\/div>\n[\/vc_column_text][\/vc_column_inner][\/vc_row_inner]<hr  class=\"noo-gap\" >[vc_row_inner][vc_column_inner width=&#8221;1\/4&#8243;][vc_single_image image=&#8221;25447&#8243;]<hr  class=\"noo-gap\" >[vc_single_image image=&#8221;25084&#8243;]<hr  class=\"noo-gap\" >[vc_single_image image=&#8221;25463&#8243;][\/vc_column_inner][vc_column_inner width=&#8221;1\/4&#8243;][vc_single_image image=&#8221;25068&#8243;]<hr  class=\"noo-gap\" >[vc_single_image image=&#8221;25449&#8243;][\/vc_column_inner][vc_column_inner width=&#8221;1\/4&#8243;][vc_single_image image=&#8221;25462&#8243;]<hr  class=\"noo-gap\" >[vc_single_image image=&#8221;25452&#8243;]<hr  class=\"noo-gap\" >[vc_single_image image=&#8221;25085&#8243;][\/vc_column_inner][vc_column_inner width=&#8221;1\/4&#8243;][vc_single_image image=&#8221;25067&#8243;]<hr  class=\"noo-gap\" >[vc_single_image image=&#8221;25070&#8243;][\/vc_column_inner][\/vc_row_inner]<hr  class=\"noo-gap\" >[vc_row_inner][vc_column_inner width=&#8221;1\/4&#8243;][vc_single_image image=&#8221;25071&#8243;]<hr  class=\"noo-gap\" >[vc_single_image image=&#8221;25453&#8243;]<hr  class=\"noo-gap\" >[\/vc_column_inner][vc_column_inner width=&#8221;1\/4&#8243;][vc_single_image image=&#8221;25087&#8243;]<hr  class=\"noo-gap\" >[vc_single_image image=&#8221;25095&#8243;]<hr  class=\"noo-gap\" >[\/vc_column_inner][vc_column_inner width=&#8221;1\/4&#8243;][vc_single_image image=&#8221;25066&#8243;]<hr  class=\"noo-gap\" >[\/vc_column_inner][vc_column_inner width=&#8221;1\/4&#8243;][vc_single_image image=&#8221;25445&#8243;]<hr  class=\"noo-gap\" >[vc_single_image image=&#8221;25059&#8243;][\/vc_column_inner][\/vc_row_inner][vc_row_inner][vc_column_inner width=&#8221;1\/4&#8243;][\/vc_column_inner][vc_column_inner width=&#8221;1\/4&#8243;][\/vc_column_inner][vc_column_inner width=&#8221;1\/4&#8243;][\/vc_column_inner][vc_column_inner width=&#8221;1\/4&#8243;][\/vc_column_inner][\/vc_row_inner][\/vc_column][\/vc_row]\n<p>&nbsp;<\/p>\n","protected":false},"excerpt":{"rendered":"<p>[vc_row][vc_column][\/vc_column][\/vc_row][vc_row][vc_column][vc_row_inner][vc_column_inner width=&#8221;1\/4&#8243;][vc_single_image image=&#8221;25060&#8243;][vc_column_text] InHAUS\u00a0 d\u00e9livre des projets de maisons &#8220;cl\u00e9 en main&#8221; sur tout le territoire espagnol et les \u00eeles Bal\u00e9ares. Son laboratoire est situ\u00e9e \u00e0 Valence en Espagne, il regroupe \u00e0 la fois les dessinateurs, les commerciaux et l&#8217;usine de fabrication des maisons.  [\/vc_column_text][\/vc_column_inner][vc_column_inner width=&#8221;1\/4&#8243;][vc_single_image image=&#8221;25054&#8243;][vc_column_text]  [\/vc_column_text][vc_single_image image=&#8221;25442&#8243;][\/vc_column_inner][vc_column_inner width=&#8221;1\/4&#8243;][vc_single_image image=&#8221;25079&#8243;][vc_single_image image=&#8221;25446&#8243;][vc_single_image image=&#8221;25088&#8243;][\/vc_column_inner][vc_column_inner width=&#8221;1\/4&#8243;][vc_single_image image=&#8221;25061&#8243;][vc_single_image image=&#8221;25081&#8243;][\/vc_column_inner][\/vc_row_inner][vc_row_inner][vc_column_inner width=&#8221;1\/2&#8243;][vc_single_image image=&#8221;25064&#8243;][\/vc_column_inner][vc_column_inner&#8230;<\/p>\n<div><a href=\"https:\/\/casasinhaus.com\/fr\/qui-sommes-nous\/\" class=\"read-more\">Read More <i class=\"fa fa-arrow-right\"><\/i><\/a><\/div>\n","protected":false},"author":27549,"featured_media":0,"parent":0,"menu_order":711,"comment_status":"closed","ping_status":"closed","template":"page-full-width.php","meta":[],"yoast_head":"<!-- This site is optimized with the Yoast SEO plugin v15.1.1 - https:\/\/yoast.com\/wordpress\/plugins\/seo\/ -->\n<meta name=\"robots\" content=\"index, follow, max-snippet:-1, max-image-preview:large, max-video-preview:-1\" \/>\n<link rel=\"canonical\" href=\"https:\/\/casasinhaus.com\/fr\/qui-sommes-nous\/\" \/>\n<meta property=\"og:locale\" content=\"fr_FR\" \/>\n<meta property=\"og:type\" content=\"article\" \/>\n<meta property=\"og:title\" content=\"Notre \u00e9quipe - inHAUS\" \/>\n<meta property=\"og:description\" content=\"[vc_row][vc_column][\/vc_column][\/vc_row][vc_row][vc_column][vc_row_inner][vc_column_inner width=&#8221;1\/4&#8243;][vc_single_image image=&#8221;25060&#8243;][vc_column_text] InHAUS\u00a0 d\u00e9livre des projets de maisons &#8220;cl\u00e9 en main&#8221; sur tout le territoire espagnol et les \u00eeles Bal\u00e9ares. Son laboratoire est situ\u00e9e \u00e0 Valence en Espagne, il regroupe \u00e0 la fois les dessinateurs, les commerciaux et l&#8217;usine de fabrication des maisons. &nbsp; [\/vc_column_text][\/vc_column_inner][vc_column_inner width=&#8221;1\/4&#8243;][vc_single_image image=&#8221;25054&#8243;][vc_column_text] &nbsp; [\/vc_column_text][vc_single_image image=&#8221;25442&#8243;][\/vc_column_inner][vc_column_inner width=&#8221;1\/4&#8243;][vc_single_image image=&#8221;25079&#8243;][vc_single_image image=&#8221;25446&#8243;][vc_single_image image=&#8221;25088&#8243;][\/vc_column_inner][vc_column_inner width=&#8221;1\/4&#8243;][vc_single_image image=&#8221;25061&#8243;][vc_single_image image=&#8221;25081&#8243;][\/vc_column_inner][\/vc_row_inner][vc_row_inner][vc_column_inner width=&#8221;1\/2&#8243;][vc_single_image image=&#8221;25064&#8243;][\/vc_column_inner][vc_column_inner...Read More\" \/>\n<meta property=\"og:url\" content=\"https:\/\/casasinhaus.com\/fr\/qui-sommes-nous\/\" \/>\n<meta property=\"og:site_name\" content=\"inHAUS\" \/>\n<meta property=\"article:publisher\" content=\"https:\/\/www.facebook.com\/casasmodularesinhaus\" \/>\n<meta property=\"article:modified_time\" content=\"2018-08-19T20:20:42+00:00\" \/>\n<meta name=\"twitter:card\" content=\"summary\" \/>\n<meta name=\"twitter:creator\" content=\"@casasinhaus\" \/>\n<meta name=\"twitter:site\" content=\"@casasinhaus\" \/>\n<script type=\"application\/ld+json\" class=\"yoast-schema-graph\">{\"@context\":\"https:\/\/schema.org\",\"@graph\":[{\"@type\":\"WebSite\",\"@id\":\"https:\/\/casasinhaus.com\/fr\/#website\",\"url\":\"https:\/\/casasinhaus.com\/fr\/\",\"name\":\"inHAUS\",\"description\":\"construcci\\u00f3n de casas de dise\\u00f1o moderno modular, prefabricado y de obra.\",\"potentialAction\":[{\"@type\":\"SearchAction\",\"target\":\"https:\/\/casasinhaus.com\/fr\/?s={search_term_string}\",\"query-input\":\"required name=search_term_string\"}],\"inLanguage\":\"fr-FR\"},{\"@type\":\"WebPage\",\"@id\":\"https:\/\/casasinhaus.com\/fr\/qui-sommes-nous\/#webpage\",\"url\":\"https:\/\/casasinhaus.com\/fr\/qui-sommes-nous\/\",\"name\":\"Notre \\u00e9quipe - inHAUS\",\"isPartOf\":{\"@id\":\"https:\/\/casasinhaus.com\/fr\/#website\"},\"datePublished\":\"2018-04-11T11:28:20+00:00\",\"dateModified\":\"2018-08-19T20:20:42+00:00\",\"inLanguage\":\"fr-FR\",\"potentialAction\":[{\"@type\":\"ReadAction\",\"target\":[\"https:\/\/casasinhaus.com\/fr\/qui-sommes-nous\/\"]}]}]}<\/script>\n<!-- \/ Yoast SEO plugin. -->","_links":{"self":[{"href":"https:\/\/casasinhaus.com\/fr\/wp-json\/wp\/v2\/pages\/24897"}],"collection":[{"href":"https:\/\/casasinhaus.com\/fr\/wp-json\/wp\/v2\/pages"}],"about":[{"href":"https:\/\/casasinhaus.com\/fr\/wp-json\/wp\/v2\/types\/page"}],"author":[{"embeddable":true,"href":"https:\/\/casasinhaus.com\/fr\/wp-json\/wp\/v2\/users\/27549"}],"replies":[{"embeddable":true,"href":"https:\/\/casasinhaus.com\/fr\/wp-json\/wp\/v2\/comments?post=24897"}],"version-history":[{"count":6,"href":"https:\/\/casasinhaus.com\/fr\/wp-json\/wp\/v2\/pages\/24897\/revisions"}],"predecessor-version":[{"id":26304,"href":"https:\/\/casasinhaus.com\/fr\/wp-json\/wp\/v2\/pages\/24897\/revisions\/26304"}],"wp:attachment":[{"href":"https:\/\/casasinhaus.com\/fr\/wp-json\/wp\/v2\/media?parent=24897"}],"curies":[{"name":"wp","href":"https:\/\/api.w.org\/{rel}","templated":true}]}}