{"id":24916,"date":"2018-07-31T11:15:30","date_gmt":"2018-07-31T10:15:30","guid":{"rendered":"https:\/\/casasinhaus.com\/?page_id=24916"},"modified":"2023-07-19T14:10:10","modified_gmt":"2023-07-19T12:10:10","slug":"one-day-project","status":"publish","type":"page","link":"https:\/\/casasinhaus.com\/fr\/one-day-project\/","title":{"rendered":"One day project"},"content":{"rendered":"[vc_row visibility=&#8221;hidden-phone&#8221;][vc_column][layerslider_vc id=&#8221;65&#8243;][\/vc_column][\/vc_row][vc_row visibility=&#8221;visible-phone&#8221;][vc_column][layerslider_vc id=&#8221;64&#8243;][\/vc_column][\/vc_row][vc_row inner_container=&#8221;true&#8221;][vc_column][vc_separator color=&#8221;&#8221; thickness=&#8221;0&#8243; space_before=&#8221;15&#8243; space_after=&#8221;15&#8243;][vc_tta_tabs active_section=&#8221;1&#8243;][vc_tta_section title=&#8221;En quoi cela consiste&#8221; tab_id=&#8221;en-que-consiste&#8221;][vc_row_inner][vc_column_inner width=&#8221;2\/3&#8243;][vc_single_image image=&#8221;12969&#8243; custom_style=&#8221;margin-top: 15px;&#8221;][\/vc_column_inner][vc_column_inner width=&#8221;1\/3&#8243;][vc_column_text]\n<p style=\"text-align: right;\"><strong><span style=\"font-size: 36pt;\">One Day<\/span><\/strong><\/p>\n<p>\u2018One Day Project\u2019 est la r\u00e9ponse de inHAUS au rythme de vie urbain intense, parfois m\u00eame acc\u00e9l\u00e9r\u00e9, qui nous oblige \u00e0 \u00eatre efficace dans tous les domaines \u00e0 la fois : famille, travail, amis, loisirs \u2026.<\/p>\n<p>L\u2019architecture inHAUS pr\u00e9tend donner une r\u00e9ponse logique et fonctionnelle \u00e0 ce rythme de vie. Nous donnons aux espaces de la qualit\u00e9 \u00e0 travers leur polyvalence et leur design minimaliste.<\/p>\n[\/vc_column_text][\/vc_column_inner][\/vc_row_inner][vc_separator color=&#8221;&#8221; thickness=&#8221;0&#8243; space_before=&#8221;30&#8243; space_after=&#8221;30&#8243;][vc_row_inner][vc_column_inner width=&#8221;2\/3&#8243;][vc_column_text]\n<p style=\"text-align: left;\"><strong><span style=\"font-size: 36pt;\">Project<\/span><\/strong><\/p>\n<p>Votre temps est pr\u00e9cieux, c\u2019est de l\u00e0 qu\u2019est n\u00e9e la phylosophie \u00b4one day project\u00b4. Nous vous invitons une journ\u00e9e avec un programme complet, exclusif et intense. Te invitamos a una jornada de trabajo con un programa completo, exclusivo e intensivo para los proyectos m\u00e1s interesantes de vivienda. En 24 heures vous pourrez visualiser votre projet de maison personnalis\u00e9. podr\u00e1s ver tu proyecto de vivienda personalizado.<\/p>\n<p>Une fois par mois nous organisons une journ\u00e9e \u00b4one day project\u00b4 mettant sur place une \u00e9quipe de 4 architectes (g\u00e9rant, directeur, concept et de d\u00e9veloppement), un technicien et un architecte d\u2019int\u00e9rieur, tous experts en design et architecture, et qualifi\u00e9s pour trouver une solution graphique \u00e0 votre projet de maison en un jour, un seul.<\/p>\n<p>&nbsp;<\/p>\n<p style=\"text-align: right;\">[\/vc_column_text][\/vc_column_inner][vc_column_inner width=&#8221;1\/3&#8243;][vc_single_image image=&#8221;12964&#8243; custom_style=&#8221;margin-top: 15px;&#8221;][\/vc_column_inner][\/vc_row_inner][vc_separator color=&#8221;&#8221; thickness=&#8221;0&#8243; space_before=&#8221;30&#8243; space_after=&#8221;30&#8243;][vc_column_text]\n<p style=\"text-align: right;\"><span style=\"font-size: 36pt;\"><strong>En 24 heures, la maison de vos r\u00eaves<\/strong><\/span><\/p>\n<p style=\"text-align: right;\">Vous nous renseignez sur vos besoins, votre budget, votre terrain et votre style.<br \/>\nNous nous chargeons de r\u00e9aliser le projet qui y r\u00e9pond parfaitement gr\u00e2ce \u00e0 notre \u00e9quipe qualifi\u00e9e.<\/p>\n[\/vc_column_text][vc_single_image image=&#8221;12928&#8243; visibility=&#8221;hidden-phone&#8221;][vc_single_image image=&#8221;12957&#8243; visibility=&#8221;visible-phone&#8221;][vc_separator color=&#8221;&#8221; thickness=&#8221;0&#8243; space_before=&#8221;30&#8243; space_after=&#8221;30&#8243;][vc_row_inner][vc_column_inner width=&#8221;1\/6&#8243; visibility=&#8221;visible-pc&#8221;][\/vc_column_inner][vc_column_inner width=&#8221;4\/6&#8243;][vc_column_text]\n<p style=\"text-align: center; border: 1px solid; padding: 15px 15px 25px 15px; width: 300px; margin: auto;\"><span style=\"font-size: 36pt;\">MADE IN<\/span><br \/>\n<span style=\"font-size: 57pt; margin-top: -15px !important; line-height: 45px;\">SPAIN<\/span><\/p>\n[\/vc_column_text][vc_separator color=&#8221;&#8221; thickness=&#8221;0&#8243; space_before=&#8221;15&#8243; space_after=&#8221;15&#8243;][vc_column_text]\n<p>Toutes les maisons inHAUS sont fabriqu\u00e9es \u00e0 100% dans le d\u00e9partement de Valencia, tous les contr\u00f4les qualit\u00e9 exig\u00e9s sont effectu\u00e9s au sein de l\u2019usine. Les maisons sortent de l\u2019usine compl\u00e8tement achev\u00e9es et test\u00e9es, pr\u00eates pour y vivre.<\/p>\n[\/vc_column_text][\/vc_column_inner][vc_column_inner width=&#8221;1\/6&#8243; visibility=&#8221;visible-pc&#8221;][\/vc_column_inner][\/vc_row_inner][\/vc_tta_section][vc_tta_section title=&#8221;Programme du jour&#8221; tab_id=&#8221;timing&#8221;][vc_separator color=&#8221;&#8221; thickness=&#8221;0&#8243;][vc_column_text]\n<div class=\"criterios_timing\" style=\"text-align: center;\">\n<p class=\"criterios_title_timing\" style=\"text-align: center;\">Bienvenue dans notre monde &#8216;One Day Project&#8217;<\/p>\n<p style=\"text-align: center;\"><em>Si votre projet a \u00e9t\u00e9 choisi, venez profitez gratuitement d&#8217;une exp\u00e9rience unique.<\/em><\/p>\n<p>&nbsp;<\/p>\n<p style=\"text-align: center;\"><strong>&#8211; MARDI &#8211;<br \/>\n<\/strong><\/p>\n<p style=\"text-align: center;\">20.00 \u2013 Check-in \u00e0 l&#8217;h\u00f4tel Vincci Mercat Valencia + un Pack inHAUS de bienvenue.<\/p>\n<p style=\"text-align: center;\">20.30 \u2013 D\u00eener \u00e0 l&#8217;h\u00f4tel Vincci Mercat. Pr\u00e9sentations et premiers \u00e9changes.<\/p>\n<p style=\"text-align: center;\"><strong><br \/>\n&#8211; MERCREDI &#8211;<br \/>\n<\/strong><\/p>\n<p style=\"text-align: center;\">8.30 \u2013 Petit d\u00e9jeuner tous ensemble \u00e0 l&#8217;h\u00f4tel Vincci Valencia.<\/p>\n<p style=\"text-align: center;\">9.00 &#8211;\u00a0 R\u00e9union dans nos locaux \u00e0 Valence.\u00a0 Table ronde, \u00e9changes d&#8217;id\u00e9es sur votre projet, d\u00e9bat avec nos architectes.<\/p>\n<p style=\"text-align: center;\">10.00 \u2013 Pause<\/p>\n<p style=\"text-align: center;\">11.00 \u2013 R\u00e9union dans nos bureaux. Pr\u00e9sentation d&#8217;une seconde option de projet sur votre parcelle et d\u00e9bat.<\/p>\n<p style=\"text-align: center;\">13.30 \u2013 D\u00e9jeuner<\/p>\n<p style=\"text-align: center;\">15.00 \u2013 Pr\u00e9sentation d&#8217;une troisi\u00e8me option de projet, et d\u00e9bat.<\/p>\n<p style=\"text-align: center;\">17.00 \u2013 Visite de l&#8217;usine et des proc\u00e9d\u00e9s de construction dans notre laboratoire inHAUS-LAB.<\/p>\n<p style=\"text-align: center;\">19.00 \u2013 R\u00e9union dans l&#8217;usine inHAUS-LAB.\u00a0 Derni\u00e8re pr\u00e9sentation du projet qui aura \u00e9volu\u00e9 tout au long de la journ\u00e9e.<\/p>\n<p style=\"text-align: center;\"><strong><br \/>\n&#8211; VENDREDI &#8211;<\/strong><\/p>\n<p style=\"text-align: center; margin-bottom: 35px;\">Envoi par mail de la proposition chiffr\u00e9e du projet final avec les plans ctualis\u00e9s.<\/p>\n<\/div>\n[\/vc_column_text][\/vc_tta_section][vc_tta_section title=&#8221;\u00c0 qui il est adress\u00e9&#8221; tab_id=&#8221;a-quien-va-dirigido&#8221;][vc_column_text]\n<p style=\"text-align: center;\"><span style=\"font-size: 18pt;\">EXIGENCES DU PARTICIPANT &#8220;ONE DAY PROJECT&#8221;<br \/>\n<\/span><\/p>\n[\/vc_column_text][vc_separator color=&#8221;&#8221; thickness=&#8221;0&#8243; space_before=&#8221;5&#8243; space_after=&#8221;5&#8243;][vc_row_inner][vc_column_inner width=&#8221;1\/4&#8243;][vc_column_text]<img loading=\"lazy\" class=\"aligncenter wp-image-12877 size-full\" src=\"http:\/\/casasinhaus.com\/wp-content\/uploads\/2017\/03\/velocidad-one-day.png\" alt=\"\" width=\"91\" height=\"91\" srcset=\"https:\/\/casasinhaus.com\/wp-content\/uploads\/2017\/03\/velocidad-one-day.png 512w, https:\/\/casasinhaus.com\/wp-content\/uploads\/2017\/03\/velocidad-one-day-150x150.png 150w, https:\/\/casasinhaus.com\/wp-content\/uploads\/2017\/03\/velocidad-one-day-300x300.png 300w\" sizes=\"(max-width: 91px) 100vw, 91px\" \/><\/p>\n<p style=\"text-align: center; font-size: 18px; color: #13a58d; border: 2px solid; padding: 0 15px; font-weight: bold;\">RAPIDIT\u00c9<\/p>\n<p style=\"text-align: center;\"><strong>Je voudrais ma maison, l\u00e0, tout de suite<br \/>\n<\/strong><\/p>\n<p style=\"text-align: center;\">Vous d\u00e9sirez avoir votre maison modulaire avec le design inHAUS durant les prochains 6 &#8211; 9 mois.<\/p>\n[\/vc_column_text][\/vc_column_inner][vc_column_inner width=&#8221;1\/4&#8243;][vc_column_text]<img loading=\"lazy\" class=\"aligncenter size-full wp-image-12881\" src=\"http:\/\/casasinhaus.com\/wp-content\/uploads\/2017\/03\/coins.png\" alt=\"\" width=\"91\" height=\"91\" srcset=\"https:\/\/casasinhaus.com\/wp-content\/uploads\/2017\/03\/coins.png 512w, https:\/\/casasinhaus.com\/wp-content\/uploads\/2017\/03\/coins-150x150.png 150w, https:\/\/casasinhaus.com\/wp-content\/uploads\/2017\/03\/coins-300x300.png 300w\" sizes=\"(max-width: 91px) 100vw, 91px\" \/><\/p>\n<p style=\"text-align: center; font-size: 18px; color: #13a58d; border: 2px solid; padding: 0 15px; font-weight: bold;\">PRIX<\/p>\n<p style=\"text-align: center;\"><strong>Budget sup\u00e9rieur \u00e0 400.000\u20ac<\/strong><\/p>\n<p style=\"text-align: center;\">Vous disposez d&#8217;une capacit\u00e9 d&#8217;investissement d&#8217;au moins 400.000\u20ac pour votre maison, conception et chantier,\u00a0 absolument<\/p>\n<p>&nbsp;<\/p>\n<p>&nbsp;<\/p>\n<p style=\"text-align: center;\">tout compris.<\/p>\n[\/vc_column_text][\/vc_column_inner][vc_column_inner width=&#8221;1\/4&#8243;][vc_column_text]<img loading=\"lazy\" class=\"aligncenter size-full wp-image-12882\" src=\"http:\/\/casasinhaus.com\/wp-content\/uploads\/2017\/03\/premium-badge.png\" alt=\"\" width=\"91\" height=\"91\" srcset=\"https:\/\/casasinhaus.com\/wp-content\/uploads\/2017\/03\/premium-badge.png 512w, https:\/\/casasinhaus.com\/wp-content\/uploads\/2017\/03\/premium-badge-150x150.png 150w, https:\/\/casasinhaus.com\/wp-content\/uploads\/2017\/03\/premium-badge-300x300.png 300w\" sizes=\"(max-width: 91px) 100vw, 91px\" \/><\/p>\n<p style=\"text-align: center; font-size: 18px; color: #13a58d; border: 2px solid; padding: 0 15px; font-weight: bold;\">QUALIT\u00c9<\/p>\n<p style=\"text-align: center;\"><strong>SERVICE INTEGRAL<br \/>\n<\/strong><\/p>\n<p style=\"text-align: center;\">Rencontrez cette exp\u00e9rience unique, efficace et simple qui g\u00e8re votre construction de maison \u00e0 100% equip\u00e9e : mobilier int\u00e9rieur, \u00e9quipement cuisine et salle de bain, paysage, piscine, cl\u00f4ture etc. Tout est \u00e0 la charge de Casas inHAUS.<\/p>\n[\/vc_column_text][\/vc_column_inner][vc_column_inner width=&#8221;1\/4&#8243;][vc_column_text]<img loading=\"lazy\" class=\"aligncenter size-full wp-image-12883\" src=\"http:\/\/casasinhaus.com\/wp-content\/uploads\/2017\/03\/map-location.png\" alt=\"\" width=\"91\" height=\"91\" srcset=\"https:\/\/casasinhaus.com\/wp-content\/uploads\/2017\/03\/map-location.png 512w, https:\/\/casasinhaus.com\/wp-content\/uploads\/2017\/03\/map-location-150x150.png 150w, https:\/\/casasinhaus.com\/wp-content\/uploads\/2017\/03\/map-location-300x300.png 300w\" sizes=\"(max-width: 91px) 100vw, 91px\" \/><\/p>\n<p style=\"text-align: center; font-size: 18px; color: #13a58d; border: 2px solid; padding: 0 15px; font-weight: bold;\">PARCELLE<\/p>\n<p style=\"text-align: center;\"><strong>JE DISPOSE D&#8217;UN TERRAIN<br \/>\n<\/strong><\/p>\n<p style=\"text-align: center;\">Vous avez d\u00e9j\u00e0 un terrain sur lequel vous souhaitez implanter ue maison.<\/p>\n[\/vc_column_text][\/vc_column_inner][\/vc_row_inner][vc_separator color=&#8221;&#8221; thickness=&#8221;0&#8243; space_before=&#8221;30&#8243; space_after=&#8221;30&#8243;][vc_column_text]\n<p style=\"text-align: center;\"><span style=\"font-size: 18pt;\"><strong>&#8211; NOUS VOUS INVITONS \u00c0 VIVRE UN MOMENT FORT AVEC INHAUS &#8211;<br \/>\n<\/strong><\/span><\/p>\n<p style=\"text-align: center;\">&#8220;One Day Project&#8221; a \u00e9t\u00e9 con\u00e7u pour ceux qui souhaitent un design tr\u00e8s moderne et un plan de maison sur mesure, en un temps record.<\/p>\n<p style=\"text-align: center;\">Nous s\u00e9lectionnons, parmi tous les inscrits, les projets d&#8217;architecture les plus int\u00e9ressants.<\/p>\n[\/vc_column_text][vc_separator color=&#8221;&#8221; thickness=&#8221;0&#8243; space_before=&#8221;30&#8243; space_after=&#8221;30&#8243;][vc_column_text]\n<div class=\"criterios\">\n<p class=\"criterios_title\" style=\"text-align: center;\"><strong>LES CRIT\u00c8RES DE S\u00c9LECTION :<\/strong><\/p>\n<p style=\"text-align: center;\"><span style=\"font-size: 14pt;\"><em>Nous fabriquons nos projets de mani\u00e8re assez exclusive et sp\u00e9cifique, c&#8217;est pour cela qu&#8217; inHAUS a cr\u00e9\u00e9 l&#8217;exp\u00e9rience du \u00b4One Day Project\u00b4. L&#8217;objectif est d&#8217;offrir un service exclusif aux meilleurs projets qui pr\u00e9sentent leur candidature. Racontez-nous vos intentions, votre projet, votre programmes, toutes vos n\u00e9cessit\u00e9es et en 24h nous vous dessinerons la maison de vos r\u00eaves.<\/em><\/span><\/p>\n<p style=\"text-align: center;\"><strong><br \/>\n&#8211; EXCELLENCE &#8211;<\/strong><\/p>\n<p style=\"text-align: center;\"><span style=\"font-size: 14pt;\">Nous s\u00e9lectionnons de grands terrains, soient \u00e0 partir de 800m\u00b2, dans toute l&#8217;Espagne et en France, pour r\u00e9aliser des maisons haut de gamme, spacieuse et \u00e0 l&#8217;esth\u00e9tique ext\u00e9rieure contemporaine, pure et minimaliste.\u00a0<\/span><\/p>\n<p style=\"text-align: center;\"><strong><br \/>\n&#8211; FLEXIBILIT\u00c9 &#8211;<br \/>\n<\/strong><\/p>\n<p style=\"text-align: center;\"><span style=\"font-size: 14pt;\">Nous choisissons soigneusement la parcelle sur laquelle nous allons travailler. Pour pouvoir travailler avec un large \u00e9ventail d&#8217;options, il est tr\u00e8s important de conna\u00eetre les conditions du terrain. Il est essentiel qu\u2019il soit constructible. Plus la parcelle est grande et plane, plus le projet de la maison pourra \u00eatre flexible.<\/span><\/p>\n<p style=\"text-align: center;\"><strong><br \/>\n&#8211; PERSONNALIT\u00c9 &#8211;<br \/>\n<\/strong><\/p>\n<p style=\"text-align: center;\"><span style=\"font-size: 14pt;\">Si vous appr\u00e9ciez la qualit\u00e9 de l&#8217;espace v\u00e9cu, la flexibilit\u00e9, que vous aimez le design sans pour autant n\u00e9gliger la fonction et que vous vous passionnez pour le d\u00e9tail &#8230; c&#8217;est le bon endroit. Nous sommes sp\u00e9cialis\u00e9s dans la cr\u00e9ation de &#8220;maisons sur mesure&#8221; \u00e0 partir de 200-250m\u00b2.<\/span><\/p>\n<\/div>\n[\/vc_column_text][\/vc_tta_section][vc_tta_section title=&#8221;Inscription et prix&#8221; tab_id=&#8221;inscripcion&#8221;][vc_column_text]\n<p style=\"text-align: center; border: 1px solid; padding: 25px 15px 25px 15px; width: 300px; margin: auto;\"><span style=\"font-size: 57pt; margin-top: -15px !important;\"><img loading=\"lazy\" class=\"aligncenter wp-image-12933\" src=\"http:\/\/casasinhaus.com\/wp-content\/uploads\/2017\/03\/euro-coin.png\" alt=\"\" width=\"108\" height=\"108\" srcset=\"https:\/\/casasinhaus.com\/wp-content\/uploads\/2017\/03\/euro-coin.png 512w, https:\/\/casasinhaus.com\/wp-content\/uploads\/2017\/03\/euro-coin-150x150.png 150w, https:\/\/casasinhaus.com\/wp-content\/uploads\/2017\/03\/euro-coin-300x300.png 300w\" sizes=\"(max-width: 108px) 100vw, 108px\" \/>GRATIS<\/span><\/p>\n<p style=\"padding-bottom: 40px; margin-top: 15px; text-align: center;\"><strong>Pour nous, le co\u00fbt d&#8217;une session &#8220;One Day Project&#8221;\u00a0est de<\/strong><br \/>\n<strong> 3.500\u20ac<\/strong><br \/>\nIl comprend les cinq propositions et \/ ou modifications du projet,<br \/>\ntous les techniciens \u00e0 votre disposition pendant les 24 heures du programme,<br \/>\nles repas, l&#8217;h\u00e9bergement et les d\u00e9placements internes \u00e0 Valence.<\/p>\n<div style=\"text-align: center; border: 1px solid; padding: 15px 20px;\"><strong>LE PROGRAMME\u00a0 &#8220;One Day Project&#8221; EST TOTALEMENT GRATUIT ET R\u00c9ALISE UN PROJET PAR MOIS.<\/strong><\/div>\n<hr style=\"backgroud-color: #008b92;\" \/>\n[\/vc_column_text][vc_separator color=&#8221;&#8221; thickness=&#8221;0&#8243; space_before=&#8221;30&#8243; space_after=&#8221;30&#8243;][vc_column_text]\n<section class=\"lmt__side_container lmt__side_container--target\" data-testid=\"translator-target\" aria-labelledby=\"translation-results-heading\">\n<div class=\"lmt__textarea_container\">\n<div class=\"lmt__inner_textarea_container\" title=\"Haz clic en una palabra para mostrar traducciones alternativas\">\n<div tabindex=\"0\" role=\"textbox\" contenteditable=\"true\" aria-multiline=\"true\" data-content=\"true\" aria-disabled=\"false\" aria-labelledby=\"translation-results-heading\" aria-placeholder=\"\">\n<h1 style=\"text-align: center;\"><span class=\"--l --r sentence_highlight\">REMPLIR LE FORMULAIRE SUIVANT POUR S&#8217;INSCRIRE :<\/span><\/h1>\n<\/div>\n<\/div>\n<\/div>\n<div class=\"newPopup\"><\/div>\n<div class=\"lmt__formalitySwitch_ad_container_desktop\"><\/div>\n<div id=\"targetHighlightTooltipPortal\"><\/div>\n<div class=\"lmt__formalitySwitch_feedback_container\"><\/div>\n<\/section>\n[\/vc_column_text][vc_raw_html]JTNDZGl2JTIwZGF0YS10Zi13aWRnZXQlM0QlMjJibG5IeDZwVCUyMiUyMGRhdGEtdGYtb3BhY2l0eSUzRCUyMjEwMCUyMiUyMGRhdGEtdGYtaWZyYW1lLXByb3BzJTNEJTIydGl0bGUlM0RGb3JtdWxhcmlvJTIwT25lJTIwRGF5JTIwUHJvamVjdCUyMEZSJTIyJTIwZGF0YS10Zi10cmFuc2l0aXZlLXNlYXJjaC1wYXJhbXMlMjBkYXRhLXRmLW1lZGl1bSUzRCUyMnNuaXBwZXQlMjIlMjBzdHlsZSUzRCUyMndpZHRoJTNBMTAwJTI1JTNCaGVpZ2h0JTNBNTAwcHglM0IlMjIlM0UlM0MlMkZkaXYlM0UlM0NzY3JpcHQlMjBzcmMlM0QlMjIlMkYlMkZlbWJlZC50eXBlZm9ybS5jb20lMkZuZXh0JTJGZW1iZWQuanMlMjIlM0UlM0MlMkZzY3JpcHQlM0U=[\/vc_raw_html][vc_column_text]\n<hr \/>\n[\/vc_column_text][\/vc_tta_section][\/vc_tta_tabs][\/vc_column][\/vc_row]\n","protected":false},"excerpt":{"rendered":"<p>[vc_row visibility=&#8221;hidden-phone&#8221;][vc_column][layerslider_vc id=&#8221;65&#8243;][\/vc_column][\/vc_row][vc_row visibility=&#8221;visible-phone&#8221;][vc_column][layerslider_vc id=&#8221;64&#8243;][\/vc_column][\/vc_row][vc_row inner_container=&#8221;true&#8221;][vc_column][vc_separator color=&#8221;&#8221; thickness=&#8221;0&#8243; space_before=&#8221;15&#8243; space_after=&#8221;15&#8243;][vc_tta_tabs active_section=&#8221;1&#8243;][vc_tta_section title=&#8221;En quoi cela consiste&#8221; tab_id=&#8221;en-que-consiste&#8221;][vc_row_inner][vc_column_inner width=&#8221;2\/3&#8243;][vc_single_image image=&#8221;12969&#8243; custom_style=&#8221;margin-top: 15px;&#8221;][\/vc_column_inner][vc_column_inner width=&#8221;1\/3&#8243;][vc_column_text] One Day \u2018One Day Project\u2019 est la r\u00e9ponse de inHAUS au rythme de vie urbain intense, parfois m\u00eame acc\u00e9l\u00e9r\u00e9, qui nous oblige \u00e0 \u00eatre efficace dans tous les domaines \u00e0 la fois : famille, travail, amis, loisirs \u2026. L\u2019architecture&#8230;<\/p>\n<div><a href=\"https:\/\/casasinhaus.com\/fr\/one-day-project\/\" class=\"read-more\">Read More <i class=\"fa fa-arrow-right\"><\/i><\/a><\/div>\n","protected":false},"author":27549,"featured_media":0,"parent":0,"menu_order":784,"comment_status":"closed","ping_status":"closed","template":"page-full-width.php","meta":[],"yoast_head":"<!-- This site is optimized with the Yoast SEO plugin v15.1.1 - https:\/\/yoast.com\/wordpress\/plugins\/seo\/ -->\n<meta name=\"robots\" content=\"index, follow, max-snippet:-1, max-image-preview:large, max-video-preview:-1\" \/>\n<link rel=\"canonical\" href=\"https:\/\/casasinhaus.com\/fr\/one-day-project\/\" \/>\n<meta property=\"og:locale\" content=\"fr_FR\" \/>\n<meta property=\"og:type\" content=\"article\" \/>\n<meta property=\"og:title\" content=\"One day project - inHAUS\" \/>\n<meta property=\"og:description\" content=\"[vc_row visibility=&#8221;hidden-phone&#8221;][vc_column][layerslider_vc id=&#8221;65&#8243;][\/vc_column][\/vc_row][vc_row visibility=&#8221;visible-phone&#8221;][vc_column][layerslider_vc id=&#8221;64&#8243;][\/vc_column][\/vc_row][vc_row inner_container=&#8221;true&#8221;][vc_column][vc_separator color=&#8221;&#8221; thickness=&#8221;0&#8243; space_before=&#8221;15&#8243; space_after=&#8221;15&#8243;][vc_tta_tabs active_section=&#8221;1&#8243;][vc_tta_section title=&#8221;En quoi cela consiste&#8221; tab_id=&#8221;en-que-consiste&#8221;][vc_row_inner][vc_column_inner width=&#8221;2\/3&#8243;][vc_single_image image=&#8221;12969&#8243; custom_style=&#8221;margin-top: 15px;&#8221;][\/vc_column_inner][vc_column_inner width=&#8221;1\/3&#8243;][vc_column_text] One Day \u2018One Day Project\u2019 est la r\u00e9ponse de inHAUS au rythme de vie urbain intense, parfois m\u00eame acc\u00e9l\u00e9r\u00e9, qui nous oblige \u00e0 \u00eatre efficace dans tous les domaines \u00e0 la fois : famille, travail, amis, loisirs \u2026. L\u2019architecture...Read More\" \/>\n<meta property=\"og:url\" content=\"https:\/\/casasinhaus.com\/fr\/one-day-project\/\" \/>\n<meta property=\"og:site_name\" content=\"inHAUS\" \/>\n<meta property=\"article:publisher\" content=\"https:\/\/www.facebook.com\/casasmodularesinhaus\" \/>\n<meta property=\"article:modified_time\" content=\"2023-07-19T12:10:10+00:00\" \/>\n<meta property=\"og:image\" content=\"http:\/\/casasinhaus.com\/wp-content\/uploads\/2017\/03\/velocidad-one-day.png\" \/>\n<meta name=\"twitter:card\" content=\"summary\" \/>\n<meta name=\"twitter:creator\" content=\"@casasinhaus\" \/>\n<meta name=\"twitter:site\" content=\"@casasinhaus\" \/>\n<script type=\"application\/ld+json\" class=\"yoast-schema-graph\">{\"@context\":\"https:\/\/schema.org\",\"@graph\":[{\"@type\":\"WebSite\",\"@id\":\"https:\/\/casasinhaus.com\/fr\/#website\",\"url\":\"https:\/\/casasinhaus.com\/fr\/\",\"name\":\"inHAUS\",\"description\":\"construcci\\u00f3n de casas de dise\\u00f1o moderno modular, prefabricado y de obra.\",\"potentialAction\":[{\"@type\":\"SearchAction\",\"target\":\"https:\/\/casasinhaus.com\/fr\/?s={search_term_string}\",\"query-input\":\"required name=search_term_string\"}],\"inLanguage\":\"fr-FR\"},{\"@type\":\"ImageObject\",\"@id\":\"https:\/\/casasinhaus.com\/fr\/one-day-project\/#primaryimage\",\"inLanguage\":\"fr-FR\",\"url\":\"http:\/\/casasinhaus.com\/wp-content\/uploads\/2017\/03\/velocidad-one-day.png\"},{\"@type\":\"WebPage\",\"@id\":\"https:\/\/casasinhaus.com\/fr\/one-day-project\/#webpage\",\"url\":\"https:\/\/casasinhaus.com\/fr\/one-day-project\/\",\"name\":\"One day project - inHAUS\",\"isPartOf\":{\"@id\":\"https:\/\/casasinhaus.com\/fr\/#website\"},\"primaryImageOfPage\":{\"@id\":\"https:\/\/casasinhaus.com\/fr\/one-day-project\/#primaryimage\"},\"datePublished\":\"2018-07-31T10:15:30+00:00\",\"dateModified\":\"2023-07-19T12:10:10+00:00\",\"inLanguage\":\"fr-FR\",\"potentialAction\":[{\"@type\":\"ReadAction\",\"target\":[\"https:\/\/casasinhaus.com\/fr\/one-day-project\/\"]}]}]}<\/script>\n<!-- \/ Yoast SEO plugin. -->","_links":{"self":[{"href":"https:\/\/casasinhaus.com\/fr\/wp-json\/wp\/v2\/pages\/24916"}],"collection":[{"href":"https:\/\/casasinhaus.com\/fr\/wp-json\/wp\/v2\/pages"}],"about":[{"href":"https:\/\/casasinhaus.com\/fr\/wp-json\/wp\/v2\/types\/page"}],"author":[{"embeddable":true,"href":"https:\/\/casasinhaus.com\/fr\/wp-json\/wp\/v2\/users\/27549"}],"replies":[{"embeddable":true,"href":"https:\/\/casasinhaus.com\/fr\/wp-json\/wp\/v2\/comments?post=24916"}],"version-history":[{"count":13,"href":"https:\/\/casasinhaus.com\/fr\/wp-json\/wp\/v2\/pages\/24916\/revisions"}],"predecessor-version":[{"id":60568,"href":"https:\/\/casasinhaus.com\/fr\/wp-json\/wp\/v2\/pages\/24916\/revisions\/60568"}],"wp:attachment":[{"href":"https:\/\/casasinhaus.com\/fr\/wp-json\/wp\/v2\/media?parent=24916"}],"curies":[{"name":"wp","href":"https:\/\/api.w.org\/{rel}","templated":true}]}}