{"id":24972,"date":"2018-04-12T09:04:34","date_gmt":"2018-04-12T08:04:34","guid":{"rendered":"https:\/\/casasinhaus.com\/?page_id=24972"},"modified":"2023-07-19T13:39:52","modified_gmt":"2023-07-19T11:39:52","slug":"maisons-modulaires-sur-mesure-inhaus-on-demand","status":"publish","type":"page","link":"https:\/\/casasinhaus.com\/fr\/maisons-modulaires-sur-mesure-inhaus-on-demand\/","title":{"rendered":"Option : maison sur mesure"},"content":{"rendered":"[vc_row][vc_column width=&#8221;1\/3&#8243;][vc_single_image image=&#8221;14831&#8243;][\/vc_column][vc_column width=&#8221;2\/3&#8243;]<hr  class=\"noo-gap hidden-xs\" >[vc_column_text]Chez Casas inHAUS nous avons conscience que chaque client est unique et que beaucoup d&#8217;entres vous souhaiteraient profiter d&#8217;un design exclusif. En ce sens, dans notre entreprise vous n&#8217;avez pas seulement le choix entre 111 mod\u00e8les de maisons pr\u00e9-dessin\u00e9es, nous vous donnons aussi la possibilit\u00e9 de dessiner votre propre mod\u00e8le de maison.<\/p>\n<p>La diff\u00e9rence entre le choix d&#8217;une maison sur mesure ou de celle figurant sur notre catalogue, c&#8217;est que le prix de cette derni\u00e8re est connu par avance contrairement \u00e0 l&#8217;autre qui n\u00e9cessite des \u00e9tudes pr\u00e9alables.<\/p>\n<p>Nous vous mettons en lien avec notre d\u00e9partement Cr\u00e9ation, vous exprimerez vos besoins, vos envies et nos architectes dessinerons avec vous les plans de votre maison, d\u00e8s lors que vous aurez rempli un formulaire d\u00e9crivant vos intentions, qui sera rapidement transmis \u00e0 nos collaborateurs techniques, afin de d\u00e9marrer le processus de fabrication de votre maison\u00a0<strong>inHAUS On Demand<\/strong>.<\/p>\n[\/vc_column_text][\/vc_column][\/vc_row][vc_row][vc_column]<hr  class=\"noo-gap\" >[vc_column_text]En cliquant sur le bouton suivant vous pourrez t\u00e9l\u00e9charger le questionnaire de faisabilit\u00e9 et de besoins sur demande pour \u00eatre en mesure de faire la maison compl\u00e8tement \u00e0 vos besoins.[\/vc_column_text][vc_button title=&#8221;Remplir le questionnaire en ligne&#8221; href=&#8221;https:\/\/casasinhaus.com\/fr\/cuestionario-programa-de-necesidades-casa-modular-a-medida-inhaus-on-demand&#8221;][\/vc_column][\/vc_row]\n","protected":false},"excerpt":{"rendered":"<p>[vc_row][vc_column width=&#8221;1\/3&#8243;][vc_single_image image=&#8221;14831&#8243;][\/vc_column][vc_column width=&#8221;2\/3&#8243;][vc_column_text]Chez Casas inHAUS nous avons conscience que chaque client est unique et que beaucoup d&#8217;entres vous souhaiteraient profiter d&#8217;un design exclusif. En ce sens, dans notre entreprise vous n&#8217;avez pas seulement le choix entre 111 mod\u00e8les de maisons pr\u00e9-dessin\u00e9es, nous vous donnons aussi la possibilit\u00e9 de dessiner votre propre mod\u00e8le de maison. La diff\u00e9rence entre le choix&#8230;<\/p>\n<div><a href=\"https:\/\/casasinhaus.com\/fr\/maisons-modulaires-sur-mesure-inhaus-on-demand\/\" class=\"read-more\">Read More <i class=\"fa fa-arrow-right\"><\/i><\/a><\/div>\n","protected":false},"author":27549,"featured_media":0,"parent":0,"menu_order":926,"comment_status":"closed","ping_status":"closed","template":"","meta":[],"yoast_head":"<!-- This site is optimized with the Yoast SEO plugin v15.1.1 - https:\/\/yoast.com\/wordpress\/plugins\/seo\/ -->\n<meta name=\"robots\" content=\"index, follow, max-snippet:-1, max-image-preview:large, max-video-preview:-1\" \/>\n<link rel=\"canonical\" href=\"https:\/\/casasinhaus.com\/fr\/maisons-modulaires-sur-mesure-inhaus-on-demand\/\" \/>\n<meta property=\"og:locale\" content=\"fr_FR\" \/>\n<meta property=\"og:type\" content=\"article\" \/>\n<meta property=\"og:title\" content=\"Option : maison sur mesure - inHAUS\" \/>\n<meta property=\"og:description\" content=\"[vc_row][vc_column width=&#8221;1\/3&#8243;][vc_single_image image=&#8221;14831&#8243;][\/vc_column][vc_column width=&#8221;2\/3&#8243;][vc_column_text]Chez Casas inHAUS nous avons conscience que chaque client est unique et que beaucoup d&#8217;entres vous souhaiteraient profiter d&#8217;un design exclusif. En ce sens, dans notre entreprise vous n&#8217;avez pas seulement le choix entre 111 mod\u00e8les de maisons pr\u00e9-dessin\u00e9es, nous vous donnons aussi la possibilit\u00e9 de dessiner votre propre mod\u00e8le de maison. La diff\u00e9rence entre le choix...Read More\" \/>\n<meta property=\"og:url\" content=\"https:\/\/casasinhaus.com\/fr\/maisons-modulaires-sur-mesure-inhaus-on-demand\/\" \/>\n<meta property=\"og:site_name\" content=\"inHAUS\" \/>\n<meta property=\"article:publisher\" content=\"https:\/\/www.facebook.com\/casasmodularesinhaus\" \/>\n<meta property=\"article:modified_time\" content=\"2023-07-19T11:39:52+00:00\" \/>\n<meta name=\"twitter:card\" content=\"summary\" \/>\n<meta name=\"twitter:creator\" content=\"@casasinhaus\" \/>\n<meta name=\"twitter:site\" content=\"@casasinhaus\" \/>\n<script type=\"application\/ld+json\" class=\"yoast-schema-graph\">{\"@context\":\"https:\/\/schema.org\",\"@graph\":[{\"@type\":\"WebSite\",\"@id\":\"https:\/\/casasinhaus.com\/fr\/#website\",\"url\":\"https:\/\/casasinhaus.com\/fr\/\",\"name\":\"inHAUS\",\"description\":\"construcci\\u00f3n de casas de dise\\u00f1o moderno modular, prefabricado y de obra.\",\"potentialAction\":[{\"@type\":\"SearchAction\",\"target\":\"https:\/\/casasinhaus.com\/fr\/?s={search_term_string}\",\"query-input\":\"required name=search_term_string\"}],\"inLanguage\":\"fr-FR\"},{\"@type\":\"WebPage\",\"@id\":\"https:\/\/casasinhaus.com\/fr\/maisons-modulaires-sur-mesure-inhaus-on-demand\/#webpage\",\"url\":\"https:\/\/casasinhaus.com\/fr\/maisons-modulaires-sur-mesure-inhaus-on-demand\/\",\"name\":\"Option : maison sur mesure - inHAUS\",\"isPartOf\":{\"@id\":\"https:\/\/casasinhaus.com\/fr\/#website\"},\"datePublished\":\"2018-04-12T08:04:34+00:00\",\"dateModified\":\"2023-07-19T11:39:52+00:00\",\"inLanguage\":\"fr-FR\",\"potentialAction\":[{\"@type\":\"ReadAction\",\"target\":[\"https:\/\/casasinhaus.com\/fr\/maisons-modulaires-sur-mesure-inhaus-on-demand\/\"]}]}]}<\/script>\n<!-- \/ Yoast SEO plugin. -->","_links":{"self":[{"href":"https:\/\/casasinhaus.com\/fr\/wp-json\/wp\/v2\/pages\/24972"}],"collection":[{"href":"https:\/\/casasinhaus.com\/fr\/wp-json\/wp\/v2\/pages"}],"about":[{"href":"https:\/\/casasinhaus.com\/fr\/wp-json\/wp\/v2\/types\/page"}],"author":[{"embeddable":true,"href":"https:\/\/casasinhaus.com\/fr\/wp-json\/wp\/v2\/users\/27549"}],"replies":[{"embeddable":true,"href":"https:\/\/casasinhaus.com\/fr\/wp-json\/wp\/v2\/comments?post=24972"}],"version-history":[{"count":6,"href":"https:\/\/casasinhaus.com\/fr\/wp-json\/wp\/v2\/pages\/24972\/revisions"}],"predecessor-version":[{"id":60536,"href":"https:\/\/casasinhaus.com\/fr\/wp-json\/wp\/v2\/pages\/24972\/revisions\/60536"}],"wp:attachment":[{"href":"https:\/\/casasinhaus.com\/fr\/wp-json\/wp\/v2\/media?parent=24972"}],"curies":[{"name":"wp","href":"https:\/\/api.w.org\/{rel}","templated":true}]}}