{"id":25015,"date":"2018-08-01T14:18:20","date_gmt":"2018-08-01T13:18:20","guid":{"rendered":"https:\/\/casasinhaus.com\/?page_id=25015"},"modified":"2020-06-24T12:01:17","modified_gmt":"2020-06-24T11:01:17","slug":"questions-frequentes","status":"publish","type":"page","link":"https:\/\/casasinhaus.com\/fr\/questions-frequentes\/","title":{"rendered":"Questions fr\u00e9quentes"},"content":{"rendered":"[vc_row][vc_column][vc_accordion][vc_accordion_tab title=&#8221;Le prix des maisons est-il ferme et d\u00e9finitif ?&#8221;][vc_column_text]Absolument car chez Casas inHAUS nos mod\u00e8les de maisons sont pr\u00e9-dessin\u00e9s, pr\u00e9 con\u00e7us et \u00e9tudi\u00e9s minutieusement dans les moindres d\u00e9tails \u00e0 chacune des phases (conception\/implantation\/construction\/d\u00e9coration). Pour cela, nous garantissons que le prix est fixe.[\/vc_column_text][\/vc_accordion_tab][vc_accordion_tab title=&#8221;Combien de temps est n\u00e9cessaire pour obtenir une maison et m&#8217;installer ?&#8221;][vc_column_text] La fabrication peut durer entre 3 et 5 mois, en fonction du mod\u00e8le choisi.[\/vc_column_text][\/vc_accordion_tab][vc_accordion_tab title=&#8221;Casas inHAUS vend t-il aussi des terrains ?&#8221;][vc_column_text]Non, Casas inHAUS se place seulement comme facilitateur en informant nos clients . L&#8217;achat-vente de parcelles est l&#8217;affaire des agents immobiliers.[\/vc_column_text][\/vc_accordion_tab][vc_accordion_tab title=&#8221; Peut-on faire des modifications dans les maisons ?&#8221;][vc_column_text]\n<div class=\"accordionfaqitem\">\n<p>Oui, bien s\u00fbr.<\/p>\n<p>Une fois que le projet est \u00e9tudi\u00e9 et que le client a choisi le mod\u00e8le le plus adapt\u00e9 \u00e0 ses envies, nous pouvons commencer \u00e0 \u00e9tudier les changements possibles pour adapter les fonctionnalit\u00e9s du mod\u00e8le au plus proche de vos besoins.<\/p>\n<p>Si aucun des mod\u00e8les que nous proposons n&#8217;est compatible avec vos besoins en terme de fonctionnalit\u00e9, vous pouvez opt\u00e9 pour la formule\u00a0<a href=\"https:\/\/casasinhaus.com\/fr\/maisons-modulaires-sur-mesure-inhaus-on-demand\/\">inHAUS onDemand<\/a>\u00a0qui vous permettra de r\u00e9aliser votre maison sur mesure.<\/p>\n<\/div>\n[\/vc_column_text][\/vc_accordion_tab][vc_accordion_tab title=&#8221;Les maisons modulaires inHAUS sont-elles pr\u00e9fabriqu\u00e9es ?&#8221;][vc_column_text]\n<div class=\"accordionfaqitem\">\n<p>Casas inHAUS travaille selon le principe de maisons modulaires usin\u00e9es. Autrement dit, les maisons sont compl\u00e8tement fabriqu\u00e9es selon un contr\u00f4le industriel stricte, en usine, de mani\u00e8re \u00e0 ce que les interventions sur la parcelle soient limit\u00e9s aux travaux d&#8217;implantation et des r\u00e9seaux.<\/p>\n<p>Le proc\u00e9d\u00e9 industriel garantie la qualit\u00e9, la rapidit\u00e9 et le prix de nos constructions.<\/p>\n<\/div>\n[\/vc_column_text][\/vc_accordion_tab][vc_accordion_tab title=&#8221;Toutes les maisons inHAUS sont-elles modulaires ?&#8221;][vc_column_text]Non, seulement les maisons modulaires b\u00e9ton et modulaires acier. Les autres sont des constructions traditionnelles en b\u00e9ton, pr\u00e9-dessin\u00e9es et con\u00e7ues pour \u00eatre construites rapidement, sans sur-co\u00fbt ni d\u00e9passement de d\u00e9lais.[\/vc_column_text][\/vc_accordion_tab][vc_accordion_tab title=&#8221;les maisons inHAUS sont-elles extensibles ?&#8221;][vc_column_text]Oui, elle le sont toutes, sp\u00e9cialement les modulaires, et sans quasiment n\u00e9cessiter de travaux suppl\u00e9mentaires sur le terrain.[\/vc_column_text][\/vc_accordion_tab][vc_accordion_tab title=&#8221;Qui va suivre le d\u00e9roulement de mon projet et du chantier de construction ?&#8221;][vc_column_text]Un architecte unique, sp\u00e9cialis\u00e9 et d\u00e9di\u00e9 \u00e0 votre projet et sp\u00e9cialiste du mod\u00e8le de maison que vous aurez choisi. Il vous guidera dans toutes les phases du projet y compris les phases administratives, lors du chantier et apr\u00e8s. Casas inHAUS valorise le traitement personnalis\u00e9, chacun de nos clients est suivi par un professionnel en particulier.[\/vc_column_text][\/vc_accordion_tab][vc_accordion_tab title=&#8221;Comment puis-je v\u00e9rifier la qualit\u00e9 des mat\u00e9riaux ?&#8221;][vc_column_text]En venant dans notre usine de fabrication \u00e0 Valence.<\/p>\n<p>Contactez-nous en cliquant\u00a0<a href=\"http:\/\/casasinhaus.com\/contacto\/\">ici.<\/a>[\/vc_column_text][\/vc_accordion_tab][vc_accordion_tab title=&#8221;Puis-je voir une maison inHAUS avant d&#8217;acheter la mienne ?&#8221;][vc_column_text]\n<div class=\"accordionfaqitem\">\n<p>Bien s\u00fbr, Casas inHAUS recommande de venir voir nos constructions et de connaitre nos clients pour que vous puissiez comprendre notre philosophie de travail et que vous puissiez \u00e9changer en direct avec nos clients qui ont d\u00e9j\u00e0 achet\u00e9.<\/p>\n<\/div>\n[\/vc_column_text][\/vc_accordion_tab][vc_accordion_tab title=&#8221;O\u00f9 peut-on se rencontrer et quel est le champ d&#8217;action de inHAUS ?&#8221;][vc_column_text]Nous travaillons actuellement dans le monde entier.[\/vc_column_text][\/vc_accordion_tab][\/vc_accordion][\/vc_column][\/vc_row][vc_row][vc_column][vc_separator thickness=&#8221;1&#8243;][\/vc_column][\/vc_row][vc_row][vc_column][vc_column_text]\n<p style=\"text-align: center;\"><strong>SI VOUS AVEZ PLUS DE QUESTIONS, N&#8217;HESITEZ PAS A NOUS LES POSEZ, GRACE AU FORMULAIRE QUI SUIT<\/strong><\/p>\n[\/vc_column_text][\/vc_column][\/vc_row][vc_row][vc_column][vc_separator thickness=&#8221;1&#8243;][\/vc_column][\/vc_row][vc_row][vc_column]<script type=\"text\/javascript\">var gform;gform||(document.addEventListener(\"gform_main_scripts_loaded\",function(){gform.scriptsLoaded=!0}),window.addEventListener(\"DOMContentLoaded\",function(){gform.domLoaded=!0}),gform={domLoaded:!1,scriptsLoaded:!1,initializeOnLoaded:function(o){gform.domLoaded&&gform.scriptsLoaded?o():!gform.domLoaded&&gform.scriptsLoaded?window.addEventListener(\"DOMContentLoaded\",o):document.addEventListener(\"gform_main_scripts_loaded\",o)},hooks:{action:{},filter:{}},addAction:function(o,n,r,t){gform.addHook(\"action\",o,n,r,t)},addFilter:function(o,n,r,t){gform.addHook(\"filter\",o,n,r,t)},doAction:function(o){gform.doHook(\"action\",o,arguments)},applyFilters:function(o){return gform.doHook(\"filter\",o,arguments)},removeAction:function(o,n){gform.removeHook(\"action\",o,n)},removeFilter:function(o,n,r){gform.removeHook(\"filter\",o,n,r)},addHook:function(o,n,r,t,i){null==gform.hooks[o][n]&&(gform.hooks[o][n]=[]);var e=gform.hooks[o][n];null==i&&(i=n+\"_\"+e.length),gform.hooks[o][n].push({tag:i,callable:r,priority:t=null==t?10:t})},doHook:function(n,o,r){var t;if(r=Array.prototype.slice.call(r,1),null!=gform.hooks[n][o]&&((o=gform.hooks[n][o]).sort(function(o,n){return o.priority-n.priority}),o.forEach(function(o){\"function\"!=typeof(t=o.callable)&&(t=window[t]),\"action\"==n?t.apply(null,r):r[0]=t.apply(null,r)})),\"filter\"==n)return r[0]},removeHook:function(o,n,t,i){var r;null!=gform.hooks[o][n]&&(r=(r=gform.hooks[o][n]).filter(function(o,n,r){return!!(null!=i&&i!=o.tag||null!=t&&t!=o.priority)}),gform.hooks[o][n]=r)}});<\/script>\n                <div class='gf_browser_gecko gform_wrapper gform_legacy_markup_wrapper gform-theme--no-framework' data-form-theme='legacy' data-form-index='0' id='gform_wrapper_32' ><div id='gf_32' class='gform_anchor' tabindex='-1'><\/div><form method='post' enctype='multipart\/form-data' target='gform_ajax_frame_32' id='gform_32'  action='\/fr\/wp-json\/wp\/v2\/pages\/25015#gf_32' data-formid='32' novalidate><div class='gf_invisible ginput_recaptchav3' data-sitekey='6Lf4Yn0pAAAAAI-o3ppnyQyRoEnLG-DcwtupfdVA' data-tabindex='0'><input id=\"input_b35de48d3e8932398794edeeebf36c18\" class=\"gfield_recaptcha_response\" type=\"hidden\" name=\"input_b35de48d3e8932398794edeeebf36c18\" value=\"\"\/><\/div> \r\n <input type='hidden' class='gforms-pum' value='{\"closepopup\":false,\"closedelay\":0,\"openpopup\":false,\"openpopup_id\":0}' \/>\n                        <div class='gform-body gform_body'><ul id='gform_fields_32' class='gform_fields top_label form_sublabel_below description_below'><li id=\"field_32_1\" class=\"gfield gfield--type-text contacto_footer gfield_contains_required field_sublabel_below gfield--no-description field_description_below gfield_visibility_visible\"  data-js-reload=\"field_32_1\" ><label class='gfield_label gform-field-label' for='input_32_1'>Nom<span class=\"gfield_required\"><span class=\"gfield_required gfield_required_asterisk\">*<\/span><\/span><\/label><div class='ginput_container ginput_container_text'><input name='input_1' id='input_32_1' type='text' value='' class='large'     aria-required=\"true\" aria-invalid=\"false\"   \/> <\/div><\/li><li id=\"field_32_7\" class=\"gfield gfield--type-email gfield_contains_required field_sublabel_below gfield--no-description field_description_below gfield_visibility_visible\"  data-js-reload=\"field_32_7\" ><label class='gfield_label gform-field-label' for='input_32_7'>Email<span class=\"gfield_required\"><span class=\"gfield_required gfield_required_asterisk\">*<\/span><\/span><\/label><div class='ginput_container ginput_container_email'>\n                            <input name='input_7' id='input_32_7' type='email' value='' class='medium'    aria-required=\"true\" aria-invalid=\"false\"  \/>\n                        <\/div><\/li><li id=\"field_32_8\" class=\"gfield gfield--type-phone gfield_contains_required field_sublabel_below gfield--no-description field_description_below gfield_visibility_visible\"  data-js-reload=\"field_32_8\" ><label class='gfield_label gform-field-label' for='input_32_8'>T\u00e9l\u00e9phone<span class=\"gfield_required\"><span class=\"gfield_required gfield_required_asterisk\">*<\/span><\/span><\/label><div class='ginput_container ginput_container_phone'><input name='input_8' id='input_32_8' type='tel' value='' class='medium'   aria-required=\"true\" aria-invalid=\"false\"   \/><\/div><\/li><li id=\"field_32_6\" class=\"gfield gfield--type-select gfield_contains_required field_sublabel_below gfield--no-description field_description_below gfield_visibility_visible\"  data-js-reload=\"field_32_6\" ><label class='gfield_label gform-field-label' for='input_32_6'>Type de client<span class=\"gfield_required\"><span class=\"gfield_required gfield_required_asterisk\">*<\/span><\/span><\/label><div class='ginput_container ginput_container_select'><select name='input_6' id='input_32_6' class='large gfield_select'    aria-required=\"true\" aria-invalid=\"false\" ><option value='' selected='selected' class='gf_placeholder'>Type de client *<\/option><option value='Particular' >Je suis un client priv\u00e9<\/option><option value='Profesional' >Je suis un client professionnel (architecte, promoteur...).<\/option><\/select><\/div><\/li><li id=\"field_32_4\" class=\"gfield gfield--type-textarea contacto_footer field_sublabel_below gfield--no-description field_description_below gfield_visibility_visible\"  data-js-reload=\"field_32_4\" ><label class='gfield_label gform-field-label' for='input_32_4'>Message<\/label><div class='ginput_container ginput_container_textarea'><textarea name='input_4' id='input_32_4' class='textarea small'      aria-invalid=\"false\"   rows='10' cols='50'><\/textarea><\/div><\/li><li id=\"field_32_5\" class=\"gfield gfield--type-tos gfield--type-choice gfield--input-type-checkbox gfield_contains_required field_sublabel_below gfield--no-description field_description_below gfield_visibility_visible\"  data-js-reload=\"field_32_5\" ><label class='gfield_label gform-field-label gfield_label_before_complex' >Information sur la protection des donn\u00e9es<span class=\"gfield_required\"><span class=\"gfield_required gfield_required_asterisk\">*<\/span><\/span><\/label><div id='gw_terms_5' class='large gptos_terms_container gwtos_terms_container'><div class='gptos_the_terms'><p><strong>Personne responsable:<\/strong> Casas inHAUS S.L.<br \/>\n<strong>But:<\/strong> Obtenir votre consentement pour r\u00e9pondre aux questions que vous soulevez via notre formulaire de contact.<br \/>\n<strong>L\u00e9gitimation:<\/strong> Consentement de la partie int\u00e9ress\u00e9e.<br \/>\n<strong>Destinataires:<\/strong> Aucune donn\u00e9e ne sera transf\u00e9r\u00e9e \u00e0 des tiers, sauf obligation l\u00e9gale.<br \/>\n<strong>Droits:<\/strong> acc\u00e9dez, rectifiez et supprimez des donn\u00e9es, ainsi que d'autres droits, comme expliqu\u00e9 dans les informations compl\u00e9mentaires.<br \/>\n<strong>Informations compl\u00e9mentaires:<\/strong> Vous pouvez consulter des informations plus d\u00e9taill\u00e9es sur la protection des donn\u00e9es \u00e0 l'adresse suivante: https:\/\/casasinhaus.com\/ley-de-proteccion-de-datos\/<\/p>\n<\/div><\/div>\n\t\t\t<style type=\"text\/css\">\n\n\t\t\t\t\/* Frontend Styles *\/\n\t\t\t\t.gptos_terms_container { height: 11.250em; width: 97.5%; background-color: #fff; overflow: auto; border: 1px solid #ccc; }\n\t\t\t\t.gptos_terms_container.small { width: 25%; }\n\t\t\t\t.gptos_terms_container.medium { width: 47.5%; }\n\t\t\t\t.gptos_terms_container.large { \/* default width *\/ }\n\t\t\t\t.left_label .gptos_terms_container,\n\t\t\t\t.right_label .gptos_terms_container { margin-left: 30% !important; width: auto !important; }\n\t\t\t\t.gform_wrapper .gptos_terms_container > div { margin: 1rem !important; }\n\t\t\t\t.gform_wrapper .gptos_terms_container ul,\n\t\t\t\t.gform_wrapper .gptos_terms_container ol { margin: 0 0 1rem 1.5rem !important; }\n\t\t\t\t.gform_wrapper .gptos_terms_container ul li { list-style: disc !important; }\n\t\t\t\t.gform_wrapper .gptos_terms_container ol li { list-style: decimal !important; }\n\t\t\t\t.gform_wrapper .gptos_terms_container p { margin: 0 0 1rem; }\n\t\t\t\t.gform_wrapper .gptos_terms_container *:last-child { margin-bottom: 0; }\n\n\t\t\t\t\/* Admin Styles *\/\n\t\t\t\t#gform_fields .gptos_terms_container { background-color: rgba( 255, 255, 255, 0.5 ); border-color: rgba( 222, 222, 222, 0.75 ); }\n\t\t\t\t#gform_fields .gptos_terms_container > div { margin: 1rem !important; }\n\t\t\t\t#gform_fields .gptos_terms_container p { margin: 0 0 1rem; }\n\t\t\t\t#gform_fields .gptos_terms_container *:last-child { margin-bottom: 0; }\n\n\t\t\t<\/style>\n\n\t\t\t<div class='ginput_container' style='margin-top:12px;'><ul class='gfield_checkbox' id='input_32_5'><li class='gchoice gchoice_32_5_1'>\n\t\t\t\t\t\t\t\t<input class='gfield-choice-input' name='input_5.1' type='checkbox'  value='J&#039;accepte la &lt;a href=&quot;https:\/\/casasinhaus.com\/fr\/politique-de-confidentialite\/&quot; target=&quot;_blank&quot;&gt;protection des donn\u00e9es&lt;\/a&gt;'  id='choice_32_5_1'   \/>\n\t\t\t\t\t\t\t\t<label for='choice_32_5_1' id='label_32_5_1' class='gform-field-label gform-field-label--type-inline'>J'accepte la <a href=\"https:\/\/casasinhaus.com\/fr\/politique-de-confidentialite\/\" target=\"_blank\">protection des donn\u00e9es<\/a><\/label>\n\t\t\t\t\t\t\t<\/li><\/ul><\/div><\/li><li id=\"field_32_9\" class=\"gfield gfield--type-honeypot gform_validation_container field_sublabel_below gfield--has-description field_description_below gfield_visibility_visible\"  data-js-reload=\"field_32_9\" ><label class='gfield_label gform-field-label' for='input_32_9'>Email<\/label><div class='ginput_container'><input name='input_9' id='input_32_9' type='text' value='' autocomplete='new-password'\/><\/div><div class='gfield_description' id='gfield_description_32_9'>Ce champ n\u2019est utilis\u00e9 qu\u2019\u00e0 des fins de validation et devrait rester inchang\u00e9.<\/div><\/li><\/ul><\/div>\n        <div class='gform_footer top_label'> <input type='submit' id='gform_submit_button_32' class='gform_button button' value='Contacter'  onclick='if(window[\"gf_submitting_32\"]){return false;}  if( !jQuery(\"#gform_32\")[0].checkValidity || jQuery(\"#gform_32\")[0].checkValidity()){window[\"gf_submitting_32\"]=true;}  ' onkeypress='if( event.keyCode == 13 ){ if(window[\"gf_submitting_32\"]){return false;} if( !jQuery(\"#gform_32\")[0].checkValidity || jQuery(\"#gform_32\")[0].checkValidity()){window[\"gf_submitting_32\"]=true;}  jQuery(\"#gform_32\").trigger(\"submit\",[true]); }' \/> <input type='hidden' name='gform_ajax' value='form_id=32&amp;title=&amp;description=&amp;tabindex=0&amp;theme=data-form-theme=&#039;legacy&#039;' \/>\n            <input type='hidden' class='gform_hidden' name='is_submit_32' value='1' \/>\n            <input type='hidden' class='gform_hidden' name='gform_submit' value='32' \/>\n            \n            <input type='hidden' class='gform_hidden' name='gform_unique_id' value='' \/>\n            <input type='hidden' class='gform_hidden' name='state_32' value='WyJbXSIsImYxNzYwZjU3NDg3NTdjMDJhN2MxMDQ2NDdkMzA2NTI3Il0=' \/>\n            <input type='hidden' class='gform_hidden' name='gform_target_page_number_32' id='gform_target_page_number_32' value='0' \/>\n            <input type='hidden' class='gform_hidden' name='gform_source_page_number_32' id='gform_source_page_number_32' value='1' \/>\n            <input type='hidden' name='gform_field_values' value='' \/>\n            \n        <\/div>\n                        <p style=\"display: none !important;\"><label>&#916;<textarea name=\"ak_hp_textarea\" cols=\"45\" rows=\"8\" maxlength=\"100\"><\/textarea><\/label><input type=\"hidden\" id=\"ak_js\" name=\"ak_js\" value=\"106\"\/><script>document.getElementById( \"ak_js\" ).setAttribute( \"value\", ( new Date() ).getTime() );<\/script><\/p><\/form>\n                        <\/div>\n\t\t                <iframe style='display:none;width:0px;height:0px;' src='about:blank' name='gform_ajax_frame_32' id='gform_ajax_frame_32' title='Cette iframe contient la logique n\u00e9cessaire pour manipuler Gravity Forms avec Ajax.'><\/iframe>\n\t\t                <script type=\"text\/javascript\"> gform.initializeOnLoaded( function() {gformInitSpinner( 32, 'https:\/\/casasinhaus.com\/wp-content\/plugins\/gravityforms\/images\/spinner.svg', true );jQuery('#gform_ajax_frame_32').on('load',function(){var contents = jQuery(this).contents().find('*').html();var is_postback = contents.indexOf('GF_AJAX_POSTBACK') >= 0;if(!is_postback){return;}var form_content = jQuery(this).contents().find('#gform_wrapper_32');var is_confirmation = jQuery(this).contents().find('#gform_confirmation_wrapper_32').length > 0;var is_redirect = contents.indexOf('gformRedirect(){') >= 0;var is_form = form_content.length > 0 && ! is_redirect && ! is_confirmation;var mt = parseInt(jQuery('html').css('margin-top'), 10) + parseInt(jQuery('body').css('margin-top'), 10) + 100;if(is_form){jQuery('#gform_wrapper_32').html(form_content.html());if(form_content.hasClass('gform_validation_error')){jQuery('#gform_wrapper_32').addClass('gform_validation_error');} else {jQuery('#gform_wrapper_32').removeClass('gform_validation_error');}setTimeout( function() { \/* delay the scroll by 50 milliseconds to fix a bug in chrome *\/ jQuery(document).scrollTop(jQuery('#gform_wrapper_32').offset().top - mt); }, 50 );if(window['gformInitDatepicker']) {gformInitDatepicker();}if(window['gformInitPriceFields']) {gformInitPriceFields();}var current_page = jQuery('#gform_source_page_number_32').val();gformInitSpinner( 32, 'https:\/\/casasinhaus.com\/wp-content\/plugins\/gravityforms\/images\/spinner.svg', true );jQuery(document).trigger('gform_page_loaded', [32, current_page]);window['gf_submitting_32'] = false;}else if(!is_redirect){var confirmation_content = jQuery(this).contents().find('.GF_AJAX_POSTBACK').html();if(!confirmation_content){confirmation_content = contents;}setTimeout(function(){jQuery('#gform_wrapper_32').replaceWith(confirmation_content);jQuery(document).scrollTop(jQuery('#gf_32').offset().top - mt);jQuery(document).trigger('gform_confirmation_loaded', [32]);window['gf_submitting_32'] = false;wp.a11y.speak(jQuery('#gform_confirmation_message_32').text());}, 50);}else{jQuery('#gform_32').append(contents);if(window['gformRedirect']) {gformRedirect();}}        const gformWrapperDiv = document.getElementById( \"gform_wrapper_32\" );        if ( gformWrapperDiv ) {            const visibilitySpan = document.createElement( \"span\" );            visibilitySpan.id = \"gform_visibility_test_32\";            gformWrapperDiv.insertAdjacentElement( \"afterend\", visibilitySpan );        }        const visibilityTestDiv = document.getElementById( \"gform_visibility_test_32\" );        let postRenderFired = false;                function triggerPostRender() {            if ( postRenderFired ) {                return;            }            postRenderFired = true;            jQuery( document ).trigger( 'gform_post_render', [32, current_page] );            gform.utils.trigger( { event: 'gform\/postRender', native: false, data: { formId: 32, currentPage: current_page } } );            if ( visibilityTestDiv ) {                visibilityTestDiv.parentNode.removeChild( visibilityTestDiv );            }        }        function debounce( func, wait, immediate ) {            var timeout;            return function() {                var context = this, args = arguments;                var later = function() {                    timeout = null;                    if ( !immediate ) func.apply( context, args );                };                var callNow = immediate && !timeout;                clearTimeout( timeout );                timeout = setTimeout( later, wait );                if ( callNow ) func.apply( context, args );            };        }        const debouncedTriggerPostRender = debounce( function() {            triggerPostRender();        }, 200 );        if ( visibilityTestDiv && visibilityTestDiv.offsetParent === null ) {            const observer = new MutationObserver( ( mutations ) => {                mutations.forEach( ( mutation ) => {                    if ( mutation.type === 'attributes' && visibilityTestDiv.offsetParent !== null ) {                        debouncedTriggerPostRender();                        observer.disconnect();                    }                });            });            observer.observe( document.body, {                attributes: true,                childList: false,                subtree: true,                attributeFilter: [ 'style', 'class' ],            });        } else {            triggerPostRender();        }    } );} ); <\/script>[\/vc_column][\/vc_row]\n","protected":false},"excerpt":{"rendered":"<p>[vc_row][vc_column][vc_accordion][vc_accordion_tab title=&#8221;Le prix des maisons est-il ferme et d\u00e9finitif ?&#8221;][vc_column_text]Absolument car chez Casas inHAUS nos mod\u00e8les de maisons sont pr\u00e9-dessin\u00e9s, pr\u00e9 con\u00e7us et \u00e9tudi\u00e9s minutieusement dans les moindres d\u00e9tails \u00e0 chacune des phases (conception\/implantation\/construction\/d\u00e9coration). Pour cela, nous garantissons que le prix est fixe.[\/vc_column_text][\/vc_accordion_tab][vc_accordion_tab title=&#8221;Combien de temps est n\u00e9cessaire pour obtenir une maison et m&#8217;installer ?&#8221;][vc_column_text] La fabrication peut durer entre&#8230;<\/p>\n<div><a href=\"https:\/\/casasinhaus.com\/fr\/questions-frequentes\/\" class=\"read-more\">Read More <i class=\"fa fa-arrow-right\"><\/i><\/a><\/div>\n","protected":false},"author":27549,"featured_media":0,"parent":0,"menu_order":921,"comment_status":"closed","ping_status":"closed","template":"","meta":[],"yoast_head":"<!-- This site is optimized with the Yoast SEO plugin v15.1.1 - https:\/\/yoast.com\/wordpress\/plugins\/seo\/ -->\n<meta name=\"robots\" content=\"index, follow, max-snippet:-1, max-image-preview:large, max-video-preview:-1\" \/>\n<link rel=\"canonical\" href=\"https:\/\/casasinhaus.com\/fr\/questions-frequentes\/\" \/>\n<meta property=\"og:locale\" content=\"fr_FR\" \/>\n<meta property=\"og:type\" content=\"article\" \/>\n<meta property=\"og:title\" content=\"Questions fr\u00e9quentes - inHAUS\" \/>\n<meta property=\"og:description\" content=\"[vc_row][vc_column][vc_accordion][vc_accordion_tab title=&#8221;Le prix des maisons est-il ferme et d\u00e9finitif ?&#8221;][vc_column_text]Absolument car chez Casas inHAUS nos mod\u00e8les de maisons sont pr\u00e9-dessin\u00e9s, pr\u00e9 con\u00e7us et \u00e9tudi\u00e9s minutieusement dans les moindres d\u00e9tails \u00e0 chacune des phases (conception\/implantation\/construction\/d\u00e9coration). Pour cela, nous garantissons que le prix est fixe.[\/vc_column_text][\/vc_accordion_tab][vc_accordion_tab title=&#8221;Combien de temps est n\u00e9cessaire pour obtenir une maison et m&#8217;installer ?&#8221;][vc_column_text] La fabrication peut durer entre...Read More\" \/>\n<meta property=\"og:url\" content=\"https:\/\/casasinhaus.com\/fr\/questions-frequentes\/\" \/>\n<meta property=\"og:site_name\" content=\"inHAUS\" \/>\n<meta property=\"article:publisher\" content=\"https:\/\/www.facebook.com\/casasmodularesinhaus\" \/>\n<meta property=\"article:modified_time\" content=\"2020-06-24T11:01:17+00:00\" \/>\n<meta name=\"twitter:card\" content=\"summary\" \/>\n<meta name=\"twitter:creator\" content=\"@casasinhaus\" \/>\n<meta name=\"twitter:site\" content=\"@casasinhaus\" \/>\n<script type=\"application\/ld+json\" class=\"yoast-schema-graph\">{\"@context\":\"https:\/\/schema.org\",\"@graph\":[{\"@type\":\"WebSite\",\"@id\":\"https:\/\/casasinhaus.com\/fr\/#website\",\"url\":\"https:\/\/casasinhaus.com\/fr\/\",\"name\":\"inHAUS\",\"description\":\"construcci\\u00f3n de casas de dise\\u00f1o moderno modular, prefabricado y de obra.\",\"potentialAction\":[{\"@type\":\"SearchAction\",\"target\":\"https:\/\/casasinhaus.com\/fr\/?s={search_term_string}\",\"query-input\":\"required name=search_term_string\"}],\"inLanguage\":\"fr-FR\"},{\"@type\":\"WebPage\",\"@id\":\"https:\/\/casasinhaus.com\/fr\/questions-frequentes\/#webpage\",\"url\":\"https:\/\/casasinhaus.com\/fr\/questions-frequentes\/\",\"name\":\"Questions fr\\u00e9quentes - inHAUS\",\"isPartOf\":{\"@id\":\"https:\/\/casasinhaus.com\/fr\/#website\"},\"datePublished\":\"2018-08-01T13:18:20+00:00\",\"dateModified\":\"2020-06-24T11:01:17+00:00\",\"inLanguage\":\"fr-FR\",\"potentialAction\":[{\"@type\":\"ReadAction\",\"target\":[\"https:\/\/casasinhaus.com\/fr\/questions-frequentes\/\"]}]}]}<\/script>\n<!-- \/ Yoast SEO plugin. -->","_links":{"self":[{"href":"https:\/\/casasinhaus.com\/fr\/wp-json\/wp\/v2\/pages\/25015"}],"collection":[{"href":"https:\/\/casasinhaus.com\/fr\/wp-json\/wp\/v2\/pages"}],"about":[{"href":"https:\/\/casasinhaus.com\/fr\/wp-json\/wp\/v2\/types\/page"}],"author":[{"embeddable":true,"href":"https:\/\/casasinhaus.com\/fr\/wp-json\/wp\/v2\/users\/27549"}],"replies":[{"embeddable":true,"href":"https:\/\/casasinhaus.com\/fr\/wp-json\/wp\/v2\/comments?post=25015"}],"version-history":[{"count":11,"href":"https:\/\/casasinhaus.com\/fr\/wp-json\/wp\/v2\/pages\/25015\/revisions"}],"predecessor-version":[{"id":38082,"href":"https:\/\/casasinhaus.com\/fr\/wp-json\/wp\/v2\/pages\/25015\/revisions\/38082"}],"wp:attachment":[{"href":"https:\/\/casasinhaus.com\/fr\/wp-json\/wp\/v2\/media?parent=25015"}],"curies":[{"name":"wp","href":"https:\/\/api.w.org\/{rel}","templated":true}]}}