{"id":25155,"date":"2018-08-01T14:24:46","date_gmt":"2018-08-01T13:24:46","guid":{"rendered":"https:\/\/casasinhaus.com\/?page_id=25155"},"modified":"2020-06-24T15:58:48","modified_gmt":"2020-06-24T14:58:48","slug":"in-go-vos-maisons-pret-porter","status":"publish","type":"page","link":"https:\/\/casasinhaus.com\/fr\/in-go-vos-maisons-pret-porter\/","title":{"rendered":"in &#038; go! vos maisons &#8220;pr\u00eat-\u00e0-habiter&#8221;"},"content":{"rendered":"[vc_row][vc_column][vc_column_text]Casas inhaus garantie et s&#8217;engage, \u00e0 livrer des produits de qualit\u00e9, \u00e0 respecter ses prix et ses d\u00e9lais. Les maisons sont pr\u00eates \u00e0 l&#8217;emploi, autrement dit selon le concept<span class=\"Apple-converted-space\">\u00a0<\/span><strong>\u201cin&amp;go!\u201d<\/strong>.<\/p>\n<p>Casas inHAUS fait le projet de votre maison cl\u00e9 en main, avec une attention particuli\u00e8re mise dans chaque projet, dans chaque d\u00e9tail, \u00e0 chaque \u00e9tape. Nous voulons cr\u00e9er VOTRE maison d\u00e8s le premier jour. Nous travaillons constamment pour vous offrir la meilleure qualit\u00e9 et vous faciliter les d\u00e9marches. Nous sommes votre seul interlocuteur du d\u00e9but \u00e0 la fin du projet.<\/p>\n<p>Notre offre inclut des r\u00e9visions p\u00e9riodiques de votre maison, gr\u00e2ce \u00e0 la mise en place d&#8217;un service apr\u00e8s-vente. Casas inHAUS vous propose \u00e9galement un\u00a0<a title=\"prestamo autopromotor\" href=\"http:\/\/casasinhaus.com\/financiacion-prestamo-autopromotor\/\" target=\"_blank\" rel=\"noopener\">financement<\/a> gr\u00e2ce \u00e0 un accord avec des entit\u00e9s bancaires.[\/vc_column_text][\/vc_column][\/vc_row][vc_row][vc_column][vc_single_image image=&#8221;7541&#8243; alt=&#8221;construccion tradicional&#8221;][\/vc_column][\/vc_row][vc_row][vc_column width=&#8221;1\/4&#8243;][vc_column_text]<strong>1. CHERCHER DES ARCHITECTES<\/strong><br \/>\nUne fois que vous avez la parcelle, vous avez besoin d&#8217;un projet pour pouvoir budg\u00e9tiser le projet de votre maison. Pour cela, vous \u00eates \u00e0 la recherche de plusieurs architectes pour faire un plan qui correspond \u00e0 vos besoins, votre budget et choisissez l&#8217;un d&#8217;entre eux. Il peut prendre entre quatre et douze semaines pour compl\u00e9ter cette phase.<br \/>\n\/tiempo transcurrido ocho semanas, dos meses\/[\/vc_column_text][\/vc_column][vc_column width=&#8221;1\/4&#8243;][vc_column_text]<strong>2. PROJET<\/strong><br \/>\nAfin de mener \u00e0 bien le projet, l&#8217;architecte vous demandera d&#8217;embaucher plusieurs professionnels, tels que: un g\u00e9om\u00e8tre qui fait une \u00e9tude de terrain, un g\u00e9ologue qui r\u00e9alise une \u00e9tude g\u00e9otechnique; D&#8217;autre part, une fois le projet termin\u00e9, vous devrez choisir parmi plusieurs offres le gr\u00e9eur (qui ex\u00e9cute l&#8217;ex\u00e9cution des travaux) et le constructeur. Ce dernier vous donnera un prix final du travail afin qu&#8217;il corresponde \u00e0 vos besoins et vous pouvez demander le financement n\u00e9cessaire.<br \/>\nSuppression de la s\u00e9lection du constructeur et du gr\u00e9eur que nous pouvons chevaucher avec l&#8217;obtention de la licence de travaux, l&#8217;architecte qui ex\u00e9cute le projet et le reste des professionnels qui le compl\u00e8tent peuvent prendre entre dix et quatorze semaines pour terminer le projet d&#8217;ex\u00e9cution .<br \/>\n\/temps pr\u00e9vu, vingt semaines, cinq mois \/[\/vc_column_text][\/vc_column][vc_column width=&#8221;1\/4&#8243;][vc_column_text]<strong>3. MAIRIE<\/strong><br \/>\nUne fois que l&#8217;architecte vous donne le projet d&#8217;ex\u00e9cution mat\u00e9rielle, il est de votre obligation de le pr\u00e9senter et de demander la licence des travaux dans la mairie o\u00f9 est situ\u00e9 le terrain. Pour cela, il vous faudra payer les frais de gestion prescriptifs du dossier et l&#8217;ICIO (taxe sur les b\u00e2timents, installations et travaux). Le temps qu&#8217;il faut \u00e0 l&#8217;administration publique pour accorder la licence de travail est impr\u00e9visible, en moyenne on parle de douze semaines.<br \/>\nParall\u00e8lement au processus de la municipalit\u00e9, vous s\u00e9lectionnez le constructeur et ajustez le projet, au cas o\u00f9 cela ne correspondrait pas \u00e0 vos besoins, vous devrez donc rencontrer plusieurs fois l&#8217;architecte et le constructeur jusqu&#8217;\u00e0 la maison que vous voulez et le prix du que vous avez corresponde.<br \/>\n\/temps \u00e9coul\u00e9 trente-deux semaines, soient huit mois\/<\/p>\n<p><strong>\u00a0<\/strong>[\/vc_column_text][\/vc_column][vc_column width=&#8221;1\/4&#8243;][vc_column_text]<strong>4. CHANTIER<\/strong><br \/>\nUne fois que le conseil municipal a accord\u00e9 le permis de construire, le top d\u00e9part est donn\u00e9 \u00e0 la construction de votre maison.<br \/>\nIl n&#8217;est pas obligatoire en cas d&#8217;auto-promotion, mais il est tr\u00e8s conseill\u00e9 de souscrire une assurance responsabilit\u00e9 civile pour couvrir les \u00e9ventuels dommages caus\u00e9s par tous les agents submentionn\u00e9s si l&#8217;un d&#8217;entre eux ne pouvait pas prendre en charge les r\u00e9parations.<br \/>\nDe l&#8217;accomplissement obligatoire si c&#8217;est le contr\u00f4le de la qualit\u00e9 et des garanties des \u00e9l\u00e9ments constructifs, vous devrez chercher une entreprise qui effectue les tests correspondants.<br \/>\nLe d\u00e9but des travaux prend habituellement environ quatre semaines jusqu&#8217;\u00e0 ce que le constructeur contracte tous les services et organise le m\u00eame. Le temps de construction d&#8217;une maison unifamiliale peut durer entre huit et quinze mois, ce qui donne une moyenne de quarante-six semaines.<br \/>\n\/temps pass\u00e9 quatre-vingt semaines, soit un an et 8 mois\/[\/vc_column_text][\/vc_column][\/vc_row][vc_row parallax=&#8221;true&#8221; parallax_no_mobile=&#8221;true&#8221; bg_image=&#8221;7349&#8243; bg_color_overlay=&#8221;#7cb490&#8243;][vc_column custom_style=&#8221;padding-top: 50px; padding-bottom: 50px;&#8221;][vc_column_text]\n<p style=\"text-align: center;\"><span style=\"color: #ffffff;\">AVEC inHAUS\u00ae C&#8217;EST BEAUCOUP PLUS SIMPLE<\/span><\/p>\n<p style=\"text-align: center;\"><span style=\"color: #ffffff;\">avec notre service &#8220;in&amp;go&#8221; votre maison est pr\u00eate \u00e0 habiter<\/span><\/p>\n<p style=\"text-align: center;\"><span style=\"color: #ffffff;\">votre maison pret un portier<\/span><\/p>\n[\/vc_column_text][\/vc_column][\/vc_row][vc_row padding_top=&#8221;50&#8243; padding_bottom=&#8221;50&#8243;][vc_column][vc_single_image image=&#8221;7542&#8243; alt=&#8221;casas pret a porter&#8221;][\/vc_column][\/vc_row][vc_row][vc_column width=&#8221;1\/4&#8243;][vc_column_text]<strong>1. CHOIX DU MOD\u00c8LE<\/strong><\/p>\n<p>Imaginez la maison de vos r\u00eaves &#8230; avec piscine et porches, avec beaucoup de lumi\u00e8re, type loft, \u00e0 la campagne, ou une maison de ville, &#8230; inHaus a cr\u00e9\u00e9 un mod\u00e8le pour vous. Regardez notre catalogue et choisissez le v\u00f4tre, dans la phase initiale du projet, vous pouvez personnaliser votre nouvelle maison avec des centaines de combinaisons de finitions et d&#8217;accessoires pour s&#8217;adapter au style de vie de votre famille.<\/p>\n<p>\/temps \u00e9coul\u00e9 d&#8217;une semaine\/[\/vc_column_text][\/vc_column][vc_column width=&#8221;1\/4&#8243;][vc_column_text]<strong>2. SERVICES<\/strong><\/p>\n<p>La soci\u00e9t\u00e9 inHAUS, dans son d\u00e9sir de garantir l&#8217;ensemble du processus et de fournir \u00e0 nos clients l&#8217;acc\u00e8s \u00e0 leur maison, a accept\u00e9 des conditions de financement sp\u00e9ciales et un traitement pr\u00e9f\u00e9rentiel pour nos clients avec Banco Sabadell. Avec le service de viabilit\u00e9 inHAUS, vous r\u00e9aliserez une \u00e9tude conjointe avec Banco Sabadell, afin que vous puissiez conna\u00eetre les conditions de financement de votre maison inHAUS d\u00e8s le d\u00e9but, en fonction du mod\u00e8le et des qualit\u00e9s.<\/p>\n<p>\/tiempo transcurrido cuatro semanas, un mes\/[\/vc_column_text][\/vc_column][vc_column width=&#8221;1\/4&#8243;][vc_column_text]<strong>3. PERMIS<\/strong><br \/>\nPr\u00e9sentation du projet de base et de l&#8217;ex\u00e9cution \u00e0 l&#8217;\u00e9cole officielle en vue d&#8217;obtenir pour le visa et plus tard un permis de construire d\u00e9livr\u00e9 en Mairie.<br \/>\nTests g\u00e9otechniques, formalisation des contrats d&#8217;assurance, notification \u00e0 l&#8217;agence de contr\u00f4le technique, contr\u00f4le qualit\u00e9 et autres intervenants dans le processus de construction afin de maintenir le maximum de qualit\u00e9 et de garanties des maisons inHAUS.<br \/>\n\/temps pr\u00e9vu de seize semaines, soient quatre mois\/<\/p>\n<p><strong>\u00a0<\/strong>[\/vc_column_text][\/vc_column][vc_column width=&#8221;1\/4&#8243;][vc_column_text]<strong>4. CHANTIER<\/strong><br \/>\nAvec l&#8217;octroi de la licence, nous commen\u00e7ons les travaux avec des visites hebdomadaires de contr\u00f4le par les sp\u00e9cialistes techniques inHAUS. Nos clients re\u00e7oivent des rapports p\u00e9riodiques et sont invit\u00e9s au travail au moins une fois par mois.<br \/>\nUne fois le travail termin\u00e9, un certificateur externe effectue une inspection exhaustive avec l&#8217;approbation du client en fonction des qualit\u00e9s. Livraison des cl\u00e9s.<br \/>\nNotre maison inHAUS devient votre maison inHAUS. L&#8217;\u00e9poque \u00e0 partir de laquelle nos maisons deviennent chaudes et pleines de vie.<br \/>\n\/temps pass\u00e9 de soixante-quatre semaines, soit un an et quatre mois\/[\/vc_column_text][\/vc_column][\/vc_row]\n","protected":false},"excerpt":{"rendered":"<p>[vc_row][vc_column][vc_column_text]Casas inhaus garantie et s&#8217;engage, \u00e0 livrer des produits de qualit\u00e9, \u00e0 respecter ses prix et ses d\u00e9lais. Les maisons sont pr\u00eates \u00e0 l&#8217;emploi, autrement dit selon le concept\u00a0\u201cin&amp;go!\u201d. Casas inHAUS fait le projet de votre maison cl\u00e9 en main, avec une attention particuli\u00e8re mise dans chaque projet, dans chaque d\u00e9tail, \u00e0 chaque \u00e9tape. Nous voulons cr\u00e9er VOTRE maison d\u00e8s&#8230;<\/p>\n<div><a href=\"https:\/\/casasinhaus.com\/fr\/in-go-vos-maisons-pret-porter\/\" class=\"read-more\">Read More <i class=\"fa fa-arrow-right\"><\/i><\/a><\/div>\n","protected":false},"author":27549,"featured_media":0,"parent":0,"menu_order":697,"comment_status":"closed","ping_status":"closed","template":"","meta":[],"yoast_head":"<!-- This site is optimized with the Yoast SEO plugin v15.1.1 - https:\/\/yoast.com\/wordpress\/plugins\/seo\/ -->\n<meta name=\"robots\" content=\"index, follow, max-snippet:-1, max-image-preview:large, max-video-preview:-1\" \/>\n<link rel=\"canonical\" href=\"https:\/\/casasinhaus.com\/fr\/in-go-vos-maisons-pret-porter\/\" \/>\n<meta property=\"og:locale\" content=\"fr_FR\" \/>\n<meta property=\"og:type\" content=\"article\" \/>\n<meta property=\"og:title\" content=\"in &amp; go! vos maisons &quot;pr\u00eat-\u00e0-habiter&quot; - inHAUS\" \/>\n<meta property=\"og:description\" content=\"[vc_row][vc_column][vc_column_text]Casas inhaus garantie et s&#8217;engage, \u00e0 livrer des produits de qualit\u00e9, \u00e0 respecter ses prix et ses d\u00e9lais. Les maisons sont pr\u00eates \u00e0 l&#8217;emploi, autrement dit selon le concept\u00a0\u201cin&amp;go!\u201d. Casas inHAUS fait le projet de votre maison cl\u00e9 en main, avec une attention particuli\u00e8re mise dans chaque projet, dans chaque d\u00e9tail, \u00e0 chaque \u00e9tape. Nous voulons cr\u00e9er VOTRE maison d\u00e8s...Read More\" \/>\n<meta property=\"og:url\" content=\"https:\/\/casasinhaus.com\/fr\/in-go-vos-maisons-pret-porter\/\" \/>\n<meta property=\"og:site_name\" content=\"inHAUS\" \/>\n<meta property=\"article:publisher\" content=\"https:\/\/www.facebook.com\/casasmodularesinhaus\" \/>\n<meta property=\"article:modified_time\" content=\"2020-06-24T14:58:48+00:00\" \/>\n<meta name=\"twitter:card\" content=\"summary\" \/>\n<meta name=\"twitter:creator\" content=\"@casasinhaus\" \/>\n<meta name=\"twitter:site\" content=\"@casasinhaus\" \/>\n<script type=\"application\/ld+json\" class=\"yoast-schema-graph\">{\"@context\":\"https:\/\/schema.org\",\"@graph\":[{\"@type\":\"WebSite\",\"@id\":\"https:\/\/casasinhaus.com\/fr\/#website\",\"url\":\"https:\/\/casasinhaus.com\/fr\/\",\"name\":\"inHAUS\",\"description\":\"construcci\\u00f3n de casas de dise\\u00f1o moderno modular, prefabricado y de obra.\",\"potentialAction\":[{\"@type\":\"SearchAction\",\"target\":\"https:\/\/casasinhaus.com\/fr\/?s={search_term_string}\",\"query-input\":\"required name=search_term_string\"}],\"inLanguage\":\"fr-FR\"},{\"@type\":\"WebPage\",\"@id\":\"https:\/\/casasinhaus.com\/fr\/in-go-vos-maisons-pret-porter\/#webpage\",\"url\":\"https:\/\/casasinhaus.com\/fr\/in-go-vos-maisons-pret-porter\/\",\"name\":\"in & go! vos maisons \\\"pr\\u00eat-\\u00e0-habiter\\\" - inHAUS\",\"isPartOf\":{\"@id\":\"https:\/\/casasinhaus.com\/fr\/#website\"},\"datePublished\":\"2018-08-01T13:24:46+00:00\",\"dateModified\":\"2020-06-24T14:58:48+00:00\",\"inLanguage\":\"fr-FR\",\"potentialAction\":[{\"@type\":\"ReadAction\",\"target\":[\"https:\/\/casasinhaus.com\/fr\/in-go-vos-maisons-pret-porter\/\"]}]}]}<\/script>\n<!-- \/ Yoast SEO plugin. -->","_links":{"self":[{"href":"https:\/\/casasinhaus.com\/fr\/wp-json\/wp\/v2\/pages\/25155"}],"collection":[{"href":"https:\/\/casasinhaus.com\/fr\/wp-json\/wp\/v2\/pages"}],"about":[{"href":"https:\/\/casasinhaus.com\/fr\/wp-json\/wp\/v2\/types\/page"}],"author":[{"embeddable":true,"href":"https:\/\/casasinhaus.com\/fr\/wp-json\/wp\/v2\/users\/27549"}],"replies":[{"embeddable":true,"href":"https:\/\/casasinhaus.com\/fr\/wp-json\/wp\/v2\/comments?post=25155"}],"version-history":[{"count":10,"href":"https:\/\/casasinhaus.com\/fr\/wp-json\/wp\/v2\/pages\/25155\/revisions"}],"predecessor-version":[{"id":26089,"href":"https:\/\/casasinhaus.com\/fr\/wp-json\/wp\/v2\/pages\/25155\/revisions\/26089"}],"wp:attachment":[{"href":"https:\/\/casasinhaus.com\/fr\/wp-json\/wp\/v2\/media?parent=25155"}],"curies":[{"name":"wp","href":"https:\/\/api.w.org\/{rel}","templated":true}]}}