{"id":25168,"date":"2018-08-19T22:45:16","date_gmt":"2018-08-19T21:45:16","guid":{"rendered":"https:\/\/casasinhaus.com\/?page_id=25168"},"modified":"2020-06-24T11:54:30","modified_gmt":"2020-06-24T10:54:30","slug":"avantages-du-service-cle-main","status":"publish","type":"page","link":"https:\/\/casasinhaus.com\/fr\/avantages-du-service-cle-main\/","title":{"rendered":"Avantages du service cl\u00e9 en main"},"content":{"rendered":"[vc_row][vc_column][vc_single_image image=&#8221;13808&#8243;]<hr  class=\"noo-gap\" >[vc_column_text]Chez<strong>\u00a0Casas inHAUS<\/strong>, entreprise leader sur le march\u00e9 des maisons pr\u00e9fabriqu\u00e9es. Nous disposons de plus d&#8217;une centaine de mod\u00e8les, toutes nos maisons sont livr\u00e9es\u00a0<strong>cl\u00e9 en main.<\/strong>\u00a0Nous en avons de toutes sortes, diverses en style, en taille, et en prix. Ainsi, nous vous proposons autant de\u00a0<a href=\"http:\/\/casasinhaus.com\/casas-de-lujo\/\">maisons de luxe<\/a> de style minimaliste et diaphane, que de mod\u00e8les plus traditionnels, mais elles sont toutes totalement \u00e9quip\u00e9es.<\/p>\n<p>Avec un contrat &#8220;cl\u00e9 en main&#8221;, vous b\u00e9n\u00e9ficiez d&#8217;une gestion int\u00e9grale qui vous facilite la vie car non seulement Casas inHAUS est votre seul interlocuteur, mais en plus il dessine, construit et supervise \u00e0 la fois les travaux afin d&#8217;assurer que votre maison soit parfaitement habitable et \u00e9quip\u00e9e (aliment\u00e9e en eau, \u00e9lectricit\u00e9 et chauffage). De cette mani\u00e8re, un suivi quotidien est assur\u00e9 sans que vous n&#8217;ayiez \u00e0 vous d\u00e9placer.<\/p>\n<p>De plus, avec ce type de contrat, le tarif est fix\u00e9 d\u00e8s la signature du contrat et la plupart des risques propres \u00e0 la construction sont \u00e0 la charge de Casas inHAUS constructeur, qui s&#8217;engage \u00e0 vous livrer la maison dans un d\u00e9lai pr\u00e9cis.[\/vc_column_text][\/vc_column][\/vc_row]\n<p>N&#8217;h\u00e9sitez-pas, appelez-nous. D\u00e9couvrez le grand nombre d&#8217;avantages qui peuvent vous donner la possibilit\u00e9 d&#8217;acqu\u00e9rir une\u00a0<strong>Maison modulaire, con\u00e7ue par des architectes et bureaux d&#8217;\u00e9tude prestigieux<\/strong>\u00a0et construite avec des mat\u00e9riaux de tr\u00e8s bonne qualit\u00e9.\u00a0Profitez de l&#8217;exp\u00e9rience de nos designers d&#8217;int\u00e9rieur et paysagistes et venez vivre en tr\u00e8s peu de temps dans la maison de vos r\u00eaves.<strong>\u00a0Oui, le prix et les d\u00e9lais de livraison sont garantis<\/strong> d\u00e8s le d\u00e9marrage de l&#8217;op\u00e9ration et nos architectes internes sont charg\u00e9s de mener \u00e0 bien toutes les \u00e9tapes de vvotre projet, pour vous assurer une tranquilit\u00e9 maximale.<\/p>\n","protected":false},"excerpt":{"rendered":"<p>[vc_row][vc_column][vc_single_image image=&#8221;13808&#8243;][vc_column_text]Chez\u00a0Casas inHAUS, entreprise leader sur le march\u00e9 des maisons pr\u00e9fabriqu\u00e9es. Nous disposons de plus d&#8217;une centaine de mod\u00e8les, toutes nos maisons sont livr\u00e9es\u00a0cl\u00e9 en main.\u00a0Nous en avons de toutes sortes, diverses en style, en taille, et en prix. Ainsi, nous vous proposons autant de\u00a0maisons de luxe de style minimaliste et diaphane, que de mod\u00e8les plus traditionnels, mais elles sont&#8230;<\/p>\n<div><a href=\"https:\/\/casasinhaus.com\/fr\/avantages-du-service-cle-main\/\" class=\"read-more\">Read More <i class=\"fa fa-arrow-right\"><\/i><\/a><\/div>\n","protected":false},"author":27549,"featured_media":0,"parent":0,"menu_order":692,"comment_status":"closed","ping_status":"closed","template":"","meta":[],"yoast_head":"<!-- This site is optimized with the Yoast SEO plugin v15.1.1 - https:\/\/yoast.com\/wordpress\/plugins\/seo\/ -->\n<meta name=\"robots\" content=\"index, follow, max-snippet:-1, max-image-preview:large, max-video-preview:-1\" \/>\n<link rel=\"canonical\" href=\"https:\/\/casasinhaus.com\/fr\/avantages-du-service-cle-main\/\" \/>\n<meta property=\"og:locale\" content=\"fr_FR\" \/>\n<meta property=\"og:type\" content=\"article\" \/>\n<meta property=\"og:title\" content=\"Avantages du service cl\u00e9 en main - inHAUS\" \/>\n<meta property=\"og:description\" content=\"[vc_row][vc_column][vc_single_image image=&#8221;13808&#8243;][vc_column_text]Chez\u00a0Casas inHAUS, entreprise leader sur le march\u00e9 des maisons pr\u00e9fabriqu\u00e9es. Nous disposons de plus d&#8217;une centaine de mod\u00e8les, toutes nos maisons sont livr\u00e9es\u00a0cl\u00e9 en main.\u00a0Nous en avons de toutes sortes, diverses en style, en taille, et en prix. Ainsi, nous vous proposons autant de\u00a0maisons de luxe de style minimaliste et diaphane, que de mod\u00e8les plus traditionnels, mais elles sont...Read More\" \/>\n<meta property=\"og:url\" content=\"https:\/\/casasinhaus.com\/fr\/avantages-du-service-cle-main\/\" \/>\n<meta property=\"og:site_name\" content=\"inHAUS\" \/>\n<meta property=\"article:publisher\" content=\"https:\/\/www.facebook.com\/casasmodularesinhaus\" \/>\n<meta property=\"article:modified_time\" content=\"2020-06-24T10:54:30+00:00\" \/>\n<meta name=\"twitter:card\" content=\"summary\" \/>\n<meta name=\"twitter:creator\" content=\"@casasinhaus\" \/>\n<meta name=\"twitter:site\" content=\"@casasinhaus\" \/>\n<script type=\"application\/ld+json\" class=\"yoast-schema-graph\">{\"@context\":\"https:\/\/schema.org\",\"@graph\":[{\"@type\":\"WebSite\",\"@id\":\"https:\/\/casasinhaus.com\/fr\/#website\",\"url\":\"https:\/\/casasinhaus.com\/fr\/\",\"name\":\"inHAUS\",\"description\":\"construcci\\u00f3n de casas de dise\\u00f1o moderno modular, prefabricado y de obra.\",\"potentialAction\":[{\"@type\":\"SearchAction\",\"target\":\"https:\/\/casasinhaus.com\/fr\/?s={search_term_string}\",\"query-input\":\"required name=search_term_string\"}],\"inLanguage\":\"fr-FR\"},{\"@type\":\"WebPage\",\"@id\":\"https:\/\/casasinhaus.com\/fr\/avantages-du-service-cle-main\/#webpage\",\"url\":\"https:\/\/casasinhaus.com\/fr\/avantages-du-service-cle-main\/\",\"name\":\"Avantages du service cl\\u00e9 en main - inHAUS\",\"isPartOf\":{\"@id\":\"https:\/\/casasinhaus.com\/fr\/#website\"},\"datePublished\":\"2018-08-19T21:45:16+00:00\",\"dateModified\":\"2020-06-24T10:54:30+00:00\",\"inLanguage\":\"fr-FR\",\"potentialAction\":[{\"@type\":\"ReadAction\",\"target\":[\"https:\/\/casasinhaus.com\/fr\/avantages-du-service-cle-main\/\"]}]}]}<\/script>\n<!-- \/ Yoast SEO plugin. -->","_links":{"self":[{"href":"https:\/\/casasinhaus.com\/fr\/wp-json\/wp\/v2\/pages\/25168"}],"collection":[{"href":"https:\/\/casasinhaus.com\/fr\/wp-json\/wp\/v2\/pages"}],"about":[{"href":"https:\/\/casasinhaus.com\/fr\/wp-json\/wp\/v2\/types\/page"}],"author":[{"embeddable":true,"href":"https:\/\/casasinhaus.com\/fr\/wp-json\/wp\/v2\/users\/27549"}],"replies":[{"embeddable":true,"href":"https:\/\/casasinhaus.com\/fr\/wp-json\/wp\/v2\/comments?post=25168"}],"version-history":[{"count":6,"href":"https:\/\/casasinhaus.com\/fr\/wp-json\/wp\/v2\/pages\/25168\/revisions"}],"predecessor-version":[{"id":38072,"href":"https:\/\/casasinhaus.com\/fr\/wp-json\/wp\/v2\/pages\/25168\/revisions\/38072"}],"wp:attachment":[{"href":"https:\/\/casasinhaus.com\/fr\/wp-json\/wp\/v2\/media?parent=25168"}],"curies":[{"name":"wp","href":"https:\/\/api.w.org\/{rel}","templated":true}]}}