{"id":25178,"date":"2018-07-31T11:22:34","date_gmt":"2018-07-31T10:22:34","guid":{"rendered":"https:\/\/casasinhaus.com\/?page_id=25178"},"modified":"2020-06-24T16:10:20","modified_gmt":"2020-06-24T15:10:20","slug":"inhaus-pour-les-profesionnels-2","status":"publish","type":"page","link":"https:\/\/casasinhaus.com\/fr\/inhaus-pour-les-profesionnels-2\/","title":{"rendered":"inHAUS pour les professionnels"},"content":{"rendered":"\t\t<div data-elementor-type=\"wp-post\" data-elementor-id=\"25178\" class=\"elementor elementor-25178 elementor-14946\" data-elementor-settings=\"[]\">\n\t\t\t\t\t\t<div class=\"elementor-inner\">\n\t\t\t\t\t\t\t<div class=\"elementor-section-wrap\">\n\t\t\t\t\t\t\t<section class=\"elementor-section elementor-top-section elementor-element elementor-element-3c9599d8 elementor-section-boxed elementor-section-height-default elementor-section-height-default\" data-id=\"3c9599d8\" data-element_type=\"section\">\n\t\t\t\t\t\t<div class=\"elementor-container elementor-column-gap-default\">\n\t\t\t\t\t\t\t<div class=\"elementor-row\">\n\t\t\t\t\t<div class=\"elementor-column elementor-col-100 elementor-top-column elementor-element elementor-element-4c41f72f\" data-id=\"4c41f72f\" data-element_type=\"column\">\n\t\t\t<div class=\"elementor-column-wrap elementor-element-populated\">\n\t\t\t\t\t\t\t<div class=\"elementor-widget-wrap\">\n\t\t\t\t\t\t<div class=\"elementor-element elementor-element-42a4864a elementor-widget elementor-widget-text-editor\" data-id=\"42a4864a\" data-element_type=\"widget\" data-widget_type=\"text-editor.default\">\n\t\t\t\t<div class=\"elementor-widget-container\">\n\t\t\t\t\t\t\t\t<div class=\"elementor-text-editor elementor-clearfix\">\n\t\t\t\t[vc_row visibility=&#8221;hidden-phone&#8221;][vc_column][layerslider_vc id=&#8221;67&#8243;][\/vc_column][\/vc_row][vc_row inner_container=&#8221;true&#8221;][vc_column][vc_separator color=&#8221;&#8221; thickness=&#8221;0&#8243; space_before=&#8221;15&#8243; space_after=&#8221;15&#8243;][vc_tta_tabs active_section=&#8221;1&#8243;][vc_tta_section title=&#8221;Avantages pour les professionnels&#8221; tab_id=&#8221;en-que-consiste&#8221;][vc_row_inner][vc_column_inner width=&#8221;2\/3&#8243;][vc_single_image image=&#8221;14975&#8243; custom_style=&#8221;margin-top: 15px;&#8221;][\/vc_column_inner][vc_column_inner width=&#8221;1\/3&#8243;][vc_column_text]<p style=\"text-align: right;\"><strong><span style=\"font-size: 36pt;\">Vitesse<\/span><\/strong><\/p><p>La rapidit\u00e9 est le facteur diff\u00e9renciant et comp\u00e9titif de toute promotion, la quantit\u00e9 de temps et de ressources investie rendra un investissement rentable ou non.<\/p><p>Avec inHAUS vous pouvez avoir votre logement en moins de 4 mois, ce qui acc\u00e9l\u00e8re consid\u00e9rablement la vente de votre bien.[\/vc_column_text][\/vc_column_inner][\/vc_row_inner][vc_separator color=&#8221;&#8221; thickness=&#8221;0&#8243; space_before=&#8221;30&#8243; space_after=&#8221;30&#8243;][vc_row_inner][vc_column_inner width=&#8221;1\/2&#8243;][vc_column_text]<p style=\"text-align: left;\"><strong><span style=\"font-size: 36pt;\">Qualit\u00e9<\/span><\/strong><\/p><p>L&#8217;acheteur actuel est extr\u00eamement exigeant. La perfection n&#8217;est plus un plus, c&#8217;est obligatoire. L&#8217;industrialisation des logements et des processus de construction offre au consommateur la perfection.<\/p><p>L&#8217;efficacit\u00e9 \u00e9nerg\u00e9tique de classe A est la norme dans les maisons inHAUS. Il est \u00e9galement essentiel d&#8217;apporter au march\u00e9 des maisons avec garantie de vente. Les finitions doivent \u00eatre &#8220;luxe&#8221;, de nos jours le consommateur ne se contente pas de moins. Et bien s\u00fbr, le degr\u00e9 d&#8217;\u00e9quipement du logement maximum, tout inclus, sans surprises.<\/p>[\/vc_column_text][\/vc_column_inner][vc_column_inner width=&#8221;1\/2&#8243;][vc_single_image image=&#8221;14973&#8243; custom_style=&#8221;margin-top: 15px;&#8221;][\/vc_column_inner][\/vc_row_inner][vc_separator color=&#8221;&#8221; thickness=&#8221;0&#8243; space_before=&#8221;30&#8243; space_after=&#8221;30&#8243;][vc_column_text]<p style=\"text-align: right;\"><strong><span style=\"font-size: 36pt;\">ROI<\/span><\/strong><\/p><p style=\"text-align: right;\">Combien de temps vous faut-il pour amortir un investissement dans un sch\u00e9ma classique ?<\/p><p style=\"text-align: right;\">L&#8217;un des principaux avantages est la r\u00e9duction des d\u00e9lais. La maison peut \u00eatre livr\u00e9e en moins de 5 mois. Ainsi, avec une bonne campagne de vente, le retour sur investissement peut \u00eatre quasi imm\u00e9diat. En triplant la vitesse d&#8217;ex\u00e9cution, l&#8217;op\u00e9ration se termine beaucoup plus t\u00f4t, permettant beaucoup plus d&#8217;op\u00e9rations en un m\u00eame laps de temps.<\/p>[\/vc_column_text][vc_single_image image=&#8221;14972&#8243; visibility=&#8221;hidden-phone&#8221;][vc_column_text][\/vc_column_text][vc_separator color=&#8221;&#8221; thickness=&#8221;0&#8243; space_before=&#8221;30&#8243; space_after=&#8221;30&#8243;][vc_row_inner][vc_column_inner width=&#8221;1\/2&#8243; visibility=&#8221;visible-pc&#8221;][vc_single_image image=&#8221;14969&#8243;][\/vc_column_inner][vc_column_inner width=&#8221;1\/2&#8243;][vc_column_text]<p style=\"text-align: center; border: 1px solid; padding: 15px 15px 25px 15px; width: 300px; margin: auto;\"><span style=\"font-size: 36pt;\">service<\/span><br \/><span style=\"font-size: 57pt; margin-top: -15px !important; line-height: 45px;\">360\u00ba<\/span><\/p>[\/vc_column_text][vc_separator color=&#8221;&#8221; thickness=&#8221;0&#8243; space_before=&#8221;15&#8243; space_after=&#8221;15&#8243;][vc_column_text]Architecture, chiffrage du projet, topographie, construction, ing\u00e9nierie, permis, \u00e9quipement.<\/p><p>Absolument tout sera r\u00e9solu avec un seul interlocuteur. Optimisez et acc\u00e9l\u00e9rez vos investissements.<\/p><p>Ne vous arr\u00eatez pas \u00e0 des n\u00e9gociations absurdes et des divergences entre les interlocuteurs.[\/vc_column_text][\/vc_column_inner][\/vc_row_inner][\/vc_tta_section][vc_tta_section title=&#8221;Type de promotions&#8221; tab_id=&#8221;a-quien-va-dirigido&#8221;][vc_column_text]<p style=\"text-align: center;\"><span style=\"font-size: 18pt;\">PROFIL DE PROMOTION<br \/><\/span><\/p>[\/vc_column_text][vc_separator color=&#8221;&#8221; thickness=&#8221;0&#8243; space_before=&#8221;5&#8243; space_after=&#8221;5&#8243;][vc_row_inner][vc_column_inner width=&#8221;1\/4&#8243;][vc_column_text]<img loading=\"lazy\" class=\"aligncenter wp-image-12877 size-full\" src=\"http:\/\/casasinhaus.com\/wp-content\/uploads\/2017\/03\/velocidad-one-day.png\" alt=\"\" width=\"91\" height=\"91\" srcset=\"https:\/\/casasinhaus.com\/wp-content\/uploads\/2017\/03\/velocidad-one-day.png 512w, https:\/\/casasinhaus.com\/wp-content\/uploads\/2017\/03\/velocidad-one-day-150x150.png 150w, https:\/\/casasinhaus.com\/wp-content\/uploads\/2017\/03\/velocidad-one-day-300x300.png 300w\" sizes=\"(max-width: 91px) 100vw, 91px\" \/><\/p><p style=\"text-align: center; font-size: 18px; color: #13a58d; border: 2px solid; padding: 0 15px; font-weight: bold;\">VITESSE<\/p><p style=\"text-align: center;\"><strong>VOLONT\u00c9 DE LIVRER NOS MAISONS RAPIDEMENT<br \/><\/strong><\/p><p style=\"text-align: center;\">Quiero\u00a0entregar las primeras unidades de la promoci\u00f3n con en 6 &#8211; 12 meses.<\/p>[\/vc_column_text][\/vc_column_inner][vc_column_inner width=&#8221;1\/4&#8243;][vc_column_text]<img loading=\"lazy\" class=\"aligncenter size-full wp-image-12881\" src=\"http:\/\/casasinhaus.com\/wp-content\/uploads\/2017\/03\/coins.png\" alt=\"\" width=\"91\" height=\"91\" srcset=\"https:\/\/casasinhaus.com\/wp-content\/uploads\/2017\/03\/coins.png 512w, https:\/\/casasinhaus.com\/wp-content\/uploads\/2017\/03\/coins-150x150.png 150w, https:\/\/casasinhaus.com\/wp-content\/uploads\/2017\/03\/coins-300x300.png 300w\" sizes=\"(max-width: 91px) 100vw, 91px\" \/><\/p><p style=\"text-align: center; font-size: 18px; color: #13a58d; border: 2px solid; padding: 0 15px; font-weight: bold;\">PRIX<\/p><p style=\"text-align: center;\"><strong>MON CLIENT INVESTIRA PLUS DE 600.000\u20ac<\/strong><\/p><p style=\"text-align: center;\">Nous travaillons sur les terrains premium avec des maisons ISOL\u00c9ES haut de gamme.<\/p>[\/vc_column_text][\/vc_column_inner][vc_column_inner width=&#8221;1\/4&#8243;][vc_column_text]<img loading=\"lazy\" class=\"aligncenter size-full wp-image-12882\" src=\"http:\/\/casasinhaus.com\/wp-content\/uploads\/2017\/03\/premium-badge.png\" alt=\"\" width=\"91\" height=\"91\" srcset=\"https:\/\/casasinhaus.com\/wp-content\/uploads\/2017\/03\/premium-badge.png 512w, https:\/\/casasinhaus.com\/wp-content\/uploads\/2017\/03\/premium-badge-150x150.png 150w, https:\/\/casasinhaus.com\/wp-content\/uploads\/2017\/03\/premium-badge-300x300.png 300w\" sizes=\"(max-width: 91px) 100vw, 91px\" \/><\/p><p style=\"text-align: center; font-size: 18px; color: #13a58d; border: 2px solid; padding: 0 15px; font-weight: bold;\">QUALIT\u00c9<\/p><p style=\"text-align: center;\"><strong>FINITIONS ET \u00c9QUIPEMENTS PREMIUM<br \/><\/strong><\/p><p style=\"text-align: center;\">Mon client veut le plus. Il veut le meilleur, et il veut tout.<\/p>[\/vc_column_text][\/vc_column_inner][vc_column_inner width=&#8221;1\/4&#8243;][vc_column_text]<img loading=\"lazy\" class=\"aligncenter size-full wp-image-12883\" src=\"http:\/\/casasinhaus.com\/wp-content\/uploads\/2017\/03\/map-location.png\" alt=\"\" width=\"91\" height=\"91\" srcset=\"https:\/\/casasinhaus.com\/wp-content\/uploads\/2017\/03\/map-location.png 512w, https:\/\/casasinhaus.com\/wp-content\/uploads\/2017\/03\/map-location-150x150.png 150w, https:\/\/casasinhaus.com\/wp-content\/uploads\/2017\/03\/map-location-300x300.png 300w\" sizes=\"(max-width: 91px) 100vw, 91px\" \/><\/p><p style=\"text-align: center; font-size: 18px; color: #13a58d; border: 2px solid; padding: 0 15px; font-weight: bold;\">PARCELLE<\/p><p style=\"text-align: center;\"><strong>EMPLACEMENT DANS DES TERRAINS PRIVIL\u00c9GI\u00c9S<br \/><\/strong><\/p><p style=\"text-align: center;\">Emplacements sp\u00e9ciaux, surfaces sup\u00e9rieures \u00e0 800m\u00b2 pour des villas authentiques.<\/p>[\/vc_column_text][\/vc_column_inner][\/vc_row_inner][vc_separator color=&#8221;&#8221; thickness=&#8221;0&#8243; space_before=&#8221;30&#8243; space_after=&#8221;30&#8243;][vc_column_text]<p style=\"text-align: center;\"><span style=\"font-size: 18pt;\"><strong><span style=\"font-size: 18pt;\">&#8211; PHILOSOPHIE PARTAG\u00c9E<\/span><span style=\"font-size: 18pt;\">\u00a0&#8211;<\/span><br \/><\/strong><\/span><\/p><p style=\"text-align: center;\">Nos objectifs sont les m\u00eames, nos clients recherchent la m\u00eame chose que nous : <strong>Qualit\u00e9, Garantie, S\u00e9curit\u00e9<br \/><\/strong>Chez Casas inHAUS S.L., nous travaillons ensemble pour satisfaire notre client et notre entreprise.<\/p><p style=\"text-align: center;\">Ce sera une exp\u00e9rience exclusive, rentable et simple.<\/p>[\/vc_column_text][vc_separator color=&#8221;&#8221; thickness=&#8221;0&#8243; space_before=&#8221;30&#8243; space_after=&#8221;30&#8243;][vc_column_text]<div class=\"criterios\"><p class=\"criterios_title\" style=\"text-align: center;\"><strong>CRIT\u00c8RES DE QUALIT\u00c9<\/strong><\/p><p style=\"text-align: center;\"><em><span style=\"font-size: 14pt;\">Gr\u00e2ce \u00e0 inHAUS PROFESIONAL nous offrons une solution int\u00e9grale pour que le d\u00e9roulement des projets immobiliers aboutisse au succ\u00e8s de la fa\u00e7on la plus simple possible.\u00a0<\/span><\/em><\/p><p style=\"text-align: center;\"><em><span style=\"font-size: 14pt;\">Notre objectif est de fournir un service B2B de qualit\u00e9, entre proffes<\/span><\/em><em><span style=\"font-size: 14pt;\">sionnels qui parlent le m\u00eame langage. <\/span><\/em><\/p><p style=\"text-align: center;\"><strong><br \/>&#8211; EXCELLENCE &#8211;<\/strong><\/p><p style=\"text-align: center;\">Une condition n\u00e9cessaire pour arriver \u00e0 un projet qualitatif, c&#8217;est de tenir une bonne base de travail. Les parcelles doivent \u00eatre grandes, d&#8217;au moins 800 m\u00b2 et situ\u00e9es dans les r\u00e9gions principales d&#8217;Espagne.<\/p><p style=\"text-align: center;\"><strong><br \/>&#8211; RIGUEUR &#8211;<br \/><\/strong><\/p><p style=\"text-align: center;\">Nous appr\u00e9cions profond\u00e9ment la qualit\u00e9 de l&#8217;espace de vie. Nous aimons le design sans n\u00e9gliger la fonction. Nous travaillons dans un syst\u00e8me d&#8217;am\u00e9lioration continue \u00e0 la recherche de la perfection totale du produit fini. Nous sommes sp\u00e9cialis\u00e9s dans les maisons de premi\u00e8re classe grand format.<\/p><p style=\"text-align: center;\"><strong>&#8211; VITESSE &#8211;<br \/><\/strong><\/p><p style=\"text-align: center;\">La r\u00e9duction des d\u00e9lais de livraison est l&#8217;une des conditions les plus avantageuses pour le professionnel travaillant avec notre syst\u00e8me industrialis\u00e9. La production, presque en cha\u00eene, r\u00e9duit au minimum les temps d&#8217;attente et, par cons\u00e9quent, ceux d&#8217;ex\u00e9cution et de la remise des cl\u00e9s au client final.<\/p><\/div>[\/vc_column_text][\/vc_tta_section][vc_tta_section title=&#8221;Conditions sp\u00e9ciales&#8221; tab_id=&#8221;inscripcion&#8221;][vc_row_inner][vc_column_inner width=&#8221;1\/2&#8243;][vc_single_image image=&#8221;14993&#8243;][\/vc_column_inner][vc_column_inner width=&#8221;1\/2&#8243;][vc_column_text]<p style=\"text-align: center;\"><strong><span style=\"font-size: 18pt;\">NOUS PENSONS \u00c0 VOTRE RENTABILIT\u00c9<\/span><\/strong><\/p><p>En tant que service B2B, nous avons un environnement de travail parmi les professionnels \u00e0 partir duquel une s\u00e9rie de liens syndicaux sont d\u00e9riv\u00e9s, ce qui conduira indubitablement \u00e0 une am\u00e9lioration des conditions de travail.<\/p><p><strong>D\u00c9PARTEMENT BUSINESS<br \/><\/strong>Vous travaillerez directement avec notre d\u00e9partement inHAUS PROFESSIONEL. Ainsi, nous parlerons entre professionnels ce qui facilitera la compr\u00e9hension, la communication et l&#8217;agilit\u00e9 dans la prise de d\u00e9cision.<\/p><p><strong>QUALIT\u00c9 OPTIMALE\u00a0<\/strong><br \/>\u00c9tant une entreprise, nous comprenons que le niveau d&#8217;\u00e9quipement dans la maison peut \u00eatre adapt\u00e9 aux normes de chaque professionnel.<\/p><p><strong>TIMMING<\/strong><br \/>L&#8217;agilit\u00e9 du d\u00e9partement inHAUS PROFESSIONAL, orient\u00e9 exclusivement vers le client professionnel, signifie que les d\u00e9lais, tant pour le d\u00e9veloppement technique du projet que pour la construction, seront consid\u00e9rablement r\u00e9duits par rapport aux d\u00e9lais de construction traditionnels.<\/p><p><strong>R\u00c9CEPTION OPTIMALE<\/strong><br \/>Nous d\u00e9finirons une s\u00e9rie de lignes directrices pour tous vos foyers. Des d\u00e9cisions communes pour l&#8217;ensemble de votre promotion auront un impact direct sur l&#8217;ensemble.<\/p><p><strong>NOUS VOULONS \u00caTRE VOTRE PARTENAIRE<\/strong><br \/>Votre succ\u00e8s sera aussi le n\u00f4tre. L&#8217;objectif est commun, par cons\u00e9quent, nous allons travailler ensemble des mat\u00e9riaux de soutien \u00e0 la vente tels que des infographies, des images de l&#8217;ensemble et de la documentation attrayante \u00e0 vendre. [\/vc_column_text][\/vc_column_inner][\/vc_row_inner][vc_column_text]<div style=\"text-align: center; border: 1px solid; padding: 15px 20px; margin-top: 30px;\"><p style=\"text-align: center;\"><strong>NOTRE OBJECTIF EST DE DONNER UN SERVICE RENTABLE AUX PROFESSIONNELS<\/strong><\/p><p style=\"text-align: center;\"><strong>\u00a0SELON LES EXIGENCES DU MARCH\u00c9 ACTUEL<\/strong><\/p><\/div><hr style=\"backgroud-color: #008b92;\" \/>[\/vc_column_text][vc_separator color=&#8221;&#8221; thickness=&#8221;0&#8243; space_before=&#8221;30&#8243; space_after=&#8221;30&#8243;][vc_column_text]<hr \/>[\/vc_column_text][\/vc_tta_section][\/vc_tta_tabs][\/vc_column][\/vc_row]\t\t\t\t\t<\/div>\n\t\t\t\t\t\t<\/div>\n\t\t\t\t<\/div>\n\t\t\t\t\t\t<\/div>\n\t\t\t\t\t<\/div>\n\t\t<\/div>\n\t\t\t\t\t\t\t\t<\/div>\n\t\t\t\t\t<\/div>\n\t\t<\/section>\n\t\t\t\t\t\t<\/div>\n\t\t\t\t\t\t<\/div>\n\t\t\t\t\t<\/div>\n\t\t","protected":false},"excerpt":{"rendered":"<p>[vc_row visibility=&#8221;hidden-phone&#8221;][vc_column][layerslider_vc id=&#8221;67&#8243;][\/vc_column][\/vc_row][vc_row inner_container=&#8221;true&#8221;][vc_column][vc_separator color=&#8221;&#8221; thickness=&#8221;0&#8243; space_before=&#8221;15&#8243; space_after=&#8221;15&#8243;][vc_tta_tabs active_section=&#8221;1&#8243;][vc_tta_section title=&#8221;Avantages pour les professionnels&#8221; tab_id=&#8221;en-que-consiste&#8221;][vc_row_inner][vc_column_inner width=&#8221;2\/3&#8243;][vc_single_image image=&#8221;14975&#8243; custom_style=&#8221;margin-top: 15px;&#8221;][\/vc_column_inner][vc_column_inner width=&#8221;1\/3&#8243;][vc_column_text] Vitesse La rapidit\u00e9 est le facteur diff\u00e9renciant et comp\u00e9titif de toute promotion, la quantit\u00e9 de temps et de ressources investie rendra un investissement rentable ou non. Avec inHAUS vous pouvez avoir votre logement en moins de 4 mois, ce qui acc\u00e9l\u00e8re&#8230;<\/p>\n<div><a href=\"https:\/\/casasinhaus.com\/fr\/inhaus-pour-les-profesionnels-2\/\" class=\"read-more\">Read More <i class=\"fa fa-arrow-right\"><\/i><\/a><\/div>\n","protected":false},"author":27549,"featured_media":0,"parent":0,"menu_order":698,"comment_status":"closed","ping_status":"closed","template":"page-full-width.php","meta":[],"yoast_head":"<!-- This site is optimized with the Yoast SEO plugin v15.1.1 - https:\/\/yoast.com\/wordpress\/plugins\/seo\/ -->\n<meta name=\"robots\" content=\"index, follow, max-snippet:-1, max-image-preview:large, max-video-preview:-1\" \/>\n<link rel=\"canonical\" href=\"https:\/\/casasinhaus.com\/fr\/inhaus-pour-les-profesionnels-2\/\" \/>\n<meta property=\"og:locale\" content=\"fr_FR\" \/>\n<meta property=\"og:type\" content=\"article\" \/>\n<meta property=\"og:title\" content=\"inHAUS pour les professionnels - inHAUS\" \/>\n<meta property=\"og:description\" content=\"[vc_row visibility=&#8221;hidden-phone&#8221;][vc_column][layerslider_vc id=&#8221;67&#8243;][\/vc_column][\/vc_row][vc_row inner_container=&#8221;true&#8221;][vc_column][vc_separator color=&#8221;&#8221; thickness=&#8221;0&#8243; space_before=&#8221;15&#8243; space_after=&#8221;15&#8243;][vc_tta_tabs active_section=&#8221;1&#8243;][vc_tta_section title=&#8221;Avantages pour les professionnels&#8221; tab_id=&#8221;en-que-consiste&#8221;][vc_row_inner][vc_column_inner width=&#8221;2\/3&#8243;][vc_single_image image=&#8221;14975&#8243; custom_style=&#8221;margin-top: 15px;&#8221;][\/vc_column_inner][vc_column_inner width=&#8221;1\/3&#8243;][vc_column_text] Vitesse La rapidit\u00e9 est le facteur diff\u00e9renciant et comp\u00e9titif de toute promotion, la quantit\u00e9 de temps et de ressources investie rendra un investissement rentable ou non. Avec inHAUS vous pouvez avoir votre logement en moins de 4 mois, ce qui acc\u00e9l\u00e8re...Read More\" \/>\n<meta property=\"og:url\" content=\"https:\/\/casasinhaus.com\/fr\/inhaus-pour-les-profesionnels-2\/\" \/>\n<meta property=\"og:site_name\" content=\"inHAUS\" \/>\n<meta property=\"article:publisher\" content=\"https:\/\/www.facebook.com\/casasmodularesinhaus\" \/>\n<meta property=\"article:modified_time\" content=\"2020-06-24T15:10:20+00:00\" \/>\n<meta property=\"og:image\" content=\"http:\/\/casasinhaus.com\/wp-content\/uploads\/2017\/03\/velocidad-one-day.png\" \/>\n<meta name=\"twitter:card\" content=\"summary\" \/>\n<meta name=\"twitter:creator\" content=\"@casasinhaus\" \/>\n<meta name=\"twitter:site\" content=\"@casasinhaus\" \/>\n<script type=\"application\/ld+json\" class=\"yoast-schema-graph\">{\"@context\":\"https:\/\/schema.org\",\"@graph\":[{\"@type\":\"WebSite\",\"@id\":\"https:\/\/casasinhaus.com\/fr\/#website\",\"url\":\"https:\/\/casasinhaus.com\/fr\/\",\"name\":\"inHAUS\",\"description\":\"construcci\\u00f3n de casas de dise\\u00f1o moderno modular, prefabricado y de obra.\",\"potentialAction\":[{\"@type\":\"SearchAction\",\"target\":\"https:\/\/casasinhaus.com\/fr\/?s={search_term_string}\",\"query-input\":\"required name=search_term_string\"}],\"inLanguage\":\"fr-FR\"},{\"@type\":\"ImageObject\",\"@id\":\"https:\/\/casasinhaus.com\/fr\/inhaus-pour-les-profesionnels-2\/#primaryimage\",\"inLanguage\":\"fr-FR\",\"url\":\"http:\/\/casasinhaus.com\/wp-content\/uploads\/2017\/03\/velocidad-one-day.png\"},{\"@type\":\"WebPage\",\"@id\":\"https:\/\/casasinhaus.com\/fr\/inhaus-pour-les-profesionnels-2\/#webpage\",\"url\":\"https:\/\/casasinhaus.com\/fr\/inhaus-pour-les-profesionnels-2\/\",\"name\":\"inHAUS pour les professionnels - inHAUS\",\"isPartOf\":{\"@id\":\"https:\/\/casasinhaus.com\/fr\/#website\"},\"primaryImageOfPage\":{\"@id\":\"https:\/\/casasinhaus.com\/fr\/inhaus-pour-les-profesionnels-2\/#primaryimage\"},\"datePublished\":\"2018-07-31T10:22:34+00:00\",\"dateModified\":\"2020-06-24T15:10:20+00:00\",\"inLanguage\":\"fr-FR\",\"potentialAction\":[{\"@type\":\"ReadAction\",\"target\":[\"https:\/\/casasinhaus.com\/fr\/inhaus-pour-les-profesionnels-2\/\"]}]}]}<\/script>\n<!-- \/ Yoast SEO plugin. -->","_links":{"self":[{"href":"https:\/\/casasinhaus.com\/fr\/wp-json\/wp\/v2\/pages\/25178"}],"collection":[{"href":"https:\/\/casasinhaus.com\/fr\/wp-json\/wp\/v2\/pages"}],"about":[{"href":"https:\/\/casasinhaus.com\/fr\/wp-json\/wp\/v2\/types\/page"}],"author":[{"embeddable":true,"href":"https:\/\/casasinhaus.com\/fr\/wp-json\/wp\/v2\/users\/27549"}],"replies":[{"embeddable":true,"href":"https:\/\/casasinhaus.com\/fr\/wp-json\/wp\/v2\/comments?post=25178"}],"version-history":[{"count":11,"href":"https:\/\/casasinhaus.com\/fr\/wp-json\/wp\/v2\/pages\/25178\/revisions"}],"predecessor-version":[{"id":38106,"href":"https:\/\/casasinhaus.com\/fr\/wp-json\/wp\/v2\/pages\/25178\/revisions\/38106"}],"wp:attachment":[{"href":"https:\/\/casasinhaus.com\/fr\/wp-json\/wp\/v2\/media?parent=25178"}],"curies":[{"name":"wp","href":"https:\/\/api.w.org\/{rel}","templated":true}]}}