{"id":25618,"date":"2014-11-24T13:28:21","date_gmt":"2014-11-24T12:28:21","guid":{"rendered":"https:\/\/casasinhaus.com\/contacto\/"},"modified":"2018-08-19T22:49:50","modified_gmt":"2018-08-19T21:49:50","slug":"contacto","status":"publish","type":"page","link":"https:\/\/casasinhaus.com\/fr\/contacto\/","title":{"rendered":"Contact"},"content":{"rendered":"[vc_row][vc_column width=&#8221;2\/3&#8243;][vc_row_inner][vc_column_inner][vc_column_text]\n<div class=\"noo-text-block\">\n<p><strong>Locaux inHAUS :<\/strong><\/p>\n<\/div>\n<div class=\"vc_row wpb_row vc_inner vc_row-fluid\">\n<div class=\"wpb_column vc_column_container vc_col-sm-12\">\n<div class=\"vc_column-inner \">\n<div class=\"wpb_wrapper\">\n<div class=\"noo-text-block\">\n<p>Le bureau-usine inHAUS : tous les d\u00e9partements sont pr\u00e9sents, tous les corps de m\u00e9tiers sont rassembl\u00e9s, \u00e0 savoir l\u2019\u00e9quipe d\u2019architectes-ing\u00e9nieurs qui dessine les maisons, et l\u2019\u00e9quipe des artisans qui les fabrique ainsi qu&#8217;un espace de r\u00e9ception de la client\u00e8le avec ses agents commerciaux.<\/p>\n<p>Notre adresse : Poligono industrial Juan Carlos I &#8211; Avenida de Picassent, 12 \u2013 46440 Almussafes (Valencia) ESPAGNE<\/p>\n<p><strong>Visite inHAUS, uniquement sur rendez-vous :<\/strong><\/p>\n<p>Nous sommes joignables du lundi au vendredi, de 9h \u00e0 14h et de 15h \u00e0 18h.<\/p>\n<p>info@casasinhaus.com<\/p>\n<\/div>\n<\/div>\n<\/div>\n<\/div>\n<\/div>\n<p>Contact France :\u00a0<a href=\"tel:0970448595\">09 70 44 85 95<\/a><\/p>\n<p>Contact Espagne :\u00a0<a href=\"tel:0034963519219\">0034 900 102 961<\/a>[\/vc_column_text][vc_column_text]<iframe style=\"border: 0;\" src=\"https:\/\/www.google.com\/maps\/embed?pb=!1m18!1m12!1m3!1d3087.161656538751!2d-0.4220414767269401!3d39.30725901510842!2m3!1f0!2f0!3f0!3m2!1i1024!2i768!4f13.1!3m3!1m2!1s0xd61b2c4e0b4f69b%3A0x362308ea25850bfd!2sCalle+H1+P.I.Juan+Carlos+I%2C+12%2C+46440+Almusafes%2C+Valencia!5e0!3m2!1ses!2ses!4v1528961387954\" width=\"100%\" height=\"450\" frameborder=\"0\" allowfullscreen=\"allowfullscreen\"><\/iframe>[\/vc_column_text][\/vc_column_inner][\/vc_row_inner][\/vc_column][vc_column width=&#8221;1\/3&#8243;]<script type=\"text\/javascript\">var gform;gform||(document.addEventListener(\"gform_main_scripts_loaded\",function(){gform.scriptsLoaded=!0}),window.addEventListener(\"DOMContentLoaded\",function(){gform.domLoaded=!0}),gform={domLoaded:!1,scriptsLoaded:!1,initializeOnLoaded:function(o){gform.domLoaded&&gform.scriptsLoaded?o():!gform.domLoaded&&gform.scriptsLoaded?window.addEventListener(\"DOMContentLoaded\",o):document.addEventListener(\"gform_main_scripts_loaded\",o)},hooks:{action:{},filter:{}},addAction:function(o,n,r,t){gform.addHook(\"action\",o,n,r,t)},addFilter:function(o,n,r,t){gform.addHook(\"filter\",o,n,r,t)},doAction:function(o){gform.doHook(\"action\",o,arguments)},applyFilters:function(o){return gform.doHook(\"filter\",o,arguments)},removeAction:function(o,n){gform.removeHook(\"action\",o,n)},removeFilter:function(o,n,r){gform.removeHook(\"filter\",o,n,r)},addHook:function(o,n,r,t,i){null==gform.hooks[o][n]&&(gform.hooks[o][n]=[]);var e=gform.hooks[o][n];null==i&&(i=n+\"_\"+e.length),gform.hooks[o][n].push({tag:i,callable:r,priority:t=null==t?10:t})},doHook:function(n,o,r){var t;if(r=Array.prototype.slice.call(r,1),null!=gform.hooks[n][o]&&((o=gform.hooks[n][o]).sort(function(o,n){return o.priority-n.priority}),o.forEach(function(o){\"function\"!=typeof(t=o.callable)&&(t=window[t]),\"action\"==n?t.apply(null,r):r[0]=t.apply(null,r)})),\"filter\"==n)return r[0]},removeHook:function(o,n,t,i){var r;null!=gform.hooks[o][n]&&(r=(r=gform.hooks[o][n]).filter(function(o,n,r){return!!(null!=i&&i!=o.tag||null!=t&&t!=o.priority)}),gform.hooks[o][n]=r)}});<\/script>\n                <div class='gf_browser_gecko gform_wrapper gform_legacy_markup_wrapper gform-theme--no-framework' data-form-theme='legacy' data-form-index='0' id='gform_wrapper_32' ><div id='gf_32' class='gform_anchor' tabindex='-1'><\/div><form method='post' enctype='multipart\/form-data' target='gform_ajax_frame_32' id='gform_32'  action='\/fr\/wp-json\/wp\/v2\/pages\/25618#gf_32' data-formid='32' novalidate><div class='gf_invisible ginput_recaptchav3' data-sitekey='6Lf4Yn0pAAAAAI-o3ppnyQyRoEnLG-DcwtupfdVA' data-tabindex='0'><input id=\"input_b35de48d3e8932398794edeeebf36c18\" class=\"gfield_recaptcha_response\" type=\"hidden\" name=\"input_b35de48d3e8932398794edeeebf36c18\" value=\"\"\/><\/div> \r\n <input type='hidden' class='gforms-pum' value='{\"closepopup\":false,\"closedelay\":0,\"openpopup\":false,\"openpopup_id\":0}' \/>\n                        <div class='gform-body gform_body'><ul id='gform_fields_32' class='gform_fields top_label form_sublabel_below description_below'><li id=\"field_32_1\" class=\"gfield gfield--type-text contacto_footer gfield_contains_required field_sublabel_below gfield--no-description field_description_below gfield_visibility_visible\"  data-js-reload=\"field_32_1\" ><label class='gfield_label gform-field-label' for='input_32_1'>Nom<span class=\"gfield_required\"><span class=\"gfield_required gfield_required_asterisk\">*<\/span><\/span><\/label><div class='ginput_container ginput_container_text'><input name='input_1' id='input_32_1' type='text' value='' class='large'     aria-required=\"true\" aria-invalid=\"false\"   \/> <\/div><\/li><li id=\"field_32_7\" class=\"gfield gfield--type-email gfield_contains_required field_sublabel_below gfield--no-description field_description_below gfield_visibility_visible\"  data-js-reload=\"field_32_7\" ><label class='gfield_label gform-field-label' for='input_32_7'>Email<span class=\"gfield_required\"><span class=\"gfield_required gfield_required_asterisk\">*<\/span><\/span><\/label><div class='ginput_container ginput_container_email'>\n                            <input name='input_7' id='input_32_7' type='email' value='' class='medium'    aria-required=\"true\" aria-invalid=\"false\"  \/>\n                        <\/div><\/li><li id=\"field_32_8\" class=\"gfield gfield--type-phone gfield_contains_required field_sublabel_below gfield--no-description field_description_below gfield_visibility_visible\"  data-js-reload=\"field_32_8\" ><label class='gfield_label gform-field-label' for='input_32_8'>T\u00e9l\u00e9phone<span class=\"gfield_required\"><span class=\"gfield_required gfield_required_asterisk\">*<\/span><\/span><\/label><div class='ginput_container ginput_container_phone'><input name='input_8' id='input_32_8' type='tel' value='' class='medium'   aria-required=\"true\" aria-invalid=\"false\"   \/><\/div><\/li><li id=\"field_32_6\" class=\"gfield gfield--type-select gfield_contains_required field_sublabel_below gfield--no-description field_description_below gfield_visibility_visible\"  data-js-reload=\"field_32_6\" ><label class='gfield_label gform-field-label' for='input_32_6'>Type de client<span class=\"gfield_required\"><span class=\"gfield_required gfield_required_asterisk\">*<\/span><\/span><\/label><div class='ginput_container ginput_container_select'><select name='input_6' id='input_32_6' class='large gfield_select'    aria-required=\"true\" aria-invalid=\"false\" ><option value='' selected='selected' class='gf_placeholder'>Type de client *<\/option><option value='Particular' >Je suis un client priv\u00e9<\/option><option value='Profesional' >Je suis un client professionnel (architecte, promoteur...).<\/option><\/select><\/div><\/li><li id=\"field_32_4\" class=\"gfield gfield--type-textarea contacto_footer field_sublabel_below gfield--no-description field_description_below gfield_visibility_visible\"  data-js-reload=\"field_32_4\" ><label class='gfield_label gform-field-label' for='input_32_4'>Message<\/label><div class='ginput_container ginput_container_textarea'><textarea name='input_4' id='input_32_4' class='textarea small'      aria-invalid=\"false\"   rows='10' cols='50'><\/textarea><\/div><\/li><li id=\"field_32_5\" class=\"gfield gfield--type-tos gfield--type-choice gfield--input-type-checkbox gfield_contains_required field_sublabel_below gfield--no-description field_description_below gfield_visibility_visible\"  data-js-reload=\"field_32_5\" ><label class='gfield_label gform-field-label gfield_label_before_complex' >Information sur la protection des donn\u00e9es<span class=\"gfield_required\"><span class=\"gfield_required gfield_required_asterisk\">*<\/span><\/span><\/label><div id='gw_terms_5' class='large gptos_terms_container gwtos_terms_container'><div class='gptos_the_terms'><p><strong>Personne responsable:<\/strong> Casas inHAUS S.L.<br \/>\n<strong>But:<\/strong> Obtenir votre consentement pour r\u00e9pondre aux questions que vous soulevez via notre formulaire de contact.<br \/>\n<strong>L\u00e9gitimation:<\/strong> Consentement de la partie int\u00e9ress\u00e9e.<br \/>\n<strong>Destinataires:<\/strong> Aucune donn\u00e9e ne sera transf\u00e9r\u00e9e \u00e0 des tiers, sauf obligation l\u00e9gale.<br \/>\n<strong>Droits:<\/strong> acc\u00e9dez, rectifiez et supprimez des donn\u00e9es, ainsi que d'autres droits, comme expliqu\u00e9 dans les informations compl\u00e9mentaires.<br \/>\n<strong>Informations compl\u00e9mentaires:<\/strong> Vous pouvez consulter des informations plus d\u00e9taill\u00e9es sur la protection des donn\u00e9es \u00e0 l'adresse suivante: https:\/\/casasinhaus.com\/ley-de-proteccion-de-datos\/<\/p>\n<\/div><\/div>\n\t\t\t<style type=\"text\/css\">\n\n\t\t\t\t\/* Frontend Styles *\/\n\t\t\t\t.gptos_terms_container { height: 11.250em; width: 97.5%; background-color: #fff; overflow: auto; border: 1px solid #ccc; }\n\t\t\t\t.gptos_terms_container.small { width: 25%; }\n\t\t\t\t.gptos_terms_container.medium { width: 47.5%; }\n\t\t\t\t.gptos_terms_container.large { \/* default width *\/ }\n\t\t\t\t.left_label .gptos_terms_container,\n\t\t\t\t.right_label .gptos_terms_container { margin-left: 30% !important; width: auto !important; }\n\t\t\t\t.gform_wrapper .gptos_terms_container > div { margin: 1rem !important; }\n\t\t\t\t.gform_wrapper .gptos_terms_container ul,\n\t\t\t\t.gform_wrapper .gptos_terms_container ol { margin: 0 0 1rem 1.5rem !important; }\n\t\t\t\t.gform_wrapper .gptos_terms_container ul li { list-style: disc !important; }\n\t\t\t\t.gform_wrapper .gptos_terms_container ol li { list-style: decimal !important; }\n\t\t\t\t.gform_wrapper .gptos_terms_container p { margin: 0 0 1rem; }\n\t\t\t\t.gform_wrapper .gptos_terms_container *:last-child { margin-bottom: 0; }\n\n\t\t\t\t\/* Admin Styles *\/\n\t\t\t\t#gform_fields .gptos_terms_container { background-color: rgba( 255, 255, 255, 0.5 ); border-color: rgba( 222, 222, 222, 0.75 ); }\n\t\t\t\t#gform_fields .gptos_terms_container > div { margin: 1rem !important; }\n\t\t\t\t#gform_fields .gptos_terms_container p { margin: 0 0 1rem; }\n\t\t\t\t#gform_fields .gptos_terms_container *:last-child { margin-bottom: 0; }\n\n\t\t\t<\/style>\n\n\t\t\t<div class='ginput_container' style='margin-top:12px;'><ul class='gfield_checkbox' id='input_32_5'><li class='gchoice gchoice_32_5_1'>\n\t\t\t\t\t\t\t\t<input class='gfield-choice-input' name='input_5.1' type='checkbox'  value='J&#039;accepte la &lt;a href=&quot;https:\/\/casasinhaus.com\/fr\/politique-de-confidentialite\/&quot; target=&quot;_blank&quot;&gt;protection des donn\u00e9es&lt;\/a&gt;'  id='choice_32_5_1'   \/>\n\t\t\t\t\t\t\t\t<label for='choice_32_5_1' id='label_32_5_1' class='gform-field-label gform-field-label--type-inline'>J'accepte la <a href=\"https:\/\/casasinhaus.com\/fr\/politique-de-confidentialite\/\" target=\"_blank\">protection des donn\u00e9es<\/a><\/label>\n\t\t\t\t\t\t\t<\/li><\/ul><\/div><\/li><li id=\"field_32_9\" class=\"gfield gfield--type-honeypot gform_validation_container field_sublabel_below gfield--has-description field_description_below gfield_visibility_visible\"  data-js-reload=\"field_32_9\" ><label class='gfield_label gform-field-label' for='input_32_9'>Name<\/label><div class='ginput_container'><input name='input_9' id='input_32_9' type='text' value='' autocomplete='new-password'\/><\/div><div class='gfield_description' id='gfield_description_32_9'>Ce champ n\u2019est utilis\u00e9 qu\u2019\u00e0 des fins de validation et devrait rester inchang\u00e9.<\/div><\/li><\/ul><\/div>\n        <div class='gform_footer top_label'> <input type='submit' id='gform_submit_button_32' class='gform_button button' value='Contacter'  onclick='if(window[\"gf_submitting_32\"]){return false;}  if( !jQuery(\"#gform_32\")[0].checkValidity || jQuery(\"#gform_32\")[0].checkValidity()){window[\"gf_submitting_32\"]=true;}  ' onkeypress='if( event.keyCode == 13 ){ if(window[\"gf_submitting_32\"]){return false;} if( !jQuery(\"#gform_32\")[0].checkValidity || jQuery(\"#gform_32\")[0].checkValidity()){window[\"gf_submitting_32\"]=true;}  jQuery(\"#gform_32\").trigger(\"submit\",[true]); }' \/> <input type='hidden' name='gform_ajax' value='form_id=32&amp;title=&amp;description=&amp;tabindex=0&amp;theme=data-form-theme=&#039;legacy&#039;' \/>\n            <input type='hidden' class='gform_hidden' name='is_submit_32' value='1' \/>\n            <input type='hidden' class='gform_hidden' name='gform_submit' value='32' \/>\n            \n            <input type='hidden' class='gform_hidden' name='gform_unique_id' value='' \/>\n            <input type='hidden' class='gform_hidden' name='state_32' value='WyJbXSIsImYxNzYwZjU3NDg3NTdjMDJhN2MxMDQ2NDdkMzA2NTI3Il0=' \/>\n            <input type='hidden' class='gform_hidden' name='gform_target_page_number_32' id='gform_target_page_number_32' value='0' \/>\n            <input type='hidden' class='gform_hidden' name='gform_source_page_number_32' id='gform_source_page_number_32' value='1' \/>\n            <input type='hidden' name='gform_field_values' value='' \/>\n            \n        <\/div>\n                        <p style=\"display: none !important;\"><label>&#916;<textarea name=\"ak_hp_textarea\" cols=\"45\" rows=\"8\" maxlength=\"100\"><\/textarea><\/label><input type=\"hidden\" id=\"ak_js\" name=\"ak_js\" value=\"205\"\/><script>document.getElementById( \"ak_js\" ).setAttribute( \"value\", ( new Date() ).getTime() );<\/script><\/p><\/form>\n                        <\/div>\n\t\t                <iframe style='display:none;width:0px;height:0px;' src='about:blank' name='gform_ajax_frame_32' id='gform_ajax_frame_32' title='Cette iframe contient la logique n\u00e9cessaire pour manipuler Gravity Forms avec Ajax.'><\/iframe>\n\t\t                <script type=\"text\/javascript\"> gform.initializeOnLoaded( function() {gformInitSpinner( 32, 'https:\/\/casasinhaus.com\/wp-content\/plugins\/gravityforms\/images\/spinner.svg', true );jQuery('#gform_ajax_frame_32').on('load',function(){var contents = jQuery(this).contents().find('*').html();var is_postback = contents.indexOf('GF_AJAX_POSTBACK') >= 0;if(!is_postback){return;}var form_content = jQuery(this).contents().find('#gform_wrapper_32');var is_confirmation = jQuery(this).contents().find('#gform_confirmation_wrapper_32').length > 0;var is_redirect = contents.indexOf('gformRedirect(){') >= 0;var is_form = form_content.length > 0 && ! is_redirect && ! is_confirmation;var mt = parseInt(jQuery('html').css('margin-top'), 10) + parseInt(jQuery('body').css('margin-top'), 10) + 100;if(is_form){jQuery('#gform_wrapper_32').html(form_content.html());if(form_content.hasClass('gform_validation_error')){jQuery('#gform_wrapper_32').addClass('gform_validation_error');} else {jQuery('#gform_wrapper_32').removeClass('gform_validation_error');}setTimeout( function() { \/* delay the scroll by 50 milliseconds to fix a bug in chrome *\/ jQuery(document).scrollTop(jQuery('#gform_wrapper_32').offset().top - mt); }, 50 );if(window['gformInitDatepicker']) {gformInitDatepicker();}if(window['gformInitPriceFields']) {gformInitPriceFields();}var current_page = jQuery('#gform_source_page_number_32').val();gformInitSpinner( 32, 'https:\/\/casasinhaus.com\/wp-content\/plugins\/gravityforms\/images\/spinner.svg', true );jQuery(document).trigger('gform_page_loaded', [32, current_page]);window['gf_submitting_32'] = false;}else if(!is_redirect){var confirmation_content = jQuery(this).contents().find('.GF_AJAX_POSTBACK').html();if(!confirmation_content){confirmation_content = contents;}setTimeout(function(){jQuery('#gform_wrapper_32').replaceWith(confirmation_content);jQuery(document).scrollTop(jQuery('#gf_32').offset().top - mt);jQuery(document).trigger('gform_confirmation_loaded', [32]);window['gf_submitting_32'] = false;wp.a11y.speak(jQuery('#gform_confirmation_message_32').text());}, 50);}else{jQuery('#gform_32').append(contents);if(window['gformRedirect']) {gformRedirect();}}        const gformWrapperDiv = document.getElementById( \"gform_wrapper_32\" );        if ( gformWrapperDiv ) {            const visibilitySpan = document.createElement( \"span\" );            visibilitySpan.id = \"gform_visibility_test_32\";            gformWrapperDiv.insertAdjacentElement( \"afterend\", visibilitySpan );        }        const visibilityTestDiv = document.getElementById( \"gform_visibility_test_32\" );        let postRenderFired = false;                function triggerPostRender() {            if ( postRenderFired ) {                return;            }            postRenderFired = true;            jQuery( document ).trigger( 'gform_post_render', [32, current_page] );            gform.utils.trigger( { event: 'gform\/postRender', native: false, data: { formId: 32, currentPage: current_page } } );            if ( visibilityTestDiv ) {                visibilityTestDiv.parentNode.removeChild( visibilityTestDiv );            }        }        function debounce( func, wait, immediate ) {            var timeout;            return function() {                var context = this, args = arguments;                var later = function() {                    timeout = null;                    if ( !immediate ) func.apply( context, args );                };                var callNow = immediate && !timeout;                clearTimeout( timeout );                timeout = setTimeout( later, wait );                if ( callNow ) func.apply( context, args );            };        }        const debouncedTriggerPostRender = debounce( function() {            triggerPostRender();        }, 200 );        if ( visibilityTestDiv && visibilityTestDiv.offsetParent === null ) {            const observer = new MutationObserver( ( mutations ) => {                mutations.forEach( ( mutation ) => {                    if ( mutation.type === 'attributes' && visibilityTestDiv.offsetParent !== null ) {                        debouncedTriggerPostRender();                        observer.disconnect();                    }                });            });            observer.observe( document.body, {                attributes: true,                childList: false,                subtree: true,                attributeFilter: [ 'style', 'class' ],            });        } else {            triggerPostRender();        }    } );} ); <\/script>[\/vc_column][\/vc_row]\n","protected":false},"excerpt":{"rendered":"<p>[vc_row][vc_column width=&#8221;2\/3&#8243;][vc_row_inner][vc_column_inner][vc_column_text] Locaux inHAUS : Le bureau-usine inHAUS : tous les d\u00e9partements sont pr\u00e9sents, tous les corps de m\u00e9tiers sont rassembl\u00e9s, \u00e0 savoir l\u2019\u00e9quipe d\u2019architectes-ing\u00e9nieurs qui dessine les maisons, et l\u2019\u00e9quipe des artisans qui les fabrique ainsi qu&#8217;un espace de r\u00e9ception de la client\u00e8le avec ses agents commerciaux. Notre adresse : Poligono industrial Juan Carlos I &#8211; Avenida de Picassent,&#8230;<\/p>\n<div><a href=\"https:\/\/casasinhaus.com\/fr\/contacto\/\" class=\"read-more\">Read More <i class=\"fa fa-arrow-right\"><\/i><\/a><\/div>\n","protected":false},"author":2,"featured_media":0,"parent":0,"menu_order":929,"comment_status":"closed","ping_status":"closed","template":"","meta":[],"yoast_head":"<!-- This site is optimized with the Yoast SEO plugin v15.1.1 - https:\/\/yoast.com\/wordpress\/plugins\/seo\/ -->\n<meta name=\"description\" content=\"inHAUS est\u00e1 presente en el territorio nacional en diferentes formas. Contacta con nosotros y descubre nuestras ofertas de trabajo en casas prefabricadas\" \/>\n<meta name=\"robots\" content=\"index, follow, max-snippet:-1, max-image-preview:large, max-video-preview:-1\" \/>\n<link rel=\"canonical\" href=\"https:\/\/casasinhaus.com\/fr\/contacto\/\" \/>\n<meta property=\"og:locale\" content=\"fr_FR\" \/>\n<meta property=\"og:type\" content=\"article\" \/>\n<meta property=\"og:title\" content=\"Contacta con Casas Prefabricadas inHAUS\" \/>\n<meta property=\"og:description\" content=\"inHAUS est\u00e1 presente en el territorio nacional en diferentes formas. Contacta con nosotros y descubre nuestras ofertas de trabajo en casas prefabricadas\" \/>\n<meta property=\"og:url\" content=\"https:\/\/casasinhaus.com\/fr\/contacto\/\" \/>\n<meta property=\"og:site_name\" content=\"inHAUS\" \/>\n<meta property=\"article:publisher\" content=\"https:\/\/www.facebook.com\/casasmodularesinhaus\" \/>\n<meta property=\"article:modified_time\" content=\"2018-08-19T21:49:50+00:00\" \/>\n<meta name=\"twitter:card\" content=\"summary\" \/>\n<meta name=\"twitter:creator\" content=\"@casasinhaus\" \/>\n<meta name=\"twitter:site\" content=\"@casasinhaus\" \/>\n<script type=\"application\/ld+json\" class=\"yoast-schema-graph\">{\"@context\":\"https:\/\/schema.org\",\"@graph\":[{\"@type\":\"WebSite\",\"@id\":\"https:\/\/casasinhaus.com\/fr\/#website\",\"url\":\"https:\/\/casasinhaus.com\/fr\/\",\"name\":\"inHAUS\",\"description\":\"construcci\\u00f3n de casas de dise\\u00f1o moderno modular, prefabricado y de obra.\",\"potentialAction\":[{\"@type\":\"SearchAction\",\"target\":\"https:\/\/casasinhaus.com\/fr\/?s={search_term_string}\",\"query-input\":\"required name=search_term_string\"}],\"inLanguage\":\"fr-FR\"},{\"@type\":\"WebPage\",\"@id\":\"https:\/\/casasinhaus.com\/fr\/contacto\/#webpage\",\"url\":\"https:\/\/casasinhaus.com\/fr\/contacto\/\",\"name\":\"Contacta con Casas Prefabricadas inHAUS\",\"isPartOf\":{\"@id\":\"https:\/\/casasinhaus.com\/fr\/#website\"},\"datePublished\":\"2014-11-24T12:28:21+00:00\",\"dateModified\":\"2018-08-19T21:49:50+00:00\",\"description\":\"inHAUS est\\u00e1 presente en el territorio nacional en diferentes formas. Contacta con nosotros y descubre nuestras ofertas de trabajo en casas prefabricadas\",\"inLanguage\":\"fr-FR\",\"potentialAction\":[{\"@type\":\"ReadAction\",\"target\":[\"https:\/\/casasinhaus.com\/fr\/contacto\/\"]}]}]}<\/script>\n<!-- \/ Yoast SEO plugin. -->","_links":{"self":[{"href":"https:\/\/casasinhaus.com\/fr\/wp-json\/wp\/v2\/pages\/25618"}],"collection":[{"href":"https:\/\/casasinhaus.com\/fr\/wp-json\/wp\/v2\/pages"}],"about":[{"href":"https:\/\/casasinhaus.com\/fr\/wp-json\/wp\/v2\/types\/page"}],"author":[{"embeddable":true,"href":"https:\/\/casasinhaus.com\/fr\/wp-json\/wp\/v2\/users\/2"}],"replies":[{"embeddable":true,"href":"https:\/\/casasinhaus.com\/fr\/wp-json\/wp\/v2\/comments?post=25618"}],"version-history":[{"count":9,"href":"https:\/\/casasinhaus.com\/fr\/wp-json\/wp\/v2\/pages\/25618\/revisions"}],"predecessor-version":[{"id":26308,"href":"https:\/\/casasinhaus.com\/fr\/wp-json\/wp\/v2\/pages\/25618\/revisions\/26308"}],"wp:attachment":[{"href":"https:\/\/casasinhaus.com\/fr\/wp-json\/wp\/v2\/media?parent=25618"}],"curies":[{"name":"wp","href":"https:\/\/api.w.org\/{rel}","templated":true}]}}