{"id":26052,"date":"2018-07-31T12:23:07","date_gmt":"2018-07-31T11:23:07","guid":{"rendered":"https:\/\/casasinhaus.com\/?page_id=26052"},"modified":"2018-07-31T12:23:07","modified_gmt":"2018-07-31T11:23:07","slug":"politique-de-confidentialite","status":"publish","type":"page","link":"https:\/\/casasinhaus.com\/fr\/politique-de-confidentialite\/","title":{"rendered":"Politique de confidentialit\u00e9"},"content":{"rendered":"<p style=\"text-align: center;\"><a href=\"http:\/\/casasinhaus.com\/politica-de-cookies\/\">Ver &#8220;Pol\u00edtica de cookies&#8221;<\/a><\/p>\n<p>Protection des donn\u00e9es personnelles selon la RGPD. Avec ce document, nous souhaitons vous informer des raisons pour lesquelles nous recueillons vos donn\u00e9es personnelles, de ce que nous en faisons, de vos droits et de la fa\u00e7on dont vous pouvez les exercer. Si vous \u00eates vraiment int\u00e9ress\u00e9 par la destination de vos donn\u00e9es, nous vous recommandons de perdre quelques minutes pour les lire.<\/p>\n<p><strong>Qui est responsable de vos donn\u00e9es ?<\/strong><\/p>\n<p>Identit\u00e9 : Casas inHAUS S.L.<br \/>\nAdresse : Avenida Picassent, 12 &#8211; Poligono Juan Carlos I &#8211; 46 400 Almussafes<br \/>\nT\u00e9l\u00e9phone : +34 900102961<br \/>\nE-mail : info@casasinhaus.com<br \/>\nContactez DPD : https:\/\/casasinhaus.com\/contacto\/<\/p>\n<p><strong>Dans quel but recueillons-nous vos donn\u00e9es personnelles ?<\/strong><br \/>\nDans Casas inHAUS S.L. Nous collecte et de traitement des informations que vous nous fournissez afin de r\u00e9pondre aux questions que vous nous ressuscitera \u00e0 travers nos formulaires de contact et des commentaires, et vous envoyez des informations qui sont d&#8217;int\u00e9r\u00eat pour vous par nos canaux de communication. Nous conserverons ces informations tant que vous n&#8217;en demanderez pas la suppression.<\/p>\n<p><strong>Quelle est la l\u00e9gitimit\u00e9 pour le traitement de vos donn\u00e9es ?<\/strong><br \/>\nLes bases l\u00e9gales pour le traitement de vos donn\u00e9es sont les suivantes:<\/p>\n<p>Ex\u00e9cution du contrat d&#8217;abonnement pour vous envoyer des informations qui vous int\u00e9ressent via nos canaux de communication.<br \/>\nObtenir votre consentement pour r\u00e9pondre aux questions que vous nous posez via nos formulaires de contact et commentaires.<br \/>\nRappelez-vous que vous n&#8217;\u00eates pas oblig\u00e9 de nous donner votre consentement pour le traitement de vos donn\u00e9es, mais si vous ne le faites pas, Casas inHAUS S.L. ne peut pas vous envoyer des informations qui vous int\u00e9ressent via nos canaux de communication.<\/p>\n<p><strong>\u00c0 quels destinataires vos donn\u00e9es personnelles seront-elles communiqu\u00e9es ?<\/strong><br \/>\nAfin d&#8217;offrir nos services avec une meilleure qualit\u00e9 et de respecter nos obligations fiscales, nous vous informons que les donn\u00e9es que vous nous fournissez peuvent \u00eatre affect\u00e9es \u00e0:<\/p>\n<p>Automattic Inc., responsable du d\u00e9veloppement de WordPress CMS, utilis\u00e9 pour la conception et le d\u00e9veloppement de ce site web et soumis \u00e0 l&#8217;accord EU-US Privacy Shield.<br \/>\nGoogle LLC, responsable de la collecte des donn\u00e9es analytiques de ce site Web et soumis \u00e0 l&#8217;accord UE-US Privacy Shield.<br \/>\nQuels sont vos droits lorsque vous nous fournissez vos informations personnelles?<br \/>\nLe fait que vous nous ayez donn\u00e9 vos informations et que vous nous ayez donn\u00e9 votre consentement pour les traiter ne nous asservit pas. Il existe une s\u00e9rie de droits que vous pouvez exercer \u00e0 tout moment, \u00e0 savoir :<\/p>\n<p>Droits de demander l&#8217;acc\u00e8s \u00e0 vos donn\u00e9es personnelles<br \/>\nDroit de demander la rectification ou la suppression<br \/>\nDroit de demander la limitation du traitement<br \/>\nDroit de s&#8217;opposer au traitement.<\/p>\n<p>Pour exercer vos droits, vous pouvez remplir le formulaire que vous trouverez dans le lien suivant. Nous vous informons \u00e9galement que si vous avez donn\u00e9 votre consentement pour un but sp\u00e9cifique, vous avez le droit de le retirer \u00e0 tout moment, sans affecter la l\u00e9galit\u00e9 du traitement bas\u00e9 sur le consentement avant son retrait. En outre, nous vous informons que vous pouvez d\u00e9poser une r\u00e9clamation aupr\u00e8s de l&#8217;Agence espagnole de protection des donn\u00e9es, en particulier lorsque vous n&#8217;avez pas obtenu de satisfaction dans l&#8217;exercice de vos droits. La politique de confidentialit\u00e9 a \u00e9t\u00e9 mise \u00e0 jour pour la derni\u00e8re fois le 18 mai 2018.<\/p>\n","protected":false},"excerpt":{"rendered":"<p>Ver &#8220;Pol\u00edtica de cookies&#8221; Protection des donn\u00e9es personnelles selon la RGPD. Avec ce document, nous souhaitons vous informer des raisons pour lesquelles nous recueillons vos donn\u00e9es personnelles, de ce que nous en faisons, de vos droits et de la fa\u00e7on dont vous pouvez les exercer. Si vous \u00eates vraiment int\u00e9ress\u00e9 par la destination de vos donn\u00e9es, nous vous recommandons de&#8230;<\/p>\n<div><a href=\"https:\/\/casasinhaus.com\/fr\/politique-de-confidentialite\/\" class=\"read-more\">Read More <i class=\"fa fa-arrow-right\"><\/i><\/a><\/div>\n","protected":false},"author":1,"featured_media":0,"parent":0,"menu_order":805,"comment_status":"closed","ping_status":"closed","template":"","meta":[],"yoast_head":"<!-- This site is optimized with the Yoast SEO plugin v15.1.1 - https:\/\/yoast.com\/wordpress\/plugins\/seo\/ -->\n<meta name=\"robots\" content=\"index, follow, max-snippet:-1, max-image-preview:large, max-video-preview:-1\" \/>\n<link rel=\"canonical\" href=\"https:\/\/casasinhaus.com\/fr\/politique-de-confidentialite\/\" \/>\n<meta property=\"og:locale\" content=\"fr_FR\" \/>\n<meta property=\"og:type\" content=\"article\" \/>\n<meta property=\"og:title\" content=\"Politique de confidentialit\u00e9 - inHAUS\" \/>\n<meta property=\"og:description\" content=\"Ver &#8220;Pol\u00edtica de cookies&#8221; Protection des donn\u00e9es personnelles selon la RGPD. Avec ce document, nous souhaitons vous informer des raisons pour lesquelles nous recueillons vos donn\u00e9es personnelles, de ce que nous en faisons, de vos droits et de la fa\u00e7on dont vous pouvez les exercer. Si vous \u00eates vraiment int\u00e9ress\u00e9 par la destination de vos donn\u00e9es, nous vous recommandons de...Read More\" \/>\n<meta property=\"og:url\" content=\"https:\/\/casasinhaus.com\/fr\/politique-de-confidentialite\/\" \/>\n<meta property=\"og:site_name\" content=\"inHAUS\" \/>\n<meta property=\"article:publisher\" content=\"https:\/\/www.facebook.com\/casasmodularesinhaus\" \/>\n<meta name=\"twitter:card\" content=\"summary\" \/>\n<meta name=\"twitter:creator\" content=\"@casasinhaus\" \/>\n<meta name=\"twitter:site\" content=\"@casasinhaus\" \/>\n<script type=\"application\/ld+json\" class=\"yoast-schema-graph\">{\"@context\":\"https:\/\/schema.org\",\"@graph\":[{\"@type\":\"WebSite\",\"@id\":\"https:\/\/casasinhaus.com\/fr\/#website\",\"url\":\"https:\/\/casasinhaus.com\/fr\/\",\"name\":\"inHAUS\",\"description\":\"construcci\\u00f3n de casas de dise\\u00f1o moderno modular, prefabricado y de obra.\",\"potentialAction\":[{\"@type\":\"SearchAction\",\"target\":\"https:\/\/casasinhaus.com\/fr\/?s={search_term_string}\",\"query-input\":\"required name=search_term_string\"}],\"inLanguage\":\"fr-FR\"},{\"@type\":\"WebPage\",\"@id\":\"https:\/\/casasinhaus.com\/fr\/politique-de-confidentialite\/#webpage\",\"url\":\"https:\/\/casasinhaus.com\/fr\/politique-de-confidentialite\/\",\"name\":\"Politique de confidentialit\\u00e9 - inHAUS\",\"isPartOf\":{\"@id\":\"https:\/\/casasinhaus.com\/fr\/#website\"},\"datePublished\":\"2018-07-31T11:23:07+00:00\",\"dateModified\":\"2018-07-31T11:23:07+00:00\",\"inLanguage\":\"fr-FR\",\"potentialAction\":[{\"@type\":\"ReadAction\",\"target\":[\"https:\/\/casasinhaus.com\/fr\/politique-de-confidentialite\/\"]}]}]}<\/script>\n<!-- \/ Yoast SEO plugin. -->","_links":{"self":[{"href":"https:\/\/casasinhaus.com\/fr\/wp-json\/wp\/v2\/pages\/26052"}],"collection":[{"href":"https:\/\/casasinhaus.com\/fr\/wp-json\/wp\/v2\/pages"}],"about":[{"href":"https:\/\/casasinhaus.com\/fr\/wp-json\/wp\/v2\/types\/page"}],"author":[{"embeddable":true,"href":"https:\/\/casasinhaus.com\/fr\/wp-json\/wp\/v2\/users\/1"}],"replies":[{"embeddable":true,"href":"https:\/\/casasinhaus.com\/fr\/wp-json\/wp\/v2\/comments?post=26052"}],"version-history":[{"count":3,"href":"https:\/\/casasinhaus.com\/fr\/wp-json\/wp\/v2\/pages\/26052\/revisions"}],"predecessor-version":[{"id":26056,"href":"https:\/\/casasinhaus.com\/fr\/wp-json\/wp\/v2\/pages\/26052\/revisions\/26056"}],"wp:attachment":[{"href":"https:\/\/casasinhaus.com\/fr\/wp-json\/wp\/v2\/media?parent=26052"}],"curies":[{"name":"wp","href":"https:\/\/api.w.org\/{rel}","templated":true}]}}