{"id":26124,"date":"2018-04-06T12:20:55","date_gmt":"2018-04-06T11:20:55","guid":{"rendered":"https:\/\/casasinhaus.com\/historias-reales\/"},"modified":"2018-09-06T12:14:43","modified_gmt":"2018-09-06T11:14:43","slug":"histoires-vraies","status":"publish","type":"page","link":"https:\/\/casasinhaus.com\/fr\/histoires-vraies\/","title":{"rendered":"Cartographie"},"content":{"rendered":"[vc_row visibility=&#8221;hidden-phone&#8221;][vc_column offset=&#8221;vc_hidden-sm vc_hidden-xs&#8221;][vc_column_text]\n            \n            <style>\n            .wpgmza_map img { max-width:none; }\n            .wpgmza_widget { overflow: auto; }\n            <\/style>\n            <style>.wpgmza_modern_infowindow { background-color: #2A3744 !important; } .wpgmza_iw_title { \t\tcolor: #FFFFFF !important; \t\tbackground-color: #252F3A !important; }.wpgmza_iw_description { color: #FFFFFF !important; }.wpgmza_iw_address_p { color: #FFFFFF !important; }.wpgmza_button { \t\t\tcolor: #FFFFFF !important;\t\t\tbackground-color: #252F3A !important; }<\/style>\n            \n            <a name='marker170' ><\/a><a name='marker169' ><\/a><a name='marker168' ><\/a><a name='marker166' ><\/a><a name='marker165' ><\/a><a name='marker164' ><\/a><a name='marker163' ><\/a><a name='marker162' ><\/a><a name='marker161' ><\/a><a name='marker160' ><\/a><a name='marker159' ><\/a><a name='marker158' ><\/a><a name='marker157' ><\/a><a name='marker156' ><\/a><a name='marker155' ><\/a><a name='marker154' ><\/a><a name='marker153' ><\/a><a name='marker152' ><\/a><a name='marker151' ><\/a><a name='marker150' ><\/a><a name='marker148' ><\/a><a name='marker147' ><\/a><a name='marker146' ><\/a><a name='marker145' ><\/a><a name='marker144' ><\/a><a name='marker143' ><\/a><a name='marker142' ><\/a><a name='marker141' ><\/a><a name='marker140' ><\/a><a name='marker139' ><\/a><a name='marker138' ><\/a><a name='marker137' ><\/a><a name='marker136' ><\/a><a name='marker135' ><\/a><a name='marker134' ><\/a><a name='marker133' ><\/a><a name='marker132' ><\/a><a name='marker131' ><\/a><a name='marker130' ><\/a><a name='marker129' ><\/a><a name='marker128' ><\/a><a name='marker127' ><\/a><a name='marker126' ><\/a><a name='marker125' ><\/a><a name='marker124' ><\/a><a name='marker123' ><\/a><a name='marker122' ><\/a><a name='marker121' ><\/a><a name='marker120' ><\/a><a name='marker119' ><\/a><a name='marker118' ><\/a><a name='marker116' ><\/a><a name='marker115' ><\/a><a name='marker58' ><\/a><a name='marker56' ><\/a><a name='marker55' ><\/a><a name='marker54' ><\/a><a name='marker53' ><\/a><a name='marker52' ><\/a><a name='marker51' ><\/a><a name='marker50' ><\/a><a name='marker49' ><\/a><a name='marker48' ><\/a><a name='marker47' ><\/a><a name='marker46' ><\/a><a name='marker45' ><\/a><a name='marker44' ><\/a><a name='marker43' ><\/a><a name='marker42' ><\/a><a name='marker41' ><\/a><a name='marker40' ><\/a><a name='marker39' ><\/a><a name='marker38' ><\/a><a name='marker37' ><\/a><a name='marker36' ><\/a><a name='marker35' ><\/a><a name='marker34' ><\/a><a name='marker33' ><\/a><a name='marker32' ><\/a><a name='marker31' ><\/a><a name='marker30' ><\/a><a name='marker29' ><\/a><a name='marker28' ><\/a><a name='marker27' ><\/a><a name='marker26' ><\/a><a name='marker25' ><\/a><a name='marker24' ><\/a><a name='marker23' ><\/a><a name='marker22' ><\/a><a name='marker21' ><\/a><a name='marker20' ><\/a><a name='marker19' ><\/a><a name='marker18' ><\/a><a name='marker17' ><\/a><a name='marker16' ><\/a><a name='marker15' ><\/a><a name='marker14' ><\/a><a name='marker13' ><\/a><a name='marker12' ><\/a><a name='marker11' ><\/a><a name='marker10' ><\/a><a name='marker9' ><\/a><a name='marker8' ><\/a><a name='marker7' ><\/a><a name='marker6' ><\/a><a name='marker5' ><\/a><a name='marker4' ><\/a><a name='marker3' ><\/a><a name='marker2' ><\/a>\n            \n            \n            \n\n            <div class=\"wpgmza_map\" id=\"wpgmza_map_1\" style=\"display:block; overflow:auto; width:100%; height:900px; margin-left:auto !important; margin-right:auto !important; align:center;\"> <\/div>\n            \n            \n            \n\n<div style=\"display:block; width:100%;\">\n\t\n\t\n\t\t<div id=\"wpgmaps_directions_edit_1\" style=\"display:none; width:100px; clear:both;\" class=\"wpgmaps_directions_outer_div\">\n\t\t\t<h2>Itin\u00e9raires<\/h2>\n\t\t\t<div id=\"wpgmaps_directions_editbox_1\">\n\t\t\t\t<table>\n\t\t\t\t\t<tr>\n\t\t\t\t\t\t<td>\n\t\t\t\t\t\t\t<label for=\"wpgmza_dir_type_1\">Pour<\/label>\n\t\t\t\t\t\t<\/td>\n\t\t\t\t\t\t<td>\n\t\t\t\t\t\t\t<select id=\"wpgmza_dir_type_1\" name=\"wpgmza_dir_type_1\">\n\t\t\t\t\t\t\t\t<option value=\"DRIVING\" selected=\"selected\">En voiture<\/option>\n\t\t\t\t\t\t\t\t<option value=\"WALKING\">A pied<\/option>\n\t\t\t\t\t\t\t\t<option value=\"BICYCLING\">A v\u00e9lo<\/option>\n\t\t\t\t\t\t\t<\/select>\n\t\t\t\t\t\t\t&nbsp;\n\t\t\t\t\t\t\t<a href=\"javascript:void(0);\" mapid=\"1\" id=\"wpgmza_show_options_1\" onclick=\"wpgmza_show_options(1);\" style=\"font-size:10px;\">afficher les options<\/a>\n\t\t\t\t\t\t\t<a href=\"javascript:void(0);\" mapid=\"1\" id=\"wpgmza_hide_options_1\" onclick=\"wpgmza_hide_options(1);\" style=\"font-size:10px; display:none;\">Cacher les options<\/a>\n\t\t\t\t\t\t\t<div style=\"display:none\" id=\"wpgmza_options_box_1\">\n\t\t\t\t\t\t\t\t<input type=\"checkbox\" id=\"wpgmza_tolls_1\" name=\"wpgmza_tolls_1\" value=\"tolls\" \/> <label for=\"wpgmza_tolls_1\">Eviter les p\u00e9ages<\/label><br \/>\n\t\t\t\t\t\t\t\t<input type=\"checkbox\" id=\"wpgmza_highways_1\" name=\"wpgmza_highways_1\" value=\"highways\" \/> <label for=\"wpgmza_highways_1\">Eviter les autoroutes<\/label>\n\t\t\t\t\t\t\t<\/div>\n\t\t\t\t\t\t<\/td>\n\t\t\t\t\t<\/tr>\n\t\t\t\t\t<tr class='wpgmaps_from_row'>\n\t\t\t\t\t\t<td class='wpgmaps_from_td1'>\n\t\t\t\t\t\t\t<label for=\"wpgmza_input_from_1\">Depuis<\/label>\n\t\t\t\t\t\t<\/td>\n\t\t\t\t\t\t<td width='90%' class='wpgmaps_from_td2'>\n\t\t\t\t\t\t\t<input type=\"text\" value=\"\" id=\"wpgmza_input_from_1\" style='width:80%' \/> \n\t\t\t\t\t\t<\/td>\n\t\t\t\t\t<\/tr>\n\t\t\t\t\t<tr class='wpgmaps_to_row'>\n\t\t\t\t\t\t<td class='wpgmaps_to_td1'>\n\t\t\t\t\t\t\t<label for=\"wpgmza_input_to_1\">Vers<\/label>\n\t\t\t\t\t\t<\/td>\n\t\t\t\t\t\t<td width='90%' class='wpgmaps_to_td2'>\n\t\t\t\t\t\t\t<input type=\"text\" value=\"\" id=\"wpgmza_input_to_1\" style='width:80%' \/> \n\t\t\t\t\t\t<\/td>\n\t\t\t\t\t<\/tr>\n\t\t\t\t\t<tr>\n\t\t\t\t\t\t<td>\n\t\t\t\t\t\t<\/td>\n\t\t\t\t\t\t<td>\n\t\t\t\t\t\t\t<input onclick=\"javascript:void(0);\" class=\"wpgmaps_get_directions\" id=\"1\" type=\"button\" value=\"Allez\"\/>\n\t\t\t\t\t\t<\/td>\n\t\t\t\t\t<\/tr>\n\t\t\t\t<\/table>\n\t\t\t<\/div>\n\t\t<\/div>\n\n    \n\t\n\t<div id=\"wpgmaps_directions_notification_1\" style=\"display:none;\">Recherche d'itin\u00e9raire ......<\/div>\n\t\n\t<div id=\"wpgmaps_directions_reset_1\" style=\"display:none;\">\n\t\t<a href='javascript:void(0)' onclick='wpgmza_reset_directions(1);' id='wpgmaps_reset_directions' title='Annuler l'itin\u00e9raire'>Annuler l'itin\u00e9raire<\/a>\n\t\t<br \/>\n\t\t<a href='' id='wpgmaps_print_directions_1' title='Imprimer l'itin\u00e9raire'>Imprimer l'itin\u00e9raire<\/a>\n\t<\/div>\n\t\n\t<div id=\"directions_panel_1\"><\/div>\n\n<\/div>\n\n        [\/vc_column_text][\/vc_column][\/vc_row][vc_row inner_container=&#8221;true&#8221; visibility=&#8221;visible-phone&#8221; class=&#8221;texto&#8221;][vc_column offset=&#8221;vc_hidden-lg vc_hidden-md&#8221;]<hr  class=\"noo-gap\" >[vc_column_text]\n<h2>Historias reales<\/h2>\n[\/vc_column_text]<hr  class=\"noo-gap\" style=\" margin: 30px 0 0 0;\">[\/vc_column][\/vc_row][vc_row inner_container=&#8221;true&#8221; visibility=&#8221;visible-phone&#8221; class=&#8221;texto&#8221;][vc_column width=&#8221;1\/3&#8243; offset=&#8221;vc_hidden-lg vc_hidden-md&#8221;][vc_column_text]<strong>Casa de C y S<\/strong>[\/vc_column_text][vc_single_image image=&#8221;14900&#8243;][vc_column_text]Soto del Real, Espa\u00f1a<\/p>\n<p>Hay clientes que son de ida y vuelta. Este es el caso de C y S, una joven familia que viv\u00eda de alquiler debido a un cambio de localidad por trabajo. Contactaron con nosotros pero finalmente se decantaron por una empresa de construcci\u00f3n en madera. Tras sucesivas indeterminaciones en el proyecto y subidas de precio injustificadas decidieron volver a contactar con Casas inHAUS proponi\u00e9ndonos un gran reto: \u00a1habitar su casa antes del verano!. <img class=\"alignleft\" src=\"https:\/\/casasinhaus.com\/wp-content\/uploads\/2018\/05\/DSC5255.jpg\" width=\"60%\" \/> Casas inHAUS puso toda su maquinaria en movimiento: plazo, eficacia, precio, alt\u00edsima eficiencia energ\u00e9tica y los requerimientos de nuestro cliente ingeniero fueron cumpli\u00e9ndose uno a uno gracias al sistema EMOHA desarrollado por Casas inHAUS. Incluso pudimos darle al miembro m\u00e1s joven de la familia un maravilloso &#8220;rinc\u00f3n youtuber&#8221; con vistas a la sierra madrile\u00f1a que nos pidi\u00f3 en su carta de imprescindibles para su nueva casa.[\/vc_column_text]<hr  class=\"noo-gap\" style=\" margin: 30px 0 0 0;\">[\/vc_column][vc_column width=&#8221;1\/3&#8243; offset=&#8221;vc_hidden-lg vc_hidden-md&#8221;][vc_column_text]<strong>Casa de E y P<\/strong>[\/vc_column_text][vc_single_image image=&#8221;25256&#8243;][vc_column_text]Torrej\u00f3n de Ardoz, Espa\u00f1a<\/p>\n<div class=\"wpgmza_iw_description\">\n<p>Esta pareja sab\u00eda por su profesi\u00f3n lo que era la obra tradicional y ten\u00eda claro que no era lo que quer\u00edan para su futura casa por los probables sobrecostes, el plazo de ejecuci\u00f3n y los habituales problemas. <img class=\"alignleft\" src=\"https:\/\/casasinhaus.com\/wp-content\/uploads\/2018\/05\/20170801_151349-e1525430028136.jpg\" width=\"30%\" \/>A pesar de ello cuando nos visitaron en nuestra f\u00e1brica se hicieron acompa\u00f1ar de un ingeniero, un arquitecto t\u00e9cnico y un arquitecto que confirmaron la calidad de Casas inHAUS. Cuando llegaron el momento de dise\u00f1ar su casa, lo tuvieron claro, se enamoraron del Modelo Pedralbes desde el principio. Como siempre, se adapt\u00f3 perfectamente a sus gustos, parcela y est\u00e9tica para que fuera su casa so\u00f1ada y cumpliendo plazos, precio y requerimientos.[\/vc_column_text]<hr  class=\"noo-gap\" style=\" margin: 30px 0 0 0;\">[\/vc_column][vc_column width=&#8221;1\/3&#8243; offset=&#8221;vc_hidden-lg vc_hidden-md&#8221;][vc_column_text]<strong>Casa de J y C<\/strong>[\/vc_column_text][vc_single_image image=&#8221;25250&#8243;][vc_column_text]Mora de Ebro, Espa\u00f1a<\/p>\n<p>Nuestros clientes quer\u00edan diferenciarse y sab\u00edan que gracias al dise\u00f1o de Casas inHAUS su casa ser\u00eda el capricho de toda la poblaci\u00f3n. <img class=\"alignleft\" src=\"https:\/\/casasinhaus.com\/wp-content\/uploads\/2018\/05\/casa-modular-de-hormigon-armado-casasinhaus.jpg\" width=\"70%\" \/>Las peticiones de nuestros clientes hicieron el resto, un gran espacio para el estudio fotogr\u00e1fico de ella, un gran garaje modular para las motos de \u00e9l y, muy importante, una calidad del aire superior gracias al filtro de part\u00edculas y olores del recuperador de aire que permitir\u00eda que vivieran ajenos a los malos olores cercanos a su casa.[\/vc_column_text]<hr  class=\"noo-gap\" style=\" margin: 30px 0 0 0;\">[\/vc_column][\/vc_row][vc_row inner_container=&#8221;true&#8221; visibility=&#8221;visible-phone&#8221; class=&#8221;texto&#8221;][vc_column width=&#8221;1\/3&#8243; offset=&#8221;vc_hidden-lg vc_hidden-md&#8221;][vc_column_text]<strong>Casa de J<br \/>\n<\/strong>[\/vc_column_text][vc_single_image image=&#8221;24927&#8243;][vc_column_text]Navarcl\u00e9s, Espa\u00f1a<\/p>\n<p>Desde el propio nombre del Modelo Pedralbes hasta el dise\u00f1o era el ideal para esta pareja. Gracias al trabajo codo con codo con ellos se convirti\u00f3 tambi\u00e9n en la casa reto ya que nos propon\u00edan cada paso que d\u00e1bamos ir un paso m\u00e1s all\u00e1: s\u00f3tanos de 150m2 sin pilares, vuelos de m\u00e1s de 5m, acabados exclusivos tanto en el interior como en el exterior, dise\u00f1o de una parcela de gran desnivel, detalles especiales en cada rinc\u00f3n de la casa. <img class=\"alignleft\" src=\"https:\/\/casasinhaus.com\/wp-content\/uploads\/2018\/05\/022-INHAUS-Navarcles-Acabada.jpg\" width=\"70%\" \/>Una confianza mutua entre el equipo de Casas inHAUS y los clientes del 100% que hicieron este proyecto un maravilloso reto.[\/vc_column_text]<hr  class=\"noo-gap\" style=\" margin: 30px 0 0 0;\">[\/vc_column][vc_column width=&#8221;1\/3&#8243; offset=&#8221;vc_hidden-lg vc_hidden-md&#8221;][vc_column_text]<strong>Casa de V y A<br \/>\n<\/strong>[\/vc_column_text][vc_single_image image=&#8221;25252&#8243;][vc_column_text]San Pedro de Ribas, Espa\u00f1a<\/p>\n<p>Como ha sucedido con varios clientes inHAUS, el momento de decidir a hacerse su nueva casa es cuando hay un nuevo miembro en la familia o est\u00e1n pens\u00e1ndolo. Este era el caso de V y A. Debido a las prisas para tenerlo todo a punto para el gran momento, confiaron el Casas inHAUS para el dise\u00f1o 360\u00ba de su futuro hogar: desde el dise\u00f1o y fabricaci\u00f3n de su casa hasta el s\u00f3tano, el jard\u00edn, la piscina, el vallado e incluso el mobiliario. <img class=\"alignleft\" src=\"https:\/\/casasinhaus.com\/wp-content\/uploads\/2018\/05\/casa-diseno-piscina-formentor-inhaus.jpg\" width=\"70%\" \/>Como tambi\u00e9n sucede, nuestros clientes se vuelven nuestros mejores prescriptores y as\u00ed un familiar y un vecino de esta pareja son clientes inHAUS.[\/vc_column_text]<hr  class=\"noo-gap\" style=\" margin: 30px 0 0 0;\">[\/vc_column][vc_column width=&#8221;1\/3&#8243; offset=&#8221;vc_hidden-lg vc_hidden-md&#8221;][vc_column_text]<strong>Casa de S<\/strong>[\/vc_column_text][vc_single_image image=&#8221;24911&#8243;][vc_column_text]Chiva, Espa\u00f1a<\/p>\n<p>Cuando tienes una familia numerosa y quieres disfrutar de ella necesitas grandes espacios donde poder acogerles a todos con las m\u00e1ximas comodidades. Fue el principal deseo propuesto por nuestra clienta, la abuela de una gran familia que tambi\u00e9n ten\u00eda otro aspecto claro: no quer\u00eda tener una casa que necesitara mantenimiento. <img class=\"alignleft\" src=\"https:\/\/casasinhaus.com\/wp-content\/uploads\/2018\/05\/MG_8926.jpg\" width=\"50%\" \/>La fachada ventilada cer\u00e1mica de Casas inHAUS del Modelo Chipiona fue la soluci\u00f3n perfecta para ella y su fant\u00e1stica familia.[\/vc_column_text]<hr  class=\"noo-gap\" style=\" margin: 30px 0 0 0;\">[\/vc_column][\/vc_row][vc_row inner_container=&#8221;true&#8221; visibility=&#8221;visible-phone&#8221; class=&#8221;texto&#8221;][vc_column width=&#8221;1\/3&#8243; offset=&#8221;vc_hidden-lg vc_hidden-md&#8221;][vc_column_text]<strong>Casa de J y S<br \/>\n<\/strong>[\/vc_column_text][vc_single_image image=&#8221;25247&#8243;][vc_column_text]Paiporta, Espa\u00f1a<\/p>\n<p><img class=\"alignright\" src=\"https:\/\/casasinhaus.com\/wp-content\/uploads\/2018\/05\/foto-implantacion-con-la-pareja.jpg\" width=\"40%\" \/>Muchos clientes se encuentran en cambio en sus situaciones vitales y que son el momento propicio para una casa nueva. El caso de J y S era la pronta jubilaci\u00f3n del cuerpo de bomberos de \u00e9l. La ilusi\u00f3n con la que esta pareja vivieron el proceso de su nueva casa impregn\u00f3 todo el proyecto.Para su nueva etapa ten\u00edan las cosas claras; una casa c\u00f3moda para ellos dos dejando atr\u00e1s la costosa y vieja casa del pueblo para mudarse a una zona m\u00e1s moderna y con comodidades. Una casa que no requeriese a penas mantenimiento, con un coste casi nulo y, sobretodo, segura desde el punto de vista de incendios y frente a intrusos.Una pareja de esp\u00edritu joven en su nueva etapa de jubilados.[\/vc_column_text]<hr  class=\"noo-gap\" style=\" margin: 30px 0 0 0;\">[\/vc_column][vc_column width=&#8221;1\/3&#8243; offset=&#8221;vc_hidden-lg vc_hidden-md&#8221;][vc_column_text]<strong>Casa de L y P<br \/>\n<\/strong>[\/vc_column_text][vc_single_image image=&#8221;24930&#8243;][vc_column_text]Palma de Mallorca, Espa\u00f1aCuando L y P llegaron a nosotros con el anteproyecto de un arquitecto amigo comprobamos que hab\u00edan estudiando punto por punto nuestro sistema de construcci\u00f3n porque estaban decididos a hacer su casa con nosotros. Acabamos de desarrollar su casa so\u00f1ada a su medida y tanto nos gust\u00f3 el proyecto que hicimos para ellos decidimos incluirlo en nuestro cat\u00e1logo en el Modelo Mallorca.[\/vc_column_text]<hr  class=\"noo-gap\" style=\" margin: 30px 0 0 0;\">[\/vc_column][vc_column width=&#8221;1\/3&#8243; offset=&#8221;vc_hidden-lg vc_hidden-md&#8221;][vc_column_text]<strong>Casa de V y P<br \/>\n<\/strong>[\/vc_column_text][vc_single_image image=&#8221;24992&#8243;][vc_column_text]Bu\u00f1ola, Espa\u00f1aUn paraje incomparable en el que vivir, disfrutar de la naturaleza cerca de las mejores playas del mundo. Una pareja joven llena de sue\u00f1os.[\/vc_column_text]<hr  class=\"noo-gap\" style=\" margin: 30px 0 0 0;\">[\/vc_column][\/vc_row][vc_row][vc_column][vc_column_text]\n<\/div>\n[\/vc_column_text][\/vc_column][\/vc_row][vc_row][vc_column][vc_column_text]\n[\/vc_column_text][\/vc_column][\/vc_row]\n","protected":false},"excerpt":{"rendered":"<p>[vc_row visibility=&#8221;hidden-phone&#8221;][vc_column offset=&#8221;vc_hidden-sm vc_hidden-xs&#8221;][vc_column_text][\/vc_column_text][\/vc_column][\/vc_row][vc_row inner_container=&#8221;true&#8221; visibility=&#8221;visible-phone&#8221; class=&#8221;texto&#8221;][vc_column offset=&#8221;vc_hidden-lg vc_hidden-md&#8221;][vc_column_text] Historias reales [\/vc_column_text][\/vc_column][\/vc_row][vc_row inner_container=&#8221;true&#8221; visibility=&#8221;visible-phone&#8221; class=&#8221;texto&#8221;][vc_column width=&#8221;1\/3&#8243; offset=&#8221;vc_hidden-lg vc_hidden-md&#8221;][vc_column_text]Casa de C y S[\/vc_column_text][vc_single_image image=&#8221;14900&#8243;][vc_column_text]Soto del Real, Espa\u00f1a Hay clientes que son de ida y vuelta. Este es el caso de C y S, una joven familia que viv\u00eda de alquiler debido a un cambio de localidad por trabajo. Contactaron con nosotros&#8230;<\/p>\n<div><a href=\"https:\/\/casasinhaus.com\/fr\/histoires-vraies\/\" class=\"read-more\">Read More <i class=\"fa fa-arrow-right\"><\/i><\/a><\/div>\n","protected":false},"author":1,"featured_media":0,"parent":0,"menu_order":713,"comment_status":"closed","ping_status":"closed","template":"page-full-width.php","meta":[],"yoast_head":"<!-- This site is optimized with the Yoast SEO plugin v15.1.1 - https:\/\/yoast.com\/wordpress\/plugins\/seo\/ -->\n<meta name=\"description\" content=\"Conoce las historias con nuestros clientes que ya disfrutas de sus casas prefabricadas inHAUS.\" \/>\n<meta name=\"robots\" content=\"index, follow, max-snippet:-1, max-image-preview:large, max-video-preview:-1\" \/>\n<link rel=\"canonical\" href=\"https:\/\/casasinhaus.com\/fr\/histoires-vraies\/\" \/>\n<meta property=\"og:locale\" content=\"fr_FR\" \/>\n<meta property=\"og:type\" content=\"article\" \/>\n<meta property=\"og:title\" content=\"Historias reales\" \/>\n<meta property=\"og:description\" content=\"Conoce las historias con nuestros clientes que ya disfrutas de sus casas prefabricadas inHAUS.\" \/>\n<meta property=\"og:url\" content=\"https:\/\/casasinhaus.com\/fr\/histoires-vraies\/\" \/>\n<meta property=\"og:site_name\" content=\"inHAUS\" \/>\n<meta property=\"article:publisher\" content=\"https:\/\/www.facebook.com\/casasmodularesinhaus\" \/>\n<meta property=\"article:modified_time\" content=\"2018-09-06T11:14:43+00:00\" \/>\n<meta property=\"og:image\" content=\"https:\/\/casasinhaus.com\/wp-content\/uploads\/2018\/05\/DSC5255.jpg\" \/>\n<meta name=\"twitter:card\" content=\"summary\" \/>\n<meta name=\"twitter:creator\" content=\"@casasinhaus\" \/>\n<meta name=\"twitter:site\" content=\"@casasinhaus\" \/>\n<script type=\"application\/ld+json\" class=\"yoast-schema-graph\">{\"@context\":\"https:\/\/schema.org\",\"@graph\":[{\"@type\":\"WebSite\",\"@id\":\"https:\/\/casasinhaus.com\/fr\/#website\",\"url\":\"https:\/\/casasinhaus.com\/fr\/\",\"name\":\"inHAUS\",\"description\":\"construcci\\u00f3n de casas de dise\\u00f1o moderno modular, prefabricado y de obra.\",\"potentialAction\":[{\"@type\":\"SearchAction\",\"target\":\"https:\/\/casasinhaus.com\/fr\/?s={search_term_string}\",\"query-input\":\"required name=search_term_string\"}],\"inLanguage\":\"fr-FR\"},{\"@type\":\"ImageObject\",\"@id\":\"https:\/\/casasinhaus.com\/fr\/histoires-vraies\/#primaryimage\",\"inLanguage\":\"fr-FR\",\"url\":\"https:\/\/casasinhaus.com\/wp-content\/uploads\/2018\/05\/DSC5255.jpg\",\"width\":2000,\"height\":1333},{\"@type\":\"WebPage\",\"@id\":\"https:\/\/casasinhaus.com\/fr\/histoires-vraies\/#webpage\",\"url\":\"https:\/\/casasinhaus.com\/fr\/histoires-vraies\/\",\"name\":\"Historias reales\",\"isPartOf\":{\"@id\":\"https:\/\/casasinhaus.com\/fr\/#website\"},\"primaryImageOfPage\":{\"@id\":\"https:\/\/casasinhaus.com\/fr\/histoires-vraies\/#primaryimage\"},\"datePublished\":\"2018-04-06T11:20:55+00:00\",\"dateModified\":\"2018-09-06T11:14:43+00:00\",\"description\":\"Conoce las historias con nuestros clientes que ya disfrutas de sus casas prefabricadas inHAUS.\",\"inLanguage\":\"fr-FR\",\"potentialAction\":[{\"@type\":\"ReadAction\",\"target\":[\"https:\/\/casasinhaus.com\/fr\/histoires-vraies\/\"]}]}]}<\/script>\n<!-- \/ Yoast SEO plugin. -->","_links":{"self":[{"href":"https:\/\/casasinhaus.com\/fr\/wp-json\/wp\/v2\/pages\/26124"}],"collection":[{"href":"https:\/\/casasinhaus.com\/fr\/wp-json\/wp\/v2\/pages"}],"about":[{"href":"https:\/\/casasinhaus.com\/fr\/wp-json\/wp\/v2\/types\/page"}],"author":[{"embeddable":true,"href":"https:\/\/casasinhaus.com\/fr\/wp-json\/wp\/v2\/users\/1"}],"replies":[{"embeddable":true,"href":"https:\/\/casasinhaus.com\/fr\/wp-json\/wp\/v2\/comments?post=26124"}],"version-history":[{"count":3,"href":"https:\/\/casasinhaus.com\/fr\/wp-json\/wp\/v2\/pages\/26124\/revisions"}],"predecessor-version":[{"id":26348,"href":"https:\/\/casasinhaus.com\/fr\/wp-json\/wp\/v2\/pages\/26124\/revisions\/26348"}],"wp:attachment":[{"href":"https:\/\/casasinhaus.com\/fr\/wp-json\/wp\/v2\/media?parent=26124"}],"curies":[{"name":"wp","href":"https:\/\/api.w.org\/{rel}","templated":true}]}}