{"id":28506,"date":"2019-01-30T10:23:42","date_gmt":"2019-01-30T09:23:42","guid":{"rendered":"https:\/\/casasinhaus.com\/galeria-de-imagenes-espacios-a-doble-altura\/"},"modified":"2019-02-05T10:41:54","modified_gmt":"2019-02-05T09:41:54","slug":"galeria-de-imagenes-espacios-a-doble-altura","status":"publish","type":"page","link":"https:\/\/casasinhaus.com\/fr\/galeria-de-imagenes-espacios-a-doble-altura\/","title":{"rendered":"R\u00e9alisations \u2013 Espaces en double hauteur"},"content":{"rendered":"[vc_row][vc_column width=&#8221;1\/2&#8243;][vc_single_image image=&#8221;28391&#8243;][\/vc_column][vc_column width=&#8221;1\/2&#8243;]<hr  class=\"noo-gap hidden-xs\" style=\" margin: 250px 0 0 0;\">[vc_column_text]\n<h2>Espaces en double hauteur<\/h2>\n[\/vc_column_text][vc_column_text]\n<h3>La qualit\u00e9 des espaces est pour nous essentielle, le syst\u00e8me constructif EMOHA con\u00e7u par inHAUS r\u00e9pond \u00e0 cette exigence et permet par exemple des espaces en double hauteur.<\/h3>\n[\/vc_column_text]<hr  class=\"noo-gap\" >[vc_column_text]\n<h3 style=\"text-align: right;\">Suivez-nous dans cette galerie de photos des projets en double hauteur<\/h3>\n[\/vc_column_text][\/vc_column][\/vc_row][vc_row][vc_column]<hr  class=\"noo-gap\" >[\/vc_column][\/vc_row][vc_row][vc_column width=&#8221;1\/3&#8243;]<hr  class=\"noo-gap hidden-xs\" style=\" margin: 100px 0 0 0;\">[vc_column_text]\n<h4>La double hauteur permet une amplitude spaciale, et une entr\u00e9e encore plus g\u00e9n\u00e9reuse de lumi\u00e8re naturelle, d&#8217;autre part 6 m\u00e8tres de hauteur sous plafond permettent d&#8217;installer de grands lustres d\u00e9coratifs.<\/h4>\n<h4><\/h4>\n<h4>Si le mod\u00e8le que vous aimez n&#8217;a pas de double hauteur, ne vous inqui\u00e9tez pas, nous pouvons \u00e9tudier la possibilit\u00e9 de l&#8217;y introduire.<\/h4>\n<h4><\/h4>\n[\/vc_column_text][\/vc_column][vc_column width=&#8221;2\/3&#8243;][vc_single_image image=&#8221;28395&#8243;][\/vc_column][\/vc_row][vc_row][vc_column]<hr  class=\"noo-gap\" >[\/vc_column][\/vc_row][vc_row][vc_column width=&#8221;1\/2&#8243;][vc_single_image image=&#8221;15724&#8243;][\/vc_column][vc_column width=&#8221;1\/2&#8243;]<hr  class=\"noo-gap hidden-xs\" style=\" margin: 300px 0 0 0;\">[vc_column_text]\n<h4>Le garde-corps en verre permet de ne pas rompre la spacialit\u00e9 de la double hauteur.<\/h4>\n<h4><\/h4>\n[\/vc_column_text]<hr  class=\"noo-gap hidden-xs\" style=\" margin: 125px 0 0 0;\">[vc_column_text]\n<h4>Les lumi\u00e8res indirectes renforcent \u00e9galement cette id\u00e9e d&#8217;amplitude et d&#8217;originalit\u00e9 spatiale, un rev\u00eatement en pierre naturelle ou en c\u00e9ramique textur\u00e9e est d&#8217;avantage mis en valeur dans ce type d&#8217;espace.<\/h4>\n[\/vc_column_text][\/vc_column][\/vc_row][vc_row][vc_column]<hr  class=\"noo-gap\" >[\/vc_column][\/vc_row][vc_row][vc_column width=&#8221;1\/2&#8243;]<hr  class=\"noo-gap hidden-xs\" style=\" margin: 450px 0 0 0;\">[vc_column_text]\n<h4>Notre catalogue propose plusieurs mod\u00e8les de maisons avec double hauteur dans le salon: cf le <a href=\"https:\/\/casasinhaus.com\/fr\/properties\/maison-modulaire-design-modele-teia-5d-2p-2-273\/\">mod\u00e8le Tei\u00e0<\/a>, le <a href=\"https:\/\/casasinhaus.com\/fr\/properties\/maison-modulaire-gamme-luxe-modele-marratxi-5d-2p-2-426\/\">mod\u00e8le Marratxi<\/a>&#8230;<\/h4>\n<h4><\/h4>\n<h4><em>Chez inHAUS nous g\u00e9rons le projet de A \u00e0 Z<\/em><\/h4>\n<h4><\/h4>\n[\/vc_column_text][\/vc_column][vc_column width=&#8221;1\/2&#8243;][vc_single_image image=&#8221;15723&#8243;][\/vc_column][\/vc_row]\n","protected":false},"excerpt":{"rendered":"<p>[vc_row][vc_column width=&#8221;1\/2&#8243;][vc_single_image image=&#8221;28391&#8243;][\/vc_column][vc_column width=&#8221;1\/2&#8243;][vc_column_text] Espaces en double hauteur [\/vc_column_text][vc_column_text] La qualit\u00e9 des espaces est pour nous essentielle, le syst\u00e8me constructif EMOHA con\u00e7u par inHAUS r\u00e9pond \u00e0 cette exigence et permet par exemple des espaces en double hauteur. [\/vc_column_text][vc_column_text] Suivez-nous dans cette galerie de photos des projets en double hauteur [\/vc_column_text][\/vc_column][\/vc_row][vc_row][vc_column][\/vc_column][\/vc_row][vc_row][vc_column width=&#8221;1\/3&#8243;][vc_column_text] La double hauteur permet une amplitude spaciale, et une&#8230;<\/p>\n<div><a href=\"https:\/\/casasinhaus.com\/fr\/galeria-de-imagenes-espacios-a-doble-altura\/\" class=\"read-more\">Read More <i class=\"fa fa-arrow-right\"><\/i><\/a><\/div>\n","protected":false},"author":16020,"featured_media":0,"parent":0,"menu_order":666,"comment_status":"closed","ping_status":"closed","template":"","meta":[],"yoast_head":"<!-- This site is optimized with the Yoast SEO plugin v15.1.1 - https:\/\/yoast.com\/wordpress\/plugins\/seo\/ -->\n<meta name=\"robots\" content=\"index, follow, max-snippet:-1, max-image-preview:large, max-video-preview:-1\" \/>\n<link rel=\"canonical\" href=\"https:\/\/casasinhaus.com\/fr\/galeria-de-imagenes-espacios-a-doble-altura\/\" \/>\n<meta property=\"og:locale\" content=\"fr_FR\" \/>\n<meta property=\"og:type\" content=\"article\" \/>\n<meta property=\"og:title\" content=\"R\u00e9alisations \u2013 Espaces en double hauteur - inHAUS\" \/>\n<meta property=\"og:description\" content=\"[vc_row][vc_column width=&#8221;1\/2&#8243;][vc_single_image image=&#8221;28391&#8243;][\/vc_column][vc_column width=&#8221;1\/2&#8243;][vc_column_text] Espaces en double hauteur [\/vc_column_text][vc_column_text] La qualit\u00e9 des espaces est pour nous essentielle, le syst\u00e8me constructif EMOHA con\u00e7u par inHAUS r\u00e9pond \u00e0 cette exigence et permet par exemple des espaces en double hauteur. [\/vc_column_text][vc_column_text] Suivez-nous dans cette galerie de photos des projets en double hauteur [\/vc_column_text][\/vc_column][\/vc_row][vc_row][vc_column][\/vc_column][\/vc_row][vc_row][vc_column width=&#8221;1\/3&#8243;][vc_column_text] La double hauteur permet une amplitude spaciale, et une...Read More\" \/>\n<meta property=\"og:url\" content=\"https:\/\/casasinhaus.com\/fr\/galeria-de-imagenes-espacios-a-doble-altura\/\" \/>\n<meta property=\"og:site_name\" content=\"inHAUS\" \/>\n<meta property=\"article:publisher\" content=\"https:\/\/www.facebook.com\/casasmodularesinhaus\" \/>\n<meta property=\"article:modified_time\" content=\"2019-02-05T09:41:54+00:00\" \/>\n<meta name=\"twitter:card\" content=\"summary\" \/>\n<meta name=\"twitter:creator\" content=\"@casasinhaus\" \/>\n<meta name=\"twitter:site\" content=\"@casasinhaus\" \/>\n<script type=\"application\/ld+json\" class=\"yoast-schema-graph\">{\"@context\":\"https:\/\/schema.org\",\"@graph\":[{\"@type\":\"WebSite\",\"@id\":\"https:\/\/casasinhaus.com\/fr\/#website\",\"url\":\"https:\/\/casasinhaus.com\/fr\/\",\"name\":\"inHAUS\",\"description\":\"construcci\\u00f3n de casas de dise\\u00f1o moderno modular, prefabricado y de obra.\",\"potentialAction\":[{\"@type\":\"SearchAction\",\"target\":\"https:\/\/casasinhaus.com\/fr\/?s={search_term_string}\",\"query-input\":\"required name=search_term_string\"}],\"inLanguage\":\"fr-FR\"},{\"@type\":\"WebPage\",\"@id\":\"https:\/\/casasinhaus.com\/fr\/galeria-de-imagenes-espacios-a-doble-altura\/#webpage\",\"url\":\"https:\/\/casasinhaus.com\/fr\/galeria-de-imagenes-espacios-a-doble-altura\/\",\"name\":\"R\\u00e9alisations \\u2013 Espaces en double hauteur - inHAUS\",\"isPartOf\":{\"@id\":\"https:\/\/casasinhaus.com\/fr\/#website\"},\"datePublished\":\"2019-01-30T09:23:42+00:00\",\"dateModified\":\"2019-02-05T09:41:54+00:00\",\"inLanguage\":\"fr-FR\",\"potentialAction\":[{\"@type\":\"ReadAction\",\"target\":[\"https:\/\/casasinhaus.com\/fr\/galeria-de-imagenes-espacios-a-doble-altura\/\"]}]}]}<\/script>\n<!-- \/ Yoast SEO plugin. -->","_links":{"self":[{"href":"https:\/\/casasinhaus.com\/fr\/wp-json\/wp\/v2\/pages\/28506"}],"collection":[{"href":"https:\/\/casasinhaus.com\/fr\/wp-json\/wp\/v2\/pages"}],"about":[{"href":"https:\/\/casasinhaus.com\/fr\/wp-json\/wp\/v2\/types\/page"}],"author":[{"embeddable":true,"href":"https:\/\/casasinhaus.com\/fr\/wp-json\/wp\/v2\/users\/16020"}],"replies":[{"embeddable":true,"href":"https:\/\/casasinhaus.com\/fr\/wp-json\/wp\/v2\/comments?post=28506"}],"version-history":[{"count":2,"href":"https:\/\/casasinhaus.com\/fr\/wp-json\/wp\/v2\/pages\/28506\/revisions"}],"predecessor-version":[{"id":28513,"href":"https:\/\/casasinhaus.com\/fr\/wp-json\/wp\/v2\/pages\/28506\/revisions\/28513"}],"wp:attachment":[{"href":"https:\/\/casasinhaus.com\/fr\/wp-json\/wp\/v2\/media?parent=28506"}],"curies":[{"name":"wp","href":"https:\/\/api.w.org\/{rel}","templated":true}]}}