{"id":28507,"date":"2019-01-11T11:41:46","date_gmt":"2019-01-11T10:41:46","guid":{"rendered":"https:\/\/casasinhaus.com\/galeria-casas-terminadas-modelo-betera-en-madrid\/"},"modified":"2019-02-05T10:30:23","modified_gmt":"2019-02-05T09:30:23","slug":"galeria-casas-terminadas-modelo-betera-en-madrid","status":"publish","type":"page","link":"https:\/\/casasinhaus.com\/fr\/galeria-casas-terminadas-modelo-betera-en-madrid\/","title":{"rendered":"Galerie d&#8217;images &#8211; Mod\u00e8le B\u00e9tera \u00e0 Madrid"},"content":{"rendered":"[vc_row content_placement=&#8221;top&#8221; padding_top=&#8221;0&#8243;][vc_column width=&#8221;2\/3&#8243;][layerslider_vc id=&#8221;93&#8243;][\/vc_column][vc_column width=&#8221;1\/3&#8243;]<hr  class=\"noo-gap hidden-xs\" style=\" margin: 400px 0 0 0;\">[vc_column_text]\n<h3 style=\"text-align: right;\">Un paysage comme la Sierra de Madrid m\u00e9rite d&#8217;\u00eatre admir\u00e9, refl\u00e9t\u00e9, faisant partie de la maison.<br \/>\nAvec le mod\u00e8le inHAUS B\u00e9tera, de grandes fen\u00eatres s&#8217;ouvrent sur le paysage pour en profiter confortablement.<\/h3>\n[\/vc_column_text][\/vc_column][\/vc_row][vc_row][vc_column][vc_separator color=&#8221;&#8221; thickness=&#8221;0&#8243; space_before=&#8221;10&#8243; space_after=&#8221;10&#8243;][\/vc_column][\/vc_row][vc_row padding_bottom=&#8221;10&#8243;][vc_column width=&#8221;1\/3&#8243;][vc_separator color=&#8221;&#8221; thickness=&#8221;0&#8243;][vc_column_text]\n<h4>La maison id\u00e9ale pour un jeune foyer o\u00f9 chaque membre peut disposer de son propre espace pour d\u00e9velopper ses loisirs. Un projet muni d&#8217;une cour anglaise, qui rend le sous-sol habitable, b\u00e9n\u00e9ficiant de lumi\u00e8re et d&#8217;une ventilation constante.<br \/>\nUne maison qui se d\u00e9marque dans ses environs par la mani\u00e8re dont elle refl\u00e8te la montagne et la nature.<\/h4>\n[\/vc_column_text][vc_separator color=&#8221;&#8221; thickness=&#8221;0&#8243; space_before=&#8221;10&#8243; space_after=&#8221;10&#8243;][vc_column_text]\n<h4>Le confort de la fa\u00e7ade ventil\u00e9e est combin\u00e9 \u00e0 un design moderne et une thermique efficace.<\/h4>\n[\/vc_column_text][\/vc_column][vc_column width=&#8221;2\/3&#8243;][vc_single_image image=&#8221;28016&#8243;][\/vc_column][\/vc_row][vc_row][vc_column]<hr  class=\"noo-gap\" >[\/vc_column][\/vc_row][vc_row][vc_column width=&#8221;1\/2&#8243;][vc_single_image image=&#8221;28013&#8243;][\/vc_column][vc_column width=&#8221;1\/2&#8243;][vc_column_text]\n<h4>La menuiserie ext\u00e9rieure en PVC de couleur anthracite contrastant avec la fa\u00e7ade ventil\u00e9e conf\u00e8re \u00e0 cette maison un caract\u00e8re contemporain, dans la cat\u00e9gotie &#8220;oriental chic&#8221;.<br \/>\nVerres de s\u00e9curit\u00e9, haute performance \u00e9nerg\u00e9tique constituent les ouvertures de la fa\u00e7ade marquant le rythme des pi\u00e8ces.<\/h4>\n<h4><\/h4>\n[\/vc_column_text][vc_separator color=&#8221;&#8221; thickness=&#8221;0&#8243; space_before=&#8221;10&#8243; space_after=&#8221;10&#8243;][vc_column_text]\n<h3 style=\"text-align: right;\"><em>&#8220;Un magnifique escalier qui accompagne la mont\u00e9e \u00e0 l&#8217;\u00e9tage,<\/em><\/h3>\n<h3 style=\"text-align: right;\"><em>avec une main courante lumineuse.&#8221;<\/em><\/h3>\n<h3 style=\"text-align: right;\"><\/h3>\n[\/vc_column_text][\/vc_column][\/vc_row][vc_row][vc_column][vc_separator color=&#8221;&#8221; thickness=&#8221;0&#8243; space_before=&#8221;10&#8243; space_after=&#8221;10&#8243;][\/vc_column][\/vc_row][vc_row content_placement=&#8221;top&#8221; padding_top=&#8221;0&#8243; padding_bottom=&#8221;0&#8243;][vc_column]<div id=\"noo-slider-1\" class=\"noo-slider top-indicators\" >\n  <ul class=\"sliders\">\n<li class=\"slide-item\" >\n<img class=\"slide-image\" alt=\"Precio casa modular todo incluido\" src=\"https:\/\/casasinhaus.com\/wp-content\/uploads\/2019\/01\/casa-diseno-modular-hormigon-inhaus-1.jpg\">\n\n<\/li><li class=\"slide-item\" >\n<img class=\"slide-image\" alt=\"Precio casa modular todo incluido\" src=\"https:\/\/casasinhaus.com\/wp-content\/uploads\/2019\/01\/casa-modular-casas-inhaus-madrid-1.jpg\">\n\n<\/li>\n  <\/ul>\n  <div class=\"clearfix\"><\/div>\n\n  <div id=\"noo-slider-1-pagination\" class=\"slider-indicators\"><\/div>\n\n<\/div>\n<script>\njQuery('document').ready(function ($) {\n  $('#noo-slider-1 .sliders').carouFredSel({\n    infinite: true,\n    circular: true,\n    responsive: true,\n    debug : false,\n    items: {\n      start: 0\n    },\n    scroll: {\n      items: 1,\n      duration: 600,\n\n      fx: \"scroll\"\n    },\n    auto: {\n      timeoutDuration: 3000,\n\n      play: true\n    },\n\n    pagination: {\n      container: \"#noo-slider-1-pagination\"\n    },\n    swipe: {\n      onTouch: false,\n      onMouse: false\n    }\n  });\n});\n<\/script>[\/vc_column][\/vc_row][vc_row][vc_column][vc_separator color=&#8221;&#8221; thickness=&#8221;0&#8243; space_before=&#8221;10&#8243; space_after=&#8221;10&#8243;][\/vc_column][\/vc_row][vc_row class=&#8221;slider_de_casas_terminadas&#8221;][vc_column width=&#8221;2\/3&#8243;][vc_single_image image=&#8221;27964&#8243;][\/vc_column][vc_column width=&#8221;1\/3&#8243;][vc_column_text]\n<h4>Une fois \u00e0 l&#8217;int\u00e9rieur, les tonalit\u00e9s aident la lumi\u00e8re \u00e0 entrer jusque dans la cuisine. La disposition des portes et des fen\u00eatres du sol au plafond amplifie la sensation d&#8217;espace. Confort et design, toujours indissociables chez inHAUS. Un logement qui dispose de nombreuses armoires, un salon dans lequel il y a possibilit\u00e9 d&#8217;une chambre d&#8217;amis gr\u00e2ce \u00e0 un syst\u00e8me de panneaux coulissants et un espace fluide entre le salon, la cuisine et la salle de musique.<\/h4>\n[\/vc_column_text][\/vc_column][\/vc_row][vc_row][vc_column][vc_separator color=&#8221;&#8221; thickness=&#8221;0&#8243; space_before=&#8221;10&#8243; space_after=&#8221;10&#8243;][\/vc_column][\/vc_row][vc_row padding_top=&#8221;10&#8243;][vc_column width=&#8221;2\/3&#8243;][vc_single_image image=&#8221;27922&#8243;][vc_column_text]\n<h3 style=\"text-align: right;\"><em>&#8220;La cuisine id\u00e9ale pour les passionn\u00e9s de gastronomie.&#8221;<\/em><\/h3>\n[\/vc_column_text][\/vc_column][vc_column width=&#8221;1\/3&#8243;][vc_single_image image=&#8221;27931&#8243;][\/vc_column][\/vc_row][vc_row][vc_column][vc_separator color=&#8221;&#8221; thickness=&#8221;0&#8243; space_before=&#8221;10&#8243; space_after=&#8221;10&#8243;][\/vc_column][\/vc_row][vc_row class=&#8221;slider_de_casas_terminadas&#8221;][vc_column width=&#8221;1\/3&#8243;][vc_single_image image=&#8221;27955&#8243;][\/vc_column][vc_column width=&#8221;2\/3&#8243;][vc_single_image image=&#8221;27970&#8243;][vc_column_text]\n<h4>La salle de bain de la chambre principale avec vues sur la montagne.<\/h4>\n[\/vc_column_text][\/vc_column][\/vc_row][vc_row][vc_column][vc_separator color=&#8221;&#8221; thickness=&#8221;0&#8243;][vc_column_text]\n<h4>La cuisine comme les salles de bains ont \u00e9t\u00e9 con\u00e7ue dans une ambiance orientale chic gr\u00e2ce \u00e0 la combinaison de surfaces polies anthracites et du bois qui habille la fa\u00e7ade des placards. Un \u00e9clairage \u00e9tudi\u00e9 vient magnifier le d\u00e9cor.<\/h4>\n<h4>Une maison fonctionnelle et design construite en b\u00e9ton, en moins de 5 mois !<\/h4>\n<h4>Qualit\u00e9, professionnalisme, design et performance \u00e9nerg\u00e9tique, ma\u00eetres mots chez inHAUS.<\/h4>\n[\/vc_column_text][vc_column_text]\n<h4>La qualit\u00e9 au service des mat\u00e9riaux, des finitions et du design tant \u00e0 l&#8217;int\u00e9rieur qu&#8217;\u00e0 l&#8217;int\u00e9rieur.<\/h4>\n[\/vc_column_text][vc_separator color=&#8221;&#8221; thickness=&#8221;0&#8243; space_before=&#8221;10&#8243; space_after=&#8221;10&#8243;][\/vc_column][\/vc_row][vc_row][vc_column width=&#8221;2\/3&#8243;][vc_column_text]\n<div class=\"arve-wrapper arve-hover-effect-zoom\" data-mode=\"lazyload-lightbox\" data-provider=\"youtube\" id=\"arve-tBuj3MDQPyQ\" style=\"max-width:2500px;\" itemscope itemtype=\"http:\/\/schema.org\/VideoObject\"><span id=\"lity-arve-tBuj3MDQPyQ\" class=\"arve-lity-container lity-hide\" style=\"width:1200px;height:675px;\"><span class=\"arve-lazyload\" data-allow=\"accelerometer; autoplay; encrypted-media; gyroscope; picture-in-picture\" data-allowfullscreen data-class=\"arve-iframe fitvidsignore\" data-frameborder=\"0\" data-name data-sandbox=\"allow-scripts allow-same-origin allow-presentation-to-escape-sandbox\" data-scrolling=\"no\" data-src=\"https:\/\/www.youtube-nocookie.com\/embed\/tBuj3MDQPyQ?iv_load_policy=3&#038;modestbranding=1&#038;rel=0&#038;autohide=1&#038;playsinline=1&#038;autoplay=1\" data-width=\"480\" data-height=\"270\"><\/span><\/span><div class=\"arve-embed-container\" style=\"padding-bottom:56.250000%\"><meta itemprop=\"embedURL\" content=\"https:\/\/www.youtube-nocookie.com\/embed\/tBuj3MDQPyQ?iv_load_policy=3&amp;modestbranding=1&amp;rel=0&amp;autohide=1&amp;playsinline=1&amp;autoplay=1\"><meta itemprop=\"uploadDate\" content=\"2019-01-11T11:41:46+00:00\"><img class=\"arve-thumbnail\" data-object-fit itemprop=\"thumbnailUrl\" src=\"https:\/\/i.ytimg.com\/vi\/tBuj3MDQPyQ\/mqdefault.jpg\" srcset=\"https:\/\/i.ytimg.com\/vi\/tBuj3MDQPyQ\/mqdefault.jpg 320w, https:\/\/i.ytimg.com\/vi\/tBuj3MDQPyQ\/hqdefault.jpg 480w, https:\/\/i.ytimg.com\/vi\/tBuj3MDQPyQ\/sddefault.jpg 640w, https:\/\/i.ytimg.com\/vi\/tBuj3MDQPyQ\/maxresdefault.jpg 1280w\" sizes=\"(max-width: 640px) 100vw, 2500px\" alt=\"Video Thumbnail\"><meta itemprop=\"name\" content=\"Casa B\u00e9tera en Madrid\"><span itemprop=\"description\" class=\"arve-description arve-hidden\">[vc_row content_placement=&quot;top&quot; padding_top=&quot;0&quot;][vc_column width=&quot;2\/3&quot;][layerslider_vc id=&quot;93&quot;][\/vc_column][vc_column width=&quot;1\/3&quot;][vc_column_text] Un paysage comme la Sierra de Madrid m\u00e9rite d&#039;\u00eatre admir\u00e9, refl\u00e9t\u00e9, faisant partie de la maison. Avec le mod\u00e8le inHAUS B\u00e9tera, de grandes fen\u00eatres s&#039;ouvr<\/span><button class=\"arve-play-btn arve-blay-btn-circle\" data-lity-target=\"#lity-arve-tBuj3MDQPyQ\" data-lity type=\"button\"> <svg class='arve-play-svg' width='50' height='50' viewBox='0 0 50 50'> <circle class='arve-play-svg-circle-bg' fill='black' fill-opacity='0.4' cx='25' cy='25' r='25' \/> <path class='arve-play-svg-circle-fg' fill='white' fill-opacity='0.8' fill-rule='evenodd' d='M 25, 25 m -21, 0 a 21,21 0 1,0 42,0 a 21,21 0 1,0 -42,0 M19.5 15 v20 l15 -10z' \/> <\/svg><\/button><\/div><\/div>\n[\/vc_column_text][\/vc_column][vc_column width=&#8221;1\/3&#8243;]<hr  class=\"noo-gap\" >[vc_column_text]\n<h3>Une maison inHAUS \u00e0 l&#8217;\u00e2me montagnarde.<\/h3>\n[\/vc_column_text]<hr  class=\"noo-gap\" style=\" margin: 200px 0 0 0;\">[vc_column_text]\n<h3>Si quieres seguir viendo casas inHAUS, pincha\u00a0<a href=\"http:\/\/casasinhaus.com\/casas-prefabricadas-fotos\/\">aqu\u00ed.<\/a><\/h3>\n[\/vc_column_text][\/vc_column][\/vc_row]\n","protected":false},"excerpt":{"rendered":"<p>[vc_row content_placement=&#8221;top&#8221; padding_top=&#8221;0&#8243;][vc_column width=&#8221;2\/3&#8243;][layerslider_vc id=&#8221;93&#8243;][\/vc_column][vc_column width=&#8221;1\/3&#8243;][vc_column_text] Un paysage comme la Sierra de Madrid m\u00e9rite d&#8217;\u00eatre admir\u00e9, refl\u00e9t\u00e9, faisant partie de la maison. Avec le mod\u00e8le inHAUS B\u00e9tera, de grandes fen\u00eatres s&#8217;ouvrent sur le paysage pour en profiter confortablement. [\/vc_column_text][\/vc_column][\/vc_row][vc_row][vc_column][vc_separator color=&#8221;&#8221; thickness=&#8221;0&#8243; space_before=&#8221;10&#8243; space_after=&#8221;10&#8243;][\/vc_column][\/vc_row][vc_row padding_bottom=&#8221;10&#8243;][vc_column width=&#8221;1\/3&#8243;][vc_separator color=&#8221;&#8221; thickness=&#8221;0&#8243;][vc_column_text] La maison id\u00e9ale pour un jeune foyer o\u00f9 chaque membre peut disposer de&#8230;<\/p>\n<div><a href=\"https:\/\/casasinhaus.com\/fr\/galeria-casas-terminadas-modelo-betera-en-madrid\/\" class=\"read-more\">Read More <i class=\"fa fa-arrow-right\"><\/i><\/a><\/div>\n","protected":false},"author":16020,"featured_media":0,"parent":0,"menu_order":679,"comment_status":"closed","ping_status":"closed","template":"","meta":[],"yoast_head":"<!-- This site is optimized with the Yoast SEO plugin v15.1.1 - https:\/\/yoast.com\/wordpress\/plugins\/seo\/ -->\n<meta name=\"description\" content=\"La casa ideal para una familia joven donde cada miembro tiene su propio espacio donde desarrollar sus aficiones. Aprovechar el espacio exterior del jard\u00edn\" \/>\n<meta name=\"robots\" content=\"index, follow, max-snippet:-1, max-image-preview:large, max-video-preview:-1\" \/>\n<link rel=\"canonical\" href=\"https:\/\/casasinhaus.com\/fr\/galeria-casas-terminadas-modelo-betera-en-madrid\/\" \/>\n<meta property=\"og:locale\" content=\"fr_FR\" \/>\n<meta property=\"og:type\" content=\"article\" \/>\n<meta property=\"og:title\" content=\"Galerie d&#039;images - Mod\u00e8le B\u00e9tera \u00e0 Madrid - inHAUS\" \/>\n<meta property=\"og:description\" content=\"La casa ideal para una familia joven donde cada miembro tiene su propio espacio donde desarrollar sus aficiones. Aprovechar el espacio exterior del jard\u00edn\" \/>\n<meta property=\"og:url\" content=\"https:\/\/casasinhaus.com\/fr\/galeria-casas-terminadas-modelo-betera-en-madrid\/\" \/>\n<meta property=\"og:site_name\" content=\"inHAUS\" \/>\n<meta property=\"article:publisher\" content=\"https:\/\/www.facebook.com\/casasmodularesinhaus\" \/>\n<meta property=\"article:modified_time\" content=\"2019-02-05T09:30:23+00:00\" \/>\n<meta name=\"twitter:card\" content=\"summary\" \/>\n<meta name=\"twitter:creator\" content=\"@casasinhaus\" \/>\n<meta name=\"twitter:site\" content=\"@casasinhaus\" \/>\n<script type=\"application\/ld+json\" class=\"yoast-schema-graph\">{\"@context\":\"https:\/\/schema.org\",\"@graph\":[{\"@type\":\"WebSite\",\"@id\":\"https:\/\/casasinhaus.com\/fr\/#website\",\"url\":\"https:\/\/casasinhaus.com\/fr\/\",\"name\":\"inHAUS\",\"description\":\"construcci\\u00f3n de casas de dise\\u00f1o moderno modular, prefabricado y de obra.\",\"potentialAction\":[{\"@type\":\"SearchAction\",\"target\":\"https:\/\/casasinhaus.com\/fr\/?s={search_term_string}\",\"query-input\":\"required name=search_term_string\"}],\"inLanguage\":\"fr-FR\"},{\"@type\":\"WebPage\",\"@id\":\"https:\/\/casasinhaus.com\/fr\/galeria-casas-terminadas-modelo-betera-en-madrid\/#webpage\",\"url\":\"https:\/\/casasinhaus.com\/fr\/galeria-casas-terminadas-modelo-betera-en-madrid\/\",\"name\":\"Galerie d'images - Mod\\u00e8le B\\u00e9tera \\u00e0 Madrid - inHAUS\",\"isPartOf\":{\"@id\":\"https:\/\/casasinhaus.com\/fr\/#website\"},\"datePublished\":\"2019-01-11T10:41:46+00:00\",\"dateModified\":\"2019-02-05T09:30:23+00:00\",\"description\":\"La casa ideal para una familia joven donde cada miembro tiene su propio espacio donde desarrollar sus aficiones. Aprovechar el espacio exterior del jard\\u00edn\",\"inLanguage\":\"fr-FR\",\"potentialAction\":[{\"@type\":\"ReadAction\",\"target\":[\"https:\/\/casasinhaus.com\/fr\/galeria-casas-terminadas-modelo-betera-en-madrid\/\"]}]}]}<\/script>\n<!-- \/ Yoast SEO plugin. -->","_links":{"self":[{"href":"https:\/\/casasinhaus.com\/fr\/wp-json\/wp\/v2\/pages\/28507"}],"collection":[{"href":"https:\/\/casasinhaus.com\/fr\/wp-json\/wp\/v2\/pages"}],"about":[{"href":"https:\/\/casasinhaus.com\/fr\/wp-json\/wp\/v2\/types\/page"}],"author":[{"embeddable":true,"href":"https:\/\/casasinhaus.com\/fr\/wp-json\/wp\/v2\/users\/16020"}],"replies":[{"embeddable":true,"href":"https:\/\/casasinhaus.com\/fr\/wp-json\/wp\/v2\/comments?post=28507"}],"version-history":[{"count":2,"href":"https:\/\/casasinhaus.com\/fr\/wp-json\/wp\/v2\/pages\/28507\/revisions"}],"predecessor-version":[{"id":28511,"href":"https:\/\/casasinhaus.com\/fr\/wp-json\/wp\/v2\/pages\/28507\/revisions\/28511"}],"wp:attachment":[{"href":"https:\/\/casasinhaus.com\/fr\/wp-json\/wp\/v2\/media?parent=28507"}],"curies":[{"name":"wp","href":"https:\/\/api.w.org\/{rel}","templated":true}]}}