{"id":30043,"date":"2019-04-03T12:16:53","date_gmt":"2019-04-03T11:16:53","guid":{"rendered":"https:\/\/casasinhaus.com\/galeria-de-imagenes-modelo-godella-en-mallorca\/"},"modified":"2022-11-11T14:31:13","modified_gmt":"2022-11-11T13:31:13","slug":"galeria-de-imagenes-modelo-godella-en-mallorca","status":"publish","type":"page","link":"https:\/\/casasinhaus.com\/fr\/galeria-de-imagenes-modelo-godella-en-mallorca\/","title":{"rendered":"Galerie de photos &#8211; Mod\u00e8le Godella \u00e0 Majorque"},"content":{"rendered":"\t\t<div data-elementor-type=\"wp-post\" data-elementor-id=\"30043\" class=\"elementor elementor-30043 elementor-29074\" data-elementor-settings=\"[]\">\n\t\t\t\t\t\t<div class=\"elementor-inner\">\n\t\t\t\t\t\t\t<div class=\"elementor-section-wrap\">\n\t\t\t\t\t\t\t<section class=\"elementor-section elementor-top-section elementor-element elementor-element-2a533a3f elementor-section-boxed elementor-section-height-default elementor-section-height-default\" data-id=\"2a533a3f\" data-element_type=\"section\">\n\t\t\t\t\t\t<div class=\"elementor-container elementor-column-gap-default\">\n\t\t\t\t\t\t\t<div class=\"elementor-row\">\n\t\t\t\t\t<div class=\"elementor-column elementor-col-100 elementor-top-column elementor-element elementor-element-15089aa6\" data-id=\"15089aa6\" data-element_type=\"column\">\n\t\t\t<div class=\"elementor-column-wrap elementor-element-populated\">\n\t\t\t\t\t\t\t<div class=\"elementor-widget-wrap\">\n\t\t\t\t\t\t<div class=\"elementor-element elementor-element-31c9101 elementor-widget elementor-widget-wp-widget-layerslider_widget\" data-id=\"31c9101\" data-element_type=\"widget\" data-widget_type=\"wp-widget-layerslider_widget.default\">\n\t\t\t\t<div class=\"elementor-widget-container\">\n\t\t\t<script type=\"text\/javascript\">jQuery(function() { _initLayerSlider( '#layerslider_136_1xxyhtt62vf2a', {createdWith: '6.11.2', sliderVersion: '6.11.2', skinsPath: 'https:\/\/casasinhaus.com\/wp-content\/plugins\/LayerSlider\/assets\/static\/layerslider\/skins\/'}); });<\/script><div id=\"layerslider_136_1xxyhtt62vf2a\" class=\"ls-wp-container fitvidsignore\" style=\"width:1280px;height:720px;margin:0 auto;\"><div class=\"ls-slide\" ><\/div><\/div>\t\t<\/div>\n\t\t\t\t<\/div>\n\t\t\t\t<div class=\"elementor-element elementor-element-3715706f elementor-widget elementor-widget-text-editor\" data-id=\"3715706f\" data-element_type=\"widget\" data-widget_type=\"text-editor.default\">\n\t\t\t\t<div class=\"elementor-widget-container\">\n\t\t\t\t\t\t\t\t<div class=\"elementor-text-editor elementor-clearfix\">\n\t\t\t\t[vc_row content_placement=&#8221;top&#8221; padding_top=&#8221;0&#8243;][vc_column][layerslider_vc id=&#8221;107&#8243;][vc_column_text]<p>\u00a0<\/p><h3 style=\"text-align: right;\">En una de las zonas m\u00e1s exclusivas de la isla de Mallorca<br \/>descubrimos el Modelo Godella de Casas inHAUS.<br \/>Un entorno envidiable rodeado de pinos mediterr\u00e1neos<br \/>donde los grandes ventanales\u00a0 reflejan este paisaje tan id\u00edlico.<\/h3><h3 style=\"text-align: right;\">\u00a0<\/h3>[\/vc_column_text][\/vc_column][\/vc_row][vc_row][vc_column][vc_separator color=&#8221;&#8221; thickness=&#8221;0&#8243; space_before=&#8221;10&#8243; space_after=&#8221;10&#8243;][\/vc_column][\/vc_row][vc_row padding_bottom=&#8221;10&#8243;][vc_column width=&#8221;2\/3&#8243;][vc_single_image image=&#8221;29385&#8243;][\/vc_column][vc_column width=&#8221;1\/3&#8243;][vc_separator color=&#8221;&#8221; thickness=&#8221;0&#8243;][vc_column_text]<h4>Una vivienda de dos niveles que se enmarca en una parcela envidiable de la isla de Mallorca. Con un entorno boscoso gracias a su forma se aprovecha la forma del porche para disfrutar de una zona exterior que prolonga el interior.<br \/>Un material atemporal como el porcel\u00e1nico elegido en tonos suaves hace que suavice su presencia en el entorno.<\/h4>[\/vc_column_text][vc_separator color=&#8221;&#8221; thickness=&#8221;0&#8243; space_before=&#8221;10&#8243; space_after=&#8221;10&#8243;][vc_single_image image=&#8221;29389&#8243;][\/vc_column][\/vc_row][vc_row][vc_column]<hr  class=\"noo-gap\" >[\/vc_column][\/vc_row][vc_row][vc_column width=&#8221;2\/3&#8243;][vc_separator color=&#8221;&#8221; thickness=&#8221;0&#8243; space_before=&#8221;10&#8243; space_after=&#8221;10&#8243;][vc_column_text]<h4>El paisaje se refleja en sus grandes ventanales integrando la vivienda en su entorno.<\/h4>[\/vc_column_text][vc_separator color=&#8221;&#8221; thickness=&#8221;0&#8243; space_before=&#8221;10&#8243; space_after=&#8221;10&#8243;][vc_column_text]<h4>Carpinter\u00eda de PVC con la mejor eficiencia energ\u00e9tica en un tono oscuro en contraste con los tonos de la fachada para enmarcar el paisaje que se refleja en las ventanas.<\/h4><h4>\u00a0<\/h4>[\/vc_column_text][vc_separator color=&#8221;&#8221; thickness=&#8221;0&#8243; space_before=&#8221;10&#8243; space_after=&#8221;10&#8243;][vc_column_text]<h3 style=\"text-align: right;\"><em>&#8220;Una vivienda en la que disfrutar<br \/>del paisaje desde su interior y el exterior.&#8221;<\/em><\/h3><h3 style=\"text-align: right;\">\u00a0<\/h3>[\/vc_column_text][\/vc_column][vc_column width=&#8221;1\/3&#8243;][vc_single_image image=&#8221;29393&#8243;][\/vc_column][\/vc_row][vc_row content_placement=&#8221;top&#8221; padding_top=&#8221;0&#8243; padding_bottom=&#8221;0&#8243;][vc_column]<div id=\"noo-slider-1\" class=\"noo-slider top-indicators\" >\n  <ul class=\"sliders\">\n<li class=\"slide-item\" >\n<img class=\"slide-image\" alt=\"Precio casa modular todo incluido\" src=\"https:\/\/casasinhaus.com\/wp-content\/uploads\/2019\/04\/pb-casa-modular-prefabricada-hormigon-mallorca.png\">\n\n<\/li><li class=\"slide-item\" >\n<img class=\"slide-image\" alt=\"Precio casa modular todo incluido\" src=\"https:\/\/casasinhaus.com\/wp-content\/uploads\/2019\/04\/p1-casa-modular-prefabricada-hormigon-mallorca.png\">\n\n<\/li>\n  <\/ul>\n  <div class=\"clearfix\"><\/div>\n\n  <div id=\"noo-slider-1-pagination\" class=\"slider-indicators\"><\/div>\n\n<\/div>\n<script>\njQuery('document').ready(function ($) {\n  $('#noo-slider-1 .sliders').carouFredSel({\n    infinite: true,\n    circular: true,\n    responsive: true,\n    debug : false,\n    items: {\n      start: 0\n    },\n    scroll: {\n      items: 1,\n      duration: 600,\n\n      fx: \"scroll\"\n    },\n    auto: {\n      timeoutDuration: 3000,\n\n      play: true\n    },\n\n    pagination: {\n      container: \"#noo-slider-1-pagination\"\n    },\n    swipe: {\n      onTouch: false,\n      onMouse: false\n    }\n  });\n});\n<\/script>[\/vc_column][\/vc_row][vc_row][vc_column][vc_separator color=&#8221;&#8221; thickness=&#8221;0&#8243; space_before=&#8221;10&#8243; space_after=&#8221;10&#8243;][\/vc_column][\/vc_row][vc_row class=&#8221;slider_de_casas_terminadas&#8221;][vc_column width=&#8221;1\/2&#8243;]<hr  class=\"noo-gap\" style=\" margin: 80px 0 0 0;\">[vc_column_text]<h4>La piedra natural protagoniza el interior de la vivienda continuando con los tonos suaves del exterior. Naturaleza y calma en la elecci\u00f3n de materiales y acabados de esta vivienda modular de calidades premium.<br \/>Una vivienda modular de hormig\u00f3n de dise\u00f1o con la que nuestros clientes ya pueden disfrutar gracias a la profesionalidad del equipo inHAUS.<\/h4>[\/vc_column_text]<hr  class=\"noo-gap\" >[vc_single_image image=&#8221;29418&#8243;][\/vc_column][vc_column width=&#8221;1\/2&#8243;][vc_single_image image=&#8221;29436&#8243;][\/vc_column][\/vc_row][vc_row][vc_column]<hr  class=\"noo-gap\" >[\/vc_column][\/vc_row][vc_row padding_top=&#8221;10&#8243;][vc_column width=&#8221;1\/2&#8243;][vc_single_image image=&#8221;29433&#8243;][\/vc_column][vc_column width=&#8221;1\/2&#8243;][vc_single_image image=&#8221;29424&#8243;][\/vc_column][\/vc_row][vc_row][vc_column][vc_column_text]<h3 style=\"text-align: right;\"><em>&#8220;Tonos y texturas naturales protagonizan el dise\u00f1o de esta casa.&#8221;<\/em><\/h3>[\/vc_column_text][vc_separator color=&#8221;&#8221; thickness=&#8221;0&#8243; space_before=&#8221;10&#8243; space_after=&#8221;10&#8243;][\/vc_column][\/vc_row][vc_row class=&#8221;slider_de_casas_terminadas&#8221;][vc_column width=&#8221;2\/3&#8243;][vc_single_image image=&#8221;29427&#8243;][vc_separator color=&#8221;&#8221; thickness=&#8221;0&#8243;][vc_column_text]<h4>Y los espacios siempre dise\u00f1ados con el mimo y cuidado marca de inHAUS, mamparas, ventanas y puertas as\u00ed como los armarios\u00a0de suelo a techo ganando amplitud espacial.<\/h4><h4>Alta eficiencia energ\u00e9tica gracias a los aislamientos que incluye inHAUS en sus casas, ventanas de PVC con vidrios con c\u00e1mara aislante, sistema de aerotermia, nuestro sistema constructivo&#8230;para que ahorres cada d\u00eda que disfrutes tu casa con el m\u00e1ximo confort.<\/h4><h4>Calidad, profesionalidad, dise\u00f1o y eficacia contenida en esta vivienda gracias al equipo de Casas inHAUS.<\/h4>[\/vc_column_text][\/vc_column][vc_column width=&#8221;1\/3&#8243;][vc_single_image image=&#8221;29415&#8243;][\/vc_column][\/vc_row][vc_row class=&#8221;slider_de_casas_terminadas&#8221;][vc_column width=&#8221;2\/3&#8243;][vc_single_image image=&#8221;29427&#8243;][vc_separator color=&#8221;&#8221; thickness=&#8221;0&#8243;][vc_column_text]<h4>Y los espacios siempre dise\u00f1ados con el mimo y cuidado marca de inHAUS, mamparas, ventanas y puertas as\u00ed como los armarios\u00a0de suelo a techo ganando amplitud espacial.<\/h4><h4>Alta eficiencia energ\u00e9tica gracias a los aislamientos que incluye inHAUS en sus casas, ventanas de PVC con vidrios con c\u00e1mara aislante, sistema de aerotermia, nuestro sistema constructivo&#8230;para que ahorres cada d\u00eda que disfrutes tu casa con el m\u00e1ximo confort.<\/h4><h4>Calidad, profesionalidad, dise\u00f1o y eficacia contenida en esta vivienda gracias al equipo de Casas inHAUS.<\/h4>[\/vc_column_text][\/vc_column][vc_column width=&#8221;1\/3&#8243;][vc_single_image image=&#8221;29415&#8243;][\/vc_column][\/vc_row][vc_row][vc_column][vc_separator color=&#8221;&#8221; thickness=&#8221;0&#8243; space_before=&#8221;10&#8243; space_after=&#8221;10&#8243;][vc_column_text]<div class=\"arve-wrapper arve-hover-effect-zoom\" data-mode=\"lazyload-lightbox\" data-provider=\"youtube\" id=\"arve-BeJ1lqCPpd8\" style=\"max-width:2500px;\" itemscope itemtype=\"http:\/\/schema.org\/VideoObject\"><span id=\"lity-arve-BeJ1lqCPpd8\" class=\"arve-lity-container lity-hide\" style=\"width:1200px;height:675px;\"><span class=\"arve-lazyload\" data-allow=\"accelerometer; autoplay; encrypted-media; gyroscope; picture-in-picture\" data-allowfullscreen data-class=\"arve-iframe fitvidsignore\" data-frameborder=\"0\" data-name data-sandbox=\"allow-scripts allow-same-origin allow-presentation-to-escape-sandbox\" data-scrolling=\"no\" data-src=\"https:\/\/www.youtube-nocookie.com\/embed\/BeJ1lqCPpd8?iv_load_policy=3&#038;modestbranding=1&#038;rel=0&#038;autohide=1&#038;playsinline=1&#038;autoplay=1\" data-width=\"480\" data-height=\"270\"><\/span><\/span><div class=\"arve-embed-container\" style=\"padding-bottom:56.250000%\"><meta itemprop=\"embedURL\" content=\"https:\/\/www.youtube-nocookie.com\/embed\/BeJ1lqCPpd8?iv_load_policy=3&amp;modestbranding=1&amp;rel=0&amp;autohide=1&amp;playsinline=1&amp;autoplay=1\"><meta itemprop=\"uploadDate\" content=\"2019-04-03T12:16:53+00:00\"><img class=\"arve-thumbnail\" data-object-fit itemprop=\"thumbnailUrl\" src=\"https:\/\/casasinhaus.com\/wp-content\/uploads\/2019\/04\/Inhaus-Implantacion-Calvia_033.jpg\" srcset=\"https:\/\/casasinhaus.com\/wp-content\/uploads\/2019\/04\/Inhaus-Implantacion-Calvia_033.jpg 2500w, https:\/\/casasinhaus.com\/wp-content\/uploads\/2019\/04\/Inhaus-Implantacion-Calvia_033-300x200.jpg 300w, https:\/\/casasinhaus.com\/wp-content\/uploads\/2019\/04\/Inhaus-Implantacion-Calvia_033-768x512.jpg 768w, https:\/\/casasinhaus.com\/wp-content\/uploads\/2019\/04\/Inhaus-Implantacion-Calvia_033-1024x682.jpg 1024w, https:\/\/casasinhaus.com\/wp-content\/uploads\/2019\/04\/Inhaus-Implantacion-Calvia_033-600x400.jpg 600w, https:\/\/casasinhaus.com\/wp-content\/uploads\/2019\/04\/Inhaus-Implantacion-Calvia_033-1320x880.jpg 1320w\" sizes=\"(max-width: 640px) 100vw, 2500px\" alt=\"Video Thumbnail\"><meta itemprop=\"name\" content=\"Implantaci\u00f3n Modelo Godella en Mallorca\"><span itemprop=\"description\" class=\"arve-description arve-hidden\">[vc_row content_placement=&quot;top&quot; padding_top=&quot;0&quot;][vc_column][layerslider_vc id=&quot;107&quot;][vc_column_text] MOD\u00c8LE GODELLA \u00e0 Majorque [\/vc_column_text][vc_column_text] Le mod\u00e8le Godella INHAUS est implant\u00e9e sur un site prestigieux de l&#039;\u00eele de Majorque Dans un environnement enchanteur entour\u00e9 de pins m\u00e9dite<\/span><button class=\"arve-play-btn arve-blay-btn-circle\" data-lity-target=\"#lity-arve-BeJ1lqCPpd8\" data-lity type=\"button\"> <svg class='arve-play-svg' width='50' height='50' viewBox='0 0 50 50'> <circle class='arve-play-svg-circle-bg' fill='black' fill-opacity='0.4' cx='25' cy='25' r='25' \/> <path class='arve-play-svg-circle-fg' fill='white' fill-opacity='0.8' fill-rule='evenodd' d='M 25, 25 m -21, 0 a 21,21 0 1,0 42,0 a 21,21 0 1,0 -42,0 M19.5 15 v20 l15 -10z' \/> <\/svg><\/button><\/div><\/div>[\/vc_column_text]<hr  class=\"noo-gap\" >[vc_column_text]<h3>Casas de hormig\u00f3n para vivir.<\/h3>[\/vc_column_text][vc_column_text]<h3>Si quieres seguir viendo casas inHAUS, pincha\u00a0<a href=\"http:\/\/casasinhaus.com\/casas-prefabricadas-fotos\/\">aqu\u00ed.<\/a><\/h3>[\/vc_column_text][\/vc_column][\/vc_row]\t\t\t\t\t<\/div>\n\t\t\t\t\t\t<\/div>\n\t\t\t\t<\/div>\n\t\t\t\t\t\t<\/div>\n\t\t\t\t\t<\/div>\n\t\t<\/div>\n\t\t\t\t\t\t\t\t<\/div>\n\t\t\t\t\t<\/div>\n\t\t<\/section>\n\t\t\t\t\t\t<\/div>\n\t\t\t\t\t\t<\/div>\n\t\t\t\t\t<\/div>\n\t\t","protected":false},"excerpt":{"rendered":"<p>[vc_row content_placement=&#8221;top&#8221; padding_top=&#8221;0&#8243;][vc_column][layerslider_vc id=&#8221;107&#8243;][vc_column_text] MOD\u00c8LE GODELLA \u00e0 Majorque [\/vc_column_text][vc_column_text] Le mod\u00e8le Godella INHAUS est implant\u00e9e sur un site prestigieux de l&#8217;\u00eele de Majorque Dans un environnement enchanteur entour\u00e9 de pins m\u00e9diterran\u00e9ens refl\u00e8t\u00e9s dans les grandes fen\u00eatres de la maison. [\/vc_column_text][\/vc_column][\/vc_row][vc_row][vc_column][vc_separator color=&#8221;&#8221; thickness=&#8221;0&#8243; space_before=&#8221;10&#8243; space_after=&#8221;10&#8243;][\/vc_column][\/vc_row][vc_row padding_bottom=&#8221;10&#8243;][vc_column width=&#8221;2\/3&#8243;][vc_single_image image=&#8221;29385&#8243;][\/vc_column][vc_column width=&#8221;1\/3&#8243;][vc_separator color=&#8221;&#8221; thickness=&#8221;0&#8243;][vc_column_text] Une maison sur deux niveaux munie d&#8217;un grand porche qui&#8230;<\/p>\n<div><a href=\"https:\/\/casasinhaus.com\/fr\/galeria-de-imagenes-modelo-godella-en-mallorca\/\" class=\"read-more\">Read More <i class=\"fa fa-arrow-right\"><\/i><\/a><\/div>\n","protected":false},"author":16020,"featured_media":0,"parent":0,"menu_order":660,"comment_status":"closed","ping_status":"closed","template":"","meta":[],"yoast_head":"<!-- This site is optimized with the Yoast SEO plugin v15.1.1 - https:\/\/yoast.com\/wordpress\/plugins\/seo\/ -->\n<meta name=\"description\" content=\"Vivienda prefabricada de hormig\u00f3n en planta baja distribuida alrededor de patios con un amplio sal\u00f3n comedor cocina, 4 dormitorios y 2 ba\u00f1os.\" \/>\n<meta name=\"robots\" content=\"index, follow, max-snippet:-1, max-image-preview:large, max-video-preview:-1\" \/>\n<link rel=\"canonical\" href=\"https:\/\/casasinhaus.com\/fr\/galeria-de-imagenes-modelo-godella-en-mallorca\/\" \/>\n<meta property=\"og:locale\" content=\"fr_FR\" \/>\n<meta property=\"og:type\" content=\"article\" \/>\n<meta property=\"og:title\" content=\"Galer\u00eda de im\u00e1genes - Modelo Moraira - Barcelona - Casas inHAUS\" \/>\n<meta property=\"og:description\" content=\"Vivienda prefabricada de hormig\u00f3n en planta baja distribuida alrededor de patios con un amplio sal\u00f3n comedor cocina, 4 dormitorios y 2 ba\u00f1os.\" \/>\n<meta property=\"og:url\" content=\"https:\/\/casasinhaus.com\/fr\/galeria-de-imagenes-modelo-godella-en-mallorca\/\" \/>\n<meta property=\"og:site_name\" content=\"inHAUS\" \/>\n<meta property=\"article:publisher\" content=\"https:\/\/www.facebook.com\/casasmodularesinhaus\" \/>\n<meta property=\"article:modified_time\" content=\"2022-11-11T13:31:13+00:00\" \/>\n<meta name=\"twitter:card\" content=\"summary\" \/>\n<meta name=\"twitter:creator\" content=\"@casasinhaus\" \/>\n<meta name=\"twitter:site\" content=\"@casasinhaus\" \/>\n<script type=\"application\/ld+json\" class=\"yoast-schema-graph\">{\"@context\":\"https:\/\/schema.org\",\"@graph\":[{\"@type\":\"WebSite\",\"@id\":\"https:\/\/casasinhaus.com\/fr\/#website\",\"url\":\"https:\/\/casasinhaus.com\/fr\/\",\"name\":\"inHAUS\",\"description\":\"construcci\\u00f3n de casas de dise\\u00f1o moderno modular, prefabricado y de obra.\",\"potentialAction\":[{\"@type\":\"SearchAction\",\"target\":\"https:\/\/casasinhaus.com\/fr\/?s={search_term_string}\",\"query-input\":\"required name=search_term_string\"}],\"inLanguage\":\"fr-FR\"},{\"@type\":\"WebPage\",\"@id\":\"https:\/\/casasinhaus.com\/fr\/galeria-de-imagenes-modelo-godella-en-mallorca\/#webpage\",\"url\":\"https:\/\/casasinhaus.com\/fr\/galeria-de-imagenes-modelo-godella-en-mallorca\/\",\"name\":\"Galer\\u00eda de im\\u00e1genes - Modelo Moraira - Barcelona - Casas inHAUS\",\"isPartOf\":{\"@id\":\"https:\/\/casasinhaus.com\/fr\/#website\"},\"datePublished\":\"2019-04-03T11:16:53+00:00\",\"dateModified\":\"2022-11-11T13:31:13+00:00\",\"description\":\"Vivienda prefabricada de hormig\\u00f3n en planta baja distribuida alrededor de patios con un amplio sal\\u00f3n comedor cocina, 4 dormitorios y 2 ba\\u00f1os.\",\"inLanguage\":\"fr-FR\",\"potentialAction\":[{\"@type\":\"ReadAction\",\"target\":[\"https:\/\/casasinhaus.com\/fr\/galeria-de-imagenes-modelo-godella-en-mallorca\/\"]}]}]}<\/script>\n<!-- \/ Yoast SEO plugin. -->","_links":{"self":[{"href":"https:\/\/casasinhaus.com\/fr\/wp-json\/wp\/v2\/pages\/30043"}],"collection":[{"href":"https:\/\/casasinhaus.com\/fr\/wp-json\/wp\/v2\/pages"}],"about":[{"href":"https:\/\/casasinhaus.com\/fr\/wp-json\/wp\/v2\/types\/page"}],"author":[{"embeddable":true,"href":"https:\/\/casasinhaus.com\/fr\/wp-json\/wp\/v2\/users\/16020"}],"replies":[{"embeddable":true,"href":"https:\/\/casasinhaus.com\/fr\/wp-json\/wp\/v2\/comments?post=30043"}],"version-history":[{"count":7,"href":"https:\/\/casasinhaus.com\/fr\/wp-json\/wp\/v2\/pages\/30043\/revisions"}],"predecessor-version":[{"id":51586,"href":"https:\/\/casasinhaus.com\/fr\/wp-json\/wp\/v2\/pages\/30043\/revisions\/51586"}],"wp:attachment":[{"href":"https:\/\/casasinhaus.com\/fr\/wp-json\/wp\/v2\/media?parent=30043"}],"curies":[{"name":"wp","href":"https:\/\/api.w.org\/{rel}","templated":true}]}}