{"id":31584,"date":"2019-01-21T16:48:15","date_gmt":"2019-01-21T15:48:15","guid":{"rendered":"https:\/\/casasinhaus.com\/galeria-casas-terminadas-modelo-moraira-en-barcelona\/"},"modified":"2019-08-08T08:08:04","modified_gmt":"2019-08-08T07:08:04","slug":"galeria-casas-terminadas-modelo-moraira-en-barcelona","status":"publish","type":"page","link":"https:\/\/casasinhaus.com\/fr\/galeria-casas-terminadas-modelo-moraira-en-barcelona\/","title":{"rendered":"Galer\u00eda de im\u00e1genes &#8211; Modelo Moraira en Barcelona"},"content":{"rendered":"\t\t<div data-elementor-type=\"wp-post\" data-elementor-id=\"31584\" class=\"elementor elementor-31584\" data-elementor-settings=\"[]\">\n\t\t\t\t\t\t<div class=\"elementor-inner\">\n\t\t\t\t\t\t\t<div class=\"elementor-section-wrap\">\n\t\t\t\t\t\t\t<section class=\"elementor-section elementor-top-section elementor-element elementor-element-374db927 elementor-section-boxed elementor-section-height-default elementor-section-height-default\" data-id=\"374db927\" data-element_type=\"section\">\n\t\t\t\t\t\t<div class=\"elementor-container elementor-column-gap-default\">\n\t\t\t\t\t\t\t<div class=\"elementor-row\">\n\t\t\t\t\t<div class=\"elementor-column elementor-col-100 elementor-top-column elementor-element elementor-element-45cfbf0a\" data-id=\"45cfbf0a\" data-element_type=\"column\">\n\t\t\t<div class=\"elementor-column-wrap elementor-element-populated\">\n\t\t\t\t\t\t\t<div class=\"elementor-widget-wrap\">\n\t\t\t\t\t\t<div class=\"elementor-element elementor-element-6e3dee02 elementor-widget elementor-widget-text-editor\" data-id=\"6e3dee02\" data-element_type=\"widget\" data-widget_type=\"text-editor.default\">\n\t\t\t\t<div class=\"elementor-widget-container\">\n\t\t\t\t\t\t\t\t<div class=\"elementor-text-editor elementor-clearfix\">\n\t\t\t\t[vc_row content_placement=&#8221;top&#8221; padding_top=&#8221;0&#8243;][vc_column width=&#8221;1\/3&#8243;]<hr  class=\"noo-gap hidden-xs\" style=\" margin: 150px 0 0 0;\">[vc_column_text]<h2 style=\"text-align: right;\"><strong>MOD\u00c8LE MORAIRA<\/strong><br \/><strong>\u00e0 Barcelona.<\/strong><\/h2><h3 style=\"text-align: right;\">\u00a0<\/h3>[\/vc_column_text]<hr  class=\"noo-gap hidden-xs\" style=\" margin: 250px 0 0 0;\">[vc_column_text]<h3 style=\"text-align: right;\">L&#8217;environnement proche de Barcelona rassemble l&#8217;enchantement de la brise marine et la densit\u00e9 de la for\u00eat m\u00e9diterran\u00e9enne.<br \/>Cette maison personnalis\u00e9e inspir\u00e9e du Mod\u00e8le Moraira de inHAUS est une construction modulaire en b\u00e9ton qui contient tout le n\u00e9cessaire pour une famille.\u00a0<\/h3>[\/vc_column_text][\/vc_column][vc_column width=&#8221;2\/3&#8243;][layerslider_vc id=&#8221;97&#8243;][\/vc_column][\/vc_row][vc_row][vc_column][vc_separator color=&#8221;&#8221; thickness=&#8221;0&#8243; space_before=&#8221;10&#8243; space_after=&#8221;10&#8243;][\/vc_column][\/vc_row][vc_row padding_bottom=&#8221;10&#8243;][vc_column width=&#8221;1\/2&#8243;][vc_single_image image=&#8221;28116&#8243;][\/vc_column][vc_column width=&#8221;1\/2&#8243;][vc_separator color=&#8221;&#8221; thickness=&#8221;0&#8243;][vc_column_text]<h4>C&#8217;est un ensemble de volumes blancs remarquables en suspension sur un socle en pierre naturelle abritant le parking, qui vient souligner la maison et faire corps avec son environnement.<\/h4><h4>Une maison extraordinaire pour sa fa\u00e7on de s&#8217;int\u00e9grer dans le paysage montagneux qui l&#8217;entoure.<\/h4>[\/vc_column_text][vc_separator color=&#8221;&#8221; thickness=&#8221;0&#8243; space_before=&#8221;10&#8243; space_after=&#8221;10&#8243;][vc_column_text]<h4>Les balustrades qui accompagnent le parcours depuis l\u2019acc\u00e8s de la parcelle sont en verre afin de conserver les vues depuis la maison.<\/h4>[\/vc_column_text][\/vc_column][\/vc_row][vc_row][vc_column]<hr  class=\"noo-gap\" >[\/vc_column][\/vc_row][vc_row][vc_column width=&#8221;1\/3&#8243;][vc_column_text]<h4>La menuiserie comporte la meilleure isolation qui soit permettant \u00e0 la maison d&#8217;\u00eatre confortable tout au long de l&#8217;ann\u00e9e. Efficacit\u00e9 \u00e9nerg\u00e9tique et style moderne cohabitent dans ce logement situ\u00e9 dans les environs de Barcelone.<\/h4><h4>\u00a0<\/h4>[\/vc_column_text][vc_separator color=&#8221;&#8221; thickness=&#8221;0&#8243; space_before=&#8221;10&#8243; space_after=&#8221;10&#8243;][vc_column_text]<h3 style=\"text-align: right;\"><em>&#8220;Le d\u00e9tail de la chemin\u00e9e fait de ce logement un lieu encore plus cosy.&#8221;<\/em><\/h3><h3 style=\"text-align: right;\">\u00a0<\/h3>[\/vc_column_text][\/vc_column][vc_column width=&#8221;2\/3&#8243;][vc_single_image image=&#8221;28113&#8243;][\/vc_column][\/vc_row][vc_row][vc_column][vc_separator color=&#8221;&#8221; thickness=&#8221;0&#8243; space_before=&#8221;10&#8243; space_after=&#8221;10&#8243;][\/vc_column][\/vc_row][vc_row content_placement=&#8221;top&#8221; padding_top=&#8221;0&#8243; padding_bottom=&#8221;0&#8243;][vc_column]<div id=\"noo-slider-1\" class=\"noo-slider top-indicators\" >\n  <ul class=\"sliders\">\n<li class=\"slide-item\" >\n<img class=\"slide-image\" alt=\"Precio casa modular todo incluido\" src=\"https:\/\/casasinhaus.com\/wp-content\/uploads\/2019\/01\/PLANOS-MORAIRA-EN-BARCELONA-PARCELA.jpg\">\n\n<\/li><li class=\"slide-item\" >\n<img class=\"slide-image\" alt=\"Precio casa modular todo incluido\" src=\"https:\/\/casasinhaus.com\/wp-content\/uploads\/2019\/01\/PLANOS-MORAIRA-EN-BARCELONA-P1.jpg\">\n\n<\/li>\n  <\/ul>\n  <div class=\"clearfix\"><\/div>\n\n  <div id=\"noo-slider-1-pagination\" class=\"slider-indicators\"><\/div>\n\n<\/div>\n<script>\njQuery('document').ready(function ($) {\n  $('#noo-slider-1 .sliders').carouFredSel({\n    infinite: true,\n    circular: true,\n    responsive: true,\n    debug : false,\n    items: {\n      start: 0\n    },\n    scroll: {\n      items: 1,\n      duration: 600,\n\n      fx: \"scroll\"\n    },\n    auto: {\n      timeoutDuration: 3000,\n\n      play: true\n    },\n\n    pagination: {\n      container: \"#noo-slider-1-pagination\"\n    },\n    swipe: {\n      onTouch: false,\n      onMouse: false\n    }\n  });\n});\n<\/script>[\/vc_column][\/vc_row][vc_row][vc_column][vc_separator color=&#8221;&#8221; thickness=&#8221;0&#8243; space_before=&#8221;10&#8243; space_after=&#8221;10&#8243;][\/vc_column][\/vc_row][vc_row class=&#8221;slider_de_casas_terminadas&#8221;][vc_column width=&#8221;1\/2&#8243;][vc_separator color=&#8221;&#8221; thickness=&#8221;0&#8243; space_before=&#8221;150&#8243; space_after=&#8221;150&#8243; visibility=&#8221;hidden-phone&#8221;][vc_column_text]<h4>L&#8217;escalier de la maison est habill\u00e9 de pierre naturelle et son garde corps est en verre.\u00a0<\/h4><h4>La qualit\u00e9 de l&#8217;ex\u00e9cution fait de ces d\u00e9tails une maison tr\u00e8s sp\u00e9ciale. Une maison modulaire en b\u00e9ton pleine de design.<\/h4>[\/vc_column_text][\/vc_column][vc_column width=&#8221;1\/2&#8243;][vc_single_image image=&#8221;28300&#8243;][\/vc_column][\/vc_row][vc_row][vc_column][vc_separator color=&#8221;&#8221; thickness=&#8221;0&#8243; space_before=&#8221;10&#8243; space_after=&#8221;10&#8243;][\/vc_column][\/vc_row][vc_row class=&#8221;slider_de_casas_terminadas&#8221;][vc_column width=&#8221;1\/2&#8243;][vc_single_image image=&#8221;28107&#8243;][\/vc_column][vc_column width=&#8221;1\/2&#8243;][vc_separator color=&#8221;&#8221; thickness=&#8221;0&#8243; space_before=&#8221;50&#8243; space_after=&#8221;50&#8243;][vc_column_text]<h4>Le choix des finitions int\u00e9rieures, est une combinaison de nuances satur\u00e9es color\u00e9es et de blanc. Les pi\u00e8ces d&#8217;eau des chambres \u00e0 coucher se d\u00e9notent par une teinte originale.<\/h4><h4>Le logement comporte de tr\u00e8s nombreux rangements pour faciliter le stockage au jour le jour et garder totalement libre les espaces \u00e0 vivre.<\/h4>[\/vc_column_text][\/vc_column][\/vc_row][vc_row][vc_column][vc_separator color=&#8221;&#8221; thickness=&#8221;0&#8243; space_before=&#8221;10&#8243; space_after=&#8221;10&#8243;][\/vc_column][\/vc_row][vc_row padding_top=&#8221;10&#8243;][vc_column width=&#8221;1\/4&#8243;][vc_single_image image=&#8221;28125&#8243;][vc_column_text]<h3 style=\"text-align: right;\"><em>&#8220;des jeux de couleur rythm\u00e9s dans la maison.&#8221;<\/em><\/h3>[\/vc_column_text][\/vc_column][vc_column width=&#8221;3\/4&#8243;][vc_single_image image=&#8221;28128&#8243;][\/vc_column][\/vc_row][vc_row][vc_column][vc_separator color=&#8221;&#8221; thickness=&#8221;0&#8243; space_before=&#8221;10&#8243; space_after=&#8221;10&#8243;][\/vc_column][\/vc_row][vc_row class=&#8221;slider_de_casas_terminadas&#8221;][vc_column width=&#8221;1\/3&#8243;][vc_single_image image=&#8221;28122&#8243;][\/vc_column][vc_column width=&#8221;1\/3&#8243;][vc_single_image image=&#8221;28119&#8243;][\/vc_column][vc_column width=&#8221;1\/3&#8243;][vc_separator color=&#8221;&#8221; thickness=&#8221;0&#8243;][vc_column_text]<h4>Les espaces con\u00e7us avec le soin d\u2019inHAUS, les fen\u00eatres, les portes ainsi que les armoires allant toujours du sol au plafond accentue la sensation d&#8217;espace.<\/h4><h4>Haute efficacit\u00e9 \u00e9nerg\u00e9tique, syst\u00e8me a\u00e9rothermique, syst\u00e8me constructif durable afin que vous puissiez \u00e9conomiser chaque jour et profiterez de votre maison avec le maximum de confort.<\/h4><h4>Qualit\u00e9, professionnalisme, design et efficacit\u00e9 rassembl\u00e9s dans un seul logemnt gr\u00e2ce \u00e0 l&#8217;\u00e9quipe de Casas inhaus.<\/h4>[\/vc_column_text][\/vc_column][\/vc_row][vc_row][vc_column][vc_separator color=&#8221;&#8221; thickness=&#8221;0&#8243; space_before=&#8221;10&#8243; space_after=&#8221;10&#8243;][vc_column_text]<div class=\"arve-wrapper arve-hover-effect-zoom\" data-mode=\"lazyload-lightbox\" data-provider=\"youtube\" id=\"arve-luKFONoLj8E\" style=\"max-width:2500px;\" itemscope itemtype=\"http:\/\/schema.org\/VideoObject\"><span id=\"lity-arve-luKFONoLj8E\" class=\"arve-lity-container lity-hide\" style=\"width:1200px;height:675px;\"><span class=\"arve-lazyload\" data-allow=\"accelerometer; autoplay; encrypted-media; gyroscope; picture-in-picture\" data-allowfullscreen data-class=\"arve-iframe fitvidsignore\" data-frameborder=\"0\" data-name data-sandbox=\"allow-scripts allow-same-origin allow-presentation-to-escape-sandbox\" data-scrolling=\"no\" data-src=\"https:\/\/www.youtube-nocookie.com\/embed\/luKFONoLj8E?iv_load_policy=3&#038;modestbranding=1&#038;rel=0&#038;autohide=1&#038;playsinline=1&#038;autoplay=1\" data-width=\"480\" data-height=\"270\"><\/span><\/span><div class=\"arve-embed-container\" style=\"padding-bottom:56.250000%\"><meta itemprop=\"embedURL\" content=\"https:\/\/www.youtube-nocookie.com\/embed\/luKFONoLj8E?iv_load_policy=3&amp;modestbranding=1&amp;rel=0&amp;autohide=1&amp;playsinline=1&amp;autoplay=1\"><meta itemprop=\"uploadDate\" content=\"2019-01-21T16:48:15+00:00\"><img class=\"arve-thumbnail\" data-object-fit itemprop=\"thumbnailUrl\" src=\"https:\/\/casasinhaus.com\/wp-content\/uploads\/2019\/01\/INHAUS-SANT-CUGAT-DEL-VALLES_067.jpg\" srcset=\"https:\/\/casasinhaus.com\/wp-content\/uploads\/2019\/01\/INHAUS-SANT-CUGAT-DEL-VALLES_067.jpg 2000w, https:\/\/casasinhaus.com\/wp-content\/uploads\/2019\/01\/INHAUS-SANT-CUGAT-DEL-VALLES_067-300x175.jpg 300w, https:\/\/casasinhaus.com\/wp-content\/uploads\/2019\/01\/INHAUS-SANT-CUGAT-DEL-VALLES_067-768x448.jpg 768w, https:\/\/casasinhaus.com\/wp-content\/uploads\/2019\/01\/INHAUS-SANT-CUGAT-DEL-VALLES_067-1024x598.jpg 1024w, https:\/\/casasinhaus.com\/wp-content\/uploads\/2019\/01\/INHAUS-SANT-CUGAT-DEL-VALLES_067-600x350.jpg 600w, https:\/\/casasinhaus.com\/wp-content\/uploads\/2019\/01\/INHAUS-SANT-CUGAT-DEL-VALLES_067-1320x770.jpg 1320w\" sizes=\"(max-width: 640px) 100vw, 2500px\" alt=\"Video Thumbnail\"><meta itemprop=\"name\" content=\"Implantaci\u00f3n Modelo Moraira en Barcelona\"><span itemprop=\"description\" class=\"arve-description arve-hidden\">[vc_row content_placement=&quot;top&quot; padding_top=&quot;0&quot;][vc_column width=&quot;1\/3&quot;][vc_column_text] MODELO MORAIRA en Barcelona. [\/vc_column_text][vc_column_text] El entorno pr\u00f3ximo a la ciudad de Barcelona re\u00fane el encanto de la brisa marina con el bosque Mediterr\u00e1neo. Esta personalizaci\u00f3n del Modelo Moraira d<\/span><button class=\"arve-play-btn arve-blay-btn-circle\" data-lity-target=\"#lity-arve-luKFONoLj8E\" data-lity type=\"button\"> <svg class='arve-play-svg' width='50' height='50' viewBox='0 0 50 50'> <circle class='arve-play-svg-circle-bg' fill='black' fill-opacity='0.4' cx='25' cy='25' r='25' \/> <path class='arve-play-svg-circle-fg' fill='white' fill-opacity='0.8' fill-rule='evenodd' d='M 25, 25 m -21, 0 a 21,21 0 1,0 42,0 a 21,21 0 1,0 -42,0 M19.5 15 v20 l15 -10z' \/> <\/svg><\/button><\/div><\/div>[\/vc_column_text]<hr  class=\"noo-gap\" >[vc_column_text]<h3>Maison en b\u00e9ton pour vivre longtemps.<\/h3>[\/vc_column_text][vc_column_text]<h3>Si vous voulez continuer \u00e0 regarder Casas inHAUS, cliquez\u00a0<a href=\"http:\/\/casasinhaus.com\/casas-prefabricadas-fotos\/\">ici.<\/a><\/h3>[\/vc_column_text][\/vc_column][\/vc_row]\t\t\t\t\t<\/div>\n\t\t\t\t\t\t<\/div>\n\t\t\t\t<\/div>\n\t\t\t\t\t\t<\/div>\n\t\t\t\t\t<\/div>\n\t\t<\/div>\n\t\t\t\t\t\t\t\t<\/div>\n\t\t\t\t\t<\/div>\n\t\t<\/section>\n\t\t\t\t\t\t<\/div>\n\t\t\t\t\t\t<\/div>\n\t\t\t\t\t<\/div>\n\t\t","protected":false},"excerpt":{"rendered":"<p>[vc_row content_placement=&#8221;top&#8221; padding_top=&#8221;0&#8243;][vc_column width=&#8221;1\/3&#8243;][vc_column_text] MODELO MORAIRA en Barcelona. [\/vc_column_text][vc_column_text] El entorno pr\u00f3ximo a la ciudad de Barcelona re\u00fane el encanto de la brisa marina con el bosque Mediterr\u00e1neo. Esta personalizaci\u00f3n del Modelo Moraira de inHAUS donde una casa modular de hormig\u00f3n contiene todo lo necesario para una familia. [\/vc_column_text][\/vc_column][vc_column width=&#8221;2\/3&#8243;][layerslider_vc id=&#8221;97&#8243;][\/vc_column][\/vc_row][vc_row][vc_column][vc_separator color=&#8221;&#8221; thickness=&#8221;0&#8243; space_before=&#8221;10&#8243; space_after=&#8221;10&#8243;][\/vc_column][\/vc_row][vc_row padding_bottom=&#8221;10&#8243;][vc_column width=&#8221;1\/2&#8243;][vc_single_image image=&#8221;28116&#8243;][\/vc_column][vc_column width=&#8221;1\/2&#8243;][vc_separator color=&#8221;&#8221;&#8230;<\/p>\n<div><a href=\"https:\/\/casasinhaus.com\/fr\/galeria-casas-terminadas-modelo-moraira-en-barcelona\/\" class=\"read-more\">Read More <i class=\"fa fa-arrow-right\"><\/i><\/a><\/div>\n","protected":false},"author":16020,"featured_media":0,"parent":0,"menu_order":673,"comment_status":"closed","ping_status":"closed","template":"","meta":[],"yoast_head":"<!-- This site is optimized with the Yoast SEO plugin v15.1.1 - https:\/\/yoast.com\/wordpress\/plugins\/seo\/ -->\n<meta name=\"description\" content=\"Vivienda prefabricada de hormig\u00f3n en planta baja distribuida alrededor de patios con un amplio sal\u00f3n comedor cocina, 4 dormitorios y 2 ba\u00f1os.\" \/>\n<meta name=\"robots\" content=\"index, follow, max-snippet:-1, max-image-preview:large, max-video-preview:-1\" \/>\n<link rel=\"canonical\" href=\"https:\/\/casasinhaus.com\/fr\/galeria-casas-terminadas-modelo-moraira-en-barcelona\/\" \/>\n<meta property=\"og:locale\" content=\"fr_FR\" \/>\n<meta property=\"og:type\" content=\"article\" \/>\n<meta property=\"og:title\" content=\"Galer\u00eda de im\u00e1genes - Modelo Moraira - Barcelona - Casas inHAUS\" \/>\n<meta property=\"og:description\" content=\"Vivienda prefabricada de hormig\u00f3n en planta baja distribuida alrededor de patios con un amplio sal\u00f3n comedor cocina, 4 dormitorios y 2 ba\u00f1os.\" \/>\n<meta property=\"og:url\" content=\"https:\/\/casasinhaus.com\/fr\/galeria-casas-terminadas-modelo-moraira-en-barcelona\/\" \/>\n<meta property=\"og:site_name\" content=\"inHAUS\" \/>\n<meta property=\"article:publisher\" content=\"https:\/\/www.facebook.com\/casasmodularesinhaus\" \/>\n<meta property=\"article:modified_time\" content=\"2019-08-08T07:08:04+00:00\" \/>\n<meta property=\"og:image\" content=\"https:\/\/casasinhaus.com\/wp-content\/uploads\/2016\/06\/vivienda-modular-de-lujo-diseno-espectacular-modelo-moraira-de-inhaus-con-piscina.jpg\" \/>\n<meta name=\"twitter:card\" content=\"summary\" \/>\n<meta name=\"twitter:creator\" content=\"@casasinhaus\" \/>\n<meta name=\"twitter:site\" content=\"@casasinhaus\" \/>\n<script type=\"application\/ld+json\" class=\"yoast-schema-graph\">{\"@context\":\"https:\/\/schema.org\",\"@graph\":[{\"@type\":\"WebSite\",\"@id\":\"https:\/\/casasinhaus.com\/fr\/#website\",\"url\":\"https:\/\/casasinhaus.com\/fr\/\",\"name\":\"inHAUS\",\"description\":\"construcci\\u00f3n de casas de dise\\u00f1o moderno modular, prefabricado y de obra.\",\"potentialAction\":[{\"@type\":\"SearchAction\",\"target\":\"https:\/\/casasinhaus.com\/fr\/?s={search_term_string}\",\"query-input\":\"required name=search_term_string\"}],\"inLanguage\":\"fr-FR\"},{\"@type\":\"ImageObject\",\"@id\":\"https:\/\/casasinhaus.com\/fr\/galeria-casas-terminadas-modelo-moraira-en-barcelona\/#primaryimage\",\"inLanguage\":\"fr-FR\",\"url\":\"https:\/\/casasinhaus.com\/wp-content\/uploads\/2016\/06\/vivienda-modular-de-lujo-diseno-espectacular-modelo-moraira-de-inhaus-con-piscina.jpg\",\"width\":1920,\"height\":1080,\"caption\":\"Vista principal de casa modular de dise\\u00f1o modelo Moraira de inHAUS\"},{\"@type\":\"WebPage\",\"@id\":\"https:\/\/casasinhaus.com\/fr\/galeria-casas-terminadas-modelo-moraira-en-barcelona\/#webpage\",\"url\":\"https:\/\/casasinhaus.com\/fr\/galeria-casas-terminadas-modelo-moraira-en-barcelona\/\",\"name\":\"Galer\\u00eda de im\\u00e1genes - Modelo Moraira - Barcelona - Casas inHAUS\",\"isPartOf\":{\"@id\":\"https:\/\/casasinhaus.com\/fr\/#website\"},\"primaryImageOfPage\":{\"@id\":\"https:\/\/casasinhaus.com\/fr\/galeria-casas-terminadas-modelo-moraira-en-barcelona\/#primaryimage\"},\"datePublished\":\"2019-01-21T15:48:15+00:00\",\"dateModified\":\"2019-08-08T07:08:04+00:00\",\"description\":\"Vivienda prefabricada de hormig\\u00f3n en planta baja distribuida alrededor de patios con un amplio sal\\u00f3n comedor cocina, 4 dormitorios y 2 ba\\u00f1os.\",\"inLanguage\":\"fr-FR\",\"potentialAction\":[{\"@type\":\"ReadAction\",\"target\":[\"https:\/\/casasinhaus.com\/fr\/galeria-casas-terminadas-modelo-moraira-en-barcelona\/\"]}]}]}<\/script>\n<!-- \/ Yoast SEO plugin. -->","_links":{"self":[{"href":"https:\/\/casasinhaus.com\/fr\/wp-json\/wp\/v2\/pages\/31584"}],"collection":[{"href":"https:\/\/casasinhaus.com\/fr\/wp-json\/wp\/v2\/pages"}],"about":[{"href":"https:\/\/casasinhaus.com\/fr\/wp-json\/wp\/v2\/types\/page"}],"author":[{"embeddable":true,"href":"https:\/\/casasinhaus.com\/fr\/wp-json\/wp\/v2\/users\/16020"}],"replies":[{"embeddable":true,"href":"https:\/\/casasinhaus.com\/fr\/wp-json\/wp\/v2\/comments?post=31584"}],"version-history":[{"count":7,"href":"https:\/\/casasinhaus.com\/fr\/wp-json\/wp\/v2\/pages\/31584\/revisions"}],"predecessor-version":[{"id":31686,"href":"https:\/\/casasinhaus.com\/fr\/wp-json\/wp\/v2\/pages\/31584\/revisions\/31686"}],"wp:attachment":[{"href":"https:\/\/casasinhaus.com\/fr\/wp-json\/wp\/v2\/media?parent=31584"}],"curies":[{"name":"wp","href":"https:\/\/api.w.org\/{rel}","templated":true}]}}