{"id":31625,"date":"2019-08-02T12:50:11","date_gmt":"2019-08-02T11:50:11","guid":{"rendered":"https:\/\/casasinhaus.com\/?page_id=31625"},"modified":"2019-08-02T19:44:21","modified_gmt":"2019-08-02T18:44:21","slug":"galerie-de-photos-modele-alcudia-a-valence","status":"publish","type":"page","link":"https:\/\/casasinhaus.com\/fr\/galerie-de-photos-modele-alcudia-a-valence\/","title":{"rendered":"Galerie de photos &#8211; Mod\u00e8le Alcudia \u00e0 Valence"},"content":{"rendered":"[vc_row content_placement=&#8221;top&#8221; padding_top=&#8221;0&#8243;][vc_column][layerslider_vc id=&#8221;53&#8243;][vc_column_text]\n<h2 style=\"text-align: left;\"><strong>MOD\u00c8LE ALCUDIA \u00e0<\/strong><\/h2>\n<h2 style=\"text-align: left;\"><strong> Valencia.<\/strong><\/h2>\n[\/vc_column_text][vc_column_text]\n<h3 style=\"text-align: right;\">Une maison design de grande qualit\u00e9 adapt\u00e9e \u00e0 la famille.<\/h3>\n<h3 style=\"text-align: right;\">La g\u00e9om\u00e9trie en &#8220;L&#8221; comme le mod\u00e8le Alcudia est id\u00e9ale pour tirer le meilleur parti d&#8217;une parcelle, et son programme convient parfaitement aux souhaits de nos clients.<\/h3>\n[\/vc_column_text][\/vc_column][\/vc_row][vc_row][vc_column][vc_separator color=&#8221;&#8221; thickness=&#8221;0&#8243; space_before=&#8221;10&#8243; space_after=&#8221;10&#8243;][\/vc_column][\/vc_row][vc_row padding_bottom=&#8221;10&#8243;][vc_column width=&#8221;1\/2&#8243;][vc_separator color=&#8221;&#8221; thickness=&#8221;0&#8243;][vc_column_text]\n<h4>Cette maison a \u00e9t\u00e9 con\u00e7ue pour r\u00e9pondre aux besoins changeants d&#8217;une jeune famille et comme toutes les maison inHAUS, la performance \u00e9nerg\u00e9tique est \u00e9lev\u00e9e et les mat\u00e9riaux sont de la gamme premium.<\/h4>\n[\/vc_column_text][vc_separator color=&#8221;&#8221; thickness=&#8221;0&#8243; space_before=&#8221;10&#8243; space_after=&#8221;10&#8243;][vc_column_text]s[\/vc_column_text][\/vc_column][vc_column width=&#8221;1\/2&#8243;][vc_single_image image=&#8221;25941&#8243;][\/vc_column][\/vc_row][vc_row][vc_column width=&#8221;2\/3&#8243;][vc_single_image image=&#8221;25944&#8243;][\/vc_column][vc_column width=&#8221;1\/3&#8243;][vc_column_text]\n<h4>Les menuiseries ext\u00e9rieures en PVC de couleur anthracite contrastent avec la fa\u00e7ade claire et conf\u00e8rent \u00e0 cette maison pr\u00e9fabriqu\u00e9e en b\u00e9ton un caract\u00e8re moderne. Les vitrages sont anti-infraction et \u00e0 haute performance \u00e9nerg\u00e9tique.<\/h4>\n<h4><\/h4>\n[\/vc_column_text][vc_separator color=&#8221;&#8221; thickness=&#8221;0&#8243; space_before=&#8221;10&#8243; space_after=&#8221;10&#8243;][vc_column_text]\n<blockquote>\n<h3 style=\"text-align: right;\"><em>&#8220;Le confort de la fa\u00e7ade ventil\u00e9e est combin\u00e9 \u00e0 un design moderne<\/em><em>.&#8221;<\/em><\/h3>\n<\/blockquote>\n<h3 style=\"text-align: right;\"><\/h3>\n[\/vc_column_text][\/vc_column][\/vc_row][vc_row][vc_column][vc_separator color=&#8221;&#8221; thickness=&#8221;0&#8243; space_before=&#8221;10&#8243; space_after=&#8221;10&#8243;][\/vc_column][\/vc_row][vc_row content_placement=&#8221;top&#8221; padding_top=&#8221;0&#8243; padding_bottom=&#8221;0&#8243;][vc_column width=&#8221;1\/2&#8243;][vc_single_image image=&#8221;25956&#8243;][vc_column_text]Planta baja y jard\u00edn.[\/vc_column_text][\/vc_column][vc_column width=&#8221;1\/2&#8243;][vc_single_image image=&#8221;25955&#8243;][vc_column_text]Planta primera[\/vc_column_text][\/vc_column][\/vc_row][vc_row][vc_column][vc_separator color=&#8221;&#8221; thickness=&#8221;0&#8243; space_before=&#8221;10&#8243; space_after=&#8221;10&#8243;][\/vc_column][\/vc_row][vc_row padding_top=&#8221;10&#8243;][vc_column width=&#8221;1\/3&#8243;][vc_column_text]\n<h3 style=\"text-align: right;\"><em>&#8220;Une cuisine ouverte sur l&#8217;espace \u00e0 vivre qui permet \u00e0 la famille d&#8217;\u00eatre connect\u00e9e.&#8221;<\/em><\/h3>\n[\/vc_column_text][vc_separator color=&#8221;&#8221; thickness=&#8221;0&#8243;][vc_column_text]\n<h4>Un logement fonctionnel et design construit en b\u00e9ton. Cette maison a \u00e9t\u00e9 r\u00e9alis\u00e9e en moins de 5 mois, et a n\u00e9cessit\u00e9 quelques jours de finition seulement sur la parcelle avant la remise des clefs.<\/h4>\n<h4>Qualit\u00e9, professionnalisme, design et efficacit\u00e9 sont les points clefs des maisons r\u00e9alis\u00e9es par l&#8217;\u00e9quipe de Casas inHAUS.<\/h4>\n[\/vc_column_text][vc_column_text]\n<h4>Une maison pour voir grandir une jeune famille.<\/h4>\n[\/vc_column_text][\/vc_column][vc_column width=&#8221;2\/3&#8243;][vc_single_image image=&#8221;25946&#8243;][\/vc_column][\/vc_row][vc_row][vc_column][vc_separator color=&#8221;&#8221; thickness=&#8221;0&#8243; space_before=&#8221;10&#8243; space_after=&#8221;10&#8243;][\/vc_column][\/vc_row][vc_row class=&#8221;slider_de_casas_terminadas&#8221;][vc_column width=&#8221;2\/3&#8243;][vc_single_image image=&#8221;25950&#8243;][\/vc_column][vc_column width=&#8221;1\/3&#8243;][vc_column_text]\n<h4>La lumi\u00e8re p\u00e9n\u00e8tre dans la maison gr\u00e2ce aux larges ouvertures du sol au plafond. Le rev\u00eatement de sol en bois continu accentue la sensation d&#8217;espace. Le coin buanderie accessible depuis la cuisine est pratique et confortable. Tous ces points participent \u00e0 la r\u00e9ussite du projet.<\/h4>\n<h4>La maison est \u00e9galement id\u00e9ale pour recevoir, car la grande cuisine permet d&#8217;organiser des repas, et son ouverture sur le salon rend conviviale et flexible la r\u00e9ception. En somme ce logement est tr\u00e8s adapt\u00e9 \u00e0 la vie de famille et \u00e0 la vie sociale.<\/h4>\n[\/vc_column_text][\/vc_column][\/vc_row][vc_row][vc_column][vc_separator color=&#8221;&#8221; thickness=&#8221;0&#8243; space_before=&#8221;10&#8243; space_after=&#8221;10&#8243;][\/vc_column][\/vc_row][vc_row class=&#8221;slider_de_casas_terminadas&#8221;][vc_column width=&#8221;1\/3&#8243;][\/vc_column][vc_column width=&#8221;2\/3&#8243;][vc_single_image image=&#8221;25949&#8243;][\/vc_column][\/vc_row][vc_row][vc_column][vc_separator color=&#8221;&#8221; thickness=&#8221;0&#8243; space_before=&#8221;10&#8243; space_after=&#8221;10&#8243;][\/vc_column][\/vc_row][vc_row class=&#8221;slider_de_casas_terminadas&#8221;][vc_column width=&#8221;1\/3&#8243;][vc_single_image image=&#8221;25948&#8243;][\/vc_column][vc_column width=&#8221;1\/3&#8243;][vc_single_image image=&#8221;25939&#8243;][\/vc_column][vc_column width=&#8221;1\/3&#8243;][vc_separator color=&#8221;&#8221; thickness=&#8221;0&#8243; space_before=&#8221;100&#8243; space_after=&#8221;100&#8243;][vc_column_text]\n<h4>Les qualit\u00e9s \u00e9nerg\u00e9tiques, spaciales et esth\u00e9tiques de cette maison garantissent \u00e0 ses occupants la s\u00e9curit\u00e9 de leur investissement.<\/h4>\n[\/vc_column_text][\/vc_column][\/vc_row][vc_row][vc_column][vc_separator color=&#8221;&#8221; thickness=&#8221;0&#8243; space_before=&#8221;10&#8243; space_after=&#8221;10&#8243;][\/vc_column][\/vc_row][vc_row][vc_column][vc_column_text]\n<h3>Casas inHAUS,\u00a0sp\u00e9cialistes de projets de maisons d&#8217;architectes haut de gamme.<\/h3>\n[\/vc_column_text][\/vc_column][\/vc_row][vc_row][vc_column][vc_column_text]\n<div class=\"arve-wrapper arve-hover-effect-zoom\" data-mode=\"lazyload-lightbox\" data-provider=\"youtube\" id=\"arve-nFexpTSigNk\" style=\"max-width:2500px;\" itemscope itemtype=\"http:\/\/schema.org\/VideoObject\"><span id=\"lity-arve-nFexpTSigNk\" class=\"arve-lity-container lity-hide\" style=\"width:1200px;height:675px;\"><span class=\"arve-lazyload\" data-allow=\"accelerometer; autoplay; encrypted-media; gyroscope; picture-in-picture\" data-allowfullscreen data-class=\"arve-iframe fitvidsignore\" data-frameborder=\"0\" data-name data-sandbox=\"allow-scripts allow-same-origin allow-presentation-to-escape-sandbox\" data-scrolling=\"no\" data-src=\"https:\/\/www.youtube-nocookie.com\/embed\/nFexpTSigNk?iv_load_policy=3&#038;modestbranding=1&#038;rel=0&#038;autohide=1&#038;playsinline=1&#038;autoplay=1\" data-width=\"480\" data-height=\"270\"><\/span><\/span><div class=\"arve-embed-container\" style=\"padding-bottom:56.250000%\"><meta itemprop=\"embedURL\" content=\"https:\/\/www.youtube-nocookie.com\/embed\/nFexpTSigNk?iv_load_policy=3&amp;modestbranding=1&amp;rel=0&amp;autohide=1&amp;playsinline=1&amp;autoplay=1\"><meta itemprop=\"uploadDate\" content=\"2019-08-02T12:50:11+00:00\"><img class=\"arve-thumbnail\" data-object-fit itemprop=\"thumbnailUrl\" src=\"https:\/\/casasinhaus.com\/wp-content\/uploads\/2018\/07\/casa-de-diseno-modular-casas-inhaus.jpg\" srcset=\"https:\/\/casasinhaus.com\/wp-content\/uploads\/2018\/07\/casa-de-diseno-modular-casas-inhaus.jpg 1920w, https:\/\/casasinhaus.com\/wp-content\/uploads\/2018\/07\/casa-de-diseno-modular-casas-inhaus-300x200.jpg 300w, https:\/\/casasinhaus.com\/wp-content\/uploads\/2018\/07\/casa-de-diseno-modular-casas-inhaus-768x512.jpg 768w, https:\/\/casasinhaus.com\/wp-content\/uploads\/2018\/07\/casa-de-diseno-modular-casas-inhaus-1024x683.jpg 1024w, https:\/\/casasinhaus.com\/wp-content\/uploads\/2018\/07\/casa-de-diseno-modular-casas-inhaus-600x400.jpg 600w, https:\/\/casasinhaus.com\/wp-content\/uploads\/2018\/07\/casa-de-diseno-modular-casas-inhaus-1320x880.jpg 1320w\" sizes=\"(max-width: 640px) 100vw, 2500px\" alt=\"Video Thumbnail\"><meta itemprop=\"name\" content=\"Casa Modelo Alcudia en Valencia\"><span itemprop=\"description\" class=\"arve-description arve-hidden\">[vc_row content_placement=&quot;top&quot; padding_top=&quot;0&quot;][vc_column][layerslider_vc id=&quot;53&quot;][vc_column_text] MOD\u00c8LE ALCUDIA \u00e0 Valencia. [\/vc_column_text][vc_column_text] Une maison design de grande qualit\u00e9 adapt\u00e9e \u00e0 la famille. La g\u00e9om\u00e9trie en &quot;L&quot; comme le mod\u00e8le Alcudia est id\u00e9ale pour tirer le meilleur par<\/span><button class=\"arve-play-btn arve-blay-btn-circle\" data-lity-target=\"#lity-arve-nFexpTSigNk\" data-lity type=\"button\"> <svg class='arve-play-svg' width='50' height='50' viewBox='0 0 50 50'> <circle class='arve-play-svg-circle-bg' fill='black' fill-opacity='0.4' cx='25' cy='25' r='25' \/> <path class='arve-play-svg-circle-fg' fill='white' fill-opacity='0.8' fill-rule='evenodd' d='M 25, 25 m -21, 0 a 21,21 0 1,0 42,0 a 21,21 0 1,0 -42,0 M19.5 15 v20 l15 -10z' \/> <\/svg><\/button><\/div><\/div>\n[\/vc_column_text][vc_column_text]\n<h3>Pour suivre l&#8217;actualit\u00e9 de Casas inHAUS, cliquez\u00a0<a href=\"http:\/\/casasinhaus.com\/casas-prefabricadas-fotos\/\">ici.<\/a><\/h3>\n[\/vc_column_text][\/vc_column][\/vc_row]\n","protected":false},"excerpt":{"rendered":"<p>[vc_row content_placement=&#8221;top&#8221; padding_top=&#8221;0&#8243;][vc_column][layerslider_vc id=&#8221;53&#8243;][vc_column_text] MOD\u00c8LE ALCUDIA \u00e0 Valencia. [\/vc_column_text][vc_column_text] Une maison design de grande qualit\u00e9 adapt\u00e9e \u00e0 la famille. La g\u00e9om\u00e9trie en &#8220;L&#8221; comme le mod\u00e8le Alcudia est id\u00e9ale pour tirer le meilleur parti d&#8217;une parcelle, et son programme convient parfaitement aux souhaits de nos clients. [\/vc_column_text][\/vc_column][\/vc_row][vc_row][vc_column][vc_separator color=&#8221;&#8221; thickness=&#8221;0&#8243; space_before=&#8221;10&#8243; space_after=&#8221;10&#8243;][\/vc_column][\/vc_row][vc_row padding_bottom=&#8221;10&#8243;][vc_column width=&#8221;1\/2&#8243;][vc_separator color=&#8221;&#8221; thickness=&#8221;0&#8243;][vc_column_text] Cette maison a \u00e9t\u00e9 con\u00e7ue&#8230;<\/p>\n<div><a href=\"https:\/\/casasinhaus.com\/fr\/galerie-de-photos-modele-alcudia-a-valence\/\" class=\"read-more\">Read More <i class=\"fa fa-arrow-right\"><\/i><\/a><\/div>\n","protected":false},"author":27549,"featured_media":0,"parent":0,"menu_order":626,"comment_status":"closed","ping_status":"closed","template":"","meta":[],"yoast_head":"<!-- This site is optimized with the Yoast SEO plugin v15.1.1 - https:\/\/yoast.com\/wordpress\/plugins\/seo\/ -->\n<meta name=\"robots\" content=\"index, follow, max-snippet:-1, max-image-preview:large, max-video-preview:-1\" \/>\n<link rel=\"canonical\" href=\"https:\/\/casasinhaus.com\/fr\/galerie-de-photos-modele-alcudia-a-valence\/\" \/>\n<meta property=\"og:locale\" content=\"fr_FR\" \/>\n<meta property=\"og:type\" content=\"article\" \/>\n<meta property=\"og:title\" content=\"Galerie de photos - Mod\u00e8le Alcudia \u00e0 Valence - inHAUS\" \/>\n<meta property=\"og:description\" content=\"[vc_row content_placement=&#8221;top&#8221; padding_top=&#8221;0&#8243;][vc_column][layerslider_vc id=&#8221;53&#8243;][vc_column_text] MOD\u00c8LE ALCUDIA \u00e0 Valencia. [\/vc_column_text][vc_column_text] Une maison design de grande qualit\u00e9 adapt\u00e9e \u00e0 la famille. La g\u00e9om\u00e9trie en &#8220;L&#8221; comme le mod\u00e8le Alcudia est id\u00e9ale pour tirer le meilleur parti d&#8217;une parcelle, et son programme convient parfaitement aux souhaits de nos clients. [\/vc_column_text][\/vc_column][\/vc_row][vc_row][vc_column][vc_separator color=&#8221;&#8221; thickness=&#8221;0&#8243; space_before=&#8221;10&#8243; space_after=&#8221;10&#8243;][\/vc_column][\/vc_row][vc_row padding_bottom=&#8221;10&#8243;][vc_column width=&#8221;1\/2&#8243;][vc_separator color=&#8221;&#8221; thickness=&#8221;0&#8243;][vc_column_text] Cette maison a \u00e9t\u00e9 con\u00e7ue...Read More\" \/>\n<meta property=\"og:url\" content=\"https:\/\/casasinhaus.com\/fr\/galerie-de-photos-modele-alcudia-a-valence\/\" \/>\n<meta property=\"og:site_name\" content=\"inHAUS\" \/>\n<meta property=\"article:publisher\" content=\"https:\/\/www.facebook.com\/casasmodularesinhaus\" \/>\n<meta property=\"article:modified_time\" content=\"2019-08-02T18:44:21+00:00\" \/>\n<meta name=\"twitter:card\" content=\"summary\" \/>\n<meta name=\"twitter:creator\" content=\"@casasinhaus\" \/>\n<meta name=\"twitter:site\" content=\"@casasinhaus\" \/>\n<script type=\"application\/ld+json\" class=\"yoast-schema-graph\">{\"@context\":\"https:\/\/schema.org\",\"@graph\":[{\"@type\":\"WebSite\",\"@id\":\"https:\/\/casasinhaus.com\/fr\/#website\",\"url\":\"https:\/\/casasinhaus.com\/fr\/\",\"name\":\"inHAUS\",\"description\":\"construcci\\u00f3n de casas de dise\\u00f1o moderno modular, prefabricado y de obra.\",\"potentialAction\":[{\"@type\":\"SearchAction\",\"target\":\"https:\/\/casasinhaus.com\/fr\/?s={search_term_string}\",\"query-input\":\"required name=search_term_string\"}],\"inLanguage\":\"fr-FR\"},{\"@type\":\"WebPage\",\"@id\":\"https:\/\/casasinhaus.com\/fr\/galerie-de-photos-modele-alcudia-a-valence\/#webpage\",\"url\":\"https:\/\/casasinhaus.com\/fr\/galerie-de-photos-modele-alcudia-a-valence\/\",\"name\":\"Galerie de photos - Mod\\u00e8le Alcudia \\u00e0 Valence - inHAUS\",\"isPartOf\":{\"@id\":\"https:\/\/casasinhaus.com\/fr\/#website\"},\"datePublished\":\"2019-08-02T11:50:11+00:00\",\"dateModified\":\"2019-08-02T18:44:21+00:00\",\"inLanguage\":\"fr-FR\",\"potentialAction\":[{\"@type\":\"ReadAction\",\"target\":[\"https:\/\/casasinhaus.com\/fr\/galerie-de-photos-modele-alcudia-a-valence\/\"]}]}]}<\/script>\n<!-- \/ Yoast SEO plugin. -->","_links":{"self":[{"href":"https:\/\/casasinhaus.com\/fr\/wp-json\/wp\/v2\/pages\/31625"}],"collection":[{"href":"https:\/\/casasinhaus.com\/fr\/wp-json\/wp\/v2\/pages"}],"about":[{"href":"https:\/\/casasinhaus.com\/fr\/wp-json\/wp\/v2\/types\/page"}],"author":[{"embeddable":true,"href":"https:\/\/casasinhaus.com\/fr\/wp-json\/wp\/v2\/users\/27549"}],"replies":[{"embeddable":true,"href":"https:\/\/casasinhaus.com\/fr\/wp-json\/wp\/v2\/comments?post=31625"}],"version-history":[{"count":5,"href":"https:\/\/casasinhaus.com\/fr\/wp-json\/wp\/v2\/pages\/31625\/revisions"}],"predecessor-version":[{"id":31632,"href":"https:\/\/casasinhaus.com\/fr\/wp-json\/wp\/v2\/pages\/31625\/revisions\/31632"}],"wp:attachment":[{"href":"https:\/\/casasinhaus.com\/fr\/wp-json\/wp\/v2\/media?parent=31625"}],"curies":[{"name":"wp","href":"https:\/\/api.w.org\/{rel}","templated":true}]}}