{"id":31641,"date":"2019-08-02T23:10:19","date_gmt":"2019-08-02T22:10:19","guid":{"rendered":"https:\/\/casasinhaus.com\/?page_id=31641"},"modified":"2019-08-02T23:10:19","modified_gmt":"2019-08-02T22:10:19","slug":"galerie-de-photos-modele-manacor-a-ibiza","status":"publish","type":"page","link":"https:\/\/casasinhaus.com\/fr\/galerie-de-photos-modele-manacor-a-ibiza\/","title":{"rendered":"Galerie de photos &#8211; Mod\u00e8le Manacor \u00e0 Ibiza"},"content":{"rendered":"[vc_row content_placement=&#8221;top&#8221; padding_top=&#8221;0&#8243;][vc_column][layerslider_vc id=&#8221;13&#8243;][vc_column_text]\n<h2><strong>MOD\u00c8LE MANACOR \u00e0 Ibiza.<\/strong><\/h2>\n[\/vc_column_text][vc_column_text]\n<h3 style=\"text-align: right;\">Situ\u00e9 dans la plus grande des \u00eeles Pitiusas, dans un environnement calme propice \u00e0 la contemplation et \u00e0 la d\u00e9tente, loin de l&#8217;agitation, face \u00e0 la mer M\u00e9diterran\u00e9e et entour\u00e9 de pins.<\/h3>\n<h3 style=\"text-align: right;\">Dans cette maison, \u00e9quilibre et harmonie coexistent.<\/h3>\n<h3 style=\"text-align: right;\"><\/h3>\n[\/vc_column_text][\/vc_column][\/vc_row][vc_row][vc_column][vc_separator color=&#8221;&#8221; thickness=&#8221;0&#8243; space_before=&#8221;10&#8243; space_after=&#8221;10&#8243;][\/vc_column][\/vc_row][vc_row padding_bottom=&#8221;10&#8243;][vc_column width=&#8221;2\/3&#8243;][vc_single_image image=&#8221;13538&#8243;][\/vc_column][vc_column width=&#8221;1\/3&#8243;][vc_column_text]\n<h4>La maison de plain pied, est compos\u00e9e de trois chambres doubles, dont une en suite. Les pi\u00e8ces principales ont des porches ouverts sur l\u2019horizon qui prolongent les fronti\u00e8res de la maison en int\u00e9grant le paysage.<\/h4>\n<h4>L&#8217;amplitude des espaces communs et le jeu de vues crois\u00e9es g\u00e9n\u00e9r\u00e9es font de cette maison modulaire une maison dans laquelle vous souhaitez arr\u00eater le temps, vous d\u00e9tendre et profiter.<\/h4>\n<h4><\/h4>\n[\/vc_column_text][\/vc_column][\/vc_row][vc_row padding_bottom=&#8221;0&#8243;][vc_column][vc_column_text]\n<h3 style=\"text-align: right;\"><em>&#8221; Une maison qui aime regarder autour d&#8217;elle et repousser ses limites bien au-del\u00e0 des murs.&#8221;<\/em><\/h3>\n[\/vc_column_text][\/vc_column][\/vc_row][vc_row][vc_column width=&#8221;1\/3&#8243;][vc_column_text]\n<h4>Avec l\u2019\u00e9tude du terrain et plusieurs rencontres avec le client, le cercle se resserrait et c&#8217;est le mod\u00e8le Manacor du catalogue de Casas inHAUS qui est apparu comme le plus \u00e9vident.<\/h4>\n<h4>Le mod\u00e8le Manacor repose sur l&#8217;utilisation de vues panoramiques.<\/h4>\n<h4>Une maison modulaire haut de gamme, avec une conception enti\u00e8rement personnalis\u00e9e et des processus de construction courts.<\/h4>\n<p>&nbsp;<\/p>\n[\/vc_column_text][\/vc_column][vc_column width=&#8221;2\/3&#8243;][vc_single_image image=&#8221;13545&#8243;][\/vc_column][\/vc_row][vc_row][vc_column][vc_separator color=&#8221;&#8221; thickness=&#8221;0&#8243; space_before=&#8221;10&#8243; space_after=&#8221;10&#8243;][\/vc_column][\/vc_row][vc_row][vc_column][vc_single_image image=&#8221;13757&#8243;][\/vc_column][\/vc_row][vc_row content_placement=&#8221;top&#8221; padding_top=&#8221;0&#8243; padding_bottom=&#8221;0&#8243;][vc_column][vc_single_image image=&#8221;13732&#8243;][\/vc_column][\/vc_row][vc_row][vc_column][vc_separator color=&#8221;&#8221; thickness=&#8221;0&#8243; space_before=&#8221;10&#8243; space_after=&#8221;10&#8243;][\/vc_column][\/vc_row][vc_row padding_top=&#8221;10&#8243;][vc_column width=&#8221;1\/3&#8243;][vc_column_text]\n<h4>Le mod\u00e8le Manacor, id\u00e9al pour l\u2019enclave propos\u00e9e par notre client, permet de tirer pleinement parti des vues et de l\u2019ext\u00e9rieur de la maison sans n\u00e9gliger l&#8217;int\u00e9rieur.<\/h4>\n[\/vc_column_text][\/vc_column][vc_column width=&#8221;2\/3&#8243;][vc_single_image image=&#8221;13549&#8243;][\/vc_column][\/vc_row][vc_row][vc_column][vc_separator color=&#8221;&#8221; thickness=&#8221;0&#8243; space_before=&#8221;10&#8243; space_after=&#8221;10&#8243;][\/vc_column][\/vc_row][vc_row class=&#8221;slider_de_casas_terminadas&#8221;][vc_column width=&#8221;2\/3&#8243;][vc_column_text]\n<h4>La merveilleuse lumi\u00e8re innonde toutes les pi\u00e8ces de la maison gr\u00e2ce aux fen\u00eatres toute hauteur qui permettent un dialogue permanent\u00a0 entre l&#8217;int\u00e9rieur et le paysage. Les porches, permettent de profiter de la maison au-del\u00e0 de ses murs.<\/h4>\n[\/vc_column_text][vc_column_text]\n<h4>Le design int\u00e9rieur de la maison est \u00e9galement con\u00e7u par Casas inHAUS. Le style, \u00e0 la fois int\u00e9rieur et ext\u00e9rieur, est minimaliste de type m\u00e9diterran\u00e9en. Il fonctionne avec les blancs, le bois et les textiles dans des tons naturels, fuyant le minimalisme blanc, pour cr\u00e9er des espaces plus chauds et confortables.<\/h4>\n[\/vc_column_text][vc_separator color=&#8221;&#8221; thickness=&#8221;0&#8243; space_before=&#8221;100&#8243; space_after=&#8221;100&#8243;][vc_column_text]\n<h2 style=\"text-align: right;\">&#8220;Un design au service de nos clients, un espace dessin\u00e9 selon leurs besoins.&#8221;<\/h2>\n[\/vc_column_text][\/vc_column][vc_column width=&#8221;1\/3&#8243;][vc_single_image image=&#8221;13734&#8243;][\/vc_column][\/vc_row][vc_row][vc_column][vc_separator color=&#8221;&#8221; thickness=&#8221;0&#8243; space_before=&#8221;10&#8243; space_after=&#8221;10&#8243;][\/vc_column][\/vc_row][vc_row class=&#8221;slider_de_casas_terminadas&#8221;][vc_column width=&#8221;2\/3&#8243;][vc_single_image image=&#8221;13540&#8243;][\/vc_column][vc_column width=&#8221;1\/3&#8243;][vc_column_text]\n<h4>Comme dans toutes les maisons modulaires inHAUS, le mod\u00e8le Manacor utilise des mat\u00e9riaux de haute qualit\u00e9, un niveau de finition \u00e9lev\u00e9 et les derni\u00e8res technologies.<\/h4>\n[\/vc_column_text][\/vc_column][\/vc_row][vc_row][vc_column][vc_separator color=&#8221;&#8221; thickness=&#8221;0&#8243; space_before=&#8221;10&#8243; space_after=&#8221;10&#8243;][\/vc_column][\/vc_row][vc_row class=&#8221;slider_de_casas_terminadas&#8221;][vc_column width=&#8221;1\/3&#8243;][vc_column_text]\n<h4>Le programme fonctionnel est r\u00e9parti en deux bandes. Une utilisation maximale de la surface qui permet de multiplier les usages des diff\u00e9rents espaces.<\/h4>\n<h4>La chambre principale avec sa propre salle de bain, un espace priv\u00e9 qui b\u00e9n\u00e9ficie des vues sur les environs.<\/h4>\n[\/vc_column_text][vc_separator color=&#8221;&#8221; thickness=&#8221;0&#8243;][vc_column_text]\n<p>&nbsp;<\/p>\n[\/vc_column_text][\/vc_column][vc_column width=&#8221;2\/3&#8243;][vc_single_image image=&#8221;13543&#8243;][\/vc_column][\/vc_row][vc_row][vc_column][vc_separator color=&#8221;&#8221; thickness=&#8221;0&#8243; space_before=&#8221;10&#8243; space_after=&#8221;10&#8243;][\/vc_column][\/vc_row][vc_row][vc_column][vc_separator color=&#8221;&#8221; thickness=&#8221;0&#8243;][vc_column_text]\n<h3>Vous voulez en savoir plus ? Regardez cette vid\u00e9o :<\/h3>\n[\/vc_column_text][\/vc_column][\/vc_row][vc_row][vc_column][vc_column_text]\n<div class=\"arve-wrapper arve-hover-effect-zoom\" data-mode=\"lazyload-lightbox\" data-provider=\"youtube\" id=\"arve-wQ4cIADrQMM\" style=\"max-width:2500px;\" itemscope itemtype=\"http:\/\/schema.org\/VideoObject\"><span id=\"lity-arve-wQ4cIADrQMM\" class=\"arve-lity-container lity-hide\" style=\"width:1200px;height:675px;\"><span class=\"arve-lazyload\" data-allow=\"accelerometer; autoplay; encrypted-media; gyroscope; picture-in-picture\" data-allowfullscreen data-class=\"arve-iframe fitvidsignore\" data-frameborder=\"0\" data-name data-sandbox=\"allow-scripts allow-same-origin allow-presentation-to-escape-sandbox\" data-scrolling=\"no\" data-src=\"https:\/\/www.youtube-nocookie.com\/embed\/wQ4cIADrQMM?iv_load_policy=3&#038;modestbranding=1&#038;rel=0&#038;autohide=1&#038;playsinline=1&#038;autoplay=1\" data-width=\"480\" data-height=\"270\"><\/span><\/span><div class=\"arve-embed-container\" style=\"padding-bottom:56.250000%\"><meta itemprop=\"embedURL\" content=\"https:\/\/www.youtube-nocookie.com\/embed\/wQ4cIADrQMM?iv_load_policy=3&amp;modestbranding=1&amp;rel=0&amp;autohide=1&amp;playsinline=1&amp;autoplay=1\"><meta itemprop=\"uploadDate\" content=\"2019-08-02T23:10:19+00:00\"><img class=\"arve-thumbnail\" data-object-fit itemprop=\"thumbnailUrl\" src=\"https:\/\/i.ytimg.com\/vi\/wQ4cIADrQMM\/mqdefault.jpg\" srcset=\"https:\/\/i.ytimg.com\/vi\/wQ4cIADrQMM\/mqdefault.jpg 320w, https:\/\/i.ytimg.com\/vi\/wQ4cIADrQMM\/hqdefault.jpg 480w, https:\/\/i.ytimg.com\/vi\/wQ4cIADrQMM\/sddefault.jpg 640w, https:\/\/i.ytimg.com\/vi\/wQ4cIADrQMM\/maxresdefault.jpg 1280w\" sizes=\"(max-width: 640px) 100vw, 2500px\" alt=\"Video Thumbnail\"><meta itemprop=\"name\" content=\"Casa terminada modelo Manacor en Ibiza - Casas inHAUS\"><span itemprop=\"description\" class=\"arve-description arve-hidden\">[vc_row content_placement=&quot;top&quot; padding_top=&quot;0&quot;][vc_column][layerslider_vc id=&quot;13&quot;][vc_column_text] MOD\u00c8LE MANACOR \u00e0 Ibiza. [\/vc_column_text][vc_column_text] Situ\u00e9 dans la plus grande des \u00eeles Pitiusas, dans un environnement calme propice \u00e0 la contemplation et \u00e0 la d\u00e9tente, loin de l&#039;agitation, face<\/span><button class=\"arve-play-btn arve-blay-btn-circle\" data-lity-target=\"#lity-arve-wQ4cIADrQMM\" data-lity type=\"button\"> <svg class='arve-play-svg' width='50' height='50' viewBox='0 0 50 50'> <circle class='arve-play-svg-circle-bg' fill='black' fill-opacity='0.4' cx='25' cy='25' r='25' \/> <path class='arve-play-svg-circle-fg' fill='white' fill-opacity='0.8' fill-rule='evenodd' d='M 25, 25 m -21, 0 a 21,21 0 1,0 42,0 a 21,21 0 1,0 -42,0 M19.5 15 v20 l15 -10z' \/> <\/svg><\/button><\/div><\/div>\n[\/vc_column_text][vc_column_text]\n<h3>Pour suivre l&#8217;activit\u00e9 de Casas inHAUS, cliquez\u00a0<a href=\"http:\/\/casasinhaus.com\/casas-prefabricadas-fotos\/\">ici.<\/a><\/h3>\n[\/vc_column_text][\/vc_column][\/vc_row]\n","protected":false},"excerpt":{"rendered":"<p>[vc_row content_placement=&#8221;top&#8221; padding_top=&#8221;0&#8243;][vc_column][layerslider_vc id=&#8221;13&#8243;][vc_column_text] MOD\u00c8LE MANACOR \u00e0 Ibiza. [\/vc_column_text][vc_column_text] Situ\u00e9 dans la plus grande des \u00eeles Pitiusas, dans un environnement calme propice \u00e0 la contemplation et \u00e0 la d\u00e9tente, loin de l&#8217;agitation, face \u00e0 la mer M\u00e9diterran\u00e9e et entour\u00e9 de pins. Dans cette maison, \u00e9quilibre et harmonie coexistent. [\/vc_column_text][\/vc_column][\/vc_row][vc_row][vc_column][vc_separator color=&#8221;&#8221; thickness=&#8221;0&#8243; space_before=&#8221;10&#8243; space_after=&#8221;10&#8243;][\/vc_column][\/vc_row][vc_row padding_bottom=&#8221;10&#8243;][vc_column width=&#8221;2\/3&#8243;][vc_single_image image=&#8221;13538&#8243;][\/vc_column][vc_column width=&#8221;1\/3&#8243;][vc_column_text] La maison de&#8230;<\/p>\n<div><a href=\"https:\/\/casasinhaus.com\/fr\/galerie-de-photos-modele-manacor-a-ibiza\/\" class=\"read-more\">Read More <i class=\"fa fa-arrow-right\"><\/i><\/a><\/div>\n","protected":false},"author":27549,"featured_media":0,"parent":0,"menu_order":764,"comment_status":"closed","ping_status":"closed","template":"elementor_header_footer","meta":[],"yoast_head":"<!-- This site is optimized with the Yoast SEO plugin v15.1.1 - https:\/\/yoast.com\/wordpress\/plugins\/seo\/ -->\n<meta name=\"robots\" content=\"index, follow, max-snippet:-1, max-image-preview:large, max-video-preview:-1\" \/>\n<link rel=\"canonical\" href=\"https:\/\/casasinhaus.com\/fr\/galerie-de-photos-modele-manacor-a-ibiza\/\" \/>\n<meta property=\"og:locale\" content=\"fr_FR\" \/>\n<meta property=\"og:type\" content=\"article\" \/>\n<meta property=\"og:title\" content=\"Galerie de photos - Mod\u00e8le Manacor \u00e0 Ibiza - inHAUS\" \/>\n<meta property=\"og:description\" content=\"[vc_row content_placement=&#8221;top&#8221; padding_top=&#8221;0&#8243;][vc_column][layerslider_vc id=&#8221;13&#8243;][vc_column_text] MOD\u00c8LE MANACOR \u00e0 Ibiza. [\/vc_column_text][vc_column_text] Situ\u00e9 dans la plus grande des \u00eeles Pitiusas, dans un environnement calme propice \u00e0 la contemplation et \u00e0 la d\u00e9tente, loin de l&#8217;agitation, face \u00e0 la mer M\u00e9diterran\u00e9e et entour\u00e9 de pins. Dans cette maison, \u00e9quilibre et harmonie coexistent. [\/vc_column_text][\/vc_column][\/vc_row][vc_row][vc_column][vc_separator color=&#8221;&#8221; thickness=&#8221;0&#8243; space_before=&#8221;10&#8243; space_after=&#8221;10&#8243;][\/vc_column][\/vc_row][vc_row padding_bottom=&#8221;10&#8243;][vc_column width=&#8221;2\/3&#8243;][vc_single_image image=&#8221;13538&#8243;][\/vc_column][vc_column width=&#8221;1\/3&#8243;][vc_column_text] La maison de...Read More\" \/>\n<meta property=\"og:url\" content=\"https:\/\/casasinhaus.com\/fr\/galerie-de-photos-modele-manacor-a-ibiza\/\" \/>\n<meta property=\"og:site_name\" content=\"inHAUS\" \/>\n<meta property=\"article:publisher\" content=\"https:\/\/www.facebook.com\/casasmodularesinhaus\" \/>\n<meta name=\"twitter:card\" content=\"summary\" \/>\n<meta name=\"twitter:creator\" content=\"@casasinhaus\" \/>\n<meta name=\"twitter:site\" content=\"@casasinhaus\" \/>\n<script type=\"application\/ld+json\" class=\"yoast-schema-graph\">{\"@context\":\"https:\/\/schema.org\",\"@graph\":[{\"@type\":\"WebSite\",\"@id\":\"https:\/\/casasinhaus.com\/fr\/#website\",\"url\":\"https:\/\/casasinhaus.com\/fr\/\",\"name\":\"inHAUS\",\"description\":\"construcci\\u00f3n de casas de dise\\u00f1o moderno modular, prefabricado y de obra.\",\"potentialAction\":[{\"@type\":\"SearchAction\",\"target\":\"https:\/\/casasinhaus.com\/fr\/?s={search_term_string}\",\"query-input\":\"required name=search_term_string\"}],\"inLanguage\":\"fr-FR\"},{\"@type\":\"WebPage\",\"@id\":\"https:\/\/casasinhaus.com\/fr\/galerie-de-photos-modele-manacor-a-ibiza\/#webpage\",\"url\":\"https:\/\/casasinhaus.com\/fr\/galerie-de-photos-modele-manacor-a-ibiza\/\",\"name\":\"Galerie de photos - Mod\\u00e8le Manacor \\u00e0 Ibiza - inHAUS\",\"isPartOf\":{\"@id\":\"https:\/\/casasinhaus.com\/fr\/#website\"},\"datePublished\":\"2019-08-02T22:10:19+00:00\",\"dateModified\":\"2019-08-02T22:10:19+00:00\",\"inLanguage\":\"fr-FR\",\"potentialAction\":[{\"@type\":\"ReadAction\",\"target\":[\"https:\/\/casasinhaus.com\/fr\/galerie-de-photos-modele-manacor-a-ibiza\/\"]}]}]}<\/script>\n<!-- \/ Yoast SEO plugin. -->","_links":{"self":[{"href":"https:\/\/casasinhaus.com\/fr\/wp-json\/wp\/v2\/pages\/31641"}],"collection":[{"href":"https:\/\/casasinhaus.com\/fr\/wp-json\/wp\/v2\/pages"}],"about":[{"href":"https:\/\/casasinhaus.com\/fr\/wp-json\/wp\/v2\/types\/page"}],"author":[{"embeddable":true,"href":"https:\/\/casasinhaus.com\/fr\/wp-json\/wp\/v2\/users\/27549"}],"replies":[{"embeddable":true,"href":"https:\/\/casasinhaus.com\/fr\/wp-json\/wp\/v2\/comments?post=31641"}],"version-history":[{"count":2,"href":"https:\/\/casasinhaus.com\/fr\/wp-json\/wp\/v2\/pages\/31641\/revisions"}],"predecessor-version":[{"id":31643,"href":"https:\/\/casasinhaus.com\/fr\/wp-json\/wp\/v2\/pages\/31641\/revisions\/31643"}],"wp:attachment":[{"href":"https:\/\/casasinhaus.com\/fr\/wp-json\/wp\/v2\/media?parent=31641"}],"curies":[{"name":"wp","href":"https:\/\/api.w.org\/{rel}","templated":true}]}}