{"id":31644,"date":"2019-08-03T10:00:16","date_gmt":"2019-08-03T09:00:16","guid":{"rendered":"https:\/\/casasinhaus.com\/?page_id=31644"},"modified":"2019-08-03T10:00:16","modified_gmt":"2019-08-03T09:00:16","slug":"galerie-de-photos-modele-getafe-a-madrid","status":"publish","type":"page","link":"https:\/\/casasinhaus.com\/fr\/galerie-de-photos-modele-getafe-a-madrid\/","title":{"rendered":"Galerie de photos &#8211; Mod\u00e8le Getafe \u00e0 Madrid"},"content":{"rendered":"[vc_row content_placement=&#8221;top&#8221; padding_top=&#8221;0&#8243;][vc_column alignment=&#8221;right&#8221;][layerslider_vc id=&#8221;25&#8243;][vc_column_text]\n<h2 style=\"text-align: left;\"><strong>MOD\u00c8LE GETAFE \u00e0 Madrid.<\/strong><\/h2>\n[\/vc_column_text][vc_column_text]\n<h3>Le mod\u00e8le Getafe a une adaptabilit\u00e9 remarquable. Dans ce cas concret, il s&#8217;int\u00e8gre dans les montagnes de Madrid.<\/h3>\n<h3>La version qui suit du mod\u00e8le Getafe s&#8217;est adapt\u00e9e \u00e0 nos clients.<\/h3>\n[\/vc_column_text]<hr  class=\"noo-gap hidden-xs\" style=\" margin: 10px 0 0 0;\">[\/vc_column][\/vc_row][vc_row padding_bottom=&#8221;10&#8243;][vc_column width=&#8221;1\/3&#8243;]<hr  class=\"noo-gap hidden-xs\" style=\" margin: 75px 0 0 0;\">[vc_column_text]\n<h4>Cette maison design de deux \u00e9tages comprend 4 chambres, trois salles de bains et un bureau.<\/h4>\n<h4><\/h4>\n[\/vc_column_text][vc_column_text]\n<h4>Les volumes se superposent, g\u00e9n\u00e9rant des porches et des terrasses permettant d&#8217;optimiser l&#8217;espace ext\u00e9rieur de la maison.<\/h4>\n<h4>Les fen\u00eatres toute hauteur avec stores automatiques donnent le ton aux fa\u00e7ades de cette maison modulaire moderne.<\/h4>\n<h4><\/h4>\n[\/vc_column_text]<hr  class=\"noo-gap hidden-xs\" style=\" margin: 75px 0 0 0;\">[vc_column_text]\n<h3><em>&#8220;Tous les d\u00e9tails font de cette maison modulaire la solution id\u00e9ale pour nos clients.&#8221;<\/em><\/h3>\n[\/vc_column_text]<hr  class=\"noo-gap hidden-xs\" style=\" margin: 75px 0 0 0;\">[vc_column_text]\n<h4>Un design contemporain \u00e0 la hauteur de l&#8217;exigence de nos clients. Un design qui met un paysage idyllique encore plus en \u00e9vidence. La maison est compl\u00e9t\u00e9e par un jardin avec piscine avec vue sur la montagne.<\/h4>\n<h4><\/h4>\n[\/vc_column_text][\/vc_column][vc_column width=&#8221;2\/3&#8243;][vc_single_image image=&#8221;14903&#8243;][\/vc_column][\/vc_row][vc_row padding_bottom=&#8221;0&#8243;][vc_column][vc_separator color=&#8221;&#8221; thickness=&#8221;0&#8243; space_before=&#8221;10&#8243; space_after=&#8221;10&#8243;][\/vc_column][\/vc_row][vc_row][vc_column width=&#8221;2\/3&#8243;][vc_single_image image=&#8221;14910&#8243;][\/vc_column][vc_column width=&#8221;1\/3&#8243;][vc_column_text]\n<h3 style=\"text-align: right;\"><em>&#8220;La combinaison des tons de la c\u00e9ramique de la fa\u00e7ade ventil\u00e9e la distingue des autres maisons en donnant un exemple de modernit\u00e9.&#8221;<\/em><\/h3>\n[\/vc_column_text][\/vc_column][\/vc_row][vc_row padding_bottom=&#8221;0&#8243;][vc_column][vc_separator color=&#8221;&#8221; thickness=&#8221;0&#8243; space_before=&#8221;10&#8243; space_after=&#8221;10&#8243;][\/vc_column][\/vc_row][vc_row][vc_column width=&#8221;1\/4&#8243;]<hr  class=\"noo-gap hidden-xs\" style=\" margin: 100px 0 0 0;\">[vc_column_text]\n<h4>La terrasse donnant sur l&#8217;entr\u00e9e se tourne vers la montagne et sert de petit \u00e9den pour l&#8217;espace de travail situ\u00e9 au dernier \u00e9tage.<\/h4>\n<h4><\/h4>\n[\/vc_column_text]<hr  class=\"noo-gap hidden-xs\" style=\" margin: 75px 0 0 0;\">[vc_column_text]\n<h4>Un garage modulaire est int\u00e9gr\u00e9 \u00e0 la maison pouvant abriter une activit\u00e9 de bricolage ou le stockage des v\u00e9los.<\/h4>\n<h4><\/h4>\n[\/vc_column_text][\/vc_column][vc_column width=&#8221;3\/4&#8243;][vc_single_image image=&#8221;14916&#8243;][\/vc_column][\/vc_row][vc_row padding_bottom=&#8221;0&#8243;][vc_column]<hr  class=\"noo-gap hidden-xs\" style=\" margin: 15px 0 0 0;\">[\/vc_column][\/vc_row][vc_row content_placement=&#8221;top&#8221; padding_top=&#8221;0&#8243; padding_bottom=&#8221;0&#8243;][vc_column][vc_single_image image=&#8221;14924&#8243;]<hr  class=\"noo-gap hidden-xs\" style=\" margin: 15px 0 0 0;\">[vc_column_text]\n<h4>Une maison modulaire qui, gr\u00e2ce \u00e0 son design, s\u2019adapte parfaitement \u00e0 la parcelle et transforme tous les espaces de la maison en espaces \u00e0 vivre pleinement.<\/h4>\n<h4><\/h4>\n[\/vc_column_text][\/vc_column][\/vc_row][vc_row padding_bottom=&#8221;0&#8243;][vc_column][\/vc_column][\/vc_row][vc_row content_placement=&#8221;top&#8221; padding_top=&#8221;0&#8243; padding_bottom=&#8221;0&#8243;][vc_column width=&#8221;1\/3&#8243;]<hr  class=\"noo-gap hidden-xs\" style=\" margin: 75px 0 0 0;\">[vc_column_text]\n<h4>\u00c0 l&#8217;\u00e9tage sup\u00e9rieur, il y a trois chambres, dont une munie d&#8217;une dressing et d&#8217;une salle de bain ainsi qu&#8217;un studio avec vue magnifique.<\/h4>\n[\/vc_column_text]<hr  class=\"noo-gap hidden-xs\" style=\" margin: 75px 0 0 0;\">[vc_column_text]\n<h4>Une design de logement qui tire pleinement parti de la surface en minimisant les couloirs de distribution.<\/h4>\n<h4><\/h4>\n[\/vc_column_text][\/vc_column][vc_column width=&#8221;2\/3&#8243;][vc_single_image image=&#8221;14909&#8243;][\/vc_column][\/vc_row][vc_row padding_bottom=&#8221;0&#8243;][vc_column][vc_separator color=&#8221;&#8221; thickness=&#8221;0&#8243; space_before=&#8221;10&#8243; space_after=&#8221;10&#8243;][\/vc_column][\/vc_row][vc_row padding_top=&#8221;10&#8243;][vc_column width=&#8221;2\/3&#8243;][vc_single_image image=&#8221;14914&#8243;][\/vc_column][vc_column width=&#8221;1\/3&#8243;]<hr  class=\"noo-gap hidden-xs\" style=\" margin: 325px 0 0 0;\">[vc_column_text]\n<h3 style=\"text-align: right;\"><em>&#8220;Un design sur mesure pour nos clients avec une grande vari\u00e9t\u00e9 de finitions.&#8221;<\/em><\/h3>\n[\/vc_column_text][\/vc_column][\/vc_row][vc_row][vc_column][vc_separator color=&#8221;&#8221; thickness=&#8221;0&#8243; space_before=&#8221;10&#8243; space_after=&#8221;10&#8243;][\/vc_column][\/vc_row][vc_row class=&#8221;slider_de_casas_terminadas&#8221;][vc_column width=&#8221;1\/2&#8243;][vc_single_image image=&#8221;14922&#8243;][\/vc_column][vc_column width=&#8221;1\/2&#8243;][vc_single_image image=&#8221;14917&#8243;][\/vc_column][\/vc_row][vc_row][vc_column][vc_separator color=&#8221;&#8221; thickness=&#8221;0&#8243; space_before=&#8221;10&#8243; space_after=&#8221;10&#8243;][vc_row_inner][vc_column_inner width=&#8221;1\/2&#8243;]<hr  class=\"noo-gap hidden-xs\" style=\" margin: 75px 0 0 0;\">[vc_column_text]\n<h4>Nos clients profiteront gr\u00e2ce \u00e0 leur maison bien con\u00e7ue de la vue sur un environnement privil\u00e9gi\u00e9.<\/h4>\n<h3><\/h3>\n[\/vc_column_text][\/vc_column_inner][vc_column_inner width=&#8221;1\/2&#8243;][vc_single_image image=&#8221;14921&#8243;][\/vc_column_inner][\/vc_row_inner][vc_separator color=&#8221;&#8221; thickness=&#8221;0&#8243; space_before=&#8221;10&#8243; space_after=&#8221;10&#8243;][vc_row_inner][vc_column_inner width=&#8221;1\/2&#8243;][vc_single_image image=&#8221;14906&#8243;][\/vc_column_inner][vc_column_inner width=&#8221;1\/2&#8243;]<hr  class=\"noo-gap hidden-xs\" style=\" margin: 75px 0 0 0;\">[vc_column_text]\n<h4>Les portes, les fen\u00eatres et les armoires sont toute hauteur en multipliant l\u2019espace. Le plafond est filant dans tout le logement, pour que l&#8217;espace soit pur et moderne.<\/h4>\n<p>&nbsp;<\/p>\n<h4>De m\u00eame, la menuiserie ext\u00e9rieure, du sol au plafond, permet un apport de lumi\u00e8re maximal. Toutes les chambres sont munies de stores motoris\u00e9s pour contr\u00f4ler la lumi\u00e8re le jour et la nuit.<\/h4>\n<h3><\/h3>\n[\/vc_column_text][\/vc_column_inner][\/vc_row_inner]<hr  class=\"noo-gap hidden-xs\" >[vc_column_text]\n<h3 style=\"text-align: right;\"><em>&#8220;Une maison modulaire qui a concr\u00e9tis\u00e9 le r\u00eave de nos clients.&#8221;<\/em><\/h3>\n[\/vc_column_text][\/vc_column][\/vc_row][vc_row][vc_column][vc_separator color=&#8221;&#8221; thickness=&#8221;0&#8243; space_before=&#8221;10&#8243; space_after=&#8221;10&#8243;][\/vc_column][\/vc_row][vc_row class=&#8221;slider_de_casas_terminadas&#8221;][vc_column width=&#8221;2\/3&#8243;][vc_single_image image=&#8221;14900&#8243;][\/vc_column][vc_column width=&#8221;1\/3&#8243;]<hr  class=\"noo-gap hidden-xs\" style=\" margin: 75px 0 0 0;\">[vc_column_text]\n<h4>Une cuisine design dans une maison modulaire remplie de tout ce dont vous avez besoin au quotidien et, bien s\u00fbr, de lumi\u00e8re naturelle en abondance ! Le contraste entre le bois et le ton gris anthracite distille la modernit\u00e9, faisant de cette pi\u00e8ce une r\u00e9f\u00e9rence en mati\u00e8re de style.<\/h4>\n<p>&nbsp;<\/p>\n<h4>Une cuisine ouverte sur la salle \u00e0 manger et directement reli\u00e9e au salon qui ravira tous les h\u00f4tes.<\/h4>\n[\/vc_column_text][\/vc_column][\/vc_row][vc_row][vc_column][vc_separator color=&#8221;&#8221; thickness=&#8221;0&#8243; space_before=&#8221;10&#8243; space_after=&#8221;10&#8243;][\/vc_column][\/vc_row][vc_row][vc_column width=&#8221;2\/3&#8243;]<hr  class=\"noo-gap hidden-xs\" style=\" margin: 75px 0 0 0;\">[vc_column_text]\n<h4>Les maisons modulaires InHAUS sont con\u00e7ues sur mesure pour s&#8217;adapter \u00e0 nos clients,\u00a0 \u00e0 leur mode de vie et \u00e0\u00a0 leurs go\u00fbts.<\/h4>\n[\/vc_column_text]<hr  class=\"noo-gap hidden-xs\" style=\" margin: 75px 0 0 0;\">[vc_column_text]\n<h4>Design contemporain et confort. Nos maisons usin\u00e9es r\u00e9pondent \u00e0 100% aux besoins de nos clients.<\/h4>\n<h4><\/h4>\n<h4>Les maisons ayant une performace \u00e9nerg\u00e9tique r\u00e9pondant \u00e0 la RT2020, permettent des \u00e9conomies d&#8217;\u00e9nergie constantes et un engagement envers la plan\u00e8te.<\/h4>\n[\/vc_column_text][\/vc_column][vc_column width=&#8221;1\/3&#8243;][vc_single_image image=&#8221;14901&#8243;][\/vc_column][\/vc_row][vc_row][vc_column][vc_separator color=&#8221;&#8221; thickness=&#8221;0&#8243; space_before=&#8221;10&#8243; space_after=&#8221;10&#8243;][\/vc_column][\/vc_row][vc_row][vc_column width=&#8221;1\/3&#8243;][vc_single_image image=&#8221;14912&#8243;][\/vc_column][vc_column width=&#8221;1\/3&#8243;][vc_single_image image=&#8221;14920&#8243;][\/vc_column][vc_column width=&#8221;1\/3&#8243;]<hr  class=\"noo-gap hidden-xs\" style=\" margin: 75px 0 0 0;\">[vc_column_text]\n<h4>Les salles de bains de nos maisons modulaires sont con\u00e7ues pour que vous puissiez en profiter dans les moindres d\u00e9tails: \u00e9clairage, miroirs, bacs \u00e0 douche, lavabos, meubles de salles de bains, etc.<\/h4>\n<h4>Nous tirons parti de chaque centim\u00e8tre carr\u00e9 de votre maison pour que l\u2019investissement soit optimis\u00e9. Le plan de la maison est toujours soigneusement \u00e9tudi\u00e9 par Casas inHAUS.<\/h4>\n[\/vc_column_text][\/vc_column][\/vc_row][vc_row][vc_column]<hr  class=\"noo-gap\" style=\" margin: 75px 0 0 0;\">[vc_column_text]\n<h3><\/h3>\n[\/vc_column_text][\/vc_column][\/vc_row][vc_row][vc_column][vc_separator color=&#8221;&#8221; thickness=&#8221;0&#8243; space_before=&#8221;10&#8243; space_after=&#8221;10&#8243;][\/vc_column][\/vc_row][vc_row][vc_column][vc_column_text]\n<h3>Voil\u00e0 ce que \u00e7a donne en vid\u00e9o :<\/h3>\n[\/vc_column_text][\/vc_column][\/vc_row][vc_row][vc_column][vc_column_text]\n<div class=\"arve-wrapper arve-hover-effect-zoom\" data-mode=\"lazyload-lightbox\" data-provider=\"youtube\" id=\"arve-aEyjNh1PmkA\" style=\"max-width:2500px;\" itemscope itemtype=\"http:\/\/schema.org\/VideoObject\"><span id=\"lity-arve-aEyjNh1PmkA\" class=\"arve-lity-container lity-hide\" style=\"width:1200px;height:675px;\"><span class=\"arve-lazyload\" data-allow=\"accelerometer; autoplay; encrypted-media; gyroscope; picture-in-picture\" data-allowfullscreen data-class=\"arve-iframe fitvidsignore\" data-frameborder=\"0\" data-name data-sandbox=\"allow-scripts allow-same-origin allow-presentation-to-escape-sandbox\" data-scrolling=\"no\" data-src=\"https:\/\/www.youtube-nocookie.com\/embed\/aEyjNh1PmkA?iv_load_policy=3&#038;modestbranding=1&#038;rel=0&#038;autohide=1&#038;playsinline=1&#038;autoplay=1\" data-width=\"480\" data-height=\"270\"><\/span><\/span><div class=\"arve-embed-container\" style=\"padding-bottom:56.250000%\"><meta itemprop=\"embedURL\" content=\"https:\/\/www.youtube-nocookie.com\/embed\/aEyjNh1PmkA?iv_load_policy=3&amp;modestbranding=1&amp;rel=0&amp;autohide=1&amp;playsinline=1&amp;autoplay=1\"><meta itemprop=\"uploadDate\" content=\"2019-08-03T10:00:16+00:00\"><img class=\"arve-thumbnail\" data-object-fit itemprop=\"thumbnailUrl\" src=\"https:\/\/i.ytimg.com\/vi\/aEyjNh1PmkA\/mqdefault.jpg\" srcset=\"https:\/\/i.ytimg.com\/vi\/aEyjNh1PmkA\/mqdefault.jpg 320w, https:\/\/i.ytimg.com\/vi\/aEyjNh1PmkA\/hqdefault.jpg 480w, https:\/\/i.ytimg.com\/vi\/aEyjNh1PmkA\/sddefault.jpg 640w, https:\/\/i.ytimg.com\/vi\/aEyjNh1PmkA\/maxresdefault.jpg 1280w\" sizes=\"(max-width: 640px) 100vw, 2500px\" alt=\"Video Thumbnail\"><meta itemprop=\"name\" content=\"Casa terminada Modelo Getafe en Madrid\"><span itemprop=\"description\" class=\"arve-description arve-hidden\">[vc_row content_placement=&quot;top&quot; padding_top=&quot;0&quot;][vc_column alignment=&quot;right&quot;][layerslider_vc id=&quot;25&quot;][vc_column_text] MOD\u00c8LE GETAFE \u00e0 Madrid. [\/vc_column_text][vc_column_text] Le mod\u00e8le Getafe a une adaptabilit\u00e9 remarquable. Dans ce cas concret, il s&#039;int\u00e8gre dans les montagnes de Madrid. La version<\/span><button class=\"arve-play-btn arve-blay-btn-circle\" data-lity-target=\"#lity-arve-aEyjNh1PmkA\" data-lity type=\"button\"> <svg class='arve-play-svg' width='50' height='50' viewBox='0 0 50 50'> <circle class='arve-play-svg-circle-bg' fill='black' fill-opacity='0.4' cx='25' cy='25' r='25' \/> <path class='arve-play-svg-circle-fg' fill='white' fill-opacity='0.8' fill-rule='evenodd' d='M 25, 25 m -21, 0 a 21,21 0 1,0 42,0 a 21,21 0 1,0 -42,0 M19.5 15 v20 l15 -10z' \/> <\/svg><\/button><\/div><\/div>\n[\/vc_column_text][vc_column_text]\n<h3>Pour suivre l&#8217;actualit\u00e9 de Casas inHAUS, cliquez\u00a0<a href=\"http:\/\/casasinhaus.com\/casas-prefabricadas-fotos\/\">ici.<\/a><\/h3>\n[\/vc_column_text][\/vc_column][\/vc_row]\n","protected":false},"excerpt":{"rendered":"<p>[vc_row content_placement=&#8221;top&#8221; padding_top=&#8221;0&#8243;][vc_column alignment=&#8221;right&#8221;][layerslider_vc id=&#8221;25&#8243;][vc_column_text] MOD\u00c8LE GETAFE \u00e0 Madrid. [\/vc_column_text][vc_column_text] Le mod\u00e8le Getafe a une adaptabilit\u00e9 remarquable. Dans ce cas concret, il s&#8217;int\u00e8gre dans les montagnes de Madrid. La version qui suit du mod\u00e8le Getafe s&#8217;est adapt\u00e9e \u00e0 nos clients. [\/vc_column_text][\/vc_column][\/vc_row][vc_row padding_bottom=&#8221;10&#8243;][vc_column width=&#8221;1\/3&#8243;][vc_column_text] Cette maison design de deux \u00e9tages comprend 4 chambres, trois salles de bains et un bureau. [\/vc_column_text][vc_column_text]&#8230;<\/p>\n<div><a href=\"https:\/\/casasinhaus.com\/fr\/galerie-de-photos-modele-getafe-a-madrid\/\" class=\"read-more\">Read More <i class=\"fa fa-arrow-right\"><\/i><\/a><\/div>\n","protected":false},"author":27549,"featured_media":0,"parent":0,"menu_order":624,"comment_status":"closed","ping_status":"closed","template":"","meta":[],"yoast_head":"<!-- This site is optimized with the Yoast SEO plugin v15.1.1 - https:\/\/yoast.com\/wordpress\/plugins\/seo\/ -->\n<meta name=\"robots\" content=\"index, follow, max-snippet:-1, max-image-preview:large, max-video-preview:-1\" \/>\n<link rel=\"canonical\" href=\"https:\/\/casasinhaus.com\/fr\/galerie-de-photos-modele-getafe-a-madrid\/\" \/>\n<meta property=\"og:locale\" content=\"fr_FR\" \/>\n<meta property=\"og:type\" content=\"article\" \/>\n<meta property=\"og:title\" content=\"Galerie de photos - Mod\u00e8le Getafe \u00e0 Madrid - inHAUS\" \/>\n<meta property=\"og:description\" content=\"[vc_row content_placement=&#8221;top&#8221; padding_top=&#8221;0&#8243;][vc_column alignment=&#8221;right&#8221;][layerslider_vc id=&#8221;25&#8243;][vc_column_text] MOD\u00c8LE GETAFE \u00e0 Madrid. [\/vc_column_text][vc_column_text] Le mod\u00e8le Getafe a une adaptabilit\u00e9 remarquable. Dans ce cas concret, il s&#8217;int\u00e8gre dans les montagnes de Madrid. La version qui suit du mod\u00e8le Getafe s&#8217;est adapt\u00e9e \u00e0 nos clients. [\/vc_column_text][\/vc_column][\/vc_row][vc_row padding_bottom=&#8221;10&#8243;][vc_column width=&#8221;1\/3&#8243;][vc_column_text] Cette maison design de deux \u00e9tages comprend 4 chambres, trois salles de bains et un bureau. [\/vc_column_text][vc_column_text]...Read More\" \/>\n<meta property=\"og:url\" content=\"https:\/\/casasinhaus.com\/fr\/galerie-de-photos-modele-getafe-a-madrid\/\" \/>\n<meta property=\"og:site_name\" content=\"inHAUS\" \/>\n<meta property=\"article:publisher\" content=\"https:\/\/www.facebook.com\/casasmodularesinhaus\" \/>\n<meta name=\"twitter:card\" content=\"summary\" \/>\n<meta name=\"twitter:creator\" content=\"@casasinhaus\" \/>\n<meta name=\"twitter:site\" content=\"@casasinhaus\" \/>\n<script type=\"application\/ld+json\" class=\"yoast-schema-graph\">{\"@context\":\"https:\/\/schema.org\",\"@graph\":[{\"@type\":\"WebSite\",\"@id\":\"https:\/\/casasinhaus.com\/fr\/#website\",\"url\":\"https:\/\/casasinhaus.com\/fr\/\",\"name\":\"inHAUS\",\"description\":\"construcci\\u00f3n de casas de dise\\u00f1o moderno modular, prefabricado y de obra.\",\"potentialAction\":[{\"@type\":\"SearchAction\",\"target\":\"https:\/\/casasinhaus.com\/fr\/?s={search_term_string}\",\"query-input\":\"required name=search_term_string\"}],\"inLanguage\":\"fr-FR\"},{\"@type\":\"WebPage\",\"@id\":\"https:\/\/casasinhaus.com\/fr\/galerie-de-photos-modele-getafe-a-madrid\/#webpage\",\"url\":\"https:\/\/casasinhaus.com\/fr\/galerie-de-photos-modele-getafe-a-madrid\/\",\"name\":\"Galerie de photos - Mod\\u00e8le Getafe \\u00e0 Madrid - inHAUS\",\"isPartOf\":{\"@id\":\"https:\/\/casasinhaus.com\/fr\/#website\"},\"datePublished\":\"2019-08-03T09:00:16+00:00\",\"dateModified\":\"2019-08-03T09:00:16+00:00\",\"inLanguage\":\"fr-FR\",\"potentialAction\":[{\"@type\":\"ReadAction\",\"target\":[\"https:\/\/casasinhaus.com\/fr\/galerie-de-photos-modele-getafe-a-madrid\/\"]}]}]}<\/script>\n<!-- \/ Yoast SEO plugin. -->","_links":{"self":[{"href":"https:\/\/casasinhaus.com\/fr\/wp-json\/wp\/v2\/pages\/31644"}],"collection":[{"href":"https:\/\/casasinhaus.com\/fr\/wp-json\/wp\/v2\/pages"}],"about":[{"href":"https:\/\/casasinhaus.com\/fr\/wp-json\/wp\/v2\/types\/page"}],"author":[{"embeddable":true,"href":"https:\/\/casasinhaus.com\/fr\/wp-json\/wp\/v2\/users\/27549"}],"replies":[{"embeddable":true,"href":"https:\/\/casasinhaus.com\/fr\/wp-json\/wp\/v2\/comments?post=31644"}],"version-history":[{"count":2,"href":"https:\/\/casasinhaus.com\/fr\/wp-json\/wp\/v2\/pages\/31644\/revisions"}],"predecessor-version":[{"id":31646,"href":"https:\/\/casasinhaus.com\/fr\/wp-json\/wp\/v2\/pages\/31644\/revisions\/31646"}],"wp:attachment":[{"href":"https:\/\/casasinhaus.com\/fr\/wp-json\/wp\/v2\/media?parent=31644"}],"curies":[{"name":"wp","href":"https:\/\/api.w.org\/{rel}","templated":true}]}}